{"id":14696,"date":"2026-01-14T16:10:21","date_gmt":"2026-01-14T15:10:21","guid":{"rendered":"https:\/\/global.aermec.com\/note-legali\/"},"modified":"2026-05-14T12:45:03","modified_gmt":"2026-05-14T10:45:03","slug":"informacje-prawne","status":"publish","type":"page","link":"https:\/\/global.aermec.com\/pl\/informacje-prawne\/","title":{"rendered":"Informacje prawne"},"content":{"rendered":"\t\t<div data-elementor-type=\"wp-page\" data-elementor-id=\"14696\" class=\"elementor elementor-14696 elementor-239\" data-elementor-post-type=\"page\">\n\t\t\t\t<div class=\"elementor-element elementor-element-b4f791b e-flex e-con-boxed e-con e-parent\" data-id=\"b4f791b\" data-element_type=\"container\" data-e-type=\"container\">\n\t\t\t\t\t<div class=\"e-con-inner\">\n\t\t\t\t<div class=\"elementor-element elementor-element-9d4d4c7 elementor-widget elementor-widget-heading\" data-id=\"9d4d4c7\" data-element_type=\"widget\" data-e-type=\"widget\" data-widget_type=\"heading.default\">\n\t\t\t\t\t<h1 class=\"elementor-heading-title elementor-size-default\">Informacje prawne<\/h1>\t\t\t\t<\/div>\n\t\t\t\t<div class=\"elementor-element elementor-element-4a8b1ec elementor-widget elementor-widget-text-editor\" data-id=\"4a8b1ec\" data-element_type=\"widget\" data-e-type=\"widget\" data-widget_type=\"text-editor.default\">\n\t\t\t\t\t\t\t\t\t<div class=\"content\"><p>Wiele link\u00f3w na tej stronie prowadzi do zewn\u0119trznych stron internetowych, kt\u00f3re s\u0105 prowadzone przez strony trzecie, niepodlegaj\u0105ce kontroli Aermec S.p.A. i za kt\u00f3rych dzia\u0142ania Aermec S.p.A. nie ponosi odpowiedzialno\u015bci.<br \/><br \/>Nazwa \u201eAermec\u201d nie mo\u017ce by\u0107 wykorzystywana w tytu\u0142ach stron ani w metatagach, zgodnie z decyzj\u0105 dziewi\u0105tego departamentu S\u0105du Cywilnego w Rzymie wydan\u0105 18 stycznia 2001 r., zgodnie z kt\u00f3r\u0105 nazwa firmy konkuruj\u0105cej nie mo\u017ce by\u0107 wykorzystana jako metatag w celu przekierowania potencjalnych klient\u00f3w wpisuj\u0105cych nazw\u0119 firmy do wyszukiwarki internetowej.<br \/><br \/><strong>Hiper\u0142\u0105cze do strony Aermec<\/strong><br \/>Poprzez skopiowanie logo Aermec S.p.A., udzielona zostaje nieprzenaszalna i niewy\u0142\u0105czna licencja na wykorzystanie logotypu na w\u0142asnej stronie internetowej w celu stworzenia hiper\u0142\u0105cza do strony www.aermec.com. Logo Aermec S.p.A. nie mo\u017ce zosta\u0107 wykorzystane w \u017cadnym innym celu.<br \/><br \/><strong>S\u0105dy w\u0142a\u015bciwe i ograniczenie odpowiedzialno\u015bci<\/strong><br \/>Prawa i obowi\u0105zki na mocy niniejszej Umowy podlegaj\u0105 prawu w\u0142oskiemu, z wy\u0142\u0105czeniem um\u00f3w mi\u0119dzynarodowych dotycz\u0105cych praw autorskich. Strony niniejszym wyra\u017caj\u0105 zgod\u0119 i potwierdzaj\u0105, \u017ce s\u0105d z Legnago lub z Werony b\u0119dzie mia\u0142 wy\u0142\u0105czn\u0105 jurysdykcj\u0119 nad wszelkimi czynno\u015bciami prawnymi lub post\u0119powaniami wynikaj\u0105cymi lub zwi\u0105zanymi z niniejsz\u0105 Umow\u0105, a ka\u017cda ze stron wyra\u017ca zgod\u0119 na jurysdykcj\u0119 osobist\u0105 takich s\u0105d\u00f3w dla cel\u00f3w takich czynno\u015bci lub post\u0119powa\u0144. Ka\u017cda ze stron niniejszym zrzeka si\u0119 wszelkich praw &#8211; kt\u00f3re posiada w chwili obecnej lub kt\u00f3re mo\u017ce naby\u0107 w przysz\u0142o\u015bci &#8211; do podwa\u017cenia powy\u017cszej wy\u0142\u0105cznej jurysdykcji.<\/p><\/div>\t\t\t\t\t\t\t\t<\/div>\n\t\t\t\t\t<\/div>\n\t\t\t\t<\/div>\n\t\t\t\t<\/div>\n\t\t","protected":false},"excerpt":{"rendered":"<p>Informacje prawne Wiele link\u00f3w na tej stronie prowadzi do zewn\u0119trznych stron internetowych, kt\u00f3re s\u0105 prowadzone przez strony trzecie, niepodlegaj\u0105ce kontroli Aermec S.p.A. i za kt\u00f3rych dzia\u0142ania Aermec S.p.A. nie ponosi odpowiedzialno\u015bci. Nazwa \u201eAermec\u201d nie mo\u017ce by\u0107 wykorzystywana w tytu\u0142ach stron ani w metatagach, zgodnie z decyzj\u0105 dziewi\u0105tego departamentu S\u0105du Cywilnego w Rzymie wydan\u0105 18 stycznia [&hellip;]<\/p>\n","protected":false},"author":1,"featured_media":14375,"parent":0,"menu_order":220,"comment_status":"closed","ping_status":"closed","template":"","meta":{"_acf_changed":false,"footnotes":""},"class_list":["post-14696","page","type-page","status-publish","has-post-thumbnail","hentry"],"acf":[],"yoast_head":"<!-- This site is optimized with the Yoast SEO plugin v27.2 - https:\/\/yoast.com\/product\/yoast-seo-wordpress\/ -->\n<title>Informacje prawne - Aermec<\/title>\n<meta name=\"robots\" content=\"index, follow, max-snippet:-1, max-image-preview:large, max-video-preview:-1\" \/>\n<link rel=\"canonical\" href=\"https:\/\/global.aermec.com\/pl\/informacje-prawne\/\" \/>\n<meta property=\"og:locale\" content=\"pl_PL\" \/>\n<meta property=\"og:type\" content=\"article\" \/>\n<meta property=\"og:title\" content=\"Informacje prawne - Aermec\" \/>\n<meta property=\"og:description\" content=\"Informacje prawne Wiele link\u00f3w na tej stronie prowadzi do zewn\u0119trznych stron internetowych, kt\u00f3re s\u0105 prowadzone przez strony trzecie, niepodlegaj\u0105ce kontroli Aermec S.p.A. i za kt\u00f3rych dzia\u0142ania Aermec S.p.A. nie ponosi odpowiedzialno\u015bci. Nazwa \u201eAermec\u201d nie mo\u017ce by\u0107 wykorzystywana w tytu\u0142ach stron ani w metatagach, zgodnie z decyzj\u0105 dziewi\u0105tego departamentu S\u0105du Cywilnego w Rzymie wydan\u0105 18 stycznia [&hellip;]\" \/>\n<meta property=\"og:url\" content=\"https:\/\/global.aermec.com\/pl\/informacje-prawne\/\" \/>\n<meta property=\"og:site_name\" content=\"Aermec\" \/>\n<meta property=\"article:modified_time\" content=\"2026-05-14T10:45:03+00:00\" \/>\n<meta property=\"og:image\" content=\"https:\/\/global.aermec.com\/wp-content\/uploads\/2026\/01\/screenshot.png\" \/>\n\t<meta property=\"og:image:width\" content=\"1200\" \/>\n\t<meta property=\"og:image:height\" content=\"900\" \/>\n\t<meta property=\"og:image:type\" content=\"image\/png\" \/>\n<meta name=\"twitter:card\" content=\"summary_large_image\" \/>\n<meta name=\"twitter:label1\" content=\"Szacowany czas czytania\" \/>\n\t<meta name=\"twitter:data1\" content=\"2 minutes\" \/>\n<script type=\"application\/ld+json\" class=\"yoast-schema-graph\">{\"@context\":\"https:\/\/schema.org\",\"@graph\":[{\"@type\":\"WebPage\",\"@id\":\"https:\/\/global.aermec.com\/pl\/informacje-prawne\/\",\"url\":\"https:\/\/global.aermec.com\/pl\/informacje-prawne\/\",\"name\":\"Informacje prawne - Aermec\",\"isPartOf\":{\"@id\":\"https:\/\/global.aermec.com\/pl\/#website\"},\"primaryImageOfPage\":{\"@id\":\"https:\/\/global.aermec.com\/pl\/informacje-prawne\/#primaryimage\"},\"image\":{\"@id\":\"https:\/\/global.aermec.com\/pl\/informacje-prawne\/#primaryimage\"},\"thumbnailUrl\":\"https:\/\/global.aermec.com\/wp-content\/uploads\/2026\/01\/screenshot.png\",\"datePublished\":\"2026-01-14T15:10:21+00:00\",\"dateModified\":\"2026-05-14T10:45:03+00:00\",\"breadcrumb\":{\"@id\":\"https:\/\/global.aermec.com\/pl\/informacje-prawne\/#breadcrumb\"},\"inLanguage\":\"pl-PL\",\"potentialAction\":[{\"@type\":\"ReadAction\",\"target\":[\"https:\/\/global.aermec.com\/pl\/informacje-prawne\/\"]}]},{\"@type\":\"ImageObject\",\"inLanguage\":\"pl-PL\",\"@id\":\"https:\/\/global.aermec.com\/pl\/informacje-prawne\/#primaryimage\",\"url\":\"https:\/\/global.aermec.com\/wp-content\/uploads\/2026\/01\/screenshot.png\",\"contentUrl\":\"https:\/\/global.aermec.com\/wp-content\/uploads\/2026\/01\/screenshot.png\",\"width\":1200,\"height\":900,\"caption\":\"Aermec - Campioni del clima\"},{\"@type\":\"BreadcrumbList\",\"@id\":\"https:\/\/global.aermec.com\/pl\/informacje-prawne\/#breadcrumb\",\"itemListElement\":[{\"@type\":\"ListItem\",\"position\":1,\"name\":\"Home\",\"item\":\"https:\/\/global.aermec.com\/pl\/\"},{\"@type\":\"ListItem\",\"position\":2,\"name\":\"Informacje prawne\"}]},{\"@type\":\"WebSite\",\"@id\":\"https:\/\/global.aermec.com\/pl\/#website\",\"url\":\"https:\/\/global.aermec.com\/pl\/\",\"name\":\"Aermec\",\"description\":\"Ridefiniamo il futuro della climatizzazione.\",\"publisher\":{\"@id\":\"https:\/\/global.aermec.com\/pl\/#organization\"},\"potentialAction\":[{\"@type\":\"SearchAction\",\"target\":{\"@type\":\"EntryPoint\",\"urlTemplate\":\"https:\/\/global.aermec.com\/pl\/?s={search_term_string}\"},\"query-input\":{\"@type\":\"PropertyValueSpecification\",\"valueRequired\":true,\"valueName\":\"search_term_string\"}}],\"inLanguage\":\"pl-PL\"},{\"@type\":\"Organization\",\"@id\":\"https:\/\/global.aermec.com\/pl\/#organization\",\"name\":\"Aermec\",\"url\":\"https:\/\/global.aermec.com\/pl\/\",\"logo\":{\"@type\":\"ImageObject\",\"inLanguage\":\"pl-PL\",\"@id\":\"https:\/\/global.aermec.com\/pl\/#\/schema\/logo\/image\/\",\"url\":\"https:\/\/global.aermec.com\/wp-content\/uploads\/2026\/01\/aermec-1.svg\",\"contentUrl\":\"https:\/\/global.aermec.com\/wp-content\/uploads\/2026\/01\/aermec-1.svg\",\"width\":149,\"height\":40,\"caption\":\"Aermec\"},\"image\":{\"@id\":\"https:\/\/global.aermec.com\/pl\/#\/schema\/logo\/image\/\"},\"sameAs\":[\"https:\/\/www.linkedin.com\/company\/aermec\/\",\"https:\/\/www.youtube.com\/c\/AERMECSpa\"]}]}<\/script>\n<!-- \/ Yoast SEO plugin. -->","yoast_head_json":{"title":"Informacje prawne - Aermec","robots":{"index":"index","follow":"follow","max-snippet":"max-snippet:-1","max-image-preview":"max-image-preview:large","max-video-preview":"max-video-preview:-1"},"canonical":"https:\/\/global.aermec.com\/pl\/informacje-prawne\/","og_locale":"pl_PL","og_type":"article","og_title":"Informacje prawne - Aermec","og_description":"Informacje prawne Wiele link\u00f3w na tej stronie prowadzi do zewn\u0119trznych stron internetowych, kt\u00f3re s\u0105 prowadzone przez strony trzecie, niepodlegaj\u0105ce kontroli Aermec S.p.A. i za kt\u00f3rych dzia\u0142ania Aermec S.p.A. nie ponosi odpowiedzialno\u015bci. Nazwa \u201eAermec\u201d nie mo\u017ce by\u0107 wykorzystywana w tytu\u0142ach stron ani w metatagach, zgodnie z decyzj\u0105 dziewi\u0105tego departamentu S\u0105du Cywilnego w Rzymie wydan\u0105 18 stycznia [&hellip;]","og_url":"https:\/\/global.aermec.com\/pl\/informacje-prawne\/","og_site_name":"Aermec","article_modified_time":"2026-05-14T10:45:03+00:00","og_image":[{"width":1200,"height":900,"url":"https:\/\/global.aermec.com\/wp-content\/uploads\/2026\/01\/screenshot.png","type":"image\/png"}],"twitter_card":"summary_large_image","twitter_misc":{"Szacowany czas czytania":"2 minutes"},"schema":{"@context":"https:\/\/schema.org","@graph":[{"@type":"WebPage","@id":"https:\/\/global.aermec.com\/pl\/informacje-prawne\/","url":"https:\/\/global.aermec.com\/pl\/informacje-prawne\/","name":"Informacje prawne - Aermec","isPartOf":{"@id":"https:\/\/global.aermec.com\/pl\/#website"},"primaryImageOfPage":{"@id":"https:\/\/global.aermec.com\/pl\/informacje-prawne\/#primaryimage"},"image":{"@id":"https:\/\/global.aermec.com\/pl\/informacje-prawne\/#primaryimage"},"thumbnailUrl":"https:\/\/global.aermec.com\/wp-content\/uploads\/2026\/01\/screenshot.png","datePublished":"2026-01-14T15:10:21+00:00","dateModified":"2026-05-14T10:45:03+00:00","breadcrumb":{"@id":"https:\/\/global.aermec.com\/pl\/informacje-prawne\/#breadcrumb"},"inLanguage":"pl-PL","potentialAction":[{"@type":"ReadAction","target":["https:\/\/global.aermec.com\/pl\/informacje-prawne\/"]}]},{"@type":"ImageObject","inLanguage":"pl-PL","@id":"https:\/\/global.aermec.com\/pl\/informacje-prawne\/#primaryimage","url":"https:\/\/global.aermec.com\/wp-content\/uploads\/2026\/01\/screenshot.png","contentUrl":"https:\/\/global.aermec.com\/wp-content\/uploads\/2026\/01\/screenshot.png","width":1200,"height":900,"caption":"Aermec - Campioni del clima"},{"@type":"BreadcrumbList","@id":"https:\/\/global.aermec.com\/pl\/informacje-prawne\/#breadcrumb","itemListElement":[{"@type":"ListItem","position":1,"name":"Home","item":"https:\/\/global.aermec.com\/pl\/"},{"@type":"ListItem","position":2,"name":"Informacje prawne"}]},{"@type":"WebSite","@id":"https:\/\/global.aermec.com\/pl\/#website","url":"https:\/\/global.aermec.com\/pl\/","name":"Aermec","description":"Ridefiniamo il futuro della climatizzazione.","publisher":{"@id":"https:\/\/global.aermec.com\/pl\/#organization"},"potentialAction":[{"@type":"SearchAction","target":{"@type":"EntryPoint","urlTemplate":"https:\/\/global.aermec.com\/pl\/?s={search_term_string}"},"query-input":{"@type":"PropertyValueSpecification","valueRequired":true,"valueName":"search_term_string"}}],"inLanguage":"pl-PL"},{"@type":"Organization","@id":"https:\/\/global.aermec.com\/pl\/#organization","name":"Aermec","url":"https:\/\/global.aermec.com\/pl\/","logo":{"@type":"ImageObject","inLanguage":"pl-PL","@id":"https:\/\/global.aermec.com\/pl\/#\/schema\/logo\/image\/","url":"https:\/\/global.aermec.com\/wp-content\/uploads\/2026\/01\/aermec-1.svg","contentUrl":"https:\/\/global.aermec.com\/wp-content\/uploads\/2026\/01\/aermec-1.svg","width":149,"height":40,"caption":"Aermec"},"image":{"@id":"https:\/\/global.aermec.com\/pl\/#\/schema\/logo\/image\/"},"sameAs":["https:\/\/www.linkedin.com\/company\/aermec\/","https:\/\/www.youtube.com\/c\/AERMECSpa"]}]}},"_links":{"self":[{"href":"https:\/\/global.aermec.com\/pl\/wp-json\/wp\/v2\/pages\/14696","targetHints":{"allow":["GET"]}}],"collection":[{"href":"https:\/\/global.aermec.com\/pl\/wp-json\/wp\/v2\/pages"}],"about":[{"href":"https:\/\/global.aermec.com\/pl\/wp-json\/wp\/v2\/types\/page"}],"author":[{"embeddable":true,"href":"https:\/\/global.aermec.com\/pl\/wp-json\/wp\/v2\/users\/1"}],"replies":[{"embeddable":true,"href":"https:\/\/global.aermec.com\/pl\/wp-json\/wp\/v2\/comments?post=14696"}],"version-history":[{"count":4,"href":"https:\/\/global.aermec.com\/pl\/wp-json\/wp\/v2\/pages\/14696\/revisions"}],"predecessor-version":[{"id":14700,"href":"https:\/\/global.aermec.com\/pl\/wp-json\/wp\/v2\/pages\/14696\/revisions\/14700"}],"wp:featuredmedia":[{"embeddable":true,"href":"https:\/\/global.aermec.com\/pl\/wp-json\/wp\/v2\/media\/14375"}],"wp:attachment":[{"href":"https:\/\/global.aermec.com\/pl\/wp-json\/wp\/v2\/media?parent=14696"}],"curies":[{"name":"wp","href":"https:\/\/api.w.org\/{rel}","templated":true}]}}