{"id":14581,"date":"2026-01-14T15:29:20","date_gmt":"2026-01-14T14:29:20","guid":{"rendered":"https:\/\/global.aermec.com\/services\/"},"modified":"2026-05-14T12:01:45","modified_gmt":"2026-05-14T10:01:45","slug":"uslugi","status":"publish","type":"page","link":"https:\/\/global.aermec.com\/pl\/uslugi\/","title":{"rendered":"Us\u0142ugi"},"content":{"rendered":"\t\t<div data-elementor-type=\"wp-page\" data-elementor-id=\"14581\" class=\"elementor elementor-14581 elementor-205\" data-elementor-post-type=\"page\">\n\t\t\t\t<div class=\"elementor-element elementor-element-f534bb6 e-flex e-con-boxed e-con e-parent\" data-id=\"f534bb6\" data-element_type=\"container\" data-e-type=\"container\">\n\t\t\t\t\t<div class=\"e-con-inner\">\n\t\t\t\t<div class=\"elementor-element elementor-element-bf7ec43 elementor-widget elementor-widget-image\" data-id=\"bf7ec43\" data-element_type=\"widget\" data-e-type=\"widget\" data-widget_type=\"image.default\">\n\t\t\t\t\t\t\t\t\t\t\t\t\t\t\t<img fetchpriority=\"high\" decoding=\"async\" width=\"3000\" height=\"1500\" src=\"https:\/\/global.aermec.com\/wp-content\/uploads\/2026\/03\/aermec-servizi-2.webp\" class=\"attachment-full size-full wp-image-14586\" alt=\"unit\u00e0 esterna, con furgone brandizzato Aermec, assistenza clienti e montaggio\" srcset=\"https:\/\/global.aermec.com\/wp-content\/uploads\/2026\/03\/aermec-servizi-2.webp 3000w, https:\/\/global.aermec.com\/wp-content\/uploads\/2026\/03\/aermec-servizi-2-300x150.webp 300w, https:\/\/global.aermec.com\/wp-content\/uploads\/2026\/03\/aermec-servizi-2-1024x512.webp 1024w, https:\/\/global.aermec.com\/wp-content\/uploads\/2026\/03\/aermec-servizi-2-768x384.webp 768w, https:\/\/global.aermec.com\/wp-content\/uploads\/2026\/03\/aermec-servizi-2-1536x768.webp 1536w, https:\/\/global.aermec.com\/wp-content\/uploads\/2026\/03\/aermec-servizi-2-2048x1024.webp 2048w\" sizes=\"(max-width: 3000px) 100vw, 3000px\" \/>\t\t\t\t\t\t\t\t\t\t\t\t\t\t\t<\/div>\n\t\t\t\t\t<\/div>\n\t\t\t\t<\/div>\n\t\t<div class=\"elementor-element elementor-element-ad6cb63 e-flex e-con-boxed e-con e-parent\" data-id=\"ad6cb63\" data-element_type=\"container\" data-e-type=\"container\">\n\t\t\t\t\t<div class=\"e-con-inner\">\n\t\t<div class=\"elementor-element elementor-element-a6ef66b e-con-full e-flex e-con e-child\" data-id=\"a6ef66b\" data-element_type=\"container\" data-e-type=\"container\">\n\t\t\t\t<div class=\"elementor-element elementor-element-44e02cd elementor-widget elementor-widget-heading\" data-id=\"44e02cd\" data-element_type=\"widget\" data-e-type=\"widget\" data-widget_type=\"heading.default\">\n\t\t\t\t\t<h1 class=\"elementor-heading-title elementor-size-default\">Us\u0142ugi<\/h1>\t\t\t\t<\/div>\n\t\t\t\t<\/div>\n\t\t<div class=\"elementor-element elementor-element-71a1346 e-con-full e-flex e-con e-child\" data-id=\"71a1346\" data-element_type=\"container\" data-e-type=\"container\">\n\t\t\t\t<div class=\"elementor-element elementor-element-25ffea7 elementor-widget elementor-widget-heading\" data-id=\"25ffea7\" data-element_type=\"widget\" data-e-type=\"widget\" data-widget_type=\"heading.default\">\n\t\t\t\t\t<h2 class=\"elementor-heading-title elementor-size-default\">Wsparcie techniczne i narz\u0119dzia do projektowania.<\/h2>\t\t\t\t<\/div>\n\t\t\t\t<div class=\"elementor-element elementor-element-07f922f elementor-widget elementor-widget-text-editor\" data-id=\"07f922f\" data-element_type=\"widget\" data-e-type=\"widget\" data-widget_type=\"text-editor.default\">\n\t\t\t\t\t\t\t\t\t<p class=\"p1\">Aermec oferuje ekosystem us\u0142ug zaprojektowanych tak, aby wspiera\u0107 projektant\u00f3w i instalator\u00f3w na ka\u017cdym etapie projektu \u2014 od wst\u0119pnego doradztwa technicznego po walidacj\u0119 parametr\u00f3w poprzez testy w obecno\u015bci klienta w zaawansowanych laboratoriach firmy. Dzi\u0119ki dedykowanemu oprogramowaniu dostarczamy profesjonalistom narz\u0119dzia niezb\u0119dne do optymalizacji integracji budynku i instalacji. Nasza rozbudowana sie\u0107 ponad 81 autoryzowanych serwis\u00f3w gwarantuje ponadto szybkie i eksperckie wsparcie posprzeda\u017cowe, zapewniaj\u0105c pe\u0142n\u0105 niezawodno\u015b\u0107 i efektywno\u015b\u0107 operacyjn\u0105 ka\u017cdego systemu.<\/p>\t\t\t\t\t\t\t\t<\/div>\n\t\t\t\t<\/div>\n\t\t\t\t\t<\/div>\n\t\t\t\t<\/div>\n\t\t<div class=\"elementor-element elementor-element-0f45694 e-flex e-con-boxed e-con e-parent\" data-id=\"0f45694\" data-element_type=\"container\" data-e-type=\"container\">\n\t\t\t\t\t<div class=\"e-con-inner\">\n\t\t<div class=\"elementor-element elementor-element-b41505b e-grid e-con-full e-con e-child\" data-id=\"b41505b\" data-element_type=\"container\" data-e-type=\"container\">\n\t\t<div class=\"elementor-element elementor-element-c3c7d46 e-con-full e-flex e-con e-child\" data-id=\"c3c7d46\" data-element_type=\"container\" data-e-type=\"container\" data-settings=\"{&quot;background_background&quot;:&quot;classic&quot;}\">\n\t\t\t\t<\/div>\n\t\t<div class=\"elementor-element elementor-element-b35de2c e-con-full e-flex e-con e-child\" data-id=\"b35de2c\" data-element_type=\"container\" data-e-type=\"container\" data-settings=\"{&quot;background_background&quot;:&quot;gradient&quot;}\">\n\t\t\t\t<div class=\"elementor-element elementor-element-4ff35ec elementor-widget elementor-widget-text-editor\" data-id=\"4ff35ec\" data-element_type=\"widget\" data-e-type=\"widget\" data-widget_type=\"text-editor.default\">\n\t\t\t\t\t\t\t\t\t<p class=\"p1\">Testing Room C7<\/p>\t\t\t\t\t\t\t\t<\/div>\n\t\t\t\t<div class=\"elementor-element elementor-element-dd4a007 elementor-widget elementor-widget-text-editor\" data-id=\"dd4a007\" data-element_type=\"widget\" data-e-type=\"widget\" data-widget_type=\"text-editor.default\">\n\t\t\t\t\t\t\t\t\t<p class=\"p1\">Komora testowa nale\u017c\u0105ca do najwi\u0119kszych w Europie.<\/p>\t\t\t\t\t\t\t\t<\/div>\n\t\t\t\t<div class=\"elementor-element elementor-element-0ce05cf elementor-widget elementor-widget-text-editor\" data-id=\"0ce05cf\" data-element_type=\"widget\" data-e-type=\"widget\" data-widget_type=\"text-editor.default\">\n\t\t\t\t\t\t\t\t\t<p class=\"p1\">Uruchomiona w 2015 roku komora C7 firmy Aermec jest jedn\u0105 z najwi\u0119kszych w Europie kom\u00f3r testowych do urz\u0105dze\u0144 ch\u0142odniczych i pomp ciep\u0142a.<\/p>\n<p>\u00a0<\/p>\n<p class=\"p1\">Ta zaawansowana struktura umo\u017cliwia testowanie jednostek o mocy do 2 MW, pozwalaj\u0105c prowadzi\u0107 niezwykle rygorystyczne weryfikacje i rozwija\u0107 projekty na zam\u00f3wienie. Laboratorium jest tak\u017ce akredytowane do wykonywania test\u00f3w niezb\u0119dnych do uzyskania mi\u0119dzynarodowych certyfikacji Eurovent i AHRI.<\/p>\t\t\t\t\t\t\t\t<\/div>\n\t\t\t\t<\/div>\n\t\t\t\t<\/div>\n\t\t<div class=\"elementor-element elementor-element-1e049f8 e-con-full e-flex e-con e-child\" data-id=\"1e049f8\" data-element_type=\"container\" data-e-type=\"container\">\n\t\t\t\t<div class=\"elementor-element elementor-element-cb3222b elementor-widget elementor-widget-heading\" data-id=\"cb3222b\" data-element_type=\"widget\" data-e-type=\"widget\" data-widget_type=\"heading.default\">\n\t\t\t\t\t<h3 class=\"elementor-heading-title elementor-size-default\">Witness Test \u2013 test w obecno\u015bci klienta<\/h3>\t\t\t\t<\/div>\n\t\t\t\t<div class=\"elementor-element elementor-element-61bdfa6 elementor-widget elementor-widget-text-editor\" data-id=\"61bdfa6\" data-element_type=\"widget\" data-e-type=\"widget\" data-widget_type=\"text-editor.default\">\n\t\t\t\t\t\t\t\t\t<p class=\"p1\">Nowoczesne infrastruktury wymagaj\u0105 zoptymalizowanych rozwi\u0105za\u0144 HVAC, kt\u00f3re w pe\u0142ni integruj\u0105 si\u0119 z ich z\u0142o\u017cono\u015bci\u0105.<\/p>\n<p class=\"p1\">W tym celu Aermec oferuje specjalne i spersonalizowane projekty odpowiadaj\u0105ce na szczeg\u00f3lne wymagania. Testy demonstracyjne, czyli witness tests, s\u0105 dodatkow\u0105 gwarancj\u0105 oferowan\u0105 przez Aermec, umo\u017cliwiaj\u0105c\u0105 u\u017cytkownikowi sprawdzenie przed instalacj\u0105, czy wszystkie wymagania projektu s\u0105 konsekwentnie spe\u0142nione. Testy demonstracyjne w zak\u0142adach Aermec pozwalaj\u0105 wdro\u017cy\u0107 i zweryfikowa\u0107 nast\u0119puj\u0105ce procesy:<\/p>\t\t\t\t\t\t\t\t<\/div>\n\t\t\t\t<\/div>\n\t\t<div class=\"elementor-element elementor-element-143da54 e-grid e-con-full e-con e-child\" data-id=\"143da54\" data-element_type=\"container\" data-e-type=\"container\">\n\t\t<div class=\"elementor-element elementor-element-79c73a0 e-con-full e-flex e-con e-child\" data-id=\"79c73a0\" data-element_type=\"container\" data-e-type=\"container\" data-settings=\"{&quot;background_background&quot;:&quot;gradient&quot;}\">\n\t\t\t\t<div class=\"elementor-element elementor-element-70d5412 elementor-widget__width-initial elementor-widget elementor-widget-text-editor\" data-id=\"70d5412\" data-element_type=\"widget\" data-e-type=\"widget\" data-widget_type=\"text-editor.default\">\n\t\t\t\t\t\t\t\t\t<p>01<\/p>\t\t\t\t\t\t\t\t<\/div>\n\t\t\t\t<div class=\"elementor-element elementor-element-393a338 elementor-widget__width-initial elementor-widget elementor-widget-text-editor\" data-id=\"393a338\" data-element_type=\"widget\" data-e-type=\"widget\" data-widget_type=\"text-editor.default\">\n\t\t\t\t\t\t\t\t\t<p class=\"p1\">Przeprowadzenie test\u00f3w zgodnie z warunkami projektowymi oraz szczeg\u00f3\u0142owymi warunkami wymaganymi przez klienta.<\/p>\t\t\t\t\t\t\t\t<\/div>\n\t\t\t\t<\/div>\n\t\t<div class=\"elementor-element elementor-element-10a336a e-con-full e-flex e-con e-child\" data-id=\"10a336a\" data-element_type=\"container\" data-e-type=\"container\" data-settings=\"{&quot;background_background&quot;:&quot;gradient&quot;}\">\n\t\t\t\t<div class=\"elementor-element elementor-element-5632179 elementor-widget__width-initial elementor-widget elementor-widget-text-editor\" data-id=\"5632179\" data-element_type=\"widget\" data-e-type=\"widget\" data-widget_type=\"text-editor.default\">\n\t\t\t\t\t\t\t\t\t<p>02<\/p>\t\t\t\t\t\t\t\t<\/div>\n\t\t\t\t<div class=\"elementor-element elementor-element-9746206 elementor-widget__width-initial elementor-widget elementor-widget-text-editor\" data-id=\"9746206\" data-element_type=\"widget\" data-e-type=\"widget\" data-widget_type=\"text-editor.default\">\n\t\t\t\t\t\t\t\t\t<p class=\"p1\">Praca jednostki w warunkach pe\u0142nego i cz\u0119\u015bciowego obci\u0105\u017cenia, mapowanie parametr\u00f3w pracy i zu\u017cycia energii.<\/p>\t\t\t\t\t\t\t\t<\/div>\n\t\t\t\t<\/div>\n\t\t<div class=\"elementor-element elementor-element-3370db8 e-con-full e-flex e-con e-child\" data-id=\"3370db8\" data-element_type=\"container\" data-e-type=\"container\" data-settings=\"{&quot;background_background&quot;:&quot;gradient&quot;}\">\n\t\t\t\t<div class=\"elementor-element elementor-element-50b8cc6 elementor-widget__width-initial elementor-widget elementor-widget-text-editor\" data-id=\"50b8cc6\" data-element_type=\"widget\" data-e-type=\"widget\" data-widget_type=\"text-editor.default\">\n\t\t\t\t\t\t\t\t\t<p>03<\/p>\t\t\t\t\t\t\t\t<\/div>\n\t\t\t\t<div class=\"elementor-element elementor-element-ba8a9ac elementor-widget__width-initial elementor-widget elementor-widget-text-editor\" data-id=\"ba8a9ac\" data-element_type=\"widget\" data-e-type=\"widget\" data-widget_type=\"text-editor.default\">\n\t\t\t\t\t\t\t\t\t<p class=\"p1\">Symulacja pracy w warunkach ekstremalnych, w tym przy bardzo niskich lub bardzo wysokich temperaturach.<\/p>\t\t\t\t\t\t\t\t<\/div>\n\t\t\t\t<\/div>\n\t\t<div class=\"elementor-element elementor-element-01de2f0 e-con-full e-flex e-con e-child\" data-id=\"01de2f0\" data-element_type=\"container\" data-e-type=\"container\" data-settings=\"{&quot;background_background&quot;:&quot;gradient&quot;}\">\n\t\t\t\t<div class=\"elementor-element elementor-element-0ce9278 elementor-widget__width-initial elementor-widget elementor-widget-text-editor\" data-id=\"0ce9278\" data-element_type=\"widget\" data-e-type=\"widget\" data-widget_type=\"text-editor.default\">\n\t\t\t\t\t\t\t\t\t<p>04<\/p>\t\t\t\t\t\t\t\t<\/div>\n\t\t\t\t<div class=\"elementor-element elementor-element-4d5d47b elementor-widget__width-initial elementor-widget elementor-widget-text-editor\" data-id=\"4d5d47b\" data-element_type=\"widget\" data-e-type=\"widget\" data-widget_type=\"text-editor.default\">\n\t\t\t\t\t\t\t\t\t<p class=\"p1\">Przeprowadzenie specjalnych test\u00f3w emisji ha\u0142asu.<\/p>\t\t\t\t\t\t\t\t<\/div>\n\t\t\t\t<\/div>\n\t\t<div class=\"elementor-element elementor-element-b41cc90 e-con-full e-flex e-con e-child\" data-id=\"b41cc90\" data-element_type=\"container\" data-e-type=\"container\" data-settings=\"{&quot;background_background&quot;:&quot;gradient&quot;}\">\n\t\t\t\t<div class=\"elementor-element elementor-element-f9837ce elementor-widget__width-initial elementor-widget elementor-widget-text-editor\" data-id=\"f9837ce\" data-element_type=\"widget\" data-e-type=\"widget\" data-widget_type=\"text-editor.default\">\n\t\t\t\t\t\t\t\t\t<p>05<\/p>\t\t\t\t\t\t\t\t<\/div>\n\t\t\t\t<div class=\"elementor-element elementor-element-73fe7f9 elementor-widget__width-initial elementor-widget elementor-widget-text-editor\" data-id=\"73fe7f9\" data-element_type=\"widget\" data-e-type=\"widget\" data-widget_type=\"text-editor.default\">\n\t\t\t\t\t\t\t\t\t<p class=\"p1\">Gwarancja spe\u0142nienia zak\u0142adanych poziom\u00f3w wydajno\u015bciowych i akustycznych.<\/p>\t\t\t\t\t\t\t\t<\/div>\n\t\t\t\t<\/div>\n\t\t<div class=\"elementor-element elementor-element-be8d923 e-con-full e-flex e-con e-child\" data-id=\"be8d923\" data-element_type=\"container\" data-e-type=\"container\" data-settings=\"{&quot;background_background&quot;:&quot;gradient&quot;}\">\n\t\t\t\t<div class=\"elementor-element elementor-element-5f01c98 elementor-widget__width-initial elementor-widget elementor-widget-text-editor\" data-id=\"5f01c98\" data-element_type=\"widget\" data-e-type=\"widget\" data-widget_type=\"text-editor.default\">\n\t\t\t\t\t\t\t\t\t<p>06<\/p>\t\t\t\t\t\t\t\t<\/div>\n\t\t\t\t<div class=\"elementor-element elementor-element-f6e54ac elementor-widget__width-initial elementor-widget elementor-widget-text-editor\" data-id=\"f6e54ac\" data-element_type=\"widget\" data-e-type=\"widget\" data-widget_type=\"text-editor.default\">\n\t\t\t\t\t\t\t\t\t<p class=\"p1\">Dostarczenie kompletnego zestawu certyfikat\u00f3w kalibracji dotycz\u0105cych przyrz\u0105d\u00f3w wykorzystanych do test\u00f3w.<\/p>\t\t\t\t\t\t\t\t<\/div>\n\t\t\t\t<\/div>\n\t\t\t\t<\/div>\n\t\t<div class=\"elementor-element elementor-element-7006477 e-con-full e-grid e-con e-child\" data-id=\"7006477\" data-element_type=\"container\" data-e-type=\"container\">\n\t\t<div class=\"elementor-element elementor-element-aa75cc8 e-con-full e-flex e-con e-child\" data-id=\"aa75cc8\" data-element_type=\"container\" data-e-type=\"container\">\n\t\t\t\t<div class=\"elementor-element elementor-element-bedfdb6 elementor-widget elementor-widget-heading\" data-id=\"bedfdb6\" data-element_type=\"widget\" data-e-type=\"widget\" data-widget_type=\"heading.default\">\n\t\t\t\t\t<h4 class=\"elementor-heading-title elementor-size-default\">Testy Aermec jednostek du\u017cej mocy.<\/h4>\t\t\t\t<\/div>\n\t\t\t\t<div class=\"elementor-element elementor-element-d777278 elementor-widget elementor-widget-text-editor\" data-id=\"d777278\" data-element_type=\"widget\" data-e-type=\"widget\" data-widget_type=\"text-editor.default\">\n\t\t\t\t\t\t\t\t\t<p class=\"p1\">Testy demonstracyjne odbywaj\u0105 si\u0119 w jednej z najwi\u0119kszych kom\u00f3r testowych w Europie, zdolnej do walidacji pojedynczych jednostek o mocy do 2 MW przy pe\u0142nym obci\u0105\u017ceniu. Obiekt zapewnia niezwykle precyzyjne badania zgodne z normami mi\u0119dzynarodowymi, w zakresach temperatur od -20\u00b0C do +55\u00b0C dla agregat\u00f3w ch\u0142odniczych, pomp ciep\u0142a i central wentylacyjnych.<\/p>\t\t\t\t\t\t\t\t<\/div>\n\t\t\t\t<\/div>\n\t\t<div class=\"elementor-element elementor-element-b4e2371 e-con-full e-flex e-con e-child\" data-id=\"b4e2371\" data-element_type=\"container\" data-e-type=\"container\">\n\t\t\t\t<div class=\"elementor-element elementor-element-26ca58b elementor-widget elementor-widget-heading\" data-id=\"26ca58b\" data-element_type=\"widget\" data-e-type=\"widget\" data-widget_type=\"heading.default\">\n\t\t\t\t\t<h4 class=\"elementor-heading-title elementor-size-default\">Walidacja danych.<\/h4>\t\t\t\t<\/div>\n\t\t\t\t<div class=\"elementor-element elementor-element-97d6575 elementor-widget elementor-widget-text-editor\" data-id=\"97d6575\" data-element_type=\"widget\" data-e-type=\"widget\" data-widget_type=\"text-editor.default\">\n\t\t\t\t\t\t\t\t\t<p class=\"p1\">W dedykowanej sali klienci monitoruj\u0105 dane w czasie rzeczywistym i otrzymuj\u0105 oficjalny raport potwierdzaj\u0105cy parametry pracy lub dane projektowe.<\/p>\n<p class=\"p1\">Podczas Witness Tests klient ma mo\u017cliwo\u015b\u0107 dog\u0142\u0119bnego poznania cech konstrukcyjnych i zasad dzia\u0142ania wybranej jednostki.<\/p>\t\t\t\t\t\t\t\t<\/div>\n\t\t\t\t<\/div>\n\t\t\t\t<\/div>\n\t\t\t\t\t<\/div>\n\t\t\t\t<\/div>\n\t\t\t\t<\/div>\n\t\t","protected":false},"excerpt":{"rendered":"<p>Us\u0142ugi Wsparcie techniczne i narz\u0119dzia do projektowania. Aermec oferuje ekosystem us\u0142ug zaprojektowanych tak, aby wspiera\u0107 projektant\u00f3w i instalator\u00f3w na ka\u017cdym etapie projektu \u2014 od wst\u0119pnego doradztwa technicznego po walidacj\u0119 parametr\u00f3w poprzez testy w obecno\u015bci klienta w zaawansowanych laboratoriach firmy. Dzi\u0119ki dedykowanemu oprogramowaniu dostarczamy profesjonalistom narz\u0119dzia niezb\u0119dne do optymalizacji integracji budynku i instalacji. Nasza rozbudowana sie\u0107 [&hellip;]<\/p>\n","protected":false},"author":1,"featured_media":14375,"parent":0,"menu_order":70,"comment_status":"closed","ping_status":"closed","template":"","meta":{"_acf_changed":false,"footnotes":""},"class_list":["post-14581","page","type-page","status-publish","has-post-thumbnail","hentry"],"acf":[],"yoast_head":"<!-- This site is optimized with the Yoast SEO plugin v27.2 - https:\/\/yoast.com\/product\/yoast-seo-wordpress\/ -->\n<title>Us\u0142ugi - Aermec<\/title>\n<meta name=\"robots\" content=\"index, follow, max-snippet:-1, max-image-preview:large, max-video-preview:-1\" \/>\n<link rel=\"canonical\" href=\"https:\/\/global.aermec.com\/pl\/uslugi\/\" \/>\n<meta property=\"og:locale\" content=\"pl_PL\" \/>\n<meta property=\"og:type\" content=\"article\" \/>\n<meta property=\"og:title\" content=\"Us\u0142ugi - Aermec\" \/>\n<meta property=\"og:description\" content=\"Us\u0142ugi Wsparcie techniczne i narz\u0119dzia do projektowania. Aermec oferuje ekosystem us\u0142ug zaprojektowanych tak, aby wspiera\u0107 projektant\u00f3w i instalator\u00f3w na ka\u017cdym etapie projektu \u2014 od wst\u0119pnego doradztwa technicznego po walidacj\u0119 parametr\u00f3w poprzez testy w obecno\u015bci klienta w zaawansowanych laboratoriach firmy. Dzi\u0119ki dedykowanemu oprogramowaniu dostarczamy profesjonalistom narz\u0119dzia niezb\u0119dne do optymalizacji integracji budynku i instalacji. Nasza rozbudowana sie\u0107 [&hellip;]\" \/>\n<meta property=\"og:url\" content=\"https:\/\/global.aermec.com\/pl\/uslugi\/\" \/>\n<meta property=\"og:site_name\" content=\"Aermec\" \/>\n<meta property=\"article:modified_time\" content=\"2026-05-14T10:01:45+00:00\" \/>\n<meta property=\"og:image\" content=\"https:\/\/global.aermec.com\/wp-content\/uploads\/2026\/01\/screenshot.png\" \/>\n\t<meta property=\"og:image:width\" content=\"1200\" \/>\n\t<meta property=\"og:image:height\" content=\"900\" \/>\n\t<meta property=\"og:image:type\" content=\"image\/png\" \/>\n<meta name=\"twitter:card\" content=\"summary_large_image\" \/>\n<meta name=\"twitter:label1\" content=\"Szacowany czas czytania\" \/>\n\t<meta name=\"twitter:data1\" content=\"3 minutes\" \/>\n<script type=\"application\/ld+json\" class=\"yoast-schema-graph\">{\"@context\":\"https:\/\/schema.org\",\"@graph\":[{\"@type\":\"WebPage\",\"@id\":\"https:\/\/global.aermec.com\/pl\/uslugi\/\",\"url\":\"https:\/\/global.aermec.com\/pl\/uslugi\/\",\"name\":\"Us\u0142ugi - Aermec\",\"isPartOf\":{\"@id\":\"https:\/\/global.aermec.com\/pl\/#website\"},\"primaryImageOfPage\":{\"@id\":\"https:\/\/global.aermec.com\/pl\/uslugi\/#primaryimage\"},\"image\":{\"@id\":\"https:\/\/global.aermec.com\/pl\/uslugi\/#primaryimage\"},\"thumbnailUrl\":\"https:\/\/global.aermec.com\/wp-content\/uploads\/2026\/01\/screenshot.png\",\"datePublished\":\"2026-01-14T14:29:20+00:00\",\"dateModified\":\"2026-05-14T10:01:45+00:00\",\"breadcrumb\":{\"@id\":\"https:\/\/global.aermec.com\/pl\/uslugi\/#breadcrumb\"},\"inLanguage\":\"pl-PL\",\"potentialAction\":[{\"@type\":\"ReadAction\",\"target\":[\"https:\/\/global.aermec.com\/pl\/uslugi\/\"]}]},{\"@type\":\"ImageObject\",\"inLanguage\":\"pl-PL\",\"@id\":\"https:\/\/global.aermec.com\/pl\/uslugi\/#primaryimage\",\"url\":\"https:\/\/global.aermec.com\/wp-content\/uploads\/2026\/01\/screenshot.png\",\"contentUrl\":\"https:\/\/global.aermec.com\/wp-content\/uploads\/2026\/01\/screenshot.png\",\"width\":1200,\"height\":900,\"caption\":\"Aermec - Campioni del clima\"},{\"@type\":\"BreadcrumbList\",\"@id\":\"https:\/\/global.aermec.com\/pl\/uslugi\/#breadcrumb\",\"itemListElement\":[{\"@type\":\"ListItem\",\"position\":1,\"name\":\"Home\",\"item\":\"https:\/\/global.aermec.com\/pl\/\"},{\"@type\":\"ListItem\",\"position\":2,\"name\":\"Us\u0142ugi\"}]},{\"@type\":\"WebSite\",\"@id\":\"https:\/\/global.aermec.com\/pl\/#website\",\"url\":\"https:\/\/global.aermec.com\/pl\/\",\"name\":\"Aermec\",\"description\":\"Ridefiniamo il futuro della climatizzazione.\",\"publisher\":{\"@id\":\"https:\/\/global.aermec.com\/pl\/#organization\"},\"potentialAction\":[{\"@type\":\"SearchAction\",\"target\":{\"@type\":\"EntryPoint\",\"urlTemplate\":\"https:\/\/global.aermec.com\/pl\/?s={search_term_string}\"},\"query-input\":{\"@type\":\"PropertyValueSpecification\",\"valueRequired\":true,\"valueName\":\"search_term_string\"}}],\"inLanguage\":\"pl-PL\"},{\"@type\":\"Organization\",\"@id\":\"https:\/\/global.aermec.com\/pl\/#organization\",\"name\":\"Aermec\",\"url\":\"https:\/\/global.aermec.com\/pl\/\",\"logo\":{\"@type\":\"ImageObject\",\"inLanguage\":\"pl-PL\",\"@id\":\"https:\/\/global.aermec.com\/pl\/#\/schema\/logo\/image\/\",\"url\":\"https:\/\/global.aermec.com\/wp-content\/uploads\/2026\/01\/aermec-1.svg\",\"contentUrl\":\"https:\/\/global.aermec.com\/wp-content\/uploads\/2026\/01\/aermec-1.svg\",\"width\":149,\"height\":40,\"caption\":\"Aermec\"},\"image\":{\"@id\":\"https:\/\/global.aermec.com\/pl\/#\/schema\/logo\/image\/\"},\"sameAs\":[\"https:\/\/www.linkedin.com\/company\/aermec\/\",\"https:\/\/www.youtube.com\/c\/AERMECSpa\"]}]}<\/script>\n<!-- \/ Yoast SEO plugin. -->","yoast_head_json":{"title":"Us\u0142ugi - Aermec","robots":{"index":"index","follow":"follow","max-snippet":"max-snippet:-1","max-image-preview":"max-image-preview:large","max-video-preview":"max-video-preview:-1"},"canonical":"https:\/\/global.aermec.com\/pl\/uslugi\/","og_locale":"pl_PL","og_type":"article","og_title":"Us\u0142ugi - Aermec","og_description":"Us\u0142ugi Wsparcie techniczne i narz\u0119dzia do projektowania. Aermec oferuje ekosystem us\u0142ug zaprojektowanych tak, aby wspiera\u0107 projektant\u00f3w i instalator\u00f3w na ka\u017cdym etapie projektu \u2014 od wst\u0119pnego doradztwa technicznego po walidacj\u0119 parametr\u00f3w poprzez testy w obecno\u015bci klienta w zaawansowanych laboratoriach firmy. Dzi\u0119ki dedykowanemu oprogramowaniu dostarczamy profesjonalistom narz\u0119dzia niezb\u0119dne do optymalizacji integracji budynku i instalacji. Nasza rozbudowana sie\u0107 [&hellip;]","og_url":"https:\/\/global.aermec.com\/pl\/uslugi\/","og_site_name":"Aermec","article_modified_time":"2026-05-14T10:01:45+00:00","og_image":[{"width":1200,"height":900,"url":"https:\/\/global.aermec.com\/wp-content\/uploads\/2026\/01\/screenshot.png","type":"image\/png"}],"twitter_card":"summary_large_image","twitter_misc":{"Szacowany czas czytania":"3 minutes"},"schema":{"@context":"https:\/\/schema.org","@graph":[{"@type":"WebPage","@id":"https:\/\/global.aermec.com\/pl\/uslugi\/","url":"https:\/\/global.aermec.com\/pl\/uslugi\/","name":"Us\u0142ugi - Aermec","isPartOf":{"@id":"https:\/\/global.aermec.com\/pl\/#website"},"primaryImageOfPage":{"@id":"https:\/\/global.aermec.com\/pl\/uslugi\/#primaryimage"},"image":{"@id":"https:\/\/global.aermec.com\/pl\/uslugi\/#primaryimage"},"thumbnailUrl":"https:\/\/global.aermec.com\/wp-content\/uploads\/2026\/01\/screenshot.png","datePublished":"2026-01-14T14:29:20+00:00","dateModified":"2026-05-14T10:01:45+00:00","breadcrumb":{"@id":"https:\/\/global.aermec.com\/pl\/uslugi\/#breadcrumb"},"inLanguage":"pl-PL","potentialAction":[{"@type":"ReadAction","target":["https:\/\/global.aermec.com\/pl\/uslugi\/"]}]},{"@type":"ImageObject","inLanguage":"pl-PL","@id":"https:\/\/global.aermec.com\/pl\/uslugi\/#primaryimage","url":"https:\/\/global.aermec.com\/wp-content\/uploads\/2026\/01\/screenshot.png","contentUrl":"https:\/\/global.aermec.com\/wp-content\/uploads\/2026\/01\/screenshot.png","width":1200,"height":900,"caption":"Aermec - Campioni del clima"},{"@type":"BreadcrumbList","@id":"https:\/\/global.aermec.com\/pl\/uslugi\/#breadcrumb","itemListElement":[{"@type":"ListItem","position":1,"name":"Home","item":"https:\/\/global.aermec.com\/pl\/"},{"@type":"ListItem","position":2,"name":"Us\u0142ugi"}]},{"@type":"WebSite","@id":"https:\/\/global.aermec.com\/pl\/#website","url":"https:\/\/global.aermec.com\/pl\/","name":"Aermec","description":"Ridefiniamo il futuro della climatizzazione.","publisher":{"@id":"https:\/\/global.aermec.com\/pl\/#organization"},"potentialAction":[{"@type":"SearchAction","target":{"@type":"EntryPoint","urlTemplate":"https:\/\/global.aermec.com\/pl\/?s={search_term_string}"},"query-input":{"@type":"PropertyValueSpecification","valueRequired":true,"valueName":"search_term_string"}}],"inLanguage":"pl-PL"},{"@type":"Organization","@id":"https:\/\/global.aermec.com\/pl\/#organization","name":"Aermec","url":"https:\/\/global.aermec.com\/pl\/","logo":{"@type":"ImageObject","inLanguage":"pl-PL","@id":"https:\/\/global.aermec.com\/pl\/#\/schema\/logo\/image\/","url":"https:\/\/global.aermec.com\/wp-content\/uploads\/2026\/01\/aermec-1.svg","contentUrl":"https:\/\/global.aermec.com\/wp-content\/uploads\/2026\/01\/aermec-1.svg","width":149,"height":40,"caption":"Aermec"},"image":{"@id":"https:\/\/global.aermec.com\/pl\/#\/schema\/logo\/image\/"},"sameAs":["https:\/\/www.linkedin.com\/company\/aermec\/","https:\/\/www.youtube.com\/c\/AERMECSpa"]}]}},"_links":{"self":[{"href":"https:\/\/global.aermec.com\/pl\/wp-json\/wp\/v2\/pages\/14581","targetHints":{"allow":["GET"]}}],"collection":[{"href":"https:\/\/global.aermec.com\/pl\/wp-json\/wp\/v2\/pages"}],"about":[{"href":"https:\/\/global.aermec.com\/pl\/wp-json\/wp\/v2\/types\/page"}],"author":[{"embeddable":true,"href":"https:\/\/global.aermec.com\/pl\/wp-json\/wp\/v2\/users\/1"}],"replies":[{"embeddable":true,"href":"https:\/\/global.aermec.com\/pl\/wp-json\/wp\/v2\/comments?post=14581"}],"version-history":[{"count":4,"href":"https:\/\/global.aermec.com\/pl\/wp-json\/wp\/v2\/pages\/14581\/revisions"}],"predecessor-version":[{"id":14595,"href":"https:\/\/global.aermec.com\/pl\/wp-json\/wp\/v2\/pages\/14581\/revisions\/14595"}],"wp:featuredmedia":[{"embeddable":true,"href":"https:\/\/global.aermec.com\/pl\/wp-json\/wp\/v2\/media\/14375"}],"wp:attachment":[{"href":"https:\/\/global.aermec.com\/pl\/wp-json\/wp\/v2\/media?parent=14581"}],"curies":[{"name":"wp","href":"https:\/\/api.w.org\/{rel}","templated":true}]}}