{"id":4886,"date":"2026-03-02T16:58:27","date_gmt":"2026-03-02T15:58:27","guid":{"rendered":"https:\/\/global.aermec.com?page_id=4886"},"modified":"2026-04-17T12:36:58","modified_gmt":"2026-04-17T10:36:58","slug":"norme-e-incentivi","status":"publish","type":"page","link":"https:\/\/global.aermec.com\/it\/norme-e-incentivi\/","title":{"rendered":"Norme e incentivi"},"content":{"rendered":"\t\t<div data-elementor-type=\"wp-page\" data-elementor-id=\"4886\" class=\"elementor elementor-4886\" data-elementor-post-type=\"page\">\n\t\t\t\t<div class=\"elementor-element elementor-element-b4f791b e-flex e-con-boxed e-con e-parent\" data-id=\"b4f791b\" data-element_type=\"container\" data-e-type=\"container\">\n\t\t\t\t\t<div class=\"e-con-inner\">\n\t\t<div class=\"elementor-element elementor-element-39560ee e-con-full e-flex e-con e-child\" data-id=\"39560ee\" data-element_type=\"container\" data-e-type=\"container\">\n\t\t\t\t<div class=\"elementor-element elementor-element-0760a3a elementor-widget elementor-widget-heading\" data-id=\"0760a3a\" data-element_type=\"widget\" data-e-type=\"widget\" data-widget_type=\"heading.default\">\n\t\t\t\t\t<h1 class=\"elementor-heading-title elementor-size-default\">Norme e incentivi<\/h1>\t\t\t\t<\/div>\n\t\t\t\t<div class=\"elementor-element elementor-element-c022ba1 elementor-widget elementor-widget-text-editor\" data-id=\"c022ba1\" data-element_type=\"widget\" data-e-type=\"widget\" data-widget_type=\"text-editor.default\">\n\t\t\t\t\t\t\t\t\t<p class=\"p1\">I prodotti di Aermec rispettano pienamente tutte le normative e direttive europee riguardanti i macchinari per il condizionamento dell\u2019aria. Inoltre, Aermec fornisce tutte le informazioni tecniche riguardanti tali norme e direttive.<\/p>\t\t\t\t\t\t\t\t<\/div>\n\t\t\t\t<\/div>\n\t\t<div class=\"elementor-element elementor-element-096cceb e-con-full e-flex e-con e-child\" data-id=\"096cceb\" data-element_type=\"container\" data-e-type=\"container\">\n\t\t\t\t<div class=\"elementor-element elementor-element-ce19e2a elementor-widget elementor-widget-heading\" data-id=\"ce19e2a\" data-element_type=\"widget\" data-e-type=\"widget\" data-widget_type=\"heading.default\">\n\t\t\t\t\t<h3 class=\"elementor-heading-title elementor-size-default\">Conto termico 3.0<\/h3>\t\t\t\t<\/div>\n\t\t\t\t<div class=\"elementor-element elementor-element-fe05227 elementor-widget elementor-widget-text-editor\" data-id=\"fe05227\" data-element_type=\"widget\" data-e-type=\"widget\" data-widget_type=\"text-editor.default\">\n\t\t\t\t\t\t\t\t\t<p class=\"p1\">Introdotto dal D.M. 7 agosto 2025 (entrato in vigore il 25 dicembre 2025) il Conto Termico 3.0 \u00e8 un incentivo senza scadenza che pu\u00f2 essere goduto sia dai privati che dalle Pubbliche Amministrazioni. Tutte le unit\u00e0 in pompa di calore conformi ai requisiti Eco-Design e presenti nel catalogo AERMEC per il mercato UE soddisfano i requisiti minimi per l&#8217;accesso al Conto Termico 3.0 Per tutte le pompe di calore aria-acqua e acqua-acqua AERMEC i dati necessari per il calcolo dell&#8217;incentivo e le dichiarazioni del produttore sono reperibili nel software di selezione Magellano, tramite l&#8217;apposita funzione Conto Termico 3.0.<br \/>In download il documento con la lista delle macchine Aermec che consentono di accedere all&#8217;incentivo.<\/p>\t\t\t\t\t\t\t\t<\/div>\n\t\t<div class=\"elementor-element elementor-element-ac0f70f e-con-full e-flex e-con e-child\" data-id=\"ac0f70f\" data-element_type=\"container\" data-e-type=\"container\">\n\t\t\t\t<div class=\"elementor-element elementor-element-907bf53 elementor-align-left elementor-widget elementor-widget-button\" data-id=\"907bf53\" data-element_type=\"widget\" data-e-type=\"widget\" data-widget_type=\"button.default\">\n\t\t\t\t\t\t\t\t\t\t<a class=\"elementor-button elementor-button-link elementor-size-sm\" href=\"https:\/\/global.aermec.com\/wp-content\/uploads\/2026\/04\/ContoTermico_3_split.pdf\" target=\"_blank\">\n\t\t\t\t\t\t<span class=\"elementor-button-content-wrapper\">\n\t\t\t\t\t\t<span class=\"elementor-button-icon\">\n\t\t\t\t<svg aria-hidden=\"true\" class=\"e-font-icon-svg e-fas-caret-right\" viewBox=\"0 0 192 512\" xmlns=\"http:\/\/www.w3.org\/2000\/svg\"><path d=\"M0 384.662V127.338c0-17.818 21.543-26.741 34.142-14.142l128.662 128.662c7.81 7.81 7.81 20.474 0 28.284L34.142 398.804C21.543 411.404 0 402.48 0 384.662z\"><\/path><\/svg>\t\t\t<\/span>\n\t\t\t\t\t\t\t\t\t<span class=\"elementor-button-text\">Download (Split)<\/span>\n\t\t\t\t\t<\/span>\n\t\t\t\t\t<\/a>\n\t\t\t\t\t\t\t\t<\/div>\n\t\t\t\t<div class=\"elementor-element elementor-element-ebdba92 elementor-align-left elementor-widget elementor-widget-button\" data-id=\"ebdba92\" data-element_type=\"widget\" data-e-type=\"widget\" data-widget_type=\"button.default\">\n\t\t\t\t\t\t\t\t\t\t<a class=\"elementor-button elementor-button-link elementor-size-sm\" href=\"https:\/\/global.aermec.com\/wp-content\/uploads\/2026\/04\/ContoTermico_3_rooftop.pdf\">\n\t\t\t\t\t\t<span class=\"elementor-button-content-wrapper\">\n\t\t\t\t\t\t<span class=\"elementor-button-icon\">\n\t\t\t\t<svg aria-hidden=\"true\" class=\"e-font-icon-svg e-fas-caret-right\" viewBox=\"0 0 192 512\" xmlns=\"http:\/\/www.w3.org\/2000\/svg\"><path d=\"M0 384.662V127.338c0-17.818 21.543-26.741 34.142-14.142l128.662 128.662c7.81 7.81 7.81 20.474 0 28.284L34.142 398.804C21.543 411.404 0 402.48 0 384.662z\"><\/path><\/svg>\t\t\t<\/span>\n\t\t\t\t\t\t\t\t\t<span class=\"elementor-button-text\">Download (Rooftop)<\/span>\n\t\t\t\t\t<\/span>\n\t\t\t\t\t<\/a>\n\t\t\t\t\t\t\t\t<\/div>\n\t\t\t\t<\/div>\n\t\t\t\t<\/div>\n\t\t<div class=\"elementor-element elementor-element-540f8d4 e-con-full e-flex e-con e-child\" data-id=\"540f8d4\" data-element_type=\"container\" data-e-type=\"container\">\n\t\t\t\t<div class=\"elementor-element elementor-element-78d9fa7 elementor-widget elementor-widget-heading\" data-id=\"78d9fa7\" data-element_type=\"widget\" data-e-type=\"widget\" data-widget_type=\"heading.default\">\n\t\t\t\t\t<h3 class=\"elementor-heading-title elementor-size-default\">D. Lgs. 199\/2021 e s.m.i.: incentivi pubblici per pompe di calore<\/h3>\t\t\t\t<\/div>\n\t\t\t\t<div class=\"elementor-element elementor-element-f88a221 elementor-widget elementor-widget-text-editor\" data-id=\"f88a221\" data-element_type=\"widget\" data-e-type=\"widget\" data-widget_type=\"text-editor.default\">\n\t\t\t\t\t\t\t\t\t<p class=\"p1\">Il D.Lgs 5\/2026 Art. 30 introduce modifica all&#8217;Allegato IV del D.Lgs. 199\/2021, e prescrive che il requisito per l&#8217;accesso agli incentivi pubblici \u00e8 definito dal rispetto dei pertinenti requisiti eco-design della pompa di calore.<\/p>\t\t\t\t\t\t\t\t<\/div>\n\t\t\t\t<\/div>\n\t\t<div class=\"elementor-element elementor-element-16e9442 e-con-full e-flex e-con e-child\" data-id=\"16e9442\" data-element_type=\"container\" data-e-type=\"container\">\n\t\t\t\t<div class=\"elementor-element elementor-element-7b122c9 elementor-widget elementor-widget-heading\" data-id=\"7b122c9\" data-element_type=\"widget\" data-e-type=\"widget\" data-widget_type=\"heading.default\">\n\t\t\t\t\t<h3 class=\"elementor-heading-title elementor-size-default\">D.P.R.146\/2018 e compilazione Banca dati F-gas<\/h3>\t\t\t\t<\/div>\n\t\t\t\t<div class=\"elementor-element elementor-element-69cf4e1 elementor-widget elementor-widget-text-editor\" data-id=\"69cf4e1\" data-element_type=\"widget\" data-e-type=\"widget\" data-widget_type=\"text-editor.default\">\n\t\t\t\t\t\t\t\t\t<p class=\"p1\">Introdotto dal D.P.R. 146 del 16\/11\/2018 \u00e8 in vigore dal 25\/7\/2019 l\u2019obbligo, per le imprese che forniscono apparecchiature non ermeticamente sigillate contenenti gas fluorurati ad effetto serra agli utilizzatori finali, di comunicare all\u2019atto della vendita e per via telematica alla Banca dati sui gas fluorurati alcune informazioni tra cui tipologia di apparecchiatura, tipologia di refrigerante, contenuto di refrigerante e suo GWP, tonnellate di CO2 equivalenti.<br \/>In download il documento che riporta questi dati riferiti ad apparecchiature non configurate e non ermeticamente sigillate del catalogo AERMEC contenenti F-gas.<\/p>\t\t\t\t\t\t\t\t<\/div>\n\t\t<div class=\"elementor-element elementor-element-a0afaea e-con-full e-flex e-con e-child\" data-id=\"a0afaea\" data-element_type=\"container\" data-e-type=\"container\">\n\t\t\t\t<div class=\"elementor-element elementor-element-5b442a3 elementor-align-left elementor-widget elementor-widget-button\" data-id=\"5b442a3\" data-element_type=\"widget\" data-e-type=\"widget\" data-widget_type=\"button.default\">\n\t\t\t\t\t\t\t\t\t\t<a class=\"elementor-button elementor-button-link elementor-size-sm\" href=\"https:\/\/global.aermec.com\/wp-content\/uploads\/2026\/03\/F_Gas_Aermec.pdf\" target=\"_blank\">\n\t\t\t\t\t\t<span class=\"elementor-button-content-wrapper\">\n\t\t\t\t\t\t<span class=\"elementor-button-icon\">\n\t\t\t\t<svg aria-hidden=\"true\" class=\"e-font-icon-svg e-fas-caret-right\" viewBox=\"0 0 192 512\" xmlns=\"http:\/\/www.w3.org\/2000\/svg\"><path d=\"M0 384.662V127.338c0-17.818 21.543-26.741 34.142-14.142l128.662 128.662c7.81 7.81 7.81 20.474 0 28.284L34.142 398.804C21.543 411.404 0 402.48 0 384.662z\"><\/path><\/svg>\t\t\t<\/span>\n\t\t\t\t\t\t\t\t\t<span class=\"elementor-button-text\">Download<\/span>\n\t\t\t\t\t<\/span>\n\t\t\t\t\t<\/a>\n\t\t\t\t\t\t\t\t<\/div>\n\t\t\t\t<\/div>\n\t\t\t\t<\/div>\n\t\t\t\t\t<\/div>\n\t\t\t\t<\/div>\n\t\t\t\t<\/div>\n\t\t","protected":false},"excerpt":{"rendered":"<p>Norme e incentivi I prodotti di Aermec rispettano pienamente tutte le normative e direttive europee riguardanti i macchinari per il condizionamento dell\u2019aria. Inoltre, Aermec fornisce tutte le informazioni tecniche riguardanti tali norme e direttive. Conto termico 3.0 Introdotto dal D.M. 7 agosto 2025 (entrato in vigore il 25 dicembre 2025) il Conto Termico 3.0 \u00e8 [&hellip;]<\/p>\n","protected":false},"author":1,"featured_media":14,"parent":0,"menu_order":220,"comment_status":"closed","ping_status":"closed","template":"","meta":{"_acf_changed":false,"footnotes":""},"class_list":["post-4886","page","type-page","status-publish","has-post-thumbnail","hentry"],"acf":[],"yoast_head":"<!-- This site is optimized with the Yoast SEO plugin v27.2 - https:\/\/yoast.com\/product\/yoast-seo-wordpress\/ -->\n<title>Norme e incentivi - Aermec<\/title>\n<meta name=\"robots\" content=\"index, follow, max-snippet:-1, max-image-preview:large, max-video-preview:-1\" \/>\n<link rel=\"canonical\" href=\"https:\/\/global.aermec.com\/it\/norme-e-incentivi\/\" \/>\n<meta property=\"og:locale\" content=\"it_IT\" \/>\n<meta property=\"og:type\" content=\"article\" \/>\n<meta property=\"og:title\" content=\"Norme e incentivi - Aermec\" \/>\n<meta property=\"og:description\" content=\"Norme e incentivi I prodotti di Aermec rispettano pienamente tutte le normative e direttive europee riguardanti i macchinari per il condizionamento dell\u2019aria. Inoltre, Aermec fornisce tutte le informazioni tecniche riguardanti tali norme e direttive. Conto termico 3.0 Introdotto dal D.M. 7 agosto 2025 (entrato in vigore il 25 dicembre 2025) il Conto Termico 3.0 \u00e8 [&hellip;]\" \/>\n<meta property=\"og:url\" content=\"https:\/\/global.aermec.com\/it\/norme-e-incentivi\/\" \/>\n<meta property=\"og:site_name\" content=\"Aermec\" \/>\n<meta property=\"article:modified_time\" content=\"2026-04-17T10:36:58+00:00\" \/>\n<meta property=\"og:image\" content=\"https:\/\/global.aermec.com\/wp-content\/uploads\/2026\/01\/screenshot.png\" \/>\n\t<meta property=\"og:image:width\" content=\"1200\" \/>\n\t<meta property=\"og:image:height\" content=\"900\" \/>\n\t<meta property=\"og:image:type\" content=\"image\/png\" \/>\n<meta name=\"twitter:card\" content=\"summary_large_image\" \/>\n<meta name=\"twitter:label1\" content=\"Tempo di lettura stimato\" \/>\n\t<meta name=\"twitter:data1\" content=\"2 minuti\" \/>\n<script type=\"application\/ld+json\" class=\"yoast-schema-graph\">{\"@context\":\"https:\/\/schema.org\",\"@graph\":[{\"@type\":\"WebPage\",\"@id\":\"https:\/\/global.aermec.com\/it\/norme-e-incentivi\/\",\"url\":\"https:\/\/global.aermec.com\/it\/norme-e-incentivi\/\",\"name\":\"Norme e incentivi - Aermec\",\"isPartOf\":{\"@id\":\"https:\/\/global.aermec.com\/it\/#website\"},\"primaryImageOfPage\":{\"@id\":\"https:\/\/global.aermec.com\/it\/norme-e-incentivi\/#primaryimage\"},\"image\":{\"@id\":\"https:\/\/global.aermec.com\/it\/norme-e-incentivi\/#primaryimage\"},\"thumbnailUrl\":\"https:\/\/global.aermec.com\/wp-content\/uploads\/2026\/01\/screenshot.png\",\"datePublished\":\"2026-03-02T15:58:27+00:00\",\"dateModified\":\"2026-04-17T10:36:58+00:00\",\"breadcrumb\":{\"@id\":\"https:\/\/global.aermec.com\/it\/norme-e-incentivi\/#breadcrumb\"},\"inLanguage\":\"it-IT\",\"potentialAction\":[{\"@type\":\"ReadAction\",\"target\":[\"https:\/\/global.aermec.com\/it\/norme-e-incentivi\/\"]}]},{\"@type\":\"ImageObject\",\"inLanguage\":\"it-IT\",\"@id\":\"https:\/\/global.aermec.com\/it\/norme-e-incentivi\/#primaryimage\",\"url\":\"https:\/\/global.aermec.com\/wp-content\/uploads\/2026\/01\/screenshot.png\",\"contentUrl\":\"https:\/\/global.aermec.com\/wp-content\/uploads\/2026\/01\/screenshot.png\",\"width\":1200,\"height\":900,\"caption\":\"Aermec - Campioni del clima\"},{\"@type\":\"BreadcrumbList\",\"@id\":\"https:\/\/global.aermec.com\/it\/norme-e-incentivi\/#breadcrumb\",\"itemListElement\":[{\"@type\":\"ListItem\",\"position\":1,\"name\":\"Home\",\"item\":\"https:\/\/global.aermec.com\/it\/\"},{\"@type\":\"ListItem\",\"position\":2,\"name\":\"Norme e incentivi\"}]},{\"@type\":\"WebSite\",\"@id\":\"https:\/\/global.aermec.com\/it\/#website\",\"url\":\"https:\/\/global.aermec.com\/it\/\",\"name\":\"Aermec\",\"description\":\"Ridefiniamo il futuro della climatizzazione.\",\"publisher\":{\"@id\":\"https:\/\/global.aermec.com\/it\/#organization\"},\"potentialAction\":[{\"@type\":\"SearchAction\",\"target\":{\"@type\":\"EntryPoint\",\"urlTemplate\":\"https:\/\/global.aermec.com\/it\/?s={search_term_string}\"},\"query-input\":{\"@type\":\"PropertyValueSpecification\",\"valueRequired\":true,\"valueName\":\"search_term_string\"}}],\"inLanguage\":\"it-IT\"},{\"@type\":\"Organization\",\"@id\":\"https:\/\/global.aermec.com\/it\/#organization\",\"name\":\"Aermec\",\"url\":\"https:\/\/global.aermec.com\/it\/\",\"logo\":{\"@type\":\"ImageObject\",\"inLanguage\":\"it-IT\",\"@id\":\"https:\/\/global.aermec.com\/it\/#\/schema\/logo\/image\/\",\"url\":\"https:\/\/global.aermec.com\/wp-content\/uploads\/2026\/01\/aermec-1.svg\",\"contentUrl\":\"https:\/\/global.aermec.com\/wp-content\/uploads\/2026\/01\/aermec-1.svg\",\"width\":149,\"height\":40,\"caption\":\"Aermec\"},\"image\":{\"@id\":\"https:\/\/global.aermec.com\/it\/#\/schema\/logo\/image\/\"},\"sameAs\":[\"https:\/\/www.linkedin.com\/company\/aermec\/\",\"https:\/\/www.youtube.com\/c\/AERMECSpa\"]}]}<\/script>\n<!-- \/ Yoast SEO plugin. -->","yoast_head_json":{"title":"Norme e incentivi - Aermec","robots":{"index":"index","follow":"follow","max-snippet":"max-snippet:-1","max-image-preview":"max-image-preview:large","max-video-preview":"max-video-preview:-1"},"canonical":"https:\/\/global.aermec.com\/it\/norme-e-incentivi\/","og_locale":"it_IT","og_type":"article","og_title":"Norme e incentivi - Aermec","og_description":"Norme e incentivi I prodotti di Aermec rispettano pienamente tutte le normative e direttive europee riguardanti i macchinari per il condizionamento dell\u2019aria. Inoltre, Aermec fornisce tutte le informazioni tecniche riguardanti tali norme e direttive. Conto termico 3.0 Introdotto dal D.M. 7 agosto 2025 (entrato in vigore il 25 dicembre 2025) il Conto Termico 3.0 \u00e8 [&hellip;]","og_url":"https:\/\/global.aermec.com\/it\/norme-e-incentivi\/","og_site_name":"Aermec","article_modified_time":"2026-04-17T10:36:58+00:00","og_image":[{"width":1200,"height":900,"url":"https:\/\/global.aermec.com\/wp-content\/uploads\/2026\/01\/screenshot.png","type":"image\/png"}],"twitter_card":"summary_large_image","twitter_misc":{"Tempo di lettura stimato":"2 minuti"},"schema":{"@context":"https:\/\/schema.org","@graph":[{"@type":"WebPage","@id":"https:\/\/global.aermec.com\/it\/norme-e-incentivi\/","url":"https:\/\/global.aermec.com\/it\/norme-e-incentivi\/","name":"Norme e incentivi - Aermec","isPartOf":{"@id":"https:\/\/global.aermec.com\/it\/#website"},"primaryImageOfPage":{"@id":"https:\/\/global.aermec.com\/it\/norme-e-incentivi\/#primaryimage"},"image":{"@id":"https:\/\/global.aermec.com\/it\/norme-e-incentivi\/#primaryimage"},"thumbnailUrl":"https:\/\/global.aermec.com\/wp-content\/uploads\/2026\/01\/screenshot.png","datePublished":"2026-03-02T15:58:27+00:00","dateModified":"2026-04-17T10:36:58+00:00","breadcrumb":{"@id":"https:\/\/global.aermec.com\/it\/norme-e-incentivi\/#breadcrumb"},"inLanguage":"it-IT","potentialAction":[{"@type":"ReadAction","target":["https:\/\/global.aermec.com\/it\/norme-e-incentivi\/"]}]},{"@type":"ImageObject","inLanguage":"it-IT","@id":"https:\/\/global.aermec.com\/it\/norme-e-incentivi\/#primaryimage","url":"https:\/\/global.aermec.com\/wp-content\/uploads\/2026\/01\/screenshot.png","contentUrl":"https:\/\/global.aermec.com\/wp-content\/uploads\/2026\/01\/screenshot.png","width":1200,"height":900,"caption":"Aermec - Campioni del clima"},{"@type":"BreadcrumbList","@id":"https:\/\/global.aermec.com\/it\/norme-e-incentivi\/#breadcrumb","itemListElement":[{"@type":"ListItem","position":1,"name":"Home","item":"https:\/\/global.aermec.com\/it\/"},{"@type":"ListItem","position":2,"name":"Norme e incentivi"}]},{"@type":"WebSite","@id":"https:\/\/global.aermec.com\/it\/#website","url":"https:\/\/global.aermec.com\/it\/","name":"Aermec","description":"Ridefiniamo il futuro della climatizzazione.","publisher":{"@id":"https:\/\/global.aermec.com\/it\/#organization"},"potentialAction":[{"@type":"SearchAction","target":{"@type":"EntryPoint","urlTemplate":"https:\/\/global.aermec.com\/it\/?s={search_term_string}"},"query-input":{"@type":"PropertyValueSpecification","valueRequired":true,"valueName":"search_term_string"}}],"inLanguage":"it-IT"},{"@type":"Organization","@id":"https:\/\/global.aermec.com\/it\/#organization","name":"Aermec","url":"https:\/\/global.aermec.com\/it\/","logo":{"@type":"ImageObject","inLanguage":"it-IT","@id":"https:\/\/global.aermec.com\/it\/#\/schema\/logo\/image\/","url":"https:\/\/global.aermec.com\/wp-content\/uploads\/2026\/01\/aermec-1.svg","contentUrl":"https:\/\/global.aermec.com\/wp-content\/uploads\/2026\/01\/aermec-1.svg","width":149,"height":40,"caption":"Aermec"},"image":{"@id":"https:\/\/global.aermec.com\/it\/#\/schema\/logo\/image\/"},"sameAs":["https:\/\/www.linkedin.com\/company\/aermec\/","https:\/\/www.youtube.com\/c\/AERMECSpa"]}]}},"_links":{"self":[{"href":"https:\/\/global.aermec.com\/it\/wp-json\/wp\/v2\/pages\/4886","targetHints":{"allow":["GET"]}}],"collection":[{"href":"https:\/\/global.aermec.com\/it\/wp-json\/wp\/v2\/pages"}],"about":[{"href":"https:\/\/global.aermec.com\/it\/wp-json\/wp\/v2\/types\/page"}],"author":[{"embeddable":true,"href":"https:\/\/global.aermec.com\/it\/wp-json\/wp\/v2\/users\/1"}],"replies":[{"embeddable":true,"href":"https:\/\/global.aermec.com\/it\/wp-json\/wp\/v2\/comments?post=4886"}],"version-history":[{"count":10,"href":"https:\/\/global.aermec.com\/it\/wp-json\/wp\/v2\/pages\/4886\/revisions"}],"predecessor-version":[{"id":13936,"href":"https:\/\/global.aermec.com\/it\/wp-json\/wp\/v2\/pages\/4886\/revisions\/13936"}],"wp:featuredmedia":[{"embeddable":true,"href":"https:\/\/global.aermec.com\/it\/wp-json\/wp\/v2\/media\/14"}],"wp:attachment":[{"href":"https:\/\/global.aermec.com\/it\/wp-json\/wp\/v2\/media?parent=4886"}],"curies":[{"name":"wp","href":"https:\/\/api.w.org\/{rel}","templated":true}]}}