{"id":4885,"date":"2026-03-02T16:58:12","date_gmt":"2026-03-02T15:58:12","guid":{"rendered":"https:\/\/global.aermec.com?page_id=4885"},"modified":"2026-03-20T12:39:50","modified_gmt":"2026-03-20T11:39:50","slug":"soluzioni-integrate","status":"publish","type":"page","link":"https:\/\/global.aermec.com\/it\/soluzioni-integrate\/","title":{"rendered":"Soluzioni integrate"},"content":{"rendered":"\t\t<div data-elementor-type=\"wp-page\" data-elementor-id=\"4885\" class=\"elementor elementor-4885\" data-elementor-post-type=\"page\">\n\t\t\t\t<div class=\"elementor-element elementor-element-b4f791b e-flex e-con-boxed e-con e-parent\" data-id=\"b4f791b\" data-element_type=\"container\" data-e-type=\"container\">\n\t\t\t\t\t<div class=\"e-con-inner\">\n\t\t\t\t<div class=\"elementor-element elementor-element-9d4d4c7 elementor-widget elementor-widget-heading\" data-id=\"9d4d4c7\" data-element_type=\"widget\" data-e-type=\"widget\" data-widget_type=\"heading.default\">\n\t\t\t\t\t<h1 class=\"elementor-heading-title elementor-size-default\">Soluzioni integrate<\/h1>\t\t\t\t<\/div>\n\t\t\t\t<div class=\"elementor-element elementor-element-4a8b1ec elementor-widget elementor-widget-text-editor\" data-id=\"4a8b1ec\" data-element_type=\"widget\" data-e-type=\"widget\" data-widget_type=\"text-editor.default\">\n\t\t\t\t\t\t\t\t\t<div class=\"content\"><p>L&#8217;esigenza di infrastrutture moderne per la tecnologia HVAC non si limita alla mera applicazione di prodotti di climatizzazione. Quello che serve \u00e8 una soluzione di sistema, una combinazione intrinseca di molteplici e diversi macchinari, di componenti accessori e dispositivi di controllo e monitoraggio che operino in un&#8217;armonia perfettamente coordinata per soddisfare le precise esigenze HVAC in ogni momento e in qualunque situazione assecondando le continue variazioni in materia di esigenze prestazionali e condizione.<\/p><p>Aermec ricopre una posizione ideale per offrire ai clienti soluzioni di sistemi altamente sofisticate in grado di soddisfare alla perfezione le singole esigenze di una serie di applicazioni differenziate, grazie a una combinazione di competenze e soluzioni che permettono ad Aermec di offrire ai clienti una proposta assolutamente specifica:<\/p><ul class=\"list\"><li>Una gamma completa di soluzioni con prodotti HVAC. Aermec \u00e8 in grado di offrire qualunque prodotto necessario all&#8217;interno del sistema.<\/li><li>Una moltitudine di specifiche configurazioni di prodotti e accessori per soddisfare tutte le esigenze individuali.<\/li><li>La capacit\u00e0 di offrire soluzioni personalizzate su misura.<\/li><li>La programmazione software in-house, per creare algoritmi di controllo specifici per il cliente.<\/li><li>Un team di progettazione estremamente competente, con appositi consulenti tecnici, per supportare il cliente durante l&#8217;intero processo di progettazione.<\/li><li>65 anni di esperienza nell&#8217;ambito dell&#8217;HVAC, con un elevato e specifico livello di know-how applicativo.<\/li><li>Il rinomato processo di &#8220;progettazione integrata&#8221; di Aermec, nel quale tutte le parti coinvolte nel progetto (tra cui architetti, progettisti, installatori e utenti finali) lavorano insieme all&#8217;interno di un unico team per soddisfare accuratamente tutti gli obiettivi del progetto.<\/li><li>Avanzati strumenti di supporto di selezione software, tra cui il sofisticato software di simulazione dei sistemi ACES di Aermec, che consentono di simulare sistemi completi in diverse condizioni realistiche per tutto l&#8217;anno.<\/li><li>Strumenti di test con cui il cliente pu\u00f2 verificare il corretto funzionamento della soluzione selezionata prima dell&#8217;installazione in loco.<\/li><\/ul><p>La creazione di una soluzione con sistemi ottimizzati in grado di soddisfare accuratamente le esigenze dell&#8217;utente richiede una elaborazione di progettazione combinato con competenze tecniche specifiche. Aermec offre questa capacit\u00e0 ed \u00e8 in grado di soddisfare tutte le richieste dei clienti, anche quelle pi\u00f9 complesse, creando una soluzione individuale che offre il massimo beneficio con il minor costo del ciclo di vita complessivo.<\/p><\/div>\t\t\t\t\t\t\t\t<\/div>\n\t\t\t\t\t<\/div>\n\t\t\t\t<\/div>\n\t\t\t\t<\/div>\n\t\t","protected":false},"excerpt":{"rendered":"<p>Soluzioni integrate L&#8217;esigenza di infrastrutture moderne per la tecnologia HVAC non si limita alla mera applicazione di prodotti di climatizzazione. Quello che serve \u00e8 una soluzione di sistema, una combinazione intrinseca di molteplici e diversi macchinari, di componenti accessori e dispositivi di controllo e monitoraggio che operino in un&#8217;armonia perfettamente coordinata per soddisfare le precise [&hellip;]<\/p>\n","protected":false},"author":1,"featured_media":14,"parent":0,"menu_order":220,"comment_status":"closed","ping_status":"closed","template":"","meta":{"_acf_changed":false,"footnotes":""},"class_list":["post-4885","page","type-page","status-publish","has-post-thumbnail","hentry"],"acf":[],"yoast_head":"<!-- This site is optimized with the Yoast SEO plugin v27.2 - https:\/\/yoast.com\/product\/yoast-seo-wordpress\/ -->\n<title>Soluzioni integrate - Aermec<\/title>\n<meta name=\"robots\" content=\"index, follow, max-snippet:-1, max-image-preview:large, max-video-preview:-1\" \/>\n<link rel=\"canonical\" href=\"https:\/\/global.aermec.com\/it\/soluzioni-integrate\/\" \/>\n<meta property=\"og:locale\" content=\"it_IT\" \/>\n<meta property=\"og:type\" content=\"article\" \/>\n<meta property=\"og:title\" content=\"Soluzioni integrate - Aermec\" \/>\n<meta property=\"og:description\" content=\"Soluzioni integrate L&#8217;esigenza di infrastrutture moderne per la tecnologia HVAC non si limita alla mera applicazione di prodotti di climatizzazione. Quello che serve \u00e8 una soluzione di sistema, una combinazione intrinseca di molteplici e diversi macchinari, di componenti accessori e dispositivi di controllo e monitoraggio che operino in un&#8217;armonia perfettamente coordinata per soddisfare le precise [&hellip;]\" \/>\n<meta property=\"og:url\" content=\"https:\/\/global.aermec.com\/it\/soluzioni-integrate\/\" \/>\n<meta property=\"og:site_name\" content=\"Aermec\" \/>\n<meta property=\"article:modified_time\" content=\"2026-03-20T11:39:50+00:00\" \/>\n<meta property=\"og:image\" content=\"https:\/\/global.aermec.com\/wp-content\/uploads\/2026\/01\/screenshot.png\" \/>\n\t<meta property=\"og:image:width\" content=\"1200\" \/>\n\t<meta property=\"og:image:height\" content=\"900\" \/>\n\t<meta property=\"og:image:type\" content=\"image\/png\" \/>\n<meta name=\"twitter:card\" content=\"summary_large_image\" \/>\n<meta name=\"twitter:label1\" content=\"Tempo di lettura stimato\" \/>\n\t<meta name=\"twitter:data1\" content=\"2 minuti\" \/>\n<script type=\"application\/ld+json\" class=\"yoast-schema-graph\">{\"@context\":\"https:\/\/schema.org\",\"@graph\":[{\"@type\":\"WebPage\",\"@id\":\"https:\/\/global.aermec.com\/it\/soluzioni-integrate\/\",\"url\":\"https:\/\/global.aermec.com\/it\/soluzioni-integrate\/\",\"name\":\"Soluzioni integrate - Aermec\",\"isPartOf\":{\"@id\":\"https:\/\/global.aermec.com\/it\/#website\"},\"primaryImageOfPage\":{\"@id\":\"https:\/\/global.aermec.com\/it\/soluzioni-integrate\/#primaryimage\"},\"image\":{\"@id\":\"https:\/\/global.aermec.com\/it\/soluzioni-integrate\/#primaryimage\"},\"thumbnailUrl\":\"https:\/\/global.aermec.com\/wp-content\/uploads\/2026\/01\/screenshot.png\",\"datePublished\":\"2026-03-02T15:58:12+00:00\",\"dateModified\":\"2026-03-20T11:39:50+00:00\",\"breadcrumb\":{\"@id\":\"https:\/\/global.aermec.com\/it\/soluzioni-integrate\/#breadcrumb\"},\"inLanguage\":\"it-IT\",\"potentialAction\":[{\"@type\":\"ReadAction\",\"target\":[\"https:\/\/global.aermec.com\/it\/soluzioni-integrate\/\"]}]},{\"@type\":\"ImageObject\",\"inLanguage\":\"it-IT\",\"@id\":\"https:\/\/global.aermec.com\/it\/soluzioni-integrate\/#primaryimage\",\"url\":\"https:\/\/global.aermec.com\/wp-content\/uploads\/2026\/01\/screenshot.png\",\"contentUrl\":\"https:\/\/global.aermec.com\/wp-content\/uploads\/2026\/01\/screenshot.png\",\"width\":1200,\"height\":900,\"caption\":\"Aermec - Campioni del clima\"},{\"@type\":\"BreadcrumbList\",\"@id\":\"https:\/\/global.aermec.com\/it\/soluzioni-integrate\/#breadcrumb\",\"itemListElement\":[{\"@type\":\"ListItem\",\"position\":1,\"name\":\"Home\",\"item\":\"https:\/\/global.aermec.com\/it\/\"},{\"@type\":\"ListItem\",\"position\":2,\"name\":\"Soluzioni integrate\"}]},{\"@type\":\"WebSite\",\"@id\":\"https:\/\/global.aermec.com\/it\/#website\",\"url\":\"https:\/\/global.aermec.com\/it\/\",\"name\":\"Aermec\",\"description\":\"Ridefiniamo il futuro della climatizzazione.\",\"publisher\":{\"@id\":\"https:\/\/global.aermec.com\/it\/#organization\"},\"potentialAction\":[{\"@type\":\"SearchAction\",\"target\":{\"@type\":\"EntryPoint\",\"urlTemplate\":\"https:\/\/global.aermec.com\/it\/?s={search_term_string}\"},\"query-input\":{\"@type\":\"PropertyValueSpecification\",\"valueRequired\":true,\"valueName\":\"search_term_string\"}}],\"inLanguage\":\"it-IT\"},{\"@type\":\"Organization\",\"@id\":\"https:\/\/global.aermec.com\/it\/#organization\",\"name\":\"Aermec\",\"url\":\"https:\/\/global.aermec.com\/it\/\",\"logo\":{\"@type\":\"ImageObject\",\"inLanguage\":\"it-IT\",\"@id\":\"https:\/\/global.aermec.com\/it\/#\/schema\/logo\/image\/\",\"url\":\"https:\/\/global.aermec.com\/wp-content\/uploads\/2026\/01\/aermec-1.svg\",\"contentUrl\":\"https:\/\/global.aermec.com\/wp-content\/uploads\/2026\/01\/aermec-1.svg\",\"width\":149,\"height\":40,\"caption\":\"Aermec\"},\"image\":{\"@id\":\"https:\/\/global.aermec.com\/it\/#\/schema\/logo\/image\/\"},\"sameAs\":[\"https:\/\/www.linkedin.com\/company\/aermec\/\",\"https:\/\/www.youtube.com\/c\/AERMECSpa\"]}]}<\/script>\n<!-- \/ Yoast SEO plugin. -->","yoast_head_json":{"title":"Soluzioni integrate - Aermec","robots":{"index":"index","follow":"follow","max-snippet":"max-snippet:-1","max-image-preview":"max-image-preview:large","max-video-preview":"max-video-preview:-1"},"canonical":"https:\/\/global.aermec.com\/it\/soluzioni-integrate\/","og_locale":"it_IT","og_type":"article","og_title":"Soluzioni integrate - Aermec","og_description":"Soluzioni integrate L&#8217;esigenza di infrastrutture moderne per la tecnologia HVAC non si limita alla mera applicazione di prodotti di climatizzazione. Quello che serve \u00e8 una soluzione di sistema, una combinazione intrinseca di molteplici e diversi macchinari, di componenti accessori e dispositivi di controllo e monitoraggio che operino in un&#8217;armonia perfettamente coordinata per soddisfare le precise [&hellip;]","og_url":"https:\/\/global.aermec.com\/it\/soluzioni-integrate\/","og_site_name":"Aermec","article_modified_time":"2026-03-20T11:39:50+00:00","og_image":[{"width":1200,"height":900,"url":"https:\/\/global.aermec.com\/wp-content\/uploads\/2026\/01\/screenshot.png","type":"image\/png"}],"twitter_card":"summary_large_image","twitter_misc":{"Tempo di lettura stimato":"2 minuti"},"schema":{"@context":"https:\/\/schema.org","@graph":[{"@type":"WebPage","@id":"https:\/\/global.aermec.com\/it\/soluzioni-integrate\/","url":"https:\/\/global.aermec.com\/it\/soluzioni-integrate\/","name":"Soluzioni integrate - Aermec","isPartOf":{"@id":"https:\/\/global.aermec.com\/it\/#website"},"primaryImageOfPage":{"@id":"https:\/\/global.aermec.com\/it\/soluzioni-integrate\/#primaryimage"},"image":{"@id":"https:\/\/global.aermec.com\/it\/soluzioni-integrate\/#primaryimage"},"thumbnailUrl":"https:\/\/global.aermec.com\/wp-content\/uploads\/2026\/01\/screenshot.png","datePublished":"2026-03-02T15:58:12+00:00","dateModified":"2026-03-20T11:39:50+00:00","breadcrumb":{"@id":"https:\/\/global.aermec.com\/it\/soluzioni-integrate\/#breadcrumb"},"inLanguage":"it-IT","potentialAction":[{"@type":"ReadAction","target":["https:\/\/global.aermec.com\/it\/soluzioni-integrate\/"]}]},{"@type":"ImageObject","inLanguage":"it-IT","@id":"https:\/\/global.aermec.com\/it\/soluzioni-integrate\/#primaryimage","url":"https:\/\/global.aermec.com\/wp-content\/uploads\/2026\/01\/screenshot.png","contentUrl":"https:\/\/global.aermec.com\/wp-content\/uploads\/2026\/01\/screenshot.png","width":1200,"height":900,"caption":"Aermec - Campioni del clima"},{"@type":"BreadcrumbList","@id":"https:\/\/global.aermec.com\/it\/soluzioni-integrate\/#breadcrumb","itemListElement":[{"@type":"ListItem","position":1,"name":"Home","item":"https:\/\/global.aermec.com\/it\/"},{"@type":"ListItem","position":2,"name":"Soluzioni integrate"}]},{"@type":"WebSite","@id":"https:\/\/global.aermec.com\/it\/#website","url":"https:\/\/global.aermec.com\/it\/","name":"Aermec","description":"Ridefiniamo il futuro della climatizzazione.","publisher":{"@id":"https:\/\/global.aermec.com\/it\/#organization"},"potentialAction":[{"@type":"SearchAction","target":{"@type":"EntryPoint","urlTemplate":"https:\/\/global.aermec.com\/it\/?s={search_term_string}"},"query-input":{"@type":"PropertyValueSpecification","valueRequired":true,"valueName":"search_term_string"}}],"inLanguage":"it-IT"},{"@type":"Organization","@id":"https:\/\/global.aermec.com\/it\/#organization","name":"Aermec","url":"https:\/\/global.aermec.com\/it\/","logo":{"@type":"ImageObject","inLanguage":"it-IT","@id":"https:\/\/global.aermec.com\/it\/#\/schema\/logo\/image\/","url":"https:\/\/global.aermec.com\/wp-content\/uploads\/2026\/01\/aermec-1.svg","contentUrl":"https:\/\/global.aermec.com\/wp-content\/uploads\/2026\/01\/aermec-1.svg","width":149,"height":40,"caption":"Aermec"},"image":{"@id":"https:\/\/global.aermec.com\/it\/#\/schema\/logo\/image\/"},"sameAs":["https:\/\/www.linkedin.com\/company\/aermec\/","https:\/\/www.youtube.com\/c\/AERMECSpa"]}]}},"_links":{"self":[{"href":"https:\/\/global.aermec.com\/it\/wp-json\/wp\/v2\/pages\/4885","targetHints":{"allow":["GET"]}}],"collection":[{"href":"https:\/\/global.aermec.com\/it\/wp-json\/wp\/v2\/pages"}],"about":[{"href":"https:\/\/global.aermec.com\/it\/wp-json\/wp\/v2\/types\/page"}],"author":[{"embeddable":true,"href":"https:\/\/global.aermec.com\/it\/wp-json\/wp\/v2\/users\/1"}],"replies":[{"embeddable":true,"href":"https:\/\/global.aermec.com\/it\/wp-json\/wp\/v2\/comments?post=4885"}],"version-history":[{"count":7,"href":"https:\/\/global.aermec.com\/it\/wp-json\/wp\/v2\/pages\/4885\/revisions"}],"predecessor-version":[{"id":11316,"href":"https:\/\/global.aermec.com\/it\/wp-json\/wp\/v2\/pages\/4885\/revisions\/11316"}],"wp:featuredmedia":[{"embeddable":true,"href":"https:\/\/global.aermec.com\/it\/wp-json\/wp\/v2\/media\/14"}],"wp:attachment":[{"href":"https:\/\/global.aermec.com\/it\/wp-json\/wp\/v2\/media?parent=4885"}],"curies":[{"name":"wp","href":"https:\/\/api.w.org\/{rel}","templated":true}]}}