{"id":239,"date":"2026-01-14T16:10:21","date_gmt":"2026-01-14T15:10:21","guid":{"rendered":"https:\/\/global.aermec.com\/?page_id=239"},"modified":"2026-02-25T17:37:06","modified_gmt":"2026-02-25T16:37:06","slug":"note-legali","status":"publish","type":"page","link":"https:\/\/global.aermec.com\/it\/note-legali\/","title":{"rendered":"Note legali"},"content":{"rendered":"\t\t<div data-elementor-type=\"wp-page\" data-elementor-id=\"239\" class=\"elementor elementor-239\" data-elementor-post-type=\"page\">\n\t\t\t\t<div class=\"elementor-element elementor-element-b4f791b e-flex e-con-boxed e-con e-parent\" data-id=\"b4f791b\" data-element_type=\"container\" data-e-type=\"container\">\n\t\t\t\t\t<div class=\"e-con-inner\">\n\t\t\t\t<div class=\"elementor-element elementor-element-9d4d4c7 elementor-widget elementor-widget-heading\" data-id=\"9d4d4c7\" data-element_type=\"widget\" data-e-type=\"widget\" data-widget_type=\"heading.default\">\n\t\t\t\t\t<h1 class=\"elementor-heading-title elementor-size-default\">Note Legali<\/h1>\t\t\t\t<\/div>\n\t\t\t\t<div class=\"elementor-element elementor-element-4a8b1ec elementor-widget elementor-widget-text-editor\" data-id=\"4a8b1ec\" data-element_type=\"widget\" data-e-type=\"widget\" data-widget_type=\"text-editor.default\">\n\t\t\t\t\t\t\t\t\t<p class=\"p1\">Il contenuto del sito \u00e8 propriet\u00e0 di Aermec S.p.A. Pu\u00f2 essere riprodotto, divulgato o distribuito soltanto per uso non commerciale con autorizzazione scritta da Aermec S.p.A. e se un avviso adeguato di copyright e di marchio registrato \u00e8 incluso su tutte le copie. Qualsiasi riproduzione, divulgazione o distribuzione non autorizzata delle copie da chiunque di qualsiasi parte di questo lavoro possono essere una violazione della legge di copyright dell&#8217;Italia e di altri paesi.<br \/><br \/>Con tutto il materiale contenuto in queste pagine Web, Aermec S.p.A. ha tentato di offrire informazioni pi\u00f9 attuali e pi\u00f9 esatte possibili. Tuttavia, gli errori possono accadere. Le informazioni contenute in queste pagine Web sono fornite &#8220;come sono&#8221; senza nessuna garanzia. Aermec S.p.A. riserva il diritto di eliminare o cambiare, in qualsiasi momento, specifiche o disegni senza obblighi e preavvisi.<br \/><br \/>Molti collegamenti da questo sito conducono a siti Web esterni che sono creati ed ospitati da terzi, sui quali Aermec S.p.A. non ha controllo ed \u00e8 in nessun modo responsabile.<br \/><br \/>E&#8217; fatto divieto di usare il nome Aermec nei titoli di pagina e nei metatag come indicato nell&#8217;ordinanza del 18\/1\/2001 della nona sezione civile del tribunale di Roma che stabilisce che non \u00e8 consentito utilizzare il nome di un concorrente come metatag allo scopo di &#8220;pilotare&#8221; le query sui motori di ricerca dei potenziali clienti.<br \/><br \/><strong>Sede legale e di responsabilit\u00e0<\/strong><br \/>I diritti e gli obblighi sotto questo accordo saranno governati dalle leggi Italiane a parte i trattati internazionali che governano il copyright. Le parti acconsentono e sono d&#8217;accordo che il Foro di Legnago o Verona avr\u00e0 giurisdizione esclusiva su qualsiasi azione legale o procedimento presentato o anche concernente questo accordo, ciascuna parte acconsente alla giurisdizione personale di tale Foro allo scopo di qualsiasi azione o procedimento. Ogni partito rinunzia con ci\u00f2 a tutti i diritti che ha o che pu\u00f2 in futuro presentare per contestare tale giurisdizione esclusiva.<\/p>\t\t\t\t\t\t\t\t<\/div>\n\t\t\t\t\t<\/div>\n\t\t\t\t<\/div>\n\t\t\t\t<\/div>\n\t\t","protected":false},"excerpt":{"rendered":"<p>Note Legali Il contenuto del sito \u00e8 propriet\u00e0 di Aermec S.p.A. Pu\u00f2 essere riprodotto, divulgato o distribuito soltanto per uso non commerciale con autorizzazione scritta da Aermec S.p.A. e se un avviso adeguato di copyright e di marchio registrato \u00e8 incluso su tutte le copie. Qualsiasi riproduzione, divulgazione o distribuzione non autorizzata delle copie da [&hellip;]<\/p>\n","protected":false},"author":1,"featured_media":14,"parent":0,"menu_order":220,"comment_status":"closed","ping_status":"closed","template":"","meta":{"_acf_changed":false,"footnotes":""},"class_list":["post-239","page","type-page","status-publish","has-post-thumbnail","hentry"],"acf":[],"yoast_head":"<!-- This site is optimized with the Yoast SEO plugin v27.2 - https:\/\/yoast.com\/product\/yoast-seo-wordpress\/ -->\n<title>Note legali - Aermec<\/title>\n<meta name=\"robots\" content=\"index, follow, max-snippet:-1, max-image-preview:large, max-video-preview:-1\" \/>\n<link rel=\"canonical\" href=\"https:\/\/global.aermec.com\/it\/note-legali\/\" \/>\n<meta property=\"og:locale\" content=\"it_IT\" \/>\n<meta property=\"og:type\" content=\"article\" \/>\n<meta property=\"og:title\" content=\"Note legali - Aermec\" \/>\n<meta property=\"og:description\" content=\"Note Legali Il contenuto del sito \u00e8 propriet\u00e0 di Aermec S.p.A. Pu\u00f2 essere riprodotto, divulgato o distribuito soltanto per uso non commerciale con autorizzazione scritta da Aermec S.p.A. e se un avviso adeguato di copyright e di marchio registrato \u00e8 incluso su tutte le copie. Qualsiasi riproduzione, divulgazione o distribuzione non autorizzata delle copie da [&hellip;]\" \/>\n<meta property=\"og:url\" content=\"https:\/\/global.aermec.com\/it\/note-legali\/\" \/>\n<meta property=\"og:site_name\" content=\"Aermec\" \/>\n<meta property=\"article:modified_time\" content=\"2026-02-25T16:37:06+00:00\" \/>\n<meta property=\"og:image\" content=\"https:\/\/global.aermec.com\/wp-content\/uploads\/2026\/01\/screenshot.png\" \/>\n\t<meta property=\"og:image:width\" content=\"1200\" \/>\n\t<meta property=\"og:image:height\" content=\"900\" \/>\n\t<meta property=\"og:image:type\" content=\"image\/png\" \/>\n<meta name=\"twitter:card\" content=\"summary_large_image\" \/>\n<meta name=\"twitter:label1\" content=\"Tempo di lettura stimato\" \/>\n\t<meta name=\"twitter:data1\" content=\"2 minuti\" \/>\n<script type=\"application\/ld+json\" class=\"yoast-schema-graph\">{\"@context\":\"https:\/\/schema.org\",\"@graph\":[{\"@type\":\"WebPage\",\"@id\":\"https:\/\/global.aermec.com\/it\/note-legali\/\",\"url\":\"https:\/\/global.aermec.com\/it\/note-legali\/\",\"name\":\"Note legali - Aermec\",\"isPartOf\":{\"@id\":\"https:\/\/global.aermec.com\/it\/#website\"},\"primaryImageOfPage\":{\"@id\":\"https:\/\/global.aermec.com\/it\/note-legali\/#primaryimage\"},\"image\":{\"@id\":\"https:\/\/global.aermec.com\/it\/note-legali\/#primaryimage\"},\"thumbnailUrl\":\"https:\/\/global.aermec.com\/wp-content\/uploads\/2026\/01\/screenshot.png\",\"datePublished\":\"2026-01-14T15:10:21+00:00\",\"dateModified\":\"2026-02-25T16:37:06+00:00\",\"breadcrumb\":{\"@id\":\"https:\/\/global.aermec.com\/it\/note-legali\/#breadcrumb\"},\"inLanguage\":\"it-IT\",\"potentialAction\":[{\"@type\":\"ReadAction\",\"target\":[\"https:\/\/global.aermec.com\/it\/note-legali\/\"]}]},{\"@type\":\"ImageObject\",\"inLanguage\":\"it-IT\",\"@id\":\"https:\/\/global.aermec.com\/it\/note-legali\/#primaryimage\",\"url\":\"https:\/\/global.aermec.com\/wp-content\/uploads\/2026\/01\/screenshot.png\",\"contentUrl\":\"https:\/\/global.aermec.com\/wp-content\/uploads\/2026\/01\/screenshot.png\",\"width\":1200,\"height\":900,\"caption\":\"Aermec - Campioni del clima\"},{\"@type\":\"BreadcrumbList\",\"@id\":\"https:\/\/global.aermec.com\/it\/note-legali\/#breadcrumb\",\"itemListElement\":[{\"@type\":\"ListItem\",\"position\":1,\"name\":\"Home\",\"item\":\"https:\/\/global.aermec.com\/it\/\"},{\"@type\":\"ListItem\",\"position\":2,\"name\":\"Note legali\"}]},{\"@type\":\"WebSite\",\"@id\":\"https:\/\/global.aermec.com\/it\/#website\",\"url\":\"https:\/\/global.aermec.com\/it\/\",\"name\":\"Aermec\",\"description\":\"Ridefiniamo il futuro della climatizzazione.\",\"publisher\":{\"@id\":\"https:\/\/global.aermec.com\/it\/#organization\"},\"potentialAction\":[{\"@type\":\"SearchAction\",\"target\":{\"@type\":\"EntryPoint\",\"urlTemplate\":\"https:\/\/global.aermec.com\/it\/?s={search_term_string}\"},\"query-input\":{\"@type\":\"PropertyValueSpecification\",\"valueRequired\":true,\"valueName\":\"search_term_string\"}}],\"inLanguage\":\"it-IT\"},{\"@type\":\"Organization\",\"@id\":\"https:\/\/global.aermec.com\/it\/#organization\",\"name\":\"Aermec\",\"url\":\"https:\/\/global.aermec.com\/it\/\",\"logo\":{\"@type\":\"ImageObject\",\"inLanguage\":\"it-IT\",\"@id\":\"https:\/\/global.aermec.com\/it\/#\/schema\/logo\/image\/\",\"url\":\"https:\/\/global.aermec.com\/wp-content\/uploads\/2026\/01\/aermec-1.svg\",\"contentUrl\":\"https:\/\/global.aermec.com\/wp-content\/uploads\/2026\/01\/aermec-1.svg\",\"width\":149,\"height\":40,\"caption\":\"Aermec\"},\"image\":{\"@id\":\"https:\/\/global.aermec.com\/it\/#\/schema\/logo\/image\/\"},\"sameAs\":[\"https:\/\/www.linkedin.com\/company\/aermec\/\",\"https:\/\/www.youtube.com\/c\/AERMECSpa\"]}]}<\/script>\n<!-- \/ Yoast SEO plugin. -->","yoast_head_json":{"title":"Note legali - Aermec","robots":{"index":"index","follow":"follow","max-snippet":"max-snippet:-1","max-image-preview":"max-image-preview:large","max-video-preview":"max-video-preview:-1"},"canonical":"https:\/\/global.aermec.com\/it\/note-legali\/","og_locale":"it_IT","og_type":"article","og_title":"Note legali - Aermec","og_description":"Note Legali Il contenuto del sito \u00e8 propriet\u00e0 di Aermec S.p.A. Pu\u00f2 essere riprodotto, divulgato o distribuito soltanto per uso non commerciale con autorizzazione scritta da Aermec S.p.A. e se un avviso adeguato di copyright e di marchio registrato \u00e8 incluso su tutte le copie. Qualsiasi riproduzione, divulgazione o distribuzione non autorizzata delle copie da [&hellip;]","og_url":"https:\/\/global.aermec.com\/it\/note-legali\/","og_site_name":"Aermec","article_modified_time":"2026-02-25T16:37:06+00:00","og_image":[{"width":1200,"height":900,"url":"https:\/\/global.aermec.com\/wp-content\/uploads\/2026\/01\/screenshot.png","type":"image\/png"}],"twitter_card":"summary_large_image","twitter_misc":{"Tempo di lettura stimato":"2 minuti"},"schema":{"@context":"https:\/\/schema.org","@graph":[{"@type":"WebPage","@id":"https:\/\/global.aermec.com\/it\/note-legali\/","url":"https:\/\/global.aermec.com\/it\/note-legali\/","name":"Note legali - Aermec","isPartOf":{"@id":"https:\/\/global.aermec.com\/it\/#website"},"primaryImageOfPage":{"@id":"https:\/\/global.aermec.com\/it\/note-legali\/#primaryimage"},"image":{"@id":"https:\/\/global.aermec.com\/it\/note-legali\/#primaryimage"},"thumbnailUrl":"https:\/\/global.aermec.com\/wp-content\/uploads\/2026\/01\/screenshot.png","datePublished":"2026-01-14T15:10:21+00:00","dateModified":"2026-02-25T16:37:06+00:00","breadcrumb":{"@id":"https:\/\/global.aermec.com\/it\/note-legali\/#breadcrumb"},"inLanguage":"it-IT","potentialAction":[{"@type":"ReadAction","target":["https:\/\/global.aermec.com\/it\/note-legali\/"]}]},{"@type":"ImageObject","inLanguage":"it-IT","@id":"https:\/\/global.aermec.com\/it\/note-legali\/#primaryimage","url":"https:\/\/global.aermec.com\/wp-content\/uploads\/2026\/01\/screenshot.png","contentUrl":"https:\/\/global.aermec.com\/wp-content\/uploads\/2026\/01\/screenshot.png","width":1200,"height":900,"caption":"Aermec - Campioni del clima"},{"@type":"BreadcrumbList","@id":"https:\/\/global.aermec.com\/it\/note-legali\/#breadcrumb","itemListElement":[{"@type":"ListItem","position":1,"name":"Home","item":"https:\/\/global.aermec.com\/it\/"},{"@type":"ListItem","position":2,"name":"Note legali"}]},{"@type":"WebSite","@id":"https:\/\/global.aermec.com\/it\/#website","url":"https:\/\/global.aermec.com\/it\/","name":"Aermec","description":"Ridefiniamo il futuro della climatizzazione.","publisher":{"@id":"https:\/\/global.aermec.com\/it\/#organization"},"potentialAction":[{"@type":"SearchAction","target":{"@type":"EntryPoint","urlTemplate":"https:\/\/global.aermec.com\/it\/?s={search_term_string}"},"query-input":{"@type":"PropertyValueSpecification","valueRequired":true,"valueName":"search_term_string"}}],"inLanguage":"it-IT"},{"@type":"Organization","@id":"https:\/\/global.aermec.com\/it\/#organization","name":"Aermec","url":"https:\/\/global.aermec.com\/it\/","logo":{"@type":"ImageObject","inLanguage":"it-IT","@id":"https:\/\/global.aermec.com\/it\/#\/schema\/logo\/image\/","url":"https:\/\/global.aermec.com\/wp-content\/uploads\/2026\/01\/aermec-1.svg","contentUrl":"https:\/\/global.aermec.com\/wp-content\/uploads\/2026\/01\/aermec-1.svg","width":149,"height":40,"caption":"Aermec"},"image":{"@id":"https:\/\/global.aermec.com\/it\/#\/schema\/logo\/image\/"},"sameAs":["https:\/\/www.linkedin.com\/company\/aermec\/","https:\/\/www.youtube.com\/c\/AERMECSpa"]}]}},"_links":{"self":[{"href":"https:\/\/global.aermec.com\/it\/wp-json\/wp\/v2\/pages\/239","targetHints":{"allow":["GET"]}}],"collection":[{"href":"https:\/\/global.aermec.com\/it\/wp-json\/wp\/v2\/pages"}],"about":[{"href":"https:\/\/global.aermec.com\/it\/wp-json\/wp\/v2\/types\/page"}],"author":[{"embeddable":true,"href":"https:\/\/global.aermec.com\/it\/wp-json\/wp\/v2\/users\/1"}],"replies":[{"embeddable":true,"href":"https:\/\/global.aermec.com\/it\/wp-json\/wp\/v2\/comments?post=239"}],"version-history":[{"count":4,"href":"https:\/\/global.aermec.com\/it\/wp-json\/wp\/v2\/pages\/239\/revisions"}],"predecessor-version":[{"id":3765,"href":"https:\/\/global.aermec.com\/it\/wp-json\/wp\/v2\/pages\/239\/revisions\/3765"}],"wp:featuredmedia":[{"embeddable":true,"href":"https:\/\/global.aermec.com\/it\/wp-json\/wp\/v2\/media\/14"}],"wp:attachment":[{"href":"https:\/\/global.aermec.com\/it\/wp-json\/wp\/v2\/media?parent=239"}],"curies":[{"name":"wp","href":"https:\/\/api.w.org\/{rel}","templated":true}]}}