{"id":205,"date":"2026-01-14T15:29:20","date_gmt":"2026-01-14T14:29:20","guid":{"rendered":"https:\/\/global.aermec.com\/?page_id=205"},"modified":"2026-03-11T15:12:51","modified_gmt":"2026-03-11T14:12:51","slug":"servizi","status":"publish","type":"page","link":"https:\/\/global.aermec.com\/it\/servizi\/","title":{"rendered":"Servizi"},"content":{"rendered":"\t\t<div data-elementor-type=\"wp-page\" data-elementor-id=\"205\" class=\"elementor elementor-205\" data-elementor-post-type=\"page\">\n\t\t\t\t<div class=\"elementor-element elementor-element-f534bb6 e-flex e-con-boxed e-con e-parent\" data-id=\"f534bb6\" data-element_type=\"container\" data-e-type=\"container\">\n\t\t\t\t\t<div class=\"e-con-inner\">\n\t\t\t\t<div class=\"elementor-element elementor-element-bf7ec43 elementor-widget elementor-widget-image\" data-id=\"bf7ec43\" data-element_type=\"widget\" data-e-type=\"widget\" data-widget_type=\"image.default\">\n\t\t\t\t\t\t\t\t\t\t\t\t\t\t\t<img fetchpriority=\"high\" decoding=\"async\" width=\"3000\" height=\"1500\" src=\"https:\/\/global.aermec.com\/wp-content\/uploads\/2026\/03\/aermec-servizi-2.webp\" class=\"attachment-full size-full wp-image-10411\" alt=\"unit\u00e0 esterna, con furgone brandizzato Aermec, assistenza clienti e montaggio\" srcset=\"https:\/\/global.aermec.com\/wp-content\/uploads\/2026\/03\/aermec-servizi-2.webp 3000w, https:\/\/global.aermec.com\/wp-content\/uploads\/2026\/03\/aermec-servizi-2-300x150.webp 300w, https:\/\/global.aermec.com\/wp-content\/uploads\/2026\/03\/aermec-servizi-2-1024x512.webp 1024w, https:\/\/global.aermec.com\/wp-content\/uploads\/2026\/03\/aermec-servizi-2-768x384.webp 768w, https:\/\/global.aermec.com\/wp-content\/uploads\/2026\/03\/aermec-servizi-2-1536x768.webp 1536w, https:\/\/global.aermec.com\/wp-content\/uploads\/2026\/03\/aermec-servizi-2-2048x1024.webp 2048w\" sizes=\"(max-width: 3000px) 100vw, 3000px\" \/>\t\t\t\t\t\t\t\t\t\t\t\t\t\t\t<\/div>\n\t\t\t\t\t<\/div>\n\t\t\t\t<\/div>\n\t\t<div class=\"elementor-element elementor-element-ad6cb63 e-flex e-con-boxed e-con e-parent\" data-id=\"ad6cb63\" data-element_type=\"container\" data-e-type=\"container\">\n\t\t\t\t\t<div class=\"e-con-inner\">\n\t\t<div class=\"elementor-element elementor-element-a6ef66b e-con-full e-flex e-con e-child\" data-id=\"a6ef66b\" data-element_type=\"container\" data-e-type=\"container\">\n\t\t\t\t<div class=\"elementor-element elementor-element-44e02cd elementor-widget elementor-widget-heading\" data-id=\"44e02cd\" data-element_type=\"widget\" data-e-type=\"widget\" data-widget_type=\"heading.default\">\n\t\t\t\t\t<h1 class=\"elementor-heading-title elementor-size-default\">Servizi<\/h1>\t\t\t\t<\/div>\n\t\t\t\t<\/div>\n\t\t<div class=\"elementor-element elementor-element-71a1346 e-con-full e-flex e-con e-child\" data-id=\"71a1346\" data-element_type=\"container\" data-e-type=\"container\">\n\t\t\t\t<div class=\"elementor-element elementor-element-25ffea7 elementor-widget elementor-widget-heading\" data-id=\"25ffea7\" data-element_type=\"widget\" data-e-type=\"widget\" data-widget_type=\"heading.default\">\n\t\t\t\t\t<h2 class=\"elementor-heading-title elementor-size-default\">Supporto tecnico \ne strumenti per la progettazione.<\/h2>\t\t\t\t<\/div>\n\t\t\t\t<div class=\"elementor-element elementor-element-07f922f elementor-widget elementor-widget-text-editor\" data-id=\"07f922f\" data-element_type=\"widget\" data-e-type=\"widget\" data-widget_type=\"text-editor.default\">\n\t\t\t\t\t\t\t\t\t<p>Aermec offre un ecosistema di servizi progettati per affiancare progettisti e installatori in ogni fase del progetto, dalla consulenza tecnica iniziale alla validazione delle prestazioni attraverso i Witness Test nei propri laboratori d&#8217;avanguardia. Attraverso software dedicati forniamo ai professionisti gli strumenti necessari per ottimizzare l&#8217;integrazione tra edificio e impianto. La nostra rete capillare di oltre 81 servizi di assistenza autorizzati garantisce inoltre un supporto post-vendita rapido ed esperto, assicurando l&#8217;affidabilit\u00e0 totale e l&#8217;efficienza operativa di ogni sistema.<\/p>\t\t\t\t\t\t\t\t<\/div>\n\t\t\t\t<\/div>\n\t\t\t\t\t<\/div>\n\t\t\t\t<\/div>\n\t\t<div class=\"elementor-element elementor-element-0f45694 e-flex e-con-boxed e-con e-parent\" data-id=\"0f45694\" data-element_type=\"container\" data-e-type=\"container\">\n\t\t\t\t\t<div class=\"e-con-inner\">\n\t\t<div class=\"elementor-element elementor-element-b41505b e-grid e-con-full e-con e-child\" data-id=\"b41505b\" data-element_type=\"container\" data-e-type=\"container\">\n\t\t<div class=\"elementor-element elementor-element-c3c7d46 e-con-full e-flex e-con e-child\" data-id=\"c3c7d46\" data-element_type=\"container\" data-e-type=\"container\" data-settings=\"{&quot;background_background&quot;:&quot;classic&quot;}\">\n\t\t\t\t<\/div>\n\t\t<div class=\"elementor-element elementor-element-b35de2c e-con-full e-flex e-con e-child\" data-id=\"b35de2c\" data-element_type=\"container\" data-e-type=\"container\" data-settings=\"{&quot;background_background&quot;:&quot;gradient&quot;}\">\n\t\t\t\t<div class=\"elementor-element elementor-element-4ff35ec elementor-widget elementor-widget-text-editor\" data-id=\"4ff35ec\" data-element_type=\"widget\" data-e-type=\"widget\" data-widget_type=\"text-editor.default\">\n\t\t\t\t\t\t\t\t\t<p>Testing Room C7<\/p>\t\t\t\t\t\t\t\t<\/div>\n\t\t\t\t<div class=\"elementor-element elementor-element-dd4a007 elementor-widget elementor-widget-text-editor\" data-id=\"dd4a007\" data-element_type=\"widget\" data-e-type=\"widget\" data-widget_type=\"text-editor.default\">\n\t\t\t\t\t\t\t\t\t<p>La camera di collaudo una delle pi\u00f9 grandi in Europa.<\/p>\t\t\t\t\t\t\t\t<\/div>\n\t\t\t\t<div class=\"elementor-element elementor-element-0ce05cf elementor-widget elementor-widget-text-editor\" data-id=\"0ce05cf\" data-element_type=\"widget\" data-e-type=\"widget\" data-widget_type=\"text-editor.default\">\n\t\t\t\t\t\t\t\t\t<p>Inaugurata nel 2015, la Testing Room C7 di Aermec rappresenta una delle camere di collaudo pi\u00f9 grande d\u2019Europa per le macchine da impianto.<br \/><br \/>Questa struttura d\u2019avanguardia consente di testare unit\u00e0 con una potenza fino a 2 MW, permettendo verifiche estremamente rigorose e lo sviluppo di progetti su misura. Il laboratorio \u00e8 inoltre accreditato per eseguire i test necessari all\u2019ottenimento delle certificazioni internazionali Eurovent e AHRI.<\/p>\t\t\t\t\t\t\t\t<\/div>\n\t\t\t\t<\/div>\n\t\t\t\t<\/div>\n\t\t<div class=\"elementor-element elementor-element-1e049f8 e-con-full e-flex e-con e-child\" data-id=\"1e049f8\" data-element_type=\"container\" data-e-type=\"container\">\n\t\t\t\t<div class=\"elementor-element elementor-element-cb3222b elementor-widget elementor-widget-heading\" data-id=\"cb3222b\" data-element_type=\"widget\" data-e-type=\"widget\" data-widget_type=\"heading.default\">\n\t\t\t\t\t<h3 class=\"elementor-heading-title elementor-size-default\">Witness tests.<\/h3>\t\t\t\t<\/div>\n\t\t\t\t<div class=\"elementor-element elementor-element-61bdfa6 elementor-widget elementor-widget-text-editor\" data-id=\"61bdfa6\" data-element_type=\"widget\" data-e-type=\"widget\" data-widget_type=\"text-editor.default\">\n\t\t\t\t\t\t\t\t\t<p>Le infrastrutture moderne necessitano di soluzioni HVAC ottimizzate che si integrino pienamente con la complessit\u00e0 delle stesse. <br \/>A questo scopo, Aermec offre progetti specifici e personalizzati in grado di soddisfare queste esigenze particolari. I test dimostrativi (witness tests) rappresentano un&#8217;ulteriore garanzia fornita da Aermec che consente all&#8217;utente di verificare, prima dell&#8217;installazione, che tutti i requisiti del progetto siano rispettati costantemente. I test dimostrativi degli stabilimenti Aermec permettono di implementare e convalidare i seguenti processi:<\/p>\t\t\t\t\t\t\t\t<\/div>\n\t\t\t\t<\/div>\n\t\t<div class=\"elementor-element elementor-element-143da54 e-grid e-con-full e-con e-child\" data-id=\"143da54\" data-element_type=\"container\" data-e-type=\"container\">\n\t\t<div class=\"elementor-element elementor-element-79c73a0 e-con-full e-flex e-con e-child\" data-id=\"79c73a0\" data-element_type=\"container\" data-e-type=\"container\" data-settings=\"{&quot;background_background&quot;:&quot;gradient&quot;}\">\n\t\t\t\t<div class=\"elementor-element elementor-element-70d5412 elementor-widget__width-initial elementor-widget elementor-widget-text-editor\" data-id=\"70d5412\" data-element_type=\"widget\" data-e-type=\"widget\" data-widget_type=\"text-editor.default\">\n\t\t\t\t\t\t\t\t\t<p>01<\/p>\t\t\t\t\t\t\t\t<\/div>\n\t\t\t\t<div class=\"elementor-element elementor-element-393a338 elementor-widget__width-initial elementor-widget elementor-widget-text-editor\" data-id=\"393a338\" data-element_type=\"widget\" data-e-type=\"widget\" data-widget_type=\"text-editor.default\">\n\t\t\t\t\t\t\t\t\t<p>Esecuzione dei test in base alle condizioni di progettazione e alle specifiche condizioni richieste dal cliente.<\/p>\t\t\t\t\t\t\t\t<\/div>\n\t\t\t\t<\/div>\n\t\t<div class=\"elementor-element elementor-element-10a336a e-con-full e-flex e-con e-child\" data-id=\"10a336a\" data-element_type=\"container\" data-e-type=\"container\" data-settings=\"{&quot;background_background&quot;:&quot;gradient&quot;}\">\n\t\t\t\t<div class=\"elementor-element elementor-element-5632179 elementor-widget__width-initial elementor-widget elementor-widget-text-editor\" data-id=\"5632179\" data-element_type=\"widget\" data-e-type=\"widget\" data-widget_type=\"text-editor.default\">\n\t\t\t\t\t\t\t\t\t<p>02<\/p>\t\t\t\t\t\t\t\t<\/div>\n\t\t\t\t<div class=\"elementor-element elementor-element-9746206 elementor-widget__width-initial elementor-widget elementor-widget-text-editor\" data-id=\"9746206\" data-element_type=\"widget\" data-e-type=\"widget\" data-widget_type=\"text-editor.default\">\n\t\t\t\t\t\t\t\t\t<p>Funzionamento dell&#8217;unit\u00e0 a condizioni di carico totale e parziale, mappatura delle prestazioni e dei consumi energetici.<\/p>\t\t\t\t\t\t\t\t<\/div>\n\t\t\t\t<\/div>\n\t\t<div class=\"elementor-element elementor-element-3370db8 e-con-full e-flex e-con e-child\" data-id=\"3370db8\" data-element_type=\"container\" data-e-type=\"container\" data-settings=\"{&quot;background_background&quot;:&quot;gradient&quot;}\">\n\t\t\t\t<div class=\"elementor-element elementor-element-50b8cc6 elementor-widget__width-initial elementor-widget elementor-widget-text-editor\" data-id=\"50b8cc6\" data-element_type=\"widget\" data-e-type=\"widget\" data-widget_type=\"text-editor.default\">\n\t\t\t\t\t\t\t\t\t<p>03<\/p>\t\t\t\t\t\t\t\t<\/div>\n\t\t\t\t<div class=\"elementor-element elementor-element-ba8a9ac elementor-widget__width-initial elementor-widget elementor-widget-text-editor\" data-id=\"ba8a9ac\" data-element_type=\"widget\" data-e-type=\"widget\" data-widget_type=\"text-editor.default\">\n\t\t\t\t\t\t\t\t\t<p>Simulazione del funzionamento in condizioni estreme, incluse temperature estremamente basse o alte.<\/p>\t\t\t\t\t\t\t\t<\/div>\n\t\t\t\t<\/div>\n\t\t<div class=\"elementor-element elementor-element-01de2f0 e-con-full e-flex e-con e-child\" data-id=\"01de2f0\" data-element_type=\"container\" data-e-type=\"container\" data-settings=\"{&quot;background_background&quot;:&quot;gradient&quot;}\">\n\t\t\t\t<div class=\"elementor-element elementor-element-0ce9278 elementor-widget__width-initial elementor-widget elementor-widget-text-editor\" data-id=\"0ce9278\" data-element_type=\"widget\" data-e-type=\"widget\" data-widget_type=\"text-editor.default\">\n\t\t\t\t\t\t\t\t\t<p>04<\/p>\t\t\t\t\t\t\t\t<\/div>\n\t\t\t\t<div class=\"elementor-element elementor-element-4d5d47b elementor-widget__width-initial elementor-widget elementor-widget-text-editor\" data-id=\"4d5d47b\" data-element_type=\"widget\" data-e-type=\"widget\" data-widget_type=\"text-editor.default\">\n\t\t\t\t\t\t\t\t\t<p>Esecuzione di specifici test di emissioni sonore.<\/p>\t\t\t\t\t\t\t\t<\/div>\n\t\t\t\t<\/div>\n\t\t<div class=\"elementor-element elementor-element-b41cc90 e-con-full e-flex e-con e-child\" data-id=\"b41cc90\" data-element_type=\"container\" data-e-type=\"container\" data-settings=\"{&quot;background_background&quot;:&quot;gradient&quot;}\">\n\t\t\t\t<div class=\"elementor-element elementor-element-f9837ce elementor-widget__width-initial elementor-widget elementor-widget-text-editor\" data-id=\"f9837ce\" data-element_type=\"widget\" data-e-type=\"widget\" data-widget_type=\"text-editor.default\">\n\t\t\t\t\t\t\t\t\t<p>05<\/p>\t\t\t\t\t\t\t\t<\/div>\n\t\t\t\t<div class=\"elementor-element elementor-element-73fe7f9 elementor-widget__width-initial elementor-widget elementor-widget-text-editor\" data-id=\"73fe7f9\" data-element_type=\"widget\" data-e-type=\"widget\" data-widget_type=\"text-editor.default\">\n\t\t\t\t\t\t\t\t\t<p>Garanzia del rispetto dei livelli prestazionali e acustici previsti.<\/p>\t\t\t\t\t\t\t\t<\/div>\n\t\t\t\t<\/div>\n\t\t<div class=\"elementor-element elementor-element-be8d923 e-con-full e-flex e-con e-child\" data-id=\"be8d923\" data-element_type=\"container\" data-e-type=\"container\" data-settings=\"{&quot;background_background&quot;:&quot;gradient&quot;}\">\n\t\t\t\t<div class=\"elementor-element elementor-element-5f01c98 elementor-widget__width-initial elementor-widget elementor-widget-text-editor\" data-id=\"5f01c98\" data-element_type=\"widget\" data-e-type=\"widget\" data-widget_type=\"text-editor.default\">\n\t\t\t\t\t\t\t\t\t<p>06<\/p>\t\t\t\t\t\t\t\t<\/div>\n\t\t\t\t<div class=\"elementor-element elementor-element-f6e54ac elementor-widget__width-initial elementor-widget elementor-widget-text-editor\" data-id=\"f6e54ac\" data-element_type=\"widget\" data-e-type=\"widget\" data-widget_type=\"text-editor.default\">\n\t\t\t\t\t\t\t\t\t<p>Fornitura di una serie completa di certificati di calibrazione relativi agli strumenti utilizzati per i test.<\/p>\t\t\t\t\t\t\t\t<\/div>\n\t\t\t\t<\/div>\n\t\t\t\t<\/div>\n\t\t<div class=\"elementor-element elementor-element-7006477 e-con-full e-grid e-con e-child\" data-id=\"7006477\" data-element_type=\"container\" data-e-type=\"container\">\n\t\t<div class=\"elementor-element elementor-element-aa75cc8 e-con-full e-flex e-con e-child\" data-id=\"aa75cc8\" data-element_type=\"container\" data-e-type=\"container\">\n\t\t\t\t<div class=\"elementor-element elementor-element-bedfdb6 elementor-widget elementor-widget-heading\" data-id=\"bedfdb6\" data-element_type=\"widget\" data-e-type=\"widget\" data-widget_type=\"heading.default\">\n\t\t\t\t\t<h4 class=\"elementor-heading-title elementor-size-default\">Test Aermec sulle unit\u00e0 di grande potenza.<\/h4>\t\t\t\t<\/div>\n\t\t\t\t<div class=\"elementor-element elementor-element-d777278 elementor-widget elementor-widget-text-editor\" data-id=\"d777278\" data-element_type=\"widget\" data-e-type=\"widget\" data-widget_type=\"text-editor.default\">\n\t\t\t\t\t\t\t\t\t<p>I test dimostrativi si svolgono nella camera di collaudo pi\u00f9 grande d&#8217;Europa, capace di validare unit\u00e0 singole fino a 2 MW a pieno carico. La struttura garantisce collaudi di estrema precisione in conformit\u00e0 alle normative internazionali con intervalli termici da -20 \u00b0C a +55 \u00b0C per refrigeratori, pompe di calore e unit\u00e0 trattamento aria.<\/p>\t\t\t\t\t\t\t\t<\/div>\n\t\t\t\t<\/div>\n\t\t<div class=\"elementor-element elementor-element-b4e2371 e-con-full e-flex e-con e-child\" data-id=\"b4e2371\" data-element_type=\"container\" data-e-type=\"container\">\n\t\t\t\t<div class=\"elementor-element elementor-element-26ca58b elementor-widget elementor-widget-heading\" data-id=\"26ca58b\" data-element_type=\"widget\" data-e-type=\"widget\" data-widget_type=\"heading.default\">\n\t\t\t\t\t<h4 class=\"elementor-heading-title elementor-size-default\">Validazione dei dati.<\/h4>\t\t\t\t<\/div>\n\t\t\t\t<div class=\"elementor-element elementor-element-97d6575 elementor-widget elementor-widget-text-editor\" data-id=\"97d6575\" data-element_type=\"widget\" data-e-type=\"widget\" data-widget_type=\"text-editor.default\">\n\t\t\t\t\t\t\t\t\t<p>Attraverso una sala dedicata, i clienti monitorano i dati in tempo reale e ricevono una relazione ufficiale che certifica le prestazioni o i dati progetto.\u00a0<br \/>Durante i Witness tests, il cliente ha l\u2019opportunit\u00e0 di conoscere in modo approfondito le caratteristiche costruttive e di funzionamento dell\u2019unit\u00e0 scelta.<\/p>\t\t\t\t\t\t\t\t<\/div>\n\t\t\t\t<\/div>\n\t\t\t\t<\/div>\n\t\t\t\t\t<\/div>\n\t\t\t\t<\/div>\n\t\t\t\t<\/div>\n\t\t","protected":false},"excerpt":{"rendered":"<p>Servizi Supporto tecnico e strumenti per la progettazione. Aermec offre un ecosistema di servizi progettati per affiancare progettisti e installatori in ogni fase del progetto, dalla consulenza tecnica iniziale alla validazione delle prestazioni attraverso i Witness Test nei propri laboratori d&#8217;avanguardia. Attraverso software dedicati forniamo ai professionisti gli strumenti necessari per ottimizzare l&#8217;integrazione tra edificio [&hellip;]<\/p>\n","protected":false},"author":1,"featured_media":14,"parent":0,"menu_order":70,"comment_status":"closed","ping_status":"closed","template":"","meta":{"_acf_changed":false,"footnotes":""},"class_list":["post-205","page","type-page","status-publish","has-post-thumbnail","hentry"],"acf":[],"yoast_head":"<!-- This site is optimized with the Yoast SEO plugin v27.2 - https:\/\/yoast.com\/product\/yoast-seo-wordpress\/ -->\n<title>Servizi - Aermec<\/title>\n<meta name=\"robots\" content=\"index, follow, max-snippet:-1, max-image-preview:large, max-video-preview:-1\" \/>\n<link rel=\"canonical\" href=\"https:\/\/global.aermec.com\/it\/servizi\/\" \/>\n<meta property=\"og:locale\" content=\"it_IT\" \/>\n<meta property=\"og:type\" content=\"article\" \/>\n<meta property=\"og:title\" content=\"Servizi - Aermec\" \/>\n<meta property=\"og:description\" content=\"Servizi Supporto tecnico e strumenti per la progettazione. Aermec offre un ecosistema di servizi progettati per affiancare progettisti e installatori in ogni fase del progetto, dalla consulenza tecnica iniziale alla validazione delle prestazioni attraverso i Witness Test nei propri laboratori d&#8217;avanguardia. Attraverso software dedicati forniamo ai professionisti gli strumenti necessari per ottimizzare l&#8217;integrazione tra edificio [&hellip;]\" \/>\n<meta property=\"og:url\" content=\"https:\/\/global.aermec.com\/it\/servizi\/\" \/>\n<meta property=\"og:site_name\" content=\"Aermec\" \/>\n<meta property=\"article:modified_time\" content=\"2026-03-11T14:12:51+00:00\" \/>\n<meta property=\"og:image\" content=\"https:\/\/global.aermec.com\/wp-content\/uploads\/2026\/01\/screenshot.png\" \/>\n\t<meta property=\"og:image:width\" content=\"1200\" \/>\n\t<meta property=\"og:image:height\" content=\"900\" \/>\n\t<meta property=\"og:image:type\" content=\"image\/png\" \/>\n<meta name=\"twitter:card\" content=\"summary_large_image\" \/>\n<meta name=\"twitter:label1\" content=\"Tempo di lettura stimato\" \/>\n\t<meta name=\"twitter:data1\" content=\"3 minuti\" \/>\n<script type=\"application\/ld+json\" class=\"yoast-schema-graph\">{\"@context\":\"https:\/\/schema.org\",\"@graph\":[{\"@type\":\"WebPage\",\"@id\":\"https:\/\/global.aermec.com\/it\/servizi\/\",\"url\":\"https:\/\/global.aermec.com\/it\/servizi\/\",\"name\":\"Servizi - Aermec\",\"isPartOf\":{\"@id\":\"https:\/\/global.aermec.com\/it\/#website\"},\"primaryImageOfPage\":{\"@id\":\"https:\/\/global.aermec.com\/it\/servizi\/#primaryimage\"},\"image\":{\"@id\":\"https:\/\/global.aermec.com\/it\/servizi\/#primaryimage\"},\"thumbnailUrl\":\"https:\/\/global.aermec.com\/wp-content\/uploads\/2026\/01\/screenshot.png\",\"datePublished\":\"2026-01-14T14:29:20+00:00\",\"dateModified\":\"2026-03-11T14:12:51+00:00\",\"breadcrumb\":{\"@id\":\"https:\/\/global.aermec.com\/it\/servizi\/#breadcrumb\"},\"inLanguage\":\"it-IT\",\"potentialAction\":[{\"@type\":\"ReadAction\",\"target\":[\"https:\/\/global.aermec.com\/it\/servizi\/\"]}]},{\"@type\":\"ImageObject\",\"inLanguage\":\"it-IT\",\"@id\":\"https:\/\/global.aermec.com\/it\/servizi\/#primaryimage\",\"url\":\"https:\/\/global.aermec.com\/wp-content\/uploads\/2026\/01\/screenshot.png\",\"contentUrl\":\"https:\/\/global.aermec.com\/wp-content\/uploads\/2026\/01\/screenshot.png\",\"width\":1200,\"height\":900,\"caption\":\"Aermec - Campioni del clima\"},{\"@type\":\"BreadcrumbList\",\"@id\":\"https:\/\/global.aermec.com\/it\/servizi\/#breadcrumb\",\"itemListElement\":[{\"@type\":\"ListItem\",\"position\":1,\"name\":\"Home\",\"item\":\"https:\/\/global.aermec.com\/it\/\"},{\"@type\":\"ListItem\",\"position\":2,\"name\":\"Servizi\"}]},{\"@type\":\"WebSite\",\"@id\":\"https:\/\/global.aermec.com\/it\/#website\",\"url\":\"https:\/\/global.aermec.com\/it\/\",\"name\":\"Aermec\",\"description\":\"Ridefiniamo il futuro della climatizzazione.\",\"publisher\":{\"@id\":\"https:\/\/global.aermec.com\/it\/#organization\"},\"potentialAction\":[{\"@type\":\"SearchAction\",\"target\":{\"@type\":\"EntryPoint\",\"urlTemplate\":\"https:\/\/global.aermec.com\/it\/?s={search_term_string}\"},\"query-input\":{\"@type\":\"PropertyValueSpecification\",\"valueRequired\":true,\"valueName\":\"search_term_string\"}}],\"inLanguage\":\"it-IT\"},{\"@type\":\"Organization\",\"@id\":\"https:\/\/global.aermec.com\/it\/#organization\",\"name\":\"Aermec\",\"url\":\"https:\/\/global.aermec.com\/it\/\",\"logo\":{\"@type\":\"ImageObject\",\"inLanguage\":\"it-IT\",\"@id\":\"https:\/\/global.aermec.com\/it\/#\/schema\/logo\/image\/\",\"url\":\"https:\/\/global.aermec.com\/wp-content\/uploads\/2026\/01\/aermec-1.svg\",\"contentUrl\":\"https:\/\/global.aermec.com\/wp-content\/uploads\/2026\/01\/aermec-1.svg\",\"width\":149,\"height\":40,\"caption\":\"Aermec\"},\"image\":{\"@id\":\"https:\/\/global.aermec.com\/it\/#\/schema\/logo\/image\/\"},\"sameAs\":[\"https:\/\/www.linkedin.com\/company\/aermec\/\",\"https:\/\/www.youtube.com\/c\/AERMECSpa\"]}]}<\/script>\n<!-- \/ Yoast SEO plugin. -->","yoast_head_json":{"title":"Servizi - Aermec","robots":{"index":"index","follow":"follow","max-snippet":"max-snippet:-1","max-image-preview":"max-image-preview:large","max-video-preview":"max-video-preview:-1"},"canonical":"https:\/\/global.aermec.com\/it\/servizi\/","og_locale":"it_IT","og_type":"article","og_title":"Servizi - Aermec","og_description":"Servizi Supporto tecnico e strumenti per la progettazione. Aermec offre un ecosistema di servizi progettati per affiancare progettisti e installatori in ogni fase del progetto, dalla consulenza tecnica iniziale alla validazione delle prestazioni attraverso i Witness Test nei propri laboratori d&#8217;avanguardia. Attraverso software dedicati forniamo ai professionisti gli strumenti necessari per ottimizzare l&#8217;integrazione tra edificio [&hellip;]","og_url":"https:\/\/global.aermec.com\/it\/servizi\/","og_site_name":"Aermec","article_modified_time":"2026-03-11T14:12:51+00:00","og_image":[{"width":1200,"height":900,"url":"https:\/\/global.aermec.com\/wp-content\/uploads\/2026\/01\/screenshot.png","type":"image\/png"}],"twitter_card":"summary_large_image","twitter_misc":{"Tempo di lettura stimato":"3 minuti"},"schema":{"@context":"https:\/\/schema.org","@graph":[{"@type":"WebPage","@id":"https:\/\/global.aermec.com\/it\/servizi\/","url":"https:\/\/global.aermec.com\/it\/servizi\/","name":"Servizi - Aermec","isPartOf":{"@id":"https:\/\/global.aermec.com\/it\/#website"},"primaryImageOfPage":{"@id":"https:\/\/global.aermec.com\/it\/servizi\/#primaryimage"},"image":{"@id":"https:\/\/global.aermec.com\/it\/servizi\/#primaryimage"},"thumbnailUrl":"https:\/\/global.aermec.com\/wp-content\/uploads\/2026\/01\/screenshot.png","datePublished":"2026-01-14T14:29:20+00:00","dateModified":"2026-03-11T14:12:51+00:00","breadcrumb":{"@id":"https:\/\/global.aermec.com\/it\/servizi\/#breadcrumb"},"inLanguage":"it-IT","potentialAction":[{"@type":"ReadAction","target":["https:\/\/global.aermec.com\/it\/servizi\/"]}]},{"@type":"ImageObject","inLanguage":"it-IT","@id":"https:\/\/global.aermec.com\/it\/servizi\/#primaryimage","url":"https:\/\/global.aermec.com\/wp-content\/uploads\/2026\/01\/screenshot.png","contentUrl":"https:\/\/global.aermec.com\/wp-content\/uploads\/2026\/01\/screenshot.png","width":1200,"height":900,"caption":"Aermec - Campioni del clima"},{"@type":"BreadcrumbList","@id":"https:\/\/global.aermec.com\/it\/servizi\/#breadcrumb","itemListElement":[{"@type":"ListItem","position":1,"name":"Home","item":"https:\/\/global.aermec.com\/it\/"},{"@type":"ListItem","position":2,"name":"Servizi"}]},{"@type":"WebSite","@id":"https:\/\/global.aermec.com\/it\/#website","url":"https:\/\/global.aermec.com\/it\/","name":"Aermec","description":"Ridefiniamo il futuro della climatizzazione.","publisher":{"@id":"https:\/\/global.aermec.com\/it\/#organization"},"potentialAction":[{"@type":"SearchAction","target":{"@type":"EntryPoint","urlTemplate":"https:\/\/global.aermec.com\/it\/?s={search_term_string}"},"query-input":{"@type":"PropertyValueSpecification","valueRequired":true,"valueName":"search_term_string"}}],"inLanguage":"it-IT"},{"@type":"Organization","@id":"https:\/\/global.aermec.com\/it\/#organization","name":"Aermec","url":"https:\/\/global.aermec.com\/it\/","logo":{"@type":"ImageObject","inLanguage":"it-IT","@id":"https:\/\/global.aermec.com\/it\/#\/schema\/logo\/image\/","url":"https:\/\/global.aermec.com\/wp-content\/uploads\/2026\/01\/aermec-1.svg","contentUrl":"https:\/\/global.aermec.com\/wp-content\/uploads\/2026\/01\/aermec-1.svg","width":149,"height":40,"caption":"Aermec"},"image":{"@id":"https:\/\/global.aermec.com\/it\/#\/schema\/logo\/image\/"},"sameAs":["https:\/\/www.linkedin.com\/company\/aermec\/","https:\/\/www.youtube.com\/c\/AERMECSpa"]}]}},"_links":{"self":[{"href":"https:\/\/global.aermec.com\/it\/wp-json\/wp\/v2\/pages\/205","targetHints":{"allow":["GET"]}}],"collection":[{"href":"https:\/\/global.aermec.com\/it\/wp-json\/wp\/v2\/pages"}],"about":[{"href":"https:\/\/global.aermec.com\/it\/wp-json\/wp\/v2\/types\/page"}],"author":[{"embeddable":true,"href":"https:\/\/global.aermec.com\/it\/wp-json\/wp\/v2\/users\/1"}],"replies":[{"embeddable":true,"href":"https:\/\/global.aermec.com\/it\/wp-json\/wp\/v2\/comments?post=205"}],"version-history":[{"count":10,"href":"https:\/\/global.aermec.com\/it\/wp-json\/wp\/v2\/pages\/205\/revisions"}],"predecessor-version":[{"id":10414,"href":"https:\/\/global.aermec.com\/it\/wp-json\/wp\/v2\/pages\/205\/revisions\/10414"}],"wp:featuredmedia":[{"embeddable":true,"href":"https:\/\/global.aermec.com\/it\/wp-json\/wp\/v2\/media\/14"}],"wp:attachment":[{"href":"https:\/\/global.aermec.com\/it\/wp-json\/wp\/v2\/media?parent=205"}],"curies":[{"name":"wp","href":"https:\/\/api.w.org\/{rel}","templated":true}]}}