{"id":5753,"date":"2026-03-02T16:58:27","date_gmt":"2026-03-02T15:58:27","guid":{"rendered":"https:\/\/global.aermec.com\/norme-e-incentivi\/"},"modified":"2026-03-03T14:24:31","modified_gmt":"2026-03-03T13:24:31","slug":"reglements-et-directives","status":"publish","type":"page","link":"https:\/\/global.aermec.com\/fr\/reglements-et-directives\/","title":{"rendered":"R\u00e8glements et Directives"},"content":{"rendered":"\t\t<div data-elementor-type=\"wp-page\" data-elementor-id=\"5753\" class=\"elementor elementor-5753 elementor-4886\" data-elementor-post-type=\"page\">\n\t\t\t\t<div class=\"elementor-element elementor-element-b4f791b e-flex e-con-boxed e-con e-parent\" data-id=\"b4f791b\" data-element_type=\"container\" data-e-type=\"container\">\n\t\t\t\t\t<div class=\"e-con-inner\">\n\t\t<div class=\"elementor-element elementor-element-39560ee e-con-full e-flex e-con e-child\" data-id=\"39560ee\" data-element_type=\"container\" data-e-type=\"container\">\n\t\t\t\t<div class=\"elementor-element elementor-element-0760a3a elementor-widget elementor-widget-heading\" data-id=\"0760a3a\" data-element_type=\"widget\" data-e-type=\"widget\" data-widget_type=\"heading.default\">\n\t\t\t\t\t<h1 class=\"elementor-heading-title elementor-size-default\">R\u00e8glements et Directives<\/h1>\t\t\t\t<\/div>\n\t\t\t\t<div class=\"elementor-element elementor-element-c022ba1 elementor-widget elementor-widget-text-editor\" data-id=\"c022ba1\" data-element_type=\"widget\" data-e-type=\"widget\" data-widget_type=\"text-editor.default\">\n\t\t\t\t\t\t\t\t\t<div class=\"content\">Les produits Aermec respectent pleinement l\u2019ensemble des normes et des directives europ\u00e9ennes relatives aux \u00e9quipements de climatisation. Aermec fournit aussi l\u2019int\u00e9gralit\u00e9 des informations techniques relatives \u00e0 ces normes et ces directives.<\/div>\t\t\t\t\t\t\t\t<\/div>\n\t\t\t\t<\/div>\n\t\t\t\t\t<\/div>\n\t\t\t\t<\/div>\n\t\t\t\t<\/div>\n\t\t","protected":false},"excerpt":{"rendered":"<p>R\u00e8glements et Directives Les produits Aermec respectent pleinement l\u2019ensemble des normes et des directives europ\u00e9ennes relatives aux \u00e9quipements de climatisation. Aermec fournit aussi l\u2019int\u00e9gralit\u00e9 des informations techniques relatives \u00e0 ces normes et ces directives.<\/p>\n","protected":false},"author":1,"featured_media":4099,"parent":0,"menu_order":220,"comment_status":"closed","ping_status":"closed","template":"","meta":{"_acf_changed":false,"footnotes":""},"class_list":["post-5753","page","type-page","status-publish","has-post-thumbnail","hentry"],"acf":[],"yoast_head":"<!-- This site is optimized with the Yoast SEO plugin v27.2 - https:\/\/yoast.com\/product\/yoast-seo-wordpress\/ -->\n<title>R\u00e8glements et Directives - Aermec<\/title>\n<meta name=\"robots\" content=\"index, follow, max-snippet:-1, max-image-preview:large, max-video-preview:-1\" \/>\n<link rel=\"canonical\" href=\"https:\/\/global.aermec.com\/fr\/reglements-et-directives\/\" \/>\n<meta property=\"og:locale\" content=\"fr_FR\" \/>\n<meta property=\"og:type\" content=\"article\" \/>\n<meta property=\"og:title\" content=\"R\u00e8glements et Directives - Aermec\" \/>\n<meta property=\"og:description\" content=\"R\u00e8glements et Directives Les produits Aermec respectent pleinement l\u2019ensemble des normes et des directives europ\u00e9ennes relatives aux \u00e9quipements de climatisation. Aermec fournit aussi l\u2019int\u00e9gralit\u00e9 des informations techniques relatives \u00e0 ces normes et ces directives.\" \/>\n<meta property=\"og:url\" content=\"https:\/\/global.aermec.com\/fr\/reglements-et-directives\/\" \/>\n<meta property=\"og:site_name\" content=\"Aermec\" \/>\n<meta property=\"article:modified_time\" content=\"2026-03-03T13:24:31+00:00\" \/>\n<meta property=\"og:image\" content=\"https:\/\/global.aermec.com\/wp-content\/uploads\/2026\/01\/screenshot.png\" \/>\n\t<meta property=\"og:image:width\" content=\"1200\" \/>\n\t<meta property=\"og:image:height\" content=\"900\" \/>\n\t<meta property=\"og:image:type\" content=\"image\/png\" \/>\n<meta name=\"twitter:card\" content=\"summary_large_image\" \/>\n<meta name=\"twitter:label1\" content=\"Dur\u00e9e de lecture estim\u00e9e\" \/>\n\t<meta name=\"twitter:data1\" content=\"1 minute\" \/>\n<script type=\"application\/ld+json\" class=\"yoast-schema-graph\">{\"@context\":\"https:\/\/schema.org\",\"@graph\":[{\"@type\":\"WebPage\",\"@id\":\"https:\/\/global.aermec.com\/fr\/reglements-et-directives\/\",\"url\":\"https:\/\/global.aermec.com\/fr\/reglements-et-directives\/\",\"name\":\"R\u00e8glements et Directives - Aermec\",\"isPartOf\":{\"@id\":\"https:\/\/global.aermec.com\/fr\/#website\"},\"primaryImageOfPage\":{\"@id\":\"https:\/\/global.aermec.com\/fr\/reglements-et-directives\/#primaryimage\"},\"image\":{\"@id\":\"https:\/\/global.aermec.com\/fr\/reglements-et-directives\/#primaryimage\"},\"thumbnailUrl\":\"https:\/\/global.aermec.com\/wp-content\/uploads\/2026\/01\/screenshot.png\",\"datePublished\":\"2026-03-02T15:58:27+00:00\",\"dateModified\":\"2026-03-03T13:24:31+00:00\",\"breadcrumb\":{\"@id\":\"https:\/\/global.aermec.com\/fr\/reglements-et-directives\/#breadcrumb\"},\"inLanguage\":\"fr-FR\",\"potentialAction\":[{\"@type\":\"ReadAction\",\"target\":[\"https:\/\/global.aermec.com\/fr\/reglements-et-directives\/\"]}]},{\"@type\":\"ImageObject\",\"inLanguage\":\"fr-FR\",\"@id\":\"https:\/\/global.aermec.com\/fr\/reglements-et-directives\/#primaryimage\",\"url\":\"https:\/\/global.aermec.com\/wp-content\/uploads\/2026\/01\/screenshot.png\",\"contentUrl\":\"https:\/\/global.aermec.com\/wp-content\/uploads\/2026\/01\/screenshot.png\",\"width\":1200,\"height\":900,\"caption\":\"Aermec - Campioni del clima\"},{\"@type\":\"BreadcrumbList\",\"@id\":\"https:\/\/global.aermec.com\/fr\/reglements-et-directives\/#breadcrumb\",\"itemListElement\":[{\"@type\":\"ListItem\",\"position\":1,\"name\":\"Home\",\"item\":\"https:\/\/global.aermec.com\/fr\/\"},{\"@type\":\"ListItem\",\"position\":2,\"name\":\"R\u00e8glements et Directives\"}]},{\"@type\":\"WebSite\",\"@id\":\"https:\/\/global.aermec.com\/fr\/#website\",\"url\":\"https:\/\/global.aermec.com\/fr\/\",\"name\":\"Aermec\",\"description\":\"Ridefiniamo il futuro della climatizzazione.\",\"publisher\":{\"@id\":\"https:\/\/global.aermec.com\/fr\/#organization\"},\"potentialAction\":[{\"@type\":\"SearchAction\",\"target\":{\"@type\":\"EntryPoint\",\"urlTemplate\":\"https:\/\/global.aermec.com\/fr\/?s={search_term_string}\"},\"query-input\":{\"@type\":\"PropertyValueSpecification\",\"valueRequired\":true,\"valueName\":\"search_term_string\"}}],\"inLanguage\":\"fr-FR\"},{\"@type\":\"Organization\",\"@id\":\"https:\/\/global.aermec.com\/fr\/#organization\",\"name\":\"Aermec\",\"url\":\"https:\/\/global.aermec.com\/fr\/\",\"logo\":{\"@type\":\"ImageObject\",\"inLanguage\":\"fr-FR\",\"@id\":\"https:\/\/global.aermec.com\/fr\/#\/schema\/logo\/image\/\",\"url\":\"https:\/\/global.aermec.com\/wp-content\/uploads\/2026\/01\/aermec-1.svg\",\"contentUrl\":\"https:\/\/global.aermec.com\/wp-content\/uploads\/2026\/01\/aermec-1.svg\",\"width\":149,\"height\":40,\"caption\":\"Aermec\"},\"image\":{\"@id\":\"https:\/\/global.aermec.com\/fr\/#\/schema\/logo\/image\/\"},\"sameAs\":[\"https:\/\/www.linkedin.com\/company\/aermec\/\",\"https:\/\/www.youtube.com\/c\/AERMECSpa\"]}]}<\/script>\n<!-- \/ Yoast SEO plugin. -->","yoast_head_json":{"title":"R\u00e8glements et Directives - Aermec","robots":{"index":"index","follow":"follow","max-snippet":"max-snippet:-1","max-image-preview":"max-image-preview:large","max-video-preview":"max-video-preview:-1"},"canonical":"https:\/\/global.aermec.com\/fr\/reglements-et-directives\/","og_locale":"fr_FR","og_type":"article","og_title":"R\u00e8glements et Directives - Aermec","og_description":"R\u00e8glements et Directives Les produits Aermec respectent pleinement l\u2019ensemble des normes et des directives europ\u00e9ennes relatives aux \u00e9quipements de climatisation. Aermec fournit aussi l\u2019int\u00e9gralit\u00e9 des informations techniques relatives \u00e0 ces normes et ces directives.","og_url":"https:\/\/global.aermec.com\/fr\/reglements-et-directives\/","og_site_name":"Aermec","article_modified_time":"2026-03-03T13:24:31+00:00","og_image":[{"width":1200,"height":900,"url":"https:\/\/global.aermec.com\/wp-content\/uploads\/2026\/01\/screenshot.png","type":"image\/png"}],"twitter_card":"summary_large_image","twitter_misc":{"Dur\u00e9e de lecture estim\u00e9e":"1 minute"},"schema":{"@context":"https:\/\/schema.org","@graph":[{"@type":"WebPage","@id":"https:\/\/global.aermec.com\/fr\/reglements-et-directives\/","url":"https:\/\/global.aermec.com\/fr\/reglements-et-directives\/","name":"R\u00e8glements et Directives - Aermec","isPartOf":{"@id":"https:\/\/global.aermec.com\/fr\/#website"},"primaryImageOfPage":{"@id":"https:\/\/global.aermec.com\/fr\/reglements-et-directives\/#primaryimage"},"image":{"@id":"https:\/\/global.aermec.com\/fr\/reglements-et-directives\/#primaryimage"},"thumbnailUrl":"https:\/\/global.aermec.com\/wp-content\/uploads\/2026\/01\/screenshot.png","datePublished":"2026-03-02T15:58:27+00:00","dateModified":"2026-03-03T13:24:31+00:00","breadcrumb":{"@id":"https:\/\/global.aermec.com\/fr\/reglements-et-directives\/#breadcrumb"},"inLanguage":"fr-FR","potentialAction":[{"@type":"ReadAction","target":["https:\/\/global.aermec.com\/fr\/reglements-et-directives\/"]}]},{"@type":"ImageObject","inLanguage":"fr-FR","@id":"https:\/\/global.aermec.com\/fr\/reglements-et-directives\/#primaryimage","url":"https:\/\/global.aermec.com\/wp-content\/uploads\/2026\/01\/screenshot.png","contentUrl":"https:\/\/global.aermec.com\/wp-content\/uploads\/2026\/01\/screenshot.png","width":1200,"height":900,"caption":"Aermec - Campioni del clima"},{"@type":"BreadcrumbList","@id":"https:\/\/global.aermec.com\/fr\/reglements-et-directives\/#breadcrumb","itemListElement":[{"@type":"ListItem","position":1,"name":"Home","item":"https:\/\/global.aermec.com\/fr\/"},{"@type":"ListItem","position":2,"name":"R\u00e8glements et Directives"}]},{"@type":"WebSite","@id":"https:\/\/global.aermec.com\/fr\/#website","url":"https:\/\/global.aermec.com\/fr\/","name":"Aermec","description":"Ridefiniamo il futuro della climatizzazione.","publisher":{"@id":"https:\/\/global.aermec.com\/fr\/#organization"},"potentialAction":[{"@type":"SearchAction","target":{"@type":"EntryPoint","urlTemplate":"https:\/\/global.aermec.com\/fr\/?s={search_term_string}"},"query-input":{"@type":"PropertyValueSpecification","valueRequired":true,"valueName":"search_term_string"}}],"inLanguage":"fr-FR"},{"@type":"Organization","@id":"https:\/\/global.aermec.com\/fr\/#organization","name":"Aermec","url":"https:\/\/global.aermec.com\/fr\/","logo":{"@type":"ImageObject","inLanguage":"fr-FR","@id":"https:\/\/global.aermec.com\/fr\/#\/schema\/logo\/image\/","url":"https:\/\/global.aermec.com\/wp-content\/uploads\/2026\/01\/aermec-1.svg","contentUrl":"https:\/\/global.aermec.com\/wp-content\/uploads\/2026\/01\/aermec-1.svg","width":149,"height":40,"caption":"Aermec"},"image":{"@id":"https:\/\/global.aermec.com\/fr\/#\/schema\/logo\/image\/"},"sameAs":["https:\/\/www.linkedin.com\/company\/aermec\/","https:\/\/www.youtube.com\/c\/AERMECSpa"]}]}},"_links":{"self":[{"href":"https:\/\/global.aermec.com\/fr\/wp-json\/wp\/v2\/pages\/5753","targetHints":{"allow":["GET"]}}],"collection":[{"href":"https:\/\/global.aermec.com\/fr\/wp-json\/wp\/v2\/pages"}],"about":[{"href":"https:\/\/global.aermec.com\/fr\/wp-json\/wp\/v2\/types\/page"}],"author":[{"embeddable":true,"href":"https:\/\/global.aermec.com\/fr\/wp-json\/wp\/v2\/users\/1"}],"replies":[{"embeddable":true,"href":"https:\/\/global.aermec.com\/fr\/wp-json\/wp\/v2\/comments?post=5753"}],"version-history":[{"count":4,"href":"https:\/\/global.aermec.com\/fr\/wp-json\/wp\/v2\/pages\/5753\/revisions"}],"predecessor-version":[{"id":5763,"href":"https:\/\/global.aermec.com\/fr\/wp-json\/wp\/v2\/pages\/5753\/revisions\/5763"}],"wp:featuredmedia":[{"embeddable":true,"href":"https:\/\/global.aermec.com\/fr\/wp-json\/wp\/v2\/media\/4099"}],"wp:attachment":[{"href":"https:\/\/global.aermec.com\/fr\/wp-json\/wp\/v2\/media?parent=5753"}],"curies":[{"name":"wp","href":"https:\/\/api.w.org\/{rel}","templated":true}]}}