{"id":5732,"date":"2026-01-14T16:10:21","date_gmt":"2026-01-14T15:10:21","guid":{"rendered":"https:\/\/global.aermec.com\/note-legali\/"},"modified":"2026-03-03T14:16:31","modified_gmt":"2026-03-03T13:16:31","slug":"politique-juridique","status":"publish","type":"page","link":"https:\/\/global.aermec.com\/fr\/politique-juridique\/","title":{"rendered":"Politique Juridique"},"content":{"rendered":"\t\t<div data-elementor-type=\"wp-page\" data-elementor-id=\"5732\" class=\"elementor elementor-5732 elementor-239\" data-elementor-post-type=\"page\">\n\t\t\t\t<div class=\"elementor-element elementor-element-b4f791b e-flex e-con-boxed e-con e-parent\" data-id=\"b4f791b\" data-element_type=\"container\" data-e-type=\"container\">\n\t\t\t\t\t<div class=\"e-con-inner\">\n\t\t\t\t<div class=\"elementor-element elementor-element-9d4d4c7 elementor-widget elementor-widget-heading\" data-id=\"9d4d4c7\" data-element_type=\"widget\" data-e-type=\"widget\" data-widget_type=\"heading.default\">\n\t\t\t\t\t<h1 class=\"elementor-heading-title elementor-size-default\">Politique Juridique<\/h1>\t\t\t\t<\/div>\n\t\t\t\t<div class=\"elementor-element elementor-element-4a8b1ec elementor-widget elementor-widget-text-editor\" data-id=\"4a8b1ec\" data-element_type=\"widget\" data-e-type=\"widget\" data-widget_type=\"text-editor.default\">\n\t\t\t\t\t\t\t\t\t<div class=\"content\">\n<p>De nombreux liens de ce site m\u00e8nent \u00e0 des sites internet externes entretenus et h\u00e9berg\u00e9s par des parties tierces sur lesquelles Aermec S.p.A n&rsquo;a aucun contr\u00f4le et dont elle n&rsquo;est en aucune mani\u00e8re responsable.<\/p>\n<p>Il est interdit de placer le nom Aermec en titre de page ou dans les metatags conform\u00e9ment \u00e0 l&rsquo;arr\u00eat\u00e9 du 18\/1\/2001 de la neuvi\u00e8me section civile du tribunal de Rome \u00e9tablissant qu&rsquo;il est interdit d&rsquo;utiliser le nom d&rsquo;un concurrent comme metatag afin de piloter les requ\u00eates sur les moteurs de recherche des clients potentiels.<\/p><p><br><\/p>\n<p><strong>Hyperlien vers Aermec<\/strong><br>En copiant le logo d&rsquo;Aermec S.p.A., vous pouvez obtenir une licence non assignable, non transf\u00e9rable et non exclusive vous permettant d&rsquo;utiliser ledit logo sur votre site web dans le but limit\u00e9 de cr\u00e9er un lien hypertexte vers www.aermec.com. Vous ne pouvez utiliser le logo \u00e0 aucune autre fin.<\/p><p><br><\/p>\n<p><strong>Lieu et for judiciaire et limitation de responsabilit\u00e9<\/strong><br>Les droits et obligations d\u00e9coulant du pr\u00e9sent contrat seront administr\u00e9s par les lois italiennes, \u00e0 l&rsquo;exception des trait\u00e9s internationaux r\u00e9glementant les droits d\u2019auteur. Les parties au pr\u00e9sent contrat acceptent et consentent \u00e0 ce que le Tribunal de Legnago ou de V\u00e9rone exerce une juridiction exclusive pour toute action en justice ou proc\u00e8s \u00e9manant de ou li\u00e9 au pr\u00e9sent contrat, et chaque partie consent \u00e0 la juridiction personnelle de ces tribunaux aux fins de toute action ou proc\u00e8s de ce type. Chaque partie renonce par la pr\u00e9sente \u00e0 tous les droits dont elle dispose, ou qui pourraient survenir, pour contester une telle juridiction exclusive.<\/p>\n<\/div>\t\t\t\t\t\t\t\t<\/div>\n\t\t\t\t\t<\/div>\n\t\t\t\t<\/div>\n\t\t\t\t<\/div>\n\t\t","protected":false},"excerpt":{"rendered":"<p>Politique Juridique De nombreux liens de ce site m\u00e8nent \u00e0 des sites internet externes entretenus et h\u00e9berg\u00e9s par des parties tierces sur lesquelles Aermec S.p.A n&rsquo;a aucun contr\u00f4le et dont elle n&rsquo;est en aucune mani\u00e8re responsable. Il est interdit de placer le nom Aermec en titre de page ou dans les metatags conform\u00e9ment \u00e0 l&rsquo;arr\u00eat\u00e9 [&hellip;]<\/p>\n","protected":false},"author":1,"featured_media":4099,"parent":0,"menu_order":220,"comment_status":"closed","ping_status":"closed","template":"","meta":{"_acf_changed":false,"footnotes":""},"class_list":["post-5732","page","type-page","status-publish","has-post-thumbnail","hentry"],"acf":[],"yoast_head":"<!-- This site is optimized with the Yoast SEO plugin v27.2 - https:\/\/yoast.com\/product\/yoast-seo-wordpress\/ -->\n<title>Politique Juridique - Aermec<\/title>\n<meta name=\"robots\" content=\"index, follow, max-snippet:-1, max-image-preview:large, max-video-preview:-1\" \/>\n<link rel=\"canonical\" href=\"https:\/\/global.aermec.com\/fr\/politique-juridique\/\" \/>\n<meta property=\"og:locale\" content=\"fr_FR\" \/>\n<meta property=\"og:type\" content=\"article\" \/>\n<meta property=\"og:title\" content=\"Politique Juridique - Aermec\" \/>\n<meta property=\"og:description\" content=\"Politique Juridique De nombreux liens de ce site m\u00e8nent \u00e0 des sites internet externes entretenus et h\u00e9berg\u00e9s par des parties tierces sur lesquelles Aermec S.p.A n&rsquo;a aucun contr\u00f4le et dont elle n&rsquo;est en aucune mani\u00e8re responsable. Il est interdit de placer le nom Aermec en titre de page ou dans les metatags conform\u00e9ment \u00e0 l&rsquo;arr\u00eat\u00e9 [&hellip;]\" \/>\n<meta property=\"og:url\" content=\"https:\/\/global.aermec.com\/fr\/politique-juridique\/\" \/>\n<meta property=\"og:site_name\" content=\"Aermec\" \/>\n<meta property=\"article:modified_time\" content=\"2026-03-03T13:16:31+00:00\" \/>\n<meta property=\"og:image\" content=\"https:\/\/global.aermec.com\/wp-content\/uploads\/2026\/01\/screenshot.png\" \/>\n\t<meta property=\"og:image:width\" content=\"1200\" \/>\n\t<meta property=\"og:image:height\" content=\"900\" \/>\n\t<meta property=\"og:image:type\" content=\"image\/png\" \/>\n<meta name=\"twitter:card\" content=\"summary_large_image\" \/>\n<meta name=\"twitter:label1\" content=\"Dur\u00e9e de lecture estim\u00e9e\" \/>\n\t<meta name=\"twitter:data1\" content=\"2 minutes\" \/>\n<script type=\"application\/ld+json\" class=\"yoast-schema-graph\">{\"@context\":\"https:\/\/schema.org\",\"@graph\":[{\"@type\":\"WebPage\",\"@id\":\"https:\/\/global.aermec.com\/fr\/politique-juridique\/\",\"url\":\"https:\/\/global.aermec.com\/fr\/politique-juridique\/\",\"name\":\"Politique Juridique - Aermec\",\"isPartOf\":{\"@id\":\"https:\/\/global.aermec.com\/fr\/#website\"},\"primaryImageOfPage\":{\"@id\":\"https:\/\/global.aermec.com\/fr\/politique-juridique\/#primaryimage\"},\"image\":{\"@id\":\"https:\/\/global.aermec.com\/fr\/politique-juridique\/#primaryimage\"},\"thumbnailUrl\":\"https:\/\/global.aermec.com\/wp-content\/uploads\/2026\/01\/screenshot.png\",\"datePublished\":\"2026-01-14T15:10:21+00:00\",\"dateModified\":\"2026-03-03T13:16:31+00:00\",\"breadcrumb\":{\"@id\":\"https:\/\/global.aermec.com\/fr\/politique-juridique\/#breadcrumb\"},\"inLanguage\":\"fr-FR\",\"potentialAction\":[{\"@type\":\"ReadAction\",\"target\":[\"https:\/\/global.aermec.com\/fr\/politique-juridique\/\"]}]},{\"@type\":\"ImageObject\",\"inLanguage\":\"fr-FR\",\"@id\":\"https:\/\/global.aermec.com\/fr\/politique-juridique\/#primaryimage\",\"url\":\"https:\/\/global.aermec.com\/wp-content\/uploads\/2026\/01\/screenshot.png\",\"contentUrl\":\"https:\/\/global.aermec.com\/wp-content\/uploads\/2026\/01\/screenshot.png\",\"width\":1200,\"height\":900,\"caption\":\"Aermec - Campioni del clima\"},{\"@type\":\"BreadcrumbList\",\"@id\":\"https:\/\/global.aermec.com\/fr\/politique-juridique\/#breadcrumb\",\"itemListElement\":[{\"@type\":\"ListItem\",\"position\":1,\"name\":\"Home\",\"item\":\"https:\/\/global.aermec.com\/fr\/\"},{\"@type\":\"ListItem\",\"position\":2,\"name\":\"Politique Juridique\"}]},{\"@type\":\"WebSite\",\"@id\":\"https:\/\/global.aermec.com\/fr\/#website\",\"url\":\"https:\/\/global.aermec.com\/fr\/\",\"name\":\"Aermec\",\"description\":\"Ridefiniamo il futuro della climatizzazione.\",\"publisher\":{\"@id\":\"https:\/\/global.aermec.com\/fr\/#organization\"},\"potentialAction\":[{\"@type\":\"SearchAction\",\"target\":{\"@type\":\"EntryPoint\",\"urlTemplate\":\"https:\/\/global.aermec.com\/fr\/?s={search_term_string}\"},\"query-input\":{\"@type\":\"PropertyValueSpecification\",\"valueRequired\":true,\"valueName\":\"search_term_string\"}}],\"inLanguage\":\"fr-FR\"},{\"@type\":\"Organization\",\"@id\":\"https:\/\/global.aermec.com\/fr\/#organization\",\"name\":\"Aermec\",\"url\":\"https:\/\/global.aermec.com\/fr\/\",\"logo\":{\"@type\":\"ImageObject\",\"inLanguage\":\"fr-FR\",\"@id\":\"https:\/\/global.aermec.com\/fr\/#\/schema\/logo\/image\/\",\"url\":\"https:\/\/global.aermec.com\/wp-content\/uploads\/2026\/01\/aermec-1.svg\",\"contentUrl\":\"https:\/\/global.aermec.com\/wp-content\/uploads\/2026\/01\/aermec-1.svg\",\"width\":149,\"height\":40,\"caption\":\"Aermec\"},\"image\":{\"@id\":\"https:\/\/global.aermec.com\/fr\/#\/schema\/logo\/image\/\"},\"sameAs\":[\"https:\/\/www.linkedin.com\/company\/aermec\/\",\"https:\/\/www.youtube.com\/c\/AERMECSpa\"]}]}<\/script>\n<!-- \/ Yoast SEO plugin. -->","yoast_head_json":{"title":"Politique Juridique - Aermec","robots":{"index":"index","follow":"follow","max-snippet":"max-snippet:-1","max-image-preview":"max-image-preview:large","max-video-preview":"max-video-preview:-1"},"canonical":"https:\/\/global.aermec.com\/fr\/politique-juridique\/","og_locale":"fr_FR","og_type":"article","og_title":"Politique Juridique - Aermec","og_description":"Politique Juridique De nombreux liens de ce site m\u00e8nent \u00e0 des sites internet externes entretenus et h\u00e9berg\u00e9s par des parties tierces sur lesquelles Aermec S.p.A n&rsquo;a aucun contr\u00f4le et dont elle n&rsquo;est en aucune mani\u00e8re responsable. Il est interdit de placer le nom Aermec en titre de page ou dans les metatags conform\u00e9ment \u00e0 l&rsquo;arr\u00eat\u00e9 [&hellip;]","og_url":"https:\/\/global.aermec.com\/fr\/politique-juridique\/","og_site_name":"Aermec","article_modified_time":"2026-03-03T13:16:31+00:00","og_image":[{"width":1200,"height":900,"url":"https:\/\/global.aermec.com\/wp-content\/uploads\/2026\/01\/screenshot.png","type":"image\/png"}],"twitter_card":"summary_large_image","twitter_misc":{"Dur\u00e9e de lecture estim\u00e9e":"2 minutes"},"schema":{"@context":"https:\/\/schema.org","@graph":[{"@type":"WebPage","@id":"https:\/\/global.aermec.com\/fr\/politique-juridique\/","url":"https:\/\/global.aermec.com\/fr\/politique-juridique\/","name":"Politique Juridique - Aermec","isPartOf":{"@id":"https:\/\/global.aermec.com\/fr\/#website"},"primaryImageOfPage":{"@id":"https:\/\/global.aermec.com\/fr\/politique-juridique\/#primaryimage"},"image":{"@id":"https:\/\/global.aermec.com\/fr\/politique-juridique\/#primaryimage"},"thumbnailUrl":"https:\/\/global.aermec.com\/wp-content\/uploads\/2026\/01\/screenshot.png","datePublished":"2026-01-14T15:10:21+00:00","dateModified":"2026-03-03T13:16:31+00:00","breadcrumb":{"@id":"https:\/\/global.aermec.com\/fr\/politique-juridique\/#breadcrumb"},"inLanguage":"fr-FR","potentialAction":[{"@type":"ReadAction","target":["https:\/\/global.aermec.com\/fr\/politique-juridique\/"]}]},{"@type":"ImageObject","inLanguage":"fr-FR","@id":"https:\/\/global.aermec.com\/fr\/politique-juridique\/#primaryimage","url":"https:\/\/global.aermec.com\/wp-content\/uploads\/2026\/01\/screenshot.png","contentUrl":"https:\/\/global.aermec.com\/wp-content\/uploads\/2026\/01\/screenshot.png","width":1200,"height":900,"caption":"Aermec - Campioni del clima"},{"@type":"BreadcrumbList","@id":"https:\/\/global.aermec.com\/fr\/politique-juridique\/#breadcrumb","itemListElement":[{"@type":"ListItem","position":1,"name":"Home","item":"https:\/\/global.aermec.com\/fr\/"},{"@type":"ListItem","position":2,"name":"Politique Juridique"}]},{"@type":"WebSite","@id":"https:\/\/global.aermec.com\/fr\/#website","url":"https:\/\/global.aermec.com\/fr\/","name":"Aermec","description":"Ridefiniamo il futuro della climatizzazione.","publisher":{"@id":"https:\/\/global.aermec.com\/fr\/#organization"},"potentialAction":[{"@type":"SearchAction","target":{"@type":"EntryPoint","urlTemplate":"https:\/\/global.aermec.com\/fr\/?s={search_term_string}"},"query-input":{"@type":"PropertyValueSpecification","valueRequired":true,"valueName":"search_term_string"}}],"inLanguage":"fr-FR"},{"@type":"Organization","@id":"https:\/\/global.aermec.com\/fr\/#organization","name":"Aermec","url":"https:\/\/global.aermec.com\/fr\/","logo":{"@type":"ImageObject","inLanguage":"fr-FR","@id":"https:\/\/global.aermec.com\/fr\/#\/schema\/logo\/image\/","url":"https:\/\/global.aermec.com\/wp-content\/uploads\/2026\/01\/aermec-1.svg","contentUrl":"https:\/\/global.aermec.com\/wp-content\/uploads\/2026\/01\/aermec-1.svg","width":149,"height":40,"caption":"Aermec"},"image":{"@id":"https:\/\/global.aermec.com\/fr\/#\/schema\/logo\/image\/"},"sameAs":["https:\/\/www.linkedin.com\/company\/aermec\/","https:\/\/www.youtube.com\/c\/AERMECSpa"]}]}},"_links":{"self":[{"href":"https:\/\/global.aermec.com\/fr\/wp-json\/wp\/v2\/pages\/5732","targetHints":{"allow":["GET"]}}],"collection":[{"href":"https:\/\/global.aermec.com\/fr\/wp-json\/wp\/v2\/pages"}],"about":[{"href":"https:\/\/global.aermec.com\/fr\/wp-json\/wp\/v2\/types\/page"}],"author":[{"embeddable":true,"href":"https:\/\/global.aermec.com\/fr\/wp-json\/wp\/v2\/users\/1"}],"replies":[{"embeddable":true,"href":"https:\/\/global.aermec.com\/fr\/wp-json\/wp\/v2\/comments?post=5732"}],"version-history":[{"count":5,"href":"https:\/\/global.aermec.com\/fr\/wp-json\/wp\/v2\/pages\/5732\/revisions"}],"predecessor-version":[{"id":5743,"href":"https:\/\/global.aermec.com\/fr\/wp-json\/wp\/v2\/pages\/5732\/revisions\/5743"}],"wp:featuredmedia":[{"embeddable":true,"href":"https:\/\/global.aermec.com\/fr\/wp-json\/wp\/v2\/media\/4099"}],"wp:attachment":[{"href":"https:\/\/global.aermec.com\/fr\/wp-json\/wp\/v2\/media?parent=5732"}],"curies":[{"name":"wp","href":"https:\/\/api.w.org\/{rel}","templated":true}]}}