{"id":5709,"date":"2026-03-02T16:58:12","date_gmt":"2026-03-02T15:58:12","guid":{"rendered":"https:\/\/global.aermec.com\/soluzioni-integrate\/"},"modified":"2026-03-20T12:41:23","modified_gmt":"2026-03-20T11:41:23","slug":"solutions-de-systeme","status":"publish","type":"page","link":"https:\/\/global.aermec.com\/fr\/solutions-de-systeme\/","title":{"rendered":"Solutions de syst\u00e8me"},"content":{"rendered":"\t\t<div data-elementor-type=\"wp-page\" data-elementor-id=\"5709\" class=\"elementor elementor-5709 elementor-4885\" data-elementor-post-type=\"page\">\n\t\t\t\t<div class=\"elementor-element elementor-element-b4f791b e-flex e-con-boxed e-con e-parent\" data-id=\"b4f791b\" data-element_type=\"container\" data-e-type=\"container\">\n\t\t\t\t\t<div class=\"e-con-inner\">\n\t\t\t\t<div class=\"elementor-element elementor-element-9d4d4c7 elementor-widget elementor-widget-heading\" data-id=\"9d4d4c7\" data-element_type=\"widget\" data-e-type=\"widget\" data-widget_type=\"heading.default\">\n\t\t\t\t\t<h1 class=\"elementor-heading-title elementor-size-default\">Solutions de syst\u00e8me<\/h1>\t\t\t\t<\/div>\n\t\t\t\t<div class=\"elementor-element elementor-element-4a8b1ec elementor-widget elementor-widget-text-editor\" data-id=\"4a8b1ec\" data-element_type=\"widget\" data-e-type=\"widget\" data-widget_type=\"text-editor.default\">\n\t\t\t\t\t\t\t\t\t<div class=\"content\">\n<p>Les besoins en CVC des infrastructures modernes n\u00e9cessitent davantage que la simple application de produits de climatisation. Ce qui importe est une solution de syst\u00e8me, une combinaison intrins\u00e8que d\u2019\u00e9quipements multiples et divers, de composants auxiliaires et de dispositifs de contr\u00f4le et de surveillance qui, ensemble, op\u00e8rent de concert de fa\u00e7on parfaitement coordonn\u00e9e pour garantir que les besoins exacts en CVC sont satisfaits en permanence et selon des conditions de besoins de performance diff\u00e9rents en constante \u00e9volution.<\/p>\n<p>La soci\u00e9t\u00e9 Aermec est tr\u00e8s bien plac\u00e9e pour offrir \u00e0 la client\u00e8le des solutions de syst\u00e8me hautement sophistiqu\u00e9es qui r\u00e9pondent parfaitement aux besoins individuels en proposant un ensemble d\u2019applications diverses, gr\u00e2ce \u00e0 une combinaison de comp\u00e9tences et de solutions permettant \u00e0 Aermec de faire une proposition unique au client :<\/p>\n<ul class=\"list\">\n<li>Une gamme compl\u00e8te de solutions de produits de CVC diff\u00e9rentes ; Aermec est en mesure de couvrir tout besoin de produits n\u00e9cessaire au sein d\u2019un syst\u00e8me.<\/li>\n<li>Une multitude de configurations de produits sp\u00e9cifiques et d\u2019accessoires pouvant satisfaire l\u2019ensemble des besoins individuels.<\/li>\n<li>La capacit\u00e9 d\u2019offrir des solutions personnalis\u00e9es sur mesure.<\/li>\n<li>La programmation de logiciels en interne permettant de cr\u00e9er des algorithmes de contr\u00f4le sp\u00e9cifiques pour le client.<\/li>\n<li>Une \u00e9quipe de concepteurs hautement qualifi\u00e9e incluant des consultants techniques d\u00e9di\u00e9s assistant le client tout au long du processus de conception.<\/li>\n<li>65 ans d\u2019exp\u00e9rience en mati\u00e8re de CVC comprenant un savoir-faire d\u2019applications sp\u00e9cifiques de haut niveau.<\/li>\n<li>Un processus de \u00ab conception int\u00e9gr\u00e9e \u00bb renomm\u00e9 d\u2019Aermec par lequel l\u2019ensemble des parties prenantes du projet, y compris les architectes, les concepteurs, les installateurs et les utilisateurs finaux, travaillent ensemble au sein d\u2019une seule \u00e9quipe de projet afin de garantir que l\u2019ensemble des objectifs de projet soient v\u00e9ritablement satisfaits.<\/li>\n<li>Des outils de support de s\u00e9lection de logiciels de pointe dont le logiciel sophistiqu\u00e9 de simulation de syst\u00e8mes ACES d\u2019Aermec permet de simuler des syst\u00e8mes complets dans des conditions tr\u00e8s vari\u00e9es et r\u00e9alistes 365 jours par an.<\/li>\n<li>Des installations d\u2019essais devant t\u00e9moin o\u00f9 le client peut v\u00e9rifier le fonctionnement exact de la solution choisie avant son installation sur site.<\/li>\n<\/ul>\n<p>La cr\u00e9ation d\u2019une solution de syst\u00e8me optimis\u00e9e qui correspond parfaitement aux besoins de l\u2019utilisateur requiert un processus de projet sophistiqu\u00e9 ainsi que des comp\u00e9tences techniques sp\u00e9cifiques. Aermec offre sa capacit\u00e9 \u00e0 garantir que l\u2019ensemble des demandes des clients, m\u00eame complexes, peut \u00eatre satisfait en cr\u00e9ant une solution personnelle qui offre un avantage maximum et des co\u00fbts globaux de cycle de vie minimum.<\/p>\n<\/div>\t\t\t\t\t\t\t\t<\/div>\n\t\t\t\t\t<\/div>\n\t\t\t\t<\/div>\n\t\t\t\t<\/div>\n\t\t","protected":false},"excerpt":{"rendered":"<p>Solutions de syst\u00e8me Les besoins en CVC des infrastructures modernes n\u00e9cessitent davantage que la simple application de produits de climatisation. Ce qui importe est une solution de syst\u00e8me, une combinaison intrins\u00e8que d\u2019\u00e9quipements multiples et divers, de composants auxiliaires et de dispositifs de contr\u00f4le et de surveillance qui, ensemble, op\u00e8rent de concert de fa\u00e7on parfaitement coordonn\u00e9e [&hellip;]<\/p>\n","protected":false},"author":1,"featured_media":4099,"parent":0,"menu_order":220,"comment_status":"closed","ping_status":"closed","template":"","meta":{"_acf_changed":false,"footnotes":""},"class_list":["post-5709","page","type-page","status-publish","has-post-thumbnail","hentry"],"acf":[],"yoast_head":"<!-- This site is optimized with the Yoast SEO plugin v27.2 - https:\/\/yoast.com\/product\/yoast-seo-wordpress\/ -->\n<title>Solutions de syst\u00e8me - Aermec<\/title>\n<meta name=\"robots\" content=\"index, follow, max-snippet:-1, max-image-preview:large, max-video-preview:-1\" \/>\n<link rel=\"canonical\" href=\"https:\/\/global.aermec.com\/fr\/solutions-de-systeme\/\" \/>\n<meta property=\"og:locale\" content=\"fr_FR\" \/>\n<meta property=\"og:type\" content=\"article\" \/>\n<meta property=\"og:title\" content=\"Solutions de syst\u00e8me - Aermec\" \/>\n<meta property=\"og:description\" content=\"Solutions de syst\u00e8me Les besoins en CVC des infrastructures modernes n\u00e9cessitent davantage que la simple application de produits de climatisation. Ce qui importe est une solution de syst\u00e8me, une combinaison intrins\u00e8que d\u2019\u00e9quipements multiples et divers, de composants auxiliaires et de dispositifs de contr\u00f4le et de surveillance qui, ensemble, op\u00e8rent de concert de fa\u00e7on parfaitement coordonn\u00e9e [&hellip;]\" \/>\n<meta property=\"og:url\" content=\"https:\/\/global.aermec.com\/fr\/solutions-de-systeme\/\" \/>\n<meta property=\"og:site_name\" content=\"Aermec\" \/>\n<meta property=\"article:modified_time\" content=\"2026-03-20T11:41:23+00:00\" \/>\n<meta property=\"og:image\" content=\"https:\/\/global.aermec.com\/wp-content\/uploads\/2026\/01\/screenshot.png\" \/>\n\t<meta property=\"og:image:width\" content=\"1200\" \/>\n\t<meta property=\"og:image:height\" content=\"900\" \/>\n\t<meta property=\"og:image:type\" content=\"image\/png\" \/>\n<meta name=\"twitter:card\" content=\"summary_large_image\" \/>\n<meta name=\"twitter:label1\" content=\"Dur\u00e9e de lecture estim\u00e9e\" \/>\n\t<meta name=\"twitter:data1\" content=\"3 minutes\" \/>\n<script type=\"application\/ld+json\" class=\"yoast-schema-graph\">{\"@context\":\"https:\/\/schema.org\",\"@graph\":[{\"@type\":\"WebPage\",\"@id\":\"https:\/\/global.aermec.com\/fr\/solutions-de-systeme\/\",\"url\":\"https:\/\/global.aermec.com\/fr\/solutions-de-systeme\/\",\"name\":\"Solutions de syst\u00e8me - Aermec\",\"isPartOf\":{\"@id\":\"https:\/\/global.aermec.com\/fr\/#website\"},\"primaryImageOfPage\":{\"@id\":\"https:\/\/global.aermec.com\/fr\/solutions-de-systeme\/#primaryimage\"},\"image\":{\"@id\":\"https:\/\/global.aermec.com\/fr\/solutions-de-systeme\/#primaryimage\"},\"thumbnailUrl\":\"https:\/\/global.aermec.com\/wp-content\/uploads\/2026\/01\/screenshot.png\",\"datePublished\":\"2026-03-02T15:58:12+00:00\",\"dateModified\":\"2026-03-20T11:41:23+00:00\",\"breadcrumb\":{\"@id\":\"https:\/\/global.aermec.com\/fr\/solutions-de-systeme\/#breadcrumb\"},\"inLanguage\":\"fr-FR\",\"potentialAction\":[{\"@type\":\"ReadAction\",\"target\":[\"https:\/\/global.aermec.com\/fr\/solutions-de-systeme\/\"]}]},{\"@type\":\"ImageObject\",\"inLanguage\":\"fr-FR\",\"@id\":\"https:\/\/global.aermec.com\/fr\/solutions-de-systeme\/#primaryimage\",\"url\":\"https:\/\/global.aermec.com\/wp-content\/uploads\/2026\/01\/screenshot.png\",\"contentUrl\":\"https:\/\/global.aermec.com\/wp-content\/uploads\/2026\/01\/screenshot.png\",\"width\":1200,\"height\":900,\"caption\":\"Aermec - Campioni del clima\"},{\"@type\":\"BreadcrumbList\",\"@id\":\"https:\/\/global.aermec.com\/fr\/solutions-de-systeme\/#breadcrumb\",\"itemListElement\":[{\"@type\":\"ListItem\",\"position\":1,\"name\":\"Home\",\"item\":\"https:\/\/global.aermec.com\/fr\/\"},{\"@type\":\"ListItem\",\"position\":2,\"name\":\"Solutions de syst\u00e8me\"}]},{\"@type\":\"WebSite\",\"@id\":\"https:\/\/global.aermec.com\/fr\/#website\",\"url\":\"https:\/\/global.aermec.com\/fr\/\",\"name\":\"Aermec\",\"description\":\"Ridefiniamo il futuro della climatizzazione.\",\"publisher\":{\"@id\":\"https:\/\/global.aermec.com\/fr\/#organization\"},\"potentialAction\":[{\"@type\":\"SearchAction\",\"target\":{\"@type\":\"EntryPoint\",\"urlTemplate\":\"https:\/\/global.aermec.com\/fr\/?s={search_term_string}\"},\"query-input\":{\"@type\":\"PropertyValueSpecification\",\"valueRequired\":true,\"valueName\":\"search_term_string\"}}],\"inLanguage\":\"fr-FR\"},{\"@type\":\"Organization\",\"@id\":\"https:\/\/global.aermec.com\/fr\/#organization\",\"name\":\"Aermec\",\"url\":\"https:\/\/global.aermec.com\/fr\/\",\"logo\":{\"@type\":\"ImageObject\",\"inLanguage\":\"fr-FR\",\"@id\":\"https:\/\/global.aermec.com\/fr\/#\/schema\/logo\/image\/\",\"url\":\"https:\/\/global.aermec.com\/wp-content\/uploads\/2026\/01\/aermec-1.svg\",\"contentUrl\":\"https:\/\/global.aermec.com\/wp-content\/uploads\/2026\/01\/aermec-1.svg\",\"width\":149,\"height\":40,\"caption\":\"Aermec\"},\"image\":{\"@id\":\"https:\/\/global.aermec.com\/fr\/#\/schema\/logo\/image\/\"},\"sameAs\":[\"https:\/\/www.linkedin.com\/company\/aermec\/\",\"https:\/\/www.youtube.com\/c\/AERMECSpa\"]}]}<\/script>\n<!-- \/ Yoast SEO plugin. -->","yoast_head_json":{"title":"Solutions de syst\u00e8me - Aermec","robots":{"index":"index","follow":"follow","max-snippet":"max-snippet:-1","max-image-preview":"max-image-preview:large","max-video-preview":"max-video-preview:-1"},"canonical":"https:\/\/global.aermec.com\/fr\/solutions-de-systeme\/","og_locale":"fr_FR","og_type":"article","og_title":"Solutions de syst\u00e8me - Aermec","og_description":"Solutions de syst\u00e8me Les besoins en CVC des infrastructures modernes n\u00e9cessitent davantage que la simple application de produits de climatisation. Ce qui importe est une solution de syst\u00e8me, une combinaison intrins\u00e8que d\u2019\u00e9quipements multiples et divers, de composants auxiliaires et de dispositifs de contr\u00f4le et de surveillance qui, ensemble, op\u00e8rent de concert de fa\u00e7on parfaitement coordonn\u00e9e [&hellip;]","og_url":"https:\/\/global.aermec.com\/fr\/solutions-de-systeme\/","og_site_name":"Aermec","article_modified_time":"2026-03-20T11:41:23+00:00","og_image":[{"width":1200,"height":900,"url":"https:\/\/global.aermec.com\/wp-content\/uploads\/2026\/01\/screenshot.png","type":"image\/png"}],"twitter_card":"summary_large_image","twitter_misc":{"Dur\u00e9e de lecture estim\u00e9e":"3 minutes"},"schema":{"@context":"https:\/\/schema.org","@graph":[{"@type":"WebPage","@id":"https:\/\/global.aermec.com\/fr\/solutions-de-systeme\/","url":"https:\/\/global.aermec.com\/fr\/solutions-de-systeme\/","name":"Solutions de syst\u00e8me - Aermec","isPartOf":{"@id":"https:\/\/global.aermec.com\/fr\/#website"},"primaryImageOfPage":{"@id":"https:\/\/global.aermec.com\/fr\/solutions-de-systeme\/#primaryimage"},"image":{"@id":"https:\/\/global.aermec.com\/fr\/solutions-de-systeme\/#primaryimage"},"thumbnailUrl":"https:\/\/global.aermec.com\/wp-content\/uploads\/2026\/01\/screenshot.png","datePublished":"2026-03-02T15:58:12+00:00","dateModified":"2026-03-20T11:41:23+00:00","breadcrumb":{"@id":"https:\/\/global.aermec.com\/fr\/solutions-de-systeme\/#breadcrumb"},"inLanguage":"fr-FR","potentialAction":[{"@type":"ReadAction","target":["https:\/\/global.aermec.com\/fr\/solutions-de-systeme\/"]}]},{"@type":"ImageObject","inLanguage":"fr-FR","@id":"https:\/\/global.aermec.com\/fr\/solutions-de-systeme\/#primaryimage","url":"https:\/\/global.aermec.com\/wp-content\/uploads\/2026\/01\/screenshot.png","contentUrl":"https:\/\/global.aermec.com\/wp-content\/uploads\/2026\/01\/screenshot.png","width":1200,"height":900,"caption":"Aermec - Campioni del clima"},{"@type":"BreadcrumbList","@id":"https:\/\/global.aermec.com\/fr\/solutions-de-systeme\/#breadcrumb","itemListElement":[{"@type":"ListItem","position":1,"name":"Home","item":"https:\/\/global.aermec.com\/fr\/"},{"@type":"ListItem","position":2,"name":"Solutions de syst\u00e8me"}]},{"@type":"WebSite","@id":"https:\/\/global.aermec.com\/fr\/#website","url":"https:\/\/global.aermec.com\/fr\/","name":"Aermec","description":"Ridefiniamo il futuro della climatizzazione.","publisher":{"@id":"https:\/\/global.aermec.com\/fr\/#organization"},"potentialAction":[{"@type":"SearchAction","target":{"@type":"EntryPoint","urlTemplate":"https:\/\/global.aermec.com\/fr\/?s={search_term_string}"},"query-input":{"@type":"PropertyValueSpecification","valueRequired":true,"valueName":"search_term_string"}}],"inLanguage":"fr-FR"},{"@type":"Organization","@id":"https:\/\/global.aermec.com\/fr\/#organization","name":"Aermec","url":"https:\/\/global.aermec.com\/fr\/","logo":{"@type":"ImageObject","inLanguage":"fr-FR","@id":"https:\/\/global.aermec.com\/fr\/#\/schema\/logo\/image\/","url":"https:\/\/global.aermec.com\/wp-content\/uploads\/2026\/01\/aermec-1.svg","contentUrl":"https:\/\/global.aermec.com\/wp-content\/uploads\/2026\/01\/aermec-1.svg","width":149,"height":40,"caption":"Aermec"},"image":{"@id":"https:\/\/global.aermec.com\/fr\/#\/schema\/logo\/image\/"},"sameAs":["https:\/\/www.linkedin.com\/company\/aermec\/","https:\/\/www.youtube.com\/c\/AERMECSpa"]}]}},"_links":{"self":[{"href":"https:\/\/global.aermec.com\/fr\/wp-json\/wp\/v2\/pages\/5709","targetHints":{"allow":["GET"]}}],"collection":[{"href":"https:\/\/global.aermec.com\/fr\/wp-json\/wp\/v2\/pages"}],"about":[{"href":"https:\/\/global.aermec.com\/fr\/wp-json\/wp\/v2\/types\/page"}],"author":[{"embeddable":true,"href":"https:\/\/global.aermec.com\/fr\/wp-json\/wp\/v2\/users\/1"}],"replies":[{"embeddable":true,"href":"https:\/\/global.aermec.com\/fr\/wp-json\/wp\/v2\/comments?post=5709"}],"version-history":[{"count":7,"href":"https:\/\/global.aermec.com\/fr\/wp-json\/wp\/v2\/pages\/5709\/revisions"}],"predecessor-version":[{"id":11322,"href":"https:\/\/global.aermec.com\/fr\/wp-json\/wp\/v2\/pages\/5709\/revisions\/11322"}],"wp:featuredmedia":[{"embeddable":true,"href":"https:\/\/global.aermec.com\/fr\/wp-json\/wp\/v2\/media\/4099"}],"wp:attachment":[{"href":"https:\/\/global.aermec.com\/fr\/wp-json\/wp\/v2\/media?parent=5709"}],"curies":[{"name":"wp","href":"https:\/\/api.w.org\/{rel}","templated":true}]}}