{"id":10702,"date":"2026-01-14T15:29:20","date_gmt":"2026-01-14T14:29:20","guid":{"rendered":"https:\/\/global.aermec.com\/servizi\/"},"modified":"2026-03-13T14:39:54","modified_gmt":"2026-03-13T13:39:54","slug":"services","status":"publish","type":"page","link":"https:\/\/global.aermec.com\/fr\/services\/","title":{"rendered":"Services"},"content":{"rendered":"\t\t<div data-elementor-type=\"wp-page\" data-elementor-id=\"10702\" class=\"elementor elementor-10702 elementor-205\" data-elementor-post-type=\"page\">\n\t\t\t\t<div class=\"elementor-element elementor-element-f534bb6 e-flex e-con-boxed e-con e-parent\" data-id=\"f534bb6\" data-element_type=\"container\" data-e-type=\"container\">\n\t\t\t\t\t<div class=\"e-con-inner\">\n\t\t\t\t<div class=\"elementor-element elementor-element-bf7ec43 elementor-widget elementor-widget-image\" data-id=\"bf7ec43\" data-element_type=\"widget\" data-e-type=\"widget\" data-widget_type=\"image.default\">\n\t\t\t\t\t\t\t\t\t\t\t\t\t\t\t<img fetchpriority=\"high\" decoding=\"async\" width=\"3000\" height=\"1500\" src=\"https:\/\/global.aermec.com\/wp-content\/uploads\/2026\/03\/aermec-servizi-2.webp\" class=\"attachment-full size-full wp-image-10704\" alt=\"unit\u00e0 esterna, con furgone brandizzato Aermec, assistenza clienti e montaggio\" srcset=\"https:\/\/global.aermec.com\/wp-content\/uploads\/2026\/03\/aermec-servizi-2.webp 3000w, https:\/\/global.aermec.com\/wp-content\/uploads\/2026\/03\/aermec-servizi-2-300x150.webp 300w, https:\/\/global.aermec.com\/wp-content\/uploads\/2026\/03\/aermec-servizi-2-1024x512.webp 1024w, https:\/\/global.aermec.com\/wp-content\/uploads\/2026\/03\/aermec-servizi-2-768x384.webp 768w, https:\/\/global.aermec.com\/wp-content\/uploads\/2026\/03\/aermec-servizi-2-1536x768.webp 1536w, https:\/\/global.aermec.com\/wp-content\/uploads\/2026\/03\/aermec-servizi-2-2048x1024.webp 2048w\" sizes=\"(max-width: 3000px) 100vw, 3000px\" \/>\t\t\t\t\t\t\t\t\t\t\t\t\t\t\t<\/div>\n\t\t\t\t\t<\/div>\n\t\t\t\t<\/div>\n\t\t<div class=\"elementor-element elementor-element-ad6cb63 e-flex e-con-boxed e-con e-parent\" data-id=\"ad6cb63\" data-element_type=\"container\" data-e-type=\"container\">\n\t\t\t\t\t<div class=\"e-con-inner\">\n\t\t<div class=\"elementor-element elementor-element-a6ef66b e-con-full e-flex e-con e-child\" data-id=\"a6ef66b\" data-element_type=\"container\" data-e-type=\"container\">\n\t\t\t\t<div class=\"elementor-element elementor-element-44e02cd elementor-widget elementor-widget-heading\" data-id=\"44e02cd\" data-element_type=\"widget\" data-e-type=\"widget\" data-widget_type=\"heading.default\">\n\t\t\t\t\t<h1 class=\"elementor-heading-title elementor-size-default\">Services<\/h1>\t\t\t\t<\/div>\n\t\t\t\t<\/div>\n\t\t<div class=\"elementor-element elementor-element-71a1346 e-con-full e-flex e-con e-child\" data-id=\"71a1346\" data-element_type=\"container\" data-e-type=\"container\">\n\t\t\t\t<div class=\"elementor-element elementor-element-25ffea7 elementor-widget elementor-widget-heading\" data-id=\"25ffea7\" data-element_type=\"widget\" data-e-type=\"widget\" data-widget_type=\"heading.default\">\n\t\t\t\t\t<h2 class=\"elementor-heading-title elementor-size-default\">Le support technique et les outils pour la conception.<\/h2>\t\t\t\t<\/div>\n\t\t\t\t<div class=\"elementor-element elementor-element-07f922f elementor-widget elementor-widget-text-editor\" data-id=\"07f922f\" data-element_type=\"widget\" data-e-type=\"widget\" data-widget_type=\"text-editor.default\">\n\t\t\t\t\t\t\t\t\t<p>Aermec offre un \u00e9cosyst\u00e8me de services con\u00e7us pour accompagner les concepteurs et les installateurs \u00e0 chaque \u00e9tape du projet\u00a0: le conseil technique initial, la validation des performances par le biais de tests Witness dans ses laboratoires de pointe. Gr\u00e2ce \u00e0 des logiciels d\u00e9di\u00e9s, nous fournissons aux professionnels les outils n\u00e9cessaires pour optimiser l\u2019int\u00e9gration entre le b\u00e2timent et l\u2019installation. Notre r\u00e9seau \u00e9tendu de plus de 81 services apr\u00e8s-vente autoris\u00e9s garantit \u00e9galement un support apr\u00e8s-vente rapide et expert, assurant la fiabilit\u00e9 totale et l\u2019efficacit\u00e9 op\u00e9rationnelle de chaque syst\u00e8me.<\/p>\t\t\t\t\t\t\t\t<\/div>\n\t\t\t\t<\/div>\n\t\t\t\t\t<\/div>\n\t\t\t\t<\/div>\n\t\t<div class=\"elementor-element elementor-element-0f45694 e-flex e-con-boxed e-con e-parent\" data-id=\"0f45694\" data-element_type=\"container\" data-e-type=\"container\">\n\t\t\t\t\t<div class=\"e-con-inner\">\n\t\t<div class=\"elementor-element elementor-element-b41505b e-grid e-con-full e-con e-child\" data-id=\"b41505b\" data-element_type=\"container\" data-e-type=\"container\">\n\t\t<div class=\"elementor-element elementor-element-c3c7d46 e-con-full e-flex e-con e-child\" data-id=\"c3c7d46\" data-element_type=\"container\" data-e-type=\"container\" data-settings=\"{&quot;background_background&quot;:&quot;classic&quot;}\">\n\t\t\t\t<\/div>\n\t\t<div class=\"elementor-element elementor-element-b35de2c e-con-full e-flex e-con e-child\" data-id=\"b35de2c\" data-element_type=\"container\" data-e-type=\"container\" data-settings=\"{&quot;background_background&quot;:&quot;gradient&quot;}\">\n\t\t\t\t<div class=\"elementor-element elementor-element-4ff35ec elementor-widget elementor-widget-text-editor\" data-id=\"4ff35ec\" data-element_type=\"widget\" data-e-type=\"widget\" data-widget_type=\"text-editor.default\">\n\t\t\t\t\t\t\t\t\t<p>Testing Room C7<\/p>\t\t\t\t\t\t\t\t<\/div>\n\t\t\t\t<div class=\"elementor-element elementor-element-dd4a007 elementor-widget elementor-widget-text-editor\" data-id=\"dd4a007\" data-element_type=\"widget\" data-e-type=\"widget\" data-widget_type=\"text-editor.default\">\n\t\t\t\t\t\t\t\t\t<p>La salle d\u2019essai est l\u2019une des plus grandes d\u2019Europe.\u00a0\u00a0<\/p>\t\t\t\t\t\t\t\t<\/div>\n\t\t\t\t<div class=\"elementor-element elementor-element-0ce05cf elementor-widget elementor-widget-text-editor\" data-id=\"0ce05cf\" data-element_type=\"widget\" data-e-type=\"widget\" data-widget_type=\"text-editor.default\">\n\t\t\t\t\t\t\t\t\t<p>Inaugur\u00e9e en 2015, la salle d\u2019essai C7 d\u2019Aermec repr\u00e9sente l\u2019une des plus grandes salles de test d\u2019Europe pour les machines d\u2019installation.<br \/><br \/>Cette structure d\u2019avant-garde permet de tester des unit\u00e9s d\u2019une puissance jusqu\u2019\u00e0 2 MW, ce qui permet des v\u00e9rifications extr\u00eamement rigoureuses et le d\u00e9veloppement de projets sur mesure. Le laboratoire est \u00e9galement accr\u00e9dit\u00e9 pour effectuer les tests n\u00e9cessaires afin d\u2019obtenir les certifications internationales Eurovent et AHRI.<\/p>\t\t\t\t\t\t\t\t<\/div>\n\t\t\t\t<\/div>\n\t\t\t\t<\/div>\n\t\t<div class=\"elementor-element elementor-element-1e049f8 e-con-full e-flex e-con e-child\" data-id=\"1e049f8\" data-element_type=\"container\" data-e-type=\"container\">\n\t\t\t\t<div class=\"elementor-element elementor-element-cb3222b elementor-widget elementor-widget-heading\" data-id=\"cb3222b\" data-element_type=\"widget\" data-e-type=\"widget\" data-widget_type=\"heading.default\">\n\t\t\t\t\t<h3 class=\"elementor-heading-title elementor-size-default\">Witness test<\/h3>\t\t\t\t<\/div>\n\t\t\t\t<div class=\"elementor-element elementor-element-61bdfa6 elementor-widget elementor-widget-text-editor\" data-id=\"61bdfa6\" data-element_type=\"widget\" data-e-type=\"widget\" data-widget_type=\"text-editor.default\">\n\t\t\t\t\t\t\t\t\t<p>Les infrastructures modernes ont besoin de solutions CVC optimis\u00e9es qui s\u2019int\u00e8grent pleinement \u00e0 leur complexit\u00e9.<br \/>A cet effet, Aermec propose des projets sp\u00e9cifiques et personnalis\u00e9s en mesure de r\u00e9pondre \u00e0 ces besoins particuliers. Les tests-t\u00e9moins (witness tests) constituent une garantie suppl\u00e9mentaire fournie par Aermec qui permet \u00e0 l\u2019utilisateur de v\u00e9rifier, avant l\u2019installation, que toutes les exigences du projet sont constamment respect\u00e9es. Les tests-t\u00e9moins des \u00e9tablissements Aermec permettent de mettre en \u0153uvre et de valider les processus suivants\u00a0:<\/p>\t\t\t\t\t\t\t\t<\/div>\n\t\t\t\t<\/div>\n\t\t<div class=\"elementor-element elementor-element-143da54 e-grid e-con-full e-con e-child\" data-id=\"143da54\" data-element_type=\"container\" data-e-type=\"container\">\n\t\t<div class=\"elementor-element elementor-element-79c73a0 e-con-full e-flex e-con e-child\" data-id=\"79c73a0\" data-element_type=\"container\" data-e-type=\"container\" data-settings=\"{&quot;background_background&quot;:&quot;gradient&quot;}\">\n\t\t\t\t<div class=\"elementor-element elementor-element-70d5412 elementor-widget__width-initial elementor-widget elementor-widget-text-editor\" data-id=\"70d5412\" data-element_type=\"widget\" data-e-type=\"widget\" data-widget_type=\"text-editor.default\">\n\t\t\t\t\t\t\t\t\t<p>01<\/p>\t\t\t\t\t\t\t\t<\/div>\n\t\t\t\t<div class=\"elementor-element elementor-element-393a338 elementor-widget__width-initial elementor-widget elementor-widget-text-editor\" data-id=\"393a338\" data-element_type=\"widget\" data-e-type=\"widget\" data-widget_type=\"text-editor.default\">\n\t\t\t\t\t\t\t\t\t<p>Ex\u00e9cution des tests en fonction des conditions de conception et des conditions sp\u00e9cifiques requises par le client.<\/p>\t\t\t\t\t\t\t\t<\/div>\n\t\t\t\t<\/div>\n\t\t<div class=\"elementor-element elementor-element-10a336a e-con-full e-flex e-con e-child\" data-id=\"10a336a\" data-element_type=\"container\" data-e-type=\"container\" data-settings=\"{&quot;background_background&quot;:&quot;gradient&quot;}\">\n\t\t\t\t<div class=\"elementor-element elementor-element-5632179 elementor-widget__width-initial elementor-widget elementor-widget-text-editor\" data-id=\"5632179\" data-element_type=\"widget\" data-e-type=\"widget\" data-widget_type=\"text-editor.default\">\n\t\t\t\t\t\t\t\t\t<p>02<\/p>\t\t\t\t\t\t\t\t<\/div>\n\t\t\t\t<div class=\"elementor-element elementor-element-9746206 elementor-widget__width-initial elementor-widget elementor-widget-text-editor\" data-id=\"9746206\" data-element_type=\"widget\" data-e-type=\"widget\" data-widget_type=\"text-editor.default\">\n\t\t\t\t\t\t\t\t\t<p>Fonctionnement de l\u2019unit\u00e9 dans des conditions de charge totale et partielle, cartographie des performances et de la consommation d\u2019\u00e9nergie.<\/p>\t\t\t\t\t\t\t\t<\/div>\n\t\t\t\t<\/div>\n\t\t<div class=\"elementor-element elementor-element-3370db8 e-con-full e-flex e-con e-child\" data-id=\"3370db8\" data-element_type=\"container\" data-e-type=\"container\" data-settings=\"{&quot;background_background&quot;:&quot;gradient&quot;}\">\n\t\t\t\t<div class=\"elementor-element elementor-element-50b8cc6 elementor-widget__width-initial elementor-widget elementor-widget-text-editor\" data-id=\"50b8cc6\" data-element_type=\"widget\" data-e-type=\"widget\" data-widget_type=\"text-editor.default\">\n\t\t\t\t\t\t\t\t\t<p>03<\/p>\t\t\t\t\t\t\t\t<\/div>\n\t\t\t\t<div class=\"elementor-element elementor-element-ba8a9ac elementor-widget__width-initial elementor-widget elementor-widget-text-editor\" data-id=\"ba8a9ac\" data-element_type=\"widget\" data-e-type=\"widget\" data-widget_type=\"text-editor.default\">\n\t\t\t\t\t\t\t\t\t<p>Simulation du fonctionnement dans des conditions extr\u00eames, y compris des temp\u00e9ratures extr\u00eamement basses ou \u00e9lev\u00e9es.<\/p>\t\t\t\t\t\t\t\t<\/div>\n\t\t\t\t<\/div>\n\t\t<div class=\"elementor-element elementor-element-01de2f0 e-con-full e-flex e-con e-child\" data-id=\"01de2f0\" data-element_type=\"container\" data-e-type=\"container\" data-settings=\"{&quot;background_background&quot;:&quot;gradient&quot;}\">\n\t\t\t\t<div class=\"elementor-element elementor-element-0ce9278 elementor-widget__width-initial elementor-widget elementor-widget-text-editor\" data-id=\"0ce9278\" data-element_type=\"widget\" data-e-type=\"widget\" data-widget_type=\"text-editor.default\">\n\t\t\t\t\t\t\t\t\t<p>04<\/p>\t\t\t\t\t\t\t\t<\/div>\n\t\t\t\t<div class=\"elementor-element elementor-element-4d5d47b elementor-widget__width-initial elementor-widget elementor-widget-text-editor\" data-id=\"4d5d47b\" data-element_type=\"widget\" data-e-type=\"widget\" data-widget_type=\"text-editor.default\">\n\t\t\t\t\t\t\t\t\t<p>Ex\u00e9cution de tests d\u2019\u00e9missions sonores sp\u00e9cifiques.<\/p>\t\t\t\t\t\t\t\t<\/div>\n\t\t\t\t<\/div>\n\t\t<div class=\"elementor-element elementor-element-b41cc90 e-con-full e-flex e-con e-child\" data-id=\"b41cc90\" data-element_type=\"container\" data-e-type=\"container\" data-settings=\"{&quot;background_background&quot;:&quot;gradient&quot;}\">\n\t\t\t\t<div class=\"elementor-element elementor-element-f9837ce elementor-widget__width-initial elementor-widget elementor-widget-text-editor\" data-id=\"f9837ce\" data-element_type=\"widget\" data-e-type=\"widget\" data-widget_type=\"text-editor.default\">\n\t\t\t\t\t\t\t\t\t<p>05<\/p>\t\t\t\t\t\t\t\t<\/div>\n\t\t\t\t<div class=\"elementor-element elementor-element-73fe7f9 elementor-widget__width-initial elementor-widget elementor-widget-text-editor\" data-id=\"73fe7f9\" data-element_type=\"widget\" data-e-type=\"widget\" data-widget_type=\"text-editor.default\">\n\t\t\t\t\t\t\t\t\t<p>Garantie du respect des niveaux de performance et d\u2019acoustique pr\u00e9vus.<\/p>\t\t\t\t\t\t\t\t<\/div>\n\t\t\t\t<\/div>\n\t\t<div class=\"elementor-element elementor-element-be8d923 e-con-full e-flex e-con e-child\" data-id=\"be8d923\" data-element_type=\"container\" data-e-type=\"container\" data-settings=\"{&quot;background_background&quot;:&quot;gradient&quot;}\">\n\t\t\t\t<div class=\"elementor-element elementor-element-5f01c98 elementor-widget__width-initial elementor-widget elementor-widget-text-editor\" data-id=\"5f01c98\" data-element_type=\"widget\" data-e-type=\"widget\" data-widget_type=\"text-editor.default\">\n\t\t\t\t\t\t\t\t\t<p>06<\/p>\t\t\t\t\t\t\t\t<\/div>\n\t\t\t\t<div class=\"elementor-element elementor-element-f6e54ac elementor-widget__width-initial elementor-widget elementor-widget-text-editor\" data-id=\"f6e54ac\" data-element_type=\"widget\" data-e-type=\"widget\" data-widget_type=\"text-editor.default\">\n\t\t\t\t\t\t\t\t\t<p>Fourniture d\u2019un ensemble complet de certificats d\u2019\u00e9talonnage relatifs aux instruments utilis\u00e9s pour les tests.<\/p>\t\t\t\t\t\t\t\t<\/div>\n\t\t\t\t<\/div>\n\t\t\t\t<\/div>\n\t\t<div class=\"elementor-element elementor-element-7006477 e-con-full e-grid e-con e-child\" data-id=\"7006477\" data-element_type=\"container\" data-e-type=\"container\">\n\t\t<div class=\"elementor-element elementor-element-aa75cc8 e-con-full e-flex e-con e-child\" data-id=\"aa75cc8\" data-element_type=\"container\" data-e-type=\"container\">\n\t\t\t\t<div class=\"elementor-element elementor-element-bedfdb6 elementor-widget elementor-widget-heading\" data-id=\"bedfdb6\" data-element_type=\"widget\" data-e-type=\"widget\" data-widget_type=\"heading.default\">\n\t\t\t\t\t<h4 class=\"elementor-heading-title elementor-size-default\">Test Aermec sur les unit\u00e9s de grande puissance.<\/h4>\t\t\t\t<\/div>\n\t\t\t\t<div class=\"elementor-element elementor-element-d777278 elementor-widget elementor-widget-text-editor\" data-id=\"d777278\" data-element_type=\"widget\" data-e-type=\"widget\" data-widget_type=\"text-editor.default\">\n\t\t\t\t\t\t\t\t\t<p>Les tests-t\u00e9moins ont lieu dans la plus grande chambre d\u2019Europe, en mesure de valider des unit\u00e9s individuelles jusqu\u2019\u00e0 2\u00a0MW en pleine charge. La structure garantit des essais d\u2019une extr\u00eame pr\u00e9cision conform\u00e9ment aux normes internationales avec des plages thermiques de -20 \u00b0C \u00e0 +55 \u00b0C pour les groupes d\u2019eau glac\u00e9e, les pompes \u00e0 chaleur et les unit\u00e9s de traitement d\u2019air.<\/p>\t\t\t\t\t\t\t\t<\/div>\n\t\t\t\t<\/div>\n\t\t<div class=\"elementor-element elementor-element-b4e2371 e-con-full e-flex e-con e-child\" data-id=\"b4e2371\" data-element_type=\"container\" data-e-type=\"container\">\n\t\t\t\t<div class=\"elementor-element elementor-element-26ca58b elementor-widget elementor-widget-heading\" data-id=\"26ca58b\" data-element_type=\"widget\" data-e-type=\"widget\" data-widget_type=\"heading.default\">\n\t\t\t\t\t<h4 class=\"elementor-heading-title elementor-size-default\">Validation des donn\u00e9es.<\/h4>\t\t\t\t<\/div>\n\t\t\t\t<div class=\"elementor-element elementor-element-97d6575 elementor-widget elementor-widget-text-editor\" data-id=\"97d6575\" data-element_type=\"widget\" data-e-type=\"widget\" data-widget_type=\"text-editor.default\">\n\t\t\t\t\t\t\t\t\t<p>Gr\u00e2ce \u00e0 une salle d\u00e9di\u00e9e, les clients surveillent les donn\u00e9es en temps r\u00e9el et re\u00e7oivent un rapport officiel certifiant les performances ou les donn\u00e9es du projet.<br \/>Lors des tests-t\u00e9moins, le client a la possibilit\u00e9 de conna\u00eetre en profondeur les caract\u00e9ristiques de construction et de fonctionnement de l\u2019unit\u00e9 choisie.<\/p>\t\t\t\t\t\t\t\t<\/div>\n\t\t\t\t<\/div>\n\t\t\t\t<\/div>\n\t\t\t\t\t<\/div>\n\t\t\t\t<\/div>\n\t\t\t\t<\/div>\n\t\t","protected":false},"excerpt":{"rendered":"<p>Services Le support technique et les outils pour la conception. Aermec offre un \u00e9cosyst\u00e8me de services con\u00e7us pour accompagner les concepteurs et les installateurs \u00e0 chaque \u00e9tape du projet\u00a0: le conseil technique initial, la validation des performances par le biais de tests Witness dans ses laboratoires de pointe. Gr\u00e2ce \u00e0 des logiciels d\u00e9di\u00e9s, nous fournissons [&hellip;]<\/p>\n","protected":false},"author":1,"featured_media":4099,"parent":0,"menu_order":70,"comment_status":"closed","ping_status":"closed","template":"","meta":{"_acf_changed":false,"footnotes":""},"class_list":["post-10702","page","type-page","status-publish","has-post-thumbnail","hentry"],"acf":[],"yoast_head":"<!-- This site is optimized with the Yoast SEO plugin v27.2 - https:\/\/yoast.com\/product\/yoast-seo-wordpress\/ -->\n<title>Services - Aermec<\/title>\n<meta name=\"robots\" content=\"index, follow, max-snippet:-1, max-image-preview:large, max-video-preview:-1\" \/>\n<link rel=\"canonical\" href=\"https:\/\/global.aermec.com\/fr\/services\/\" \/>\n<meta property=\"og:locale\" content=\"fr_FR\" \/>\n<meta property=\"og:type\" content=\"article\" \/>\n<meta property=\"og:title\" content=\"Services - Aermec\" \/>\n<meta property=\"og:description\" content=\"Services Le support technique et les outils pour la conception. Aermec offre un \u00e9cosyst\u00e8me de services con\u00e7us pour accompagner les concepteurs et les installateurs \u00e0 chaque \u00e9tape du projet\u00a0: le conseil technique initial, la validation des performances par le biais de tests Witness dans ses laboratoires de pointe. Gr\u00e2ce \u00e0 des logiciels d\u00e9di\u00e9s, nous fournissons [&hellip;]\" \/>\n<meta property=\"og:url\" content=\"https:\/\/global.aermec.com\/fr\/services\/\" \/>\n<meta property=\"og:site_name\" content=\"Aermec\" \/>\n<meta property=\"article:modified_time\" content=\"2026-03-13T13:39:54+00:00\" \/>\n<meta property=\"og:image\" content=\"https:\/\/global.aermec.com\/wp-content\/uploads\/2026\/01\/screenshot.png\" \/>\n\t<meta property=\"og:image:width\" content=\"1200\" \/>\n\t<meta property=\"og:image:height\" content=\"900\" \/>\n\t<meta property=\"og:image:type\" content=\"image\/png\" \/>\n<meta name=\"twitter:card\" content=\"summary_large_image\" \/>\n<meta name=\"twitter:label1\" content=\"Dur\u00e9e de lecture estim\u00e9e\" \/>\n\t<meta name=\"twitter:data1\" content=\"3 minutes\" \/>\n<script type=\"application\/ld+json\" class=\"yoast-schema-graph\">{\"@context\":\"https:\/\/schema.org\",\"@graph\":[{\"@type\":\"WebPage\",\"@id\":\"https:\/\/global.aermec.com\/fr\/services\/\",\"url\":\"https:\/\/global.aermec.com\/fr\/services\/\",\"name\":\"Services - Aermec\",\"isPartOf\":{\"@id\":\"https:\/\/global.aermec.com\/fr\/#website\"},\"primaryImageOfPage\":{\"@id\":\"https:\/\/global.aermec.com\/fr\/services\/#primaryimage\"},\"image\":{\"@id\":\"https:\/\/global.aermec.com\/fr\/services\/#primaryimage\"},\"thumbnailUrl\":\"https:\/\/global.aermec.com\/wp-content\/uploads\/2026\/01\/screenshot.png\",\"datePublished\":\"2026-01-14T14:29:20+00:00\",\"dateModified\":\"2026-03-13T13:39:54+00:00\",\"breadcrumb\":{\"@id\":\"https:\/\/global.aermec.com\/fr\/services\/#breadcrumb\"},\"inLanguage\":\"fr-FR\",\"potentialAction\":[{\"@type\":\"ReadAction\",\"target\":[\"https:\/\/global.aermec.com\/fr\/services\/\"]}]},{\"@type\":\"ImageObject\",\"inLanguage\":\"fr-FR\",\"@id\":\"https:\/\/global.aermec.com\/fr\/services\/#primaryimage\",\"url\":\"https:\/\/global.aermec.com\/wp-content\/uploads\/2026\/01\/screenshot.png\",\"contentUrl\":\"https:\/\/global.aermec.com\/wp-content\/uploads\/2026\/01\/screenshot.png\",\"width\":1200,\"height\":900,\"caption\":\"Aermec - Campioni del clima\"},{\"@type\":\"BreadcrumbList\",\"@id\":\"https:\/\/global.aermec.com\/fr\/services\/#breadcrumb\",\"itemListElement\":[{\"@type\":\"ListItem\",\"position\":1,\"name\":\"Home\",\"item\":\"https:\/\/global.aermec.com\/fr\/\"},{\"@type\":\"ListItem\",\"position\":2,\"name\":\"Services\"}]},{\"@type\":\"WebSite\",\"@id\":\"https:\/\/global.aermec.com\/fr\/#website\",\"url\":\"https:\/\/global.aermec.com\/fr\/\",\"name\":\"Aermec\",\"description\":\"Ridefiniamo il futuro della climatizzazione.\",\"publisher\":{\"@id\":\"https:\/\/global.aermec.com\/fr\/#organization\"},\"potentialAction\":[{\"@type\":\"SearchAction\",\"target\":{\"@type\":\"EntryPoint\",\"urlTemplate\":\"https:\/\/global.aermec.com\/fr\/?s={search_term_string}\"},\"query-input\":{\"@type\":\"PropertyValueSpecification\",\"valueRequired\":true,\"valueName\":\"search_term_string\"}}],\"inLanguage\":\"fr-FR\"},{\"@type\":\"Organization\",\"@id\":\"https:\/\/global.aermec.com\/fr\/#organization\",\"name\":\"Aermec\",\"url\":\"https:\/\/global.aermec.com\/fr\/\",\"logo\":{\"@type\":\"ImageObject\",\"inLanguage\":\"fr-FR\",\"@id\":\"https:\/\/global.aermec.com\/fr\/#\/schema\/logo\/image\/\",\"url\":\"https:\/\/global.aermec.com\/wp-content\/uploads\/2026\/01\/aermec-1.svg\",\"contentUrl\":\"https:\/\/global.aermec.com\/wp-content\/uploads\/2026\/01\/aermec-1.svg\",\"width\":149,\"height\":40,\"caption\":\"Aermec\"},\"image\":{\"@id\":\"https:\/\/global.aermec.com\/fr\/#\/schema\/logo\/image\/\"},\"sameAs\":[\"https:\/\/www.linkedin.com\/company\/aermec\/\",\"https:\/\/www.youtube.com\/c\/AERMECSpa\"]}]}<\/script>\n<!-- \/ Yoast SEO plugin. -->","yoast_head_json":{"title":"Services - Aermec","robots":{"index":"index","follow":"follow","max-snippet":"max-snippet:-1","max-image-preview":"max-image-preview:large","max-video-preview":"max-video-preview:-1"},"canonical":"https:\/\/global.aermec.com\/fr\/services\/","og_locale":"fr_FR","og_type":"article","og_title":"Services - Aermec","og_description":"Services Le support technique et les outils pour la conception. Aermec offre un \u00e9cosyst\u00e8me de services con\u00e7us pour accompagner les concepteurs et les installateurs \u00e0 chaque \u00e9tape du projet\u00a0: le conseil technique initial, la validation des performances par le biais de tests Witness dans ses laboratoires de pointe. Gr\u00e2ce \u00e0 des logiciels d\u00e9di\u00e9s, nous fournissons [&hellip;]","og_url":"https:\/\/global.aermec.com\/fr\/services\/","og_site_name":"Aermec","article_modified_time":"2026-03-13T13:39:54+00:00","og_image":[{"width":1200,"height":900,"url":"https:\/\/global.aermec.com\/wp-content\/uploads\/2026\/01\/screenshot.png","type":"image\/png"}],"twitter_card":"summary_large_image","twitter_misc":{"Dur\u00e9e de lecture estim\u00e9e":"3 minutes"},"schema":{"@context":"https:\/\/schema.org","@graph":[{"@type":"WebPage","@id":"https:\/\/global.aermec.com\/fr\/services\/","url":"https:\/\/global.aermec.com\/fr\/services\/","name":"Services - Aermec","isPartOf":{"@id":"https:\/\/global.aermec.com\/fr\/#website"},"primaryImageOfPage":{"@id":"https:\/\/global.aermec.com\/fr\/services\/#primaryimage"},"image":{"@id":"https:\/\/global.aermec.com\/fr\/services\/#primaryimage"},"thumbnailUrl":"https:\/\/global.aermec.com\/wp-content\/uploads\/2026\/01\/screenshot.png","datePublished":"2026-01-14T14:29:20+00:00","dateModified":"2026-03-13T13:39:54+00:00","breadcrumb":{"@id":"https:\/\/global.aermec.com\/fr\/services\/#breadcrumb"},"inLanguage":"fr-FR","potentialAction":[{"@type":"ReadAction","target":["https:\/\/global.aermec.com\/fr\/services\/"]}]},{"@type":"ImageObject","inLanguage":"fr-FR","@id":"https:\/\/global.aermec.com\/fr\/services\/#primaryimage","url":"https:\/\/global.aermec.com\/wp-content\/uploads\/2026\/01\/screenshot.png","contentUrl":"https:\/\/global.aermec.com\/wp-content\/uploads\/2026\/01\/screenshot.png","width":1200,"height":900,"caption":"Aermec - Campioni del clima"},{"@type":"BreadcrumbList","@id":"https:\/\/global.aermec.com\/fr\/services\/#breadcrumb","itemListElement":[{"@type":"ListItem","position":1,"name":"Home","item":"https:\/\/global.aermec.com\/fr\/"},{"@type":"ListItem","position":2,"name":"Services"}]},{"@type":"WebSite","@id":"https:\/\/global.aermec.com\/fr\/#website","url":"https:\/\/global.aermec.com\/fr\/","name":"Aermec","description":"Ridefiniamo il futuro della climatizzazione.","publisher":{"@id":"https:\/\/global.aermec.com\/fr\/#organization"},"potentialAction":[{"@type":"SearchAction","target":{"@type":"EntryPoint","urlTemplate":"https:\/\/global.aermec.com\/fr\/?s={search_term_string}"},"query-input":{"@type":"PropertyValueSpecification","valueRequired":true,"valueName":"search_term_string"}}],"inLanguage":"fr-FR"},{"@type":"Organization","@id":"https:\/\/global.aermec.com\/fr\/#organization","name":"Aermec","url":"https:\/\/global.aermec.com\/fr\/","logo":{"@type":"ImageObject","inLanguage":"fr-FR","@id":"https:\/\/global.aermec.com\/fr\/#\/schema\/logo\/image\/","url":"https:\/\/global.aermec.com\/wp-content\/uploads\/2026\/01\/aermec-1.svg","contentUrl":"https:\/\/global.aermec.com\/wp-content\/uploads\/2026\/01\/aermec-1.svg","width":149,"height":40,"caption":"Aermec"},"image":{"@id":"https:\/\/global.aermec.com\/fr\/#\/schema\/logo\/image\/"},"sameAs":["https:\/\/www.linkedin.com\/company\/aermec\/","https:\/\/www.youtube.com\/c\/AERMECSpa"]}]}},"_links":{"self":[{"href":"https:\/\/global.aermec.com\/fr\/wp-json\/wp\/v2\/pages\/10702","targetHints":{"allow":["GET"]}}],"collection":[{"href":"https:\/\/global.aermec.com\/fr\/wp-json\/wp\/v2\/pages"}],"about":[{"href":"https:\/\/global.aermec.com\/fr\/wp-json\/wp\/v2\/types\/page"}],"author":[{"embeddable":true,"href":"https:\/\/global.aermec.com\/fr\/wp-json\/wp\/v2\/users\/1"}],"replies":[{"embeddable":true,"href":"https:\/\/global.aermec.com\/fr\/wp-json\/wp\/v2\/comments?post=10702"}],"version-history":[{"count":4,"href":"https:\/\/global.aermec.com\/fr\/wp-json\/wp\/v2\/pages\/10702\/revisions"}],"predecessor-version":[{"id":10709,"href":"https:\/\/global.aermec.com\/fr\/wp-json\/wp\/v2\/pages\/10702\/revisions\/10709"}],"wp:featuredmedia":[{"embeddable":true,"href":"https:\/\/global.aermec.com\/fr\/wp-json\/wp\/v2\/media\/4099"}],"wp:attachment":[{"href":"https:\/\/global.aermec.com\/fr\/wp-json\/wp\/v2\/media?parent=10702"}],"curies":[{"name":"wp","href":"https:\/\/api.w.org\/{rel}","templated":true}]}}