{"id":10471,"date":"2026-01-27T16:42:54","date_gmt":"2026-01-27T15:42:54","guid":{"rendered":"https:\/\/global.aermec.com\/lavora-con-noi\/"},"modified":"2026-03-30T10:29:49","modified_gmt":"2026-03-30T08:29:49","slug":"travaillez-avec-nous","status":"publish","type":"page","link":"https:\/\/global.aermec.com\/fr\/travaillez-avec-nous\/","title":{"rendered":"Travaillez avec nous"},"content":{"rendered":"\t\t<div data-elementor-type=\"wp-page\" data-elementor-id=\"10471\" class=\"elementor elementor-10471 elementor-485\" data-elementor-post-type=\"page\">\n\t\t\t\t<div class=\"elementor-element elementor-element-d73aa1d e-flex e-con-boxed e-con e-parent\" data-id=\"d73aa1d\" data-element_type=\"container\" data-e-type=\"container\">\n\t\t\t\t\t<div class=\"e-con-inner\">\n\t\t\t\t<div class=\"elementor-element elementor-element-07c2584 elementor-widget elementor-widget-image\" data-id=\"07c2584\" data-element_type=\"widget\" data-e-type=\"widget\" data-widget_type=\"image.default\">\n\t\t\t\t\t\t\t\t\t\t\t\t\t\t\t<img fetchpriority=\"high\" decoding=\"async\" width=\"2560\" height=\"1279\" src=\"https:\/\/global.aermec.com\/wp-content\/uploads\/2026\/01\/aermec-lavora-con-noi-scaled.webp\" class=\"attachment-full size-full wp-image-6204\" alt=\"operatore che controlla un componente macchina\" srcset=\"https:\/\/global.aermec.com\/wp-content\/uploads\/2026\/01\/aermec-lavora-con-noi-scaled.webp 2560w, https:\/\/global.aermec.com\/wp-content\/uploads\/2026\/01\/aermec-lavora-con-noi-300x150.webp 300w, https:\/\/global.aermec.com\/wp-content\/uploads\/2026\/01\/aermec-lavora-con-noi-1024x512.webp 1024w, https:\/\/global.aermec.com\/wp-content\/uploads\/2026\/01\/aermec-lavora-con-noi-768x384.webp 768w, https:\/\/global.aermec.com\/wp-content\/uploads\/2026\/01\/aermec-lavora-con-noi-1536x768.webp 1536w, https:\/\/global.aermec.com\/wp-content\/uploads\/2026\/01\/aermec-lavora-con-noi-2048x1023.webp 2048w\" sizes=\"(max-width: 2560px) 100vw, 2560px\" \/>\t\t\t\t\t\t\t\t\t\t\t\t\t\t\t<\/div>\n\t\t\t\t\t<\/div>\n\t\t\t\t<\/div>\n\t\t<div class=\"elementor-element elementor-element-5597614 e-flex e-con-boxed e-con e-parent\" data-id=\"5597614\" data-element_type=\"container\" data-e-type=\"container\">\n\t\t\t\t\t<div class=\"e-con-inner\">\n\t\t<div class=\"elementor-element elementor-element-1104696 e-con-full e-flex e-con e-child\" data-id=\"1104696\" data-element_type=\"container\" data-e-type=\"container\">\n\t\t\t\t<div class=\"elementor-element elementor-element-2ad182e elementor-widget elementor-widget-heading\" data-id=\"2ad182e\" data-element_type=\"widget\" data-e-type=\"widget\" data-widget_type=\"heading.default\">\n\t\t\t\t\t<h1 class=\"elementor-heading-title elementor-size-default\">Travaillez avec nous<\/h1>\t\t\t\t<\/div>\n\t\t\t\t<div class=\"elementor-element elementor-element-4148500 elementor-widget__width-initial elementor-widget elementor-widget-heading\" data-id=\"4148500\" data-element_type=\"widget\" data-e-type=\"widget\" data-widget_type=\"heading.default\">\n\t\t\t\t\t<h2 class=\"elementor-heading-title elementor-size-default\">Nous vous attendons<\/h2>\t\t\t\t<\/div>\n\t\t\t\t<div class=\"elementor-element elementor-element-eab1f15 elementor-widget elementor-widget-text-editor\" data-id=\"eab1f15\" data-element_type=\"widget\" data-e-type=\"widget\" data-widget_type=\"text-editor.default\">\n\t\t\t\t\t\t\t\t\t<p>GRIG et Aermec sont convaincus de l\u2019importance du d\u00e9veloppement personnel tout en favorisant simultan\u00e9ment un esprit d\u2019\u00e9quipe o\u00f9 chacun se sent \u00e9cout\u00e9, valoris\u00e9 et soutenu. Ici, l\u2019environnement de travail est un lieu o\u00f9 la s\u00e9curit\u00e9 des conditions de travail est assur\u00e9e, o\u00f9 l\u2019exp\u00e9rimentation et l\u2019apprentissage sont encourag\u00e9s, et o\u00f9 les comp\u00e9tences sont identifi\u00e9es et d\u00e9velopp\u00e9es.<br \/>GRIG et Aermec sont en permanence \u00e0 la qu\u00eate de candidats qui adh\u00e8rent \u00e0 leur philosophie et leurs principes, dans le but de progresser ensemble avec l\u2019entreprise.<\/p>\t\t\t\t\t\t\t\t<\/div>\n\t\t<div class=\"elementor-element elementor-element-d65b8dc e-con-full e-flex e-con e-child\" data-id=\"d65b8dc\" data-element_type=\"container\" data-e-type=\"container\">\n\t\t\t\t<div class=\"elementor-element elementor-element-f113548 elementor-align-left elementor-widget elementor-widget-button\" data-id=\"f113548\" data-element_type=\"widget\" data-e-type=\"widget\" data-widget_type=\"button.default\">\n\t\t\t\t\t\t\t\t\t\t<a class=\"elementor-button elementor-button-link elementor-size-sm\" href=\"#travaillez-avec-nous\">\n\t\t\t\t\t\t<span class=\"elementor-button-content-wrapper\">\n\t\t\t\t\t\t<span class=\"elementor-button-icon\">\n\t\t\t\t<svg aria-hidden=\"true\" class=\"e-font-icon-svg e-fas-caret-right\" viewBox=\"0 0 192 512\" xmlns=\"http:\/\/www.w3.org\/2000\/svg\"><path d=\"M0 384.662V127.338c0-17.818 21.543-26.741 34.142-14.142l128.662 128.662c7.81 7.81 7.81 20.474 0 28.284L34.142 398.804C21.543 411.404 0 402.48 0 384.662z\"><\/path><\/svg>\t\t\t<\/span>\n\t\t\t\t\t\t\t\t\t<span class=\"elementor-button-text\">Rechercher parmi les postes \u00e0 pourvoir<\/span>\n\t\t\t\t\t<\/span>\n\t\t\t\t\t<\/a>\n\t\t\t\t\t\t\t\t<\/div>\n\t\t\t\t<div class=\"elementor-element elementor-element-a71cad6 elementor-align-left elementor-widget elementor-widget-button\" data-id=\"a71cad6\" data-element_type=\"widget\" data-e-type=\"widget\" data-widget_type=\"button.default\">\n\t\t\t\t\t\t\t\t\t\t<a class=\"elementor-button elementor-button-link elementor-size-sm\" href=\"https:\/\/recruiting.aermec.com\/\" target=\"_blank\">\n\t\t\t\t\t\t<span class=\"elementor-button-content-wrapper\">\n\t\t\t\t\t\t<span class=\"elementor-button-icon\">\n\t\t\t\t<svg aria-hidden=\"true\" class=\"e-font-icon-svg e-fas-caret-right\" viewBox=\"0 0 192 512\" xmlns=\"http:\/\/www.w3.org\/2000\/svg\"><path d=\"M0 384.662V127.338c0-17.818 21.543-26.741 34.142-14.142l128.662 128.662c7.81 7.81 7.81 20.474 0 28.284L34.142 398.804C21.543 411.404 0 402.48 0 384.662z\"><\/path><\/svg>\t\t\t<\/span>\n\t\t\t\t\t\t\t\t\t<span class=\"elementor-button-text\">Envoyer une candidature spontan\u00e9e<\/span>\n\t\t\t\t\t<\/span>\n\t\t\t\t\t<\/a>\n\t\t\t\t\t\t\t\t<\/div>\n\t\t\t\t<\/div>\n\t\t\t\t<\/div>\n\t\t\t\t\t<\/div>\n\t\t\t\t<\/div>\n\t\t<div class=\"elementor-element elementor-element-4b3f401 e-flex e-con-boxed e-con e-parent\" data-id=\"4b3f401\" data-element_type=\"container\" data-e-type=\"container\" data-settings=\"{&quot;background_background&quot;:&quot;classic&quot;}\">\n\t\t\t\t\t<div class=\"e-con-inner\">\n\t\t\t\t<div class=\"elementor-element elementor-element-5ab0f6d elementor-widget elementor-widget-heading\" data-id=\"5ab0f6d\" data-element_type=\"widget\" data-e-type=\"widget\" data-widget_type=\"heading.default\">\n\t\t\t\t\t<h3 class=\"elementor-heading-title elementor-size-default\">Ce que nous offrons<\/h3>\t\t\t\t<\/div>\n\t\t<div class=\"elementor-element elementor-element-2ccef94 e-grid e-con-full e-con e-child\" data-id=\"2ccef94\" data-element_type=\"container\" data-e-type=\"container\" data-settings=\"{&quot;background_background&quot;:&quot;classic&quot;}\">\n\t\t<div class=\"elementor-element elementor-element-f17af87 e-con-full e-flex e-con e-child\" data-id=\"f17af87\" data-element_type=\"container\" data-e-type=\"container\">\n\t\t\t\t<div class=\"elementor-element elementor-element-2fd6078 elementor-widget elementor-widget-heading\" data-id=\"2fd6078\" data-element_type=\"widget\" data-e-type=\"widget\" data-widget_type=\"heading.default\">\n\t\t\t\t\t<p class=\"elementor-heading-title elementor-size-default\">Un environnement de travail s\u00fbr et confortable,<\/p>\t\t\t\t<\/div>\n\t\t\t\t<div class=\"elementor-element elementor-element-82e5225 elementor-widget elementor-widget-heading\" data-id=\"82e5225\" data-element_type=\"widget\" data-e-type=\"widget\" data-widget_type=\"heading.default\">\n\t\t\t\t\t<p class=\"elementor-heading-title elementor-size-default\">o\u00f9 les personnes sont \u00e9cout\u00e9es, consid\u00e9r\u00e9es et valoris\u00e9es.<\/p>\t\t\t\t<\/div>\n\t\t\t\t<\/div>\n\t\t<div class=\"elementor-element elementor-element-2cec439 e-con-full e-flex e-con e-child\" data-id=\"2cec439\" data-element_type=\"container\" data-e-type=\"container\">\n\t\t\t\t<div class=\"elementor-element elementor-element-a59be86 elementor-widget elementor-widget-heading\" data-id=\"a59be86\" data-element_type=\"widget\" data-e-type=\"widget\" data-widget_type=\"heading.default\">\n\t\t\t\t\t<p class=\"elementor-heading-title elementor-size-default\">Un projet de croissance personnelle<\/p>\t\t\t\t<\/div>\n\t\t\t\t<div class=\"elementor-element elementor-element-2e43d26 elementor-widget elementor-widget-heading\" data-id=\"2e43d26\" data-element_type=\"widget\" data-e-type=\"widget\" data-widget_type=\"heading.default\">\n\t\t\t\t\t<p class=\"elementor-heading-title elementor-size-default\">et professionnelle au sein d'un groupe italien aux racines solides et tourn\u00e9 vers l'avenir.<\/p>\t\t\t\t<\/div>\n\t\t\t\t<\/div>\n\t\t<div class=\"elementor-element elementor-element-da53e02 e-con-full e-flex e-con e-child\" data-id=\"da53e02\" data-element_type=\"container\" data-e-type=\"container\">\n\t\t\t\t<div class=\"elementor-element elementor-element-7e79f43 elementor-widget elementor-widget-heading\" data-id=\"7e79f43\" data-element_type=\"widget\" data-e-type=\"widget\" data-widget_type=\"heading.default\">\n\t\t\t\t\t<p class=\"elementor-heading-title elementor-size-default\">La dimension internationale d'un groupe <\/p>\t\t\t\t<\/div>\n\t\t\t\t<div class=\"elementor-element elementor-element-365618d elementor-widget elementor-widget-heading\" data-id=\"365618d\" data-element_type=\"widget\" data-e-type=\"widget\" data-widget_type=\"heading.default\">\n\t\t\t\t\t<p class=\"elementor-heading-title elementor-size-default\">industriel articul\u00e9, o\u00f9 les opportunit\u00e9s pour ceux qui y travaillent se multiplient et g\u00e9n\u00e8rent un d\u00e9veloppement et une innovation continus.<\/p>\t\t\t\t<\/div>\n\t\t\t\t<\/div>\n\t\t\t\t<\/div>\n\t\t\t\t\t<\/div>\n\t\t\t\t<\/div>\n\t\t<div class=\"elementor-element elementor-element-5c1a680 e-flex e-con-boxed e-con e-parent\" data-id=\"5c1a680\" data-element_type=\"container\" data-e-type=\"container\">\n\t\t\t\t\t<div class=\"e-con-inner\">\n\t\t\t\t<div class=\"elementor-element elementor-element-0ba3833 elementor-widget elementor-widget-menu-anchor\" data-id=\"0ba3833\" data-element_type=\"widget\" data-e-type=\"widget\" data-widget_type=\"menu-anchor.default\">\n\t\t\t\t\t\t\t<div class=\"elementor-menu-anchor\" id=\"travaillez-avec-nous\"><\/div>\n\t\t\t\t\t\t<\/div>\n\t\t\t\t\t<\/div>\n\t\t\t\t<\/div>\n\t\t\t\t<\/div>\n\t\t","protected":false},"excerpt":{"rendered":"<p>Travaillez avec nous Nous vous attendons GRIG et Aermec sont convaincus de l\u2019importance du d\u00e9veloppement personnel tout en favorisant simultan\u00e9ment un esprit d\u2019\u00e9quipe o\u00f9 chacun se sent \u00e9cout\u00e9, valoris\u00e9 et soutenu. Ici, l\u2019environnement de travail est un lieu o\u00f9 la s\u00e9curit\u00e9 des conditions de travail est assur\u00e9e, o\u00f9 l\u2019exp\u00e9rimentation et l\u2019apprentissage sont encourag\u00e9s, et o\u00f9 [&hellip;]<\/p>\n","protected":false},"author":1,"featured_media":4099,"parent":0,"menu_order":55,"comment_status":"closed","ping_status":"closed","template":"template\/job-opportunities.php","meta":{"_acf_changed":false,"footnotes":""},"class_list":["post-10471","page","type-page","status-publish","has-post-thumbnail","hentry"],"acf":[],"yoast_head":"<!-- This site is optimized with the Yoast SEO plugin v27.2 - https:\/\/yoast.com\/product\/yoast-seo-wordpress\/ -->\n<title>Travaillez avec nous - Aermec<\/title>\n<meta name=\"robots\" content=\"index, follow, max-snippet:-1, max-image-preview:large, max-video-preview:-1\" \/>\n<link rel=\"canonical\" href=\"https:\/\/global.aermec.com\/fr\/travaillez-avec-nous\/\" \/>\n<meta property=\"og:locale\" content=\"fr_FR\" \/>\n<meta property=\"og:type\" content=\"article\" \/>\n<meta property=\"og:title\" content=\"Travaillez avec nous - Aermec\" \/>\n<meta property=\"og:description\" content=\"Travaillez avec nous Nous vous attendons GRIG et Aermec sont convaincus de l\u2019importance du d\u00e9veloppement personnel tout en favorisant simultan\u00e9ment un esprit d\u2019\u00e9quipe o\u00f9 chacun se sent \u00e9cout\u00e9, valoris\u00e9 et soutenu. Ici, l\u2019environnement de travail est un lieu o\u00f9 la s\u00e9curit\u00e9 des conditions de travail est assur\u00e9e, o\u00f9 l\u2019exp\u00e9rimentation et l\u2019apprentissage sont encourag\u00e9s, et o\u00f9 [&hellip;]\" \/>\n<meta property=\"og:url\" content=\"https:\/\/global.aermec.com\/fr\/travaillez-avec-nous\/\" \/>\n<meta property=\"og:site_name\" content=\"Aermec\" \/>\n<meta property=\"article:modified_time\" content=\"2026-03-30T08:29:49+00:00\" \/>\n<meta property=\"og:image\" content=\"https:\/\/global.aermec.com\/wp-content\/uploads\/2026\/01\/screenshot.png\" \/>\n\t<meta property=\"og:image:width\" content=\"1200\" \/>\n\t<meta property=\"og:image:height\" content=\"900\" \/>\n\t<meta property=\"og:image:type\" content=\"image\/png\" \/>\n<meta name=\"twitter:card\" content=\"summary_large_image\" \/>\n<meta name=\"twitter:label1\" content=\"Dur\u00e9e de lecture estim\u00e9e\" \/>\n\t<meta name=\"twitter:data1\" content=\"1 minute\" \/>\n<script type=\"application\/ld+json\" class=\"yoast-schema-graph\">{\"@context\":\"https:\/\/schema.org\",\"@graph\":[{\"@type\":\"WebPage\",\"@id\":\"https:\/\/global.aermec.com\/fr\/travaillez-avec-nous\/\",\"url\":\"https:\/\/global.aermec.com\/fr\/travaillez-avec-nous\/\",\"name\":\"Travaillez avec nous - Aermec\",\"isPartOf\":{\"@id\":\"https:\/\/global.aermec.com\/fr\/#website\"},\"primaryImageOfPage\":{\"@id\":\"https:\/\/global.aermec.com\/fr\/travaillez-avec-nous\/#primaryimage\"},\"image\":{\"@id\":\"https:\/\/global.aermec.com\/fr\/travaillez-avec-nous\/#primaryimage\"},\"thumbnailUrl\":\"https:\/\/global.aermec.com\/wp-content\/uploads\/2026\/01\/screenshot.png\",\"datePublished\":\"2026-01-27T15:42:54+00:00\",\"dateModified\":\"2026-03-30T08:29:49+00:00\",\"breadcrumb\":{\"@id\":\"https:\/\/global.aermec.com\/fr\/travaillez-avec-nous\/#breadcrumb\"},\"inLanguage\":\"fr-FR\",\"potentialAction\":[{\"@type\":\"ReadAction\",\"target\":[\"https:\/\/global.aermec.com\/fr\/travaillez-avec-nous\/\"]}]},{\"@type\":\"ImageObject\",\"inLanguage\":\"fr-FR\",\"@id\":\"https:\/\/global.aermec.com\/fr\/travaillez-avec-nous\/#primaryimage\",\"url\":\"https:\/\/global.aermec.com\/wp-content\/uploads\/2026\/01\/screenshot.png\",\"contentUrl\":\"https:\/\/global.aermec.com\/wp-content\/uploads\/2026\/01\/screenshot.png\",\"width\":1200,\"height\":900,\"caption\":\"Aermec - Campioni del clima\"},{\"@type\":\"BreadcrumbList\",\"@id\":\"https:\/\/global.aermec.com\/fr\/travaillez-avec-nous\/#breadcrumb\",\"itemListElement\":[{\"@type\":\"ListItem\",\"position\":1,\"name\":\"Home\",\"item\":\"https:\/\/global.aermec.com\/fr\/\"},{\"@type\":\"ListItem\",\"position\":2,\"name\":\"Travaillez avec nous\"}]},{\"@type\":\"WebSite\",\"@id\":\"https:\/\/global.aermec.com\/fr\/#website\",\"url\":\"https:\/\/global.aermec.com\/fr\/\",\"name\":\"Aermec\",\"description\":\"Ridefiniamo il futuro della climatizzazione.\",\"publisher\":{\"@id\":\"https:\/\/global.aermec.com\/fr\/#organization\"},\"potentialAction\":[{\"@type\":\"SearchAction\",\"target\":{\"@type\":\"EntryPoint\",\"urlTemplate\":\"https:\/\/global.aermec.com\/fr\/?s={search_term_string}\"},\"query-input\":{\"@type\":\"PropertyValueSpecification\",\"valueRequired\":true,\"valueName\":\"search_term_string\"}}],\"inLanguage\":\"fr-FR\"},{\"@type\":\"Organization\",\"@id\":\"https:\/\/global.aermec.com\/fr\/#organization\",\"name\":\"Aermec\",\"url\":\"https:\/\/global.aermec.com\/fr\/\",\"logo\":{\"@type\":\"ImageObject\",\"inLanguage\":\"fr-FR\",\"@id\":\"https:\/\/global.aermec.com\/fr\/#\/schema\/logo\/image\/\",\"url\":\"https:\/\/global.aermec.com\/wp-content\/uploads\/2026\/01\/aermec-1.svg\",\"contentUrl\":\"https:\/\/global.aermec.com\/wp-content\/uploads\/2026\/01\/aermec-1.svg\",\"width\":149,\"height\":40,\"caption\":\"Aermec\"},\"image\":{\"@id\":\"https:\/\/global.aermec.com\/fr\/#\/schema\/logo\/image\/\"},\"sameAs\":[\"https:\/\/www.linkedin.com\/company\/aermec\/\",\"https:\/\/www.youtube.com\/c\/AERMECSpa\"]}]}<\/script>\n<!-- \/ Yoast SEO plugin. -->","yoast_head_json":{"title":"Travaillez avec nous - Aermec","robots":{"index":"index","follow":"follow","max-snippet":"max-snippet:-1","max-image-preview":"max-image-preview:large","max-video-preview":"max-video-preview:-1"},"canonical":"https:\/\/global.aermec.com\/fr\/travaillez-avec-nous\/","og_locale":"fr_FR","og_type":"article","og_title":"Travaillez avec nous - Aermec","og_description":"Travaillez avec nous Nous vous attendons GRIG et Aermec sont convaincus de l\u2019importance du d\u00e9veloppement personnel tout en favorisant simultan\u00e9ment un esprit d\u2019\u00e9quipe o\u00f9 chacun se sent \u00e9cout\u00e9, valoris\u00e9 et soutenu. Ici, l\u2019environnement de travail est un lieu o\u00f9 la s\u00e9curit\u00e9 des conditions de travail est assur\u00e9e, o\u00f9 l\u2019exp\u00e9rimentation et l\u2019apprentissage sont encourag\u00e9s, et o\u00f9 [&hellip;]","og_url":"https:\/\/global.aermec.com\/fr\/travaillez-avec-nous\/","og_site_name":"Aermec","article_modified_time":"2026-03-30T08:29:49+00:00","og_image":[{"width":1200,"height":900,"url":"https:\/\/global.aermec.com\/wp-content\/uploads\/2026\/01\/screenshot.png","type":"image\/png"}],"twitter_card":"summary_large_image","twitter_misc":{"Dur\u00e9e de lecture estim\u00e9e":"1 minute"},"schema":{"@context":"https:\/\/schema.org","@graph":[{"@type":"WebPage","@id":"https:\/\/global.aermec.com\/fr\/travaillez-avec-nous\/","url":"https:\/\/global.aermec.com\/fr\/travaillez-avec-nous\/","name":"Travaillez avec nous - Aermec","isPartOf":{"@id":"https:\/\/global.aermec.com\/fr\/#website"},"primaryImageOfPage":{"@id":"https:\/\/global.aermec.com\/fr\/travaillez-avec-nous\/#primaryimage"},"image":{"@id":"https:\/\/global.aermec.com\/fr\/travaillez-avec-nous\/#primaryimage"},"thumbnailUrl":"https:\/\/global.aermec.com\/wp-content\/uploads\/2026\/01\/screenshot.png","datePublished":"2026-01-27T15:42:54+00:00","dateModified":"2026-03-30T08:29:49+00:00","breadcrumb":{"@id":"https:\/\/global.aermec.com\/fr\/travaillez-avec-nous\/#breadcrumb"},"inLanguage":"fr-FR","potentialAction":[{"@type":"ReadAction","target":["https:\/\/global.aermec.com\/fr\/travaillez-avec-nous\/"]}]},{"@type":"ImageObject","inLanguage":"fr-FR","@id":"https:\/\/global.aermec.com\/fr\/travaillez-avec-nous\/#primaryimage","url":"https:\/\/global.aermec.com\/wp-content\/uploads\/2026\/01\/screenshot.png","contentUrl":"https:\/\/global.aermec.com\/wp-content\/uploads\/2026\/01\/screenshot.png","width":1200,"height":900,"caption":"Aermec - Campioni del clima"},{"@type":"BreadcrumbList","@id":"https:\/\/global.aermec.com\/fr\/travaillez-avec-nous\/#breadcrumb","itemListElement":[{"@type":"ListItem","position":1,"name":"Home","item":"https:\/\/global.aermec.com\/fr\/"},{"@type":"ListItem","position":2,"name":"Travaillez avec nous"}]},{"@type":"WebSite","@id":"https:\/\/global.aermec.com\/fr\/#website","url":"https:\/\/global.aermec.com\/fr\/","name":"Aermec","description":"Ridefiniamo il futuro della climatizzazione.","publisher":{"@id":"https:\/\/global.aermec.com\/fr\/#organization"},"potentialAction":[{"@type":"SearchAction","target":{"@type":"EntryPoint","urlTemplate":"https:\/\/global.aermec.com\/fr\/?s={search_term_string}"},"query-input":{"@type":"PropertyValueSpecification","valueRequired":true,"valueName":"search_term_string"}}],"inLanguage":"fr-FR"},{"@type":"Organization","@id":"https:\/\/global.aermec.com\/fr\/#organization","name":"Aermec","url":"https:\/\/global.aermec.com\/fr\/","logo":{"@type":"ImageObject","inLanguage":"fr-FR","@id":"https:\/\/global.aermec.com\/fr\/#\/schema\/logo\/image\/","url":"https:\/\/global.aermec.com\/wp-content\/uploads\/2026\/01\/aermec-1.svg","contentUrl":"https:\/\/global.aermec.com\/wp-content\/uploads\/2026\/01\/aermec-1.svg","width":149,"height":40,"caption":"Aermec"},"image":{"@id":"https:\/\/global.aermec.com\/fr\/#\/schema\/logo\/image\/"},"sameAs":["https:\/\/www.linkedin.com\/company\/aermec\/","https:\/\/www.youtube.com\/c\/AERMECSpa"]}]}},"_links":{"self":[{"href":"https:\/\/global.aermec.com\/fr\/wp-json\/wp\/v2\/pages\/10471","targetHints":{"allow":["GET"]}}],"collection":[{"href":"https:\/\/global.aermec.com\/fr\/wp-json\/wp\/v2\/pages"}],"about":[{"href":"https:\/\/global.aermec.com\/fr\/wp-json\/wp\/v2\/types\/page"}],"author":[{"embeddable":true,"href":"https:\/\/global.aermec.com\/fr\/wp-json\/wp\/v2\/users\/1"}],"replies":[{"embeddable":true,"href":"https:\/\/global.aermec.com\/fr\/wp-json\/wp\/v2\/comments?post=10471"}],"version-history":[{"count":10,"href":"https:\/\/global.aermec.com\/fr\/wp-json\/wp\/v2\/pages\/10471\/revisions"}],"predecessor-version":[{"id":11556,"href":"https:\/\/global.aermec.com\/fr\/wp-json\/wp\/v2\/pages\/10471\/revisions\/11556"}],"wp:featuredmedia":[{"embeddable":true,"href":"https:\/\/global.aermec.com\/fr\/wp-json\/wp\/v2\/media\/4099"}],"wp:attachment":[{"href":"https:\/\/global.aermec.com\/fr\/wp-json\/wp\/v2\/media?parent=10471"}],"curies":[{"name":"wp","href":"https:\/\/api.w.org\/{rel}","templated":true}]}}