{"id":5734,"date":"2026-01-14T16:10:21","date_gmt":"2026-01-14T15:10:21","guid":{"rendered":"https:\/\/global.aermec.com\/note-legali\/"},"modified":"2026-03-03T14:19:57","modified_gmt":"2026-03-03T13:19:57","slug":"aviso-legal","status":"publish","type":"page","link":"https:\/\/global.aermec.com\/es\/aviso-legal\/","title":{"rendered":"Aviso legal"},"content":{"rendered":"\t\t<div data-elementor-type=\"wp-page\" data-elementor-id=\"5734\" class=\"elementor elementor-5734 elementor-239\" data-elementor-post-type=\"page\">\n\t\t\t\t<div class=\"elementor-element elementor-element-b4f791b e-flex e-con-boxed e-con e-parent\" data-id=\"b4f791b\" data-element_type=\"container\" data-e-type=\"container\">\n\t\t\t\t\t<div class=\"e-con-inner\">\n\t\t\t\t<div class=\"elementor-element elementor-element-9d4d4c7 elementor-widget elementor-widget-heading\" data-id=\"9d4d4c7\" data-element_type=\"widget\" data-e-type=\"widget\" data-widget_type=\"heading.default\">\n\t\t\t\t\t<h1 class=\"elementor-heading-title elementor-size-default\">Aviso legal<\/h1>\t\t\t\t<\/div>\n\t\t\t\t<div class=\"elementor-element elementor-element-4a8b1ec elementor-widget elementor-widget-text-editor\" data-id=\"4a8b1ec\" data-element_type=\"widget\" data-e-type=\"widget\" data-widget_type=\"text-editor.default\">\n\t\t\t\t\t\t\t\t\t<p class=\"p1\">Muchos de los enlaces de este sitio dirigen a p\u00e1ginas web externas que son mantenidas y alojadas por terceras partes, sobre las cuales Aermec S.p.A. no tiene control y de ninguna manera es responsable.<\/p><p>El nombre Aermec no puede ser utilizado para t\u00edtulos de p\u00e1ginas, y metaetiquetas seg\u00fan la reglamentaci\u00f3n con fecha de 18\/01\/2001 emitida por la novena secci\u00f3n del Tribunal Civil de Roma, que indica que el nombre de una empresa de la competencia no puede ser utilizado como metaetiqueta para dirigir b\u00fasquedas de clientes potenciales realizadas en los motores de b\u00fasqueda.<\/p><p>\u00a0<\/p><p><strong>Hiperv\u00ednculo a Aermec<\/strong><br \/>En caso de copiarse el logo Aermec S.p.A., se puede otorgar una licencia no cedible, intransferible y no exclusiva para usar el logotipo en la p\u00e1gina web de propiedad con el \u00fanico objetivo de crear un hiperv\u00ednculo a www.aermec.com. El logotipo no puede utilizarse para ning\u00fan otro objetivo.<\/p><p>\u00a0<\/p><p><strong>Sede y limitaci\u00f3n de responsabilidad<\/strong><br \/>Seg\u00fan este Acuerdo, los derechos y obligaciones de las partes ser\u00e1n regulados seg\u00fan la legislaci\u00f3n italiana excluyendo los copyrights regulados por tratados internacionales. Por la presente, las partes acuerdan y aceptan que el Foro de Legnago o Verona tendr\u00e1 jurisdicci\u00f3n exclusiva para cualquier acci\u00f3n o procedimiento legal derivados de o en relaci\u00f3n con este Acuerdo, y cada una de las partes acepta la jurisdicci\u00f3n personal de estos tribunales con el objeto de cualquier acci\u00f3n o procedimiento. Las partes renuncian a todos los derechos que posean o que puedan derivarse para impugnar esta jurisdicci\u00f3n exclusiva.<\/p>\t\t\t\t\t\t\t\t<\/div>\n\t\t\t\t\t<\/div>\n\t\t\t\t<\/div>\n\t\t\t\t<\/div>\n\t\t","protected":false},"excerpt":{"rendered":"<p>Aviso legal Muchos de los enlaces de este sitio dirigen a p\u00e1ginas web externas que son mantenidas y alojadas por terceras partes, sobre las cuales Aermec S.p.A. no tiene control y de ninguna manera es responsable. El nombre Aermec no puede ser utilizado para t\u00edtulos de p\u00e1ginas, y metaetiquetas seg\u00fan la reglamentaci\u00f3n con fecha de [&hellip;]<\/p>\n","protected":false},"author":1,"featured_media":4105,"parent":0,"menu_order":220,"comment_status":"closed","ping_status":"closed","template":"","meta":{"_acf_changed":false,"footnotes":""},"class_list":["post-5734","page","type-page","status-publish","has-post-thumbnail","hentry"],"acf":[],"yoast_head":"<!-- This site is optimized with the Yoast SEO plugin v27.2 - https:\/\/yoast.com\/product\/yoast-seo-wordpress\/ -->\n<title>Aviso legal - Aermec<\/title>\n<meta name=\"robots\" content=\"index, follow, max-snippet:-1, max-image-preview:large, max-video-preview:-1\" \/>\n<link rel=\"canonical\" href=\"https:\/\/global.aermec.com\/es\/aviso-legal\/\" \/>\n<meta property=\"og:locale\" content=\"es_ES\" \/>\n<meta property=\"og:type\" content=\"article\" \/>\n<meta property=\"og:title\" content=\"Aviso legal - Aermec\" \/>\n<meta property=\"og:description\" content=\"Aviso legal Muchos de los enlaces de este sitio dirigen a p\u00e1ginas web externas que son mantenidas y alojadas por terceras partes, sobre las cuales Aermec S.p.A. no tiene control y de ninguna manera es responsable. El nombre Aermec no puede ser utilizado para t\u00edtulos de p\u00e1ginas, y metaetiquetas seg\u00fan la reglamentaci\u00f3n con fecha de [&hellip;]\" \/>\n<meta property=\"og:url\" content=\"https:\/\/global.aermec.com\/es\/aviso-legal\/\" \/>\n<meta property=\"og:site_name\" content=\"Aermec\" \/>\n<meta property=\"article:modified_time\" content=\"2026-03-03T13:19:57+00:00\" \/>\n<meta property=\"og:image\" content=\"https:\/\/global.aermec.com\/wp-content\/uploads\/2026\/01\/screenshot.png\" \/>\n\t<meta property=\"og:image:width\" content=\"1200\" \/>\n\t<meta property=\"og:image:height\" content=\"900\" \/>\n\t<meta property=\"og:image:type\" content=\"image\/png\" \/>\n<meta name=\"twitter:card\" content=\"summary_large_image\" \/>\n<meta name=\"twitter:label1\" content=\"Tiempo de lectura\" \/>\n\t<meta name=\"twitter:data1\" content=\"2 minutos\" \/>\n<script type=\"application\/ld+json\" class=\"yoast-schema-graph\">{\"@context\":\"https:\/\/schema.org\",\"@graph\":[{\"@type\":\"WebPage\",\"@id\":\"https:\/\/global.aermec.com\/es\/aviso-legal\/\",\"url\":\"https:\/\/global.aermec.com\/es\/aviso-legal\/\",\"name\":\"Aviso legal - Aermec\",\"isPartOf\":{\"@id\":\"https:\/\/global.aermec.com\/es\/#website\"},\"primaryImageOfPage\":{\"@id\":\"https:\/\/global.aermec.com\/es\/aviso-legal\/#primaryimage\"},\"image\":{\"@id\":\"https:\/\/global.aermec.com\/es\/aviso-legal\/#primaryimage\"},\"thumbnailUrl\":\"https:\/\/global.aermec.com\/wp-content\/uploads\/2026\/01\/screenshot.png\",\"datePublished\":\"2026-01-14T15:10:21+00:00\",\"dateModified\":\"2026-03-03T13:19:57+00:00\",\"breadcrumb\":{\"@id\":\"https:\/\/global.aermec.com\/es\/aviso-legal\/#breadcrumb\"},\"inLanguage\":\"es\",\"potentialAction\":[{\"@type\":\"ReadAction\",\"target\":[\"https:\/\/global.aermec.com\/es\/aviso-legal\/\"]}]},{\"@type\":\"ImageObject\",\"inLanguage\":\"es\",\"@id\":\"https:\/\/global.aermec.com\/es\/aviso-legal\/#primaryimage\",\"url\":\"https:\/\/global.aermec.com\/wp-content\/uploads\/2026\/01\/screenshot.png\",\"contentUrl\":\"https:\/\/global.aermec.com\/wp-content\/uploads\/2026\/01\/screenshot.png\",\"width\":1200,\"height\":900,\"caption\":\"Aermec - Campioni del clima\"},{\"@type\":\"BreadcrumbList\",\"@id\":\"https:\/\/global.aermec.com\/es\/aviso-legal\/#breadcrumb\",\"itemListElement\":[{\"@type\":\"ListItem\",\"position\":1,\"name\":\"Home\",\"item\":\"https:\/\/global.aermec.com\/es\/\"},{\"@type\":\"ListItem\",\"position\":2,\"name\":\"Aviso legal\"}]},{\"@type\":\"WebSite\",\"@id\":\"https:\/\/global.aermec.com\/es\/#website\",\"url\":\"https:\/\/global.aermec.com\/es\/\",\"name\":\"Aermec\",\"description\":\"Ridefiniamo il futuro della climatizzazione.\",\"publisher\":{\"@id\":\"https:\/\/global.aermec.com\/es\/#organization\"},\"potentialAction\":[{\"@type\":\"SearchAction\",\"target\":{\"@type\":\"EntryPoint\",\"urlTemplate\":\"https:\/\/global.aermec.com\/es\/?s={search_term_string}\"},\"query-input\":{\"@type\":\"PropertyValueSpecification\",\"valueRequired\":true,\"valueName\":\"search_term_string\"}}],\"inLanguage\":\"es\"},{\"@type\":\"Organization\",\"@id\":\"https:\/\/global.aermec.com\/es\/#organization\",\"name\":\"Aermec\",\"url\":\"https:\/\/global.aermec.com\/es\/\",\"logo\":{\"@type\":\"ImageObject\",\"inLanguage\":\"es\",\"@id\":\"https:\/\/global.aermec.com\/es\/#\/schema\/logo\/image\/\",\"url\":\"https:\/\/global.aermec.com\/wp-content\/uploads\/2026\/01\/aermec-1.svg\",\"contentUrl\":\"https:\/\/global.aermec.com\/wp-content\/uploads\/2026\/01\/aermec-1.svg\",\"width\":149,\"height\":40,\"caption\":\"Aermec\"},\"image\":{\"@id\":\"https:\/\/global.aermec.com\/es\/#\/schema\/logo\/image\/\"},\"sameAs\":[\"https:\/\/www.linkedin.com\/company\/aermec\/\",\"https:\/\/www.youtube.com\/c\/AERMECSpa\"]}]}<\/script>\n<!-- \/ Yoast SEO plugin. -->","yoast_head_json":{"title":"Aviso legal - Aermec","robots":{"index":"index","follow":"follow","max-snippet":"max-snippet:-1","max-image-preview":"max-image-preview:large","max-video-preview":"max-video-preview:-1"},"canonical":"https:\/\/global.aermec.com\/es\/aviso-legal\/","og_locale":"es_ES","og_type":"article","og_title":"Aviso legal - Aermec","og_description":"Aviso legal Muchos de los enlaces de este sitio dirigen a p\u00e1ginas web externas que son mantenidas y alojadas por terceras partes, sobre las cuales Aermec S.p.A. no tiene control y de ninguna manera es responsable. El nombre Aermec no puede ser utilizado para t\u00edtulos de p\u00e1ginas, y metaetiquetas seg\u00fan la reglamentaci\u00f3n con fecha de [&hellip;]","og_url":"https:\/\/global.aermec.com\/es\/aviso-legal\/","og_site_name":"Aermec","article_modified_time":"2026-03-03T13:19:57+00:00","og_image":[{"width":1200,"height":900,"url":"https:\/\/global.aermec.com\/wp-content\/uploads\/2026\/01\/screenshot.png","type":"image\/png"}],"twitter_card":"summary_large_image","twitter_misc":{"Tiempo de lectura":"2 minutos"},"schema":{"@context":"https:\/\/schema.org","@graph":[{"@type":"WebPage","@id":"https:\/\/global.aermec.com\/es\/aviso-legal\/","url":"https:\/\/global.aermec.com\/es\/aviso-legal\/","name":"Aviso legal - Aermec","isPartOf":{"@id":"https:\/\/global.aermec.com\/es\/#website"},"primaryImageOfPage":{"@id":"https:\/\/global.aermec.com\/es\/aviso-legal\/#primaryimage"},"image":{"@id":"https:\/\/global.aermec.com\/es\/aviso-legal\/#primaryimage"},"thumbnailUrl":"https:\/\/global.aermec.com\/wp-content\/uploads\/2026\/01\/screenshot.png","datePublished":"2026-01-14T15:10:21+00:00","dateModified":"2026-03-03T13:19:57+00:00","breadcrumb":{"@id":"https:\/\/global.aermec.com\/es\/aviso-legal\/#breadcrumb"},"inLanguage":"es","potentialAction":[{"@type":"ReadAction","target":["https:\/\/global.aermec.com\/es\/aviso-legal\/"]}]},{"@type":"ImageObject","inLanguage":"es","@id":"https:\/\/global.aermec.com\/es\/aviso-legal\/#primaryimage","url":"https:\/\/global.aermec.com\/wp-content\/uploads\/2026\/01\/screenshot.png","contentUrl":"https:\/\/global.aermec.com\/wp-content\/uploads\/2026\/01\/screenshot.png","width":1200,"height":900,"caption":"Aermec - Campioni del clima"},{"@type":"BreadcrumbList","@id":"https:\/\/global.aermec.com\/es\/aviso-legal\/#breadcrumb","itemListElement":[{"@type":"ListItem","position":1,"name":"Home","item":"https:\/\/global.aermec.com\/es\/"},{"@type":"ListItem","position":2,"name":"Aviso legal"}]},{"@type":"WebSite","@id":"https:\/\/global.aermec.com\/es\/#website","url":"https:\/\/global.aermec.com\/es\/","name":"Aermec","description":"Ridefiniamo il futuro della climatizzazione.","publisher":{"@id":"https:\/\/global.aermec.com\/es\/#organization"},"potentialAction":[{"@type":"SearchAction","target":{"@type":"EntryPoint","urlTemplate":"https:\/\/global.aermec.com\/es\/?s={search_term_string}"},"query-input":{"@type":"PropertyValueSpecification","valueRequired":true,"valueName":"search_term_string"}}],"inLanguage":"es"},{"@type":"Organization","@id":"https:\/\/global.aermec.com\/es\/#organization","name":"Aermec","url":"https:\/\/global.aermec.com\/es\/","logo":{"@type":"ImageObject","inLanguage":"es","@id":"https:\/\/global.aermec.com\/es\/#\/schema\/logo\/image\/","url":"https:\/\/global.aermec.com\/wp-content\/uploads\/2026\/01\/aermec-1.svg","contentUrl":"https:\/\/global.aermec.com\/wp-content\/uploads\/2026\/01\/aermec-1.svg","width":149,"height":40,"caption":"Aermec"},"image":{"@id":"https:\/\/global.aermec.com\/es\/#\/schema\/logo\/image\/"},"sameAs":["https:\/\/www.linkedin.com\/company\/aermec\/","https:\/\/www.youtube.com\/c\/AERMECSpa"]}]}},"_links":{"self":[{"href":"https:\/\/global.aermec.com\/es\/wp-json\/wp\/v2\/pages\/5734","targetHints":{"allow":["GET"]}}],"collection":[{"href":"https:\/\/global.aermec.com\/es\/wp-json\/wp\/v2\/pages"}],"about":[{"href":"https:\/\/global.aermec.com\/es\/wp-json\/wp\/v2\/types\/page"}],"author":[{"embeddable":true,"href":"https:\/\/global.aermec.com\/es\/wp-json\/wp\/v2\/users\/1"}],"replies":[{"embeddable":true,"href":"https:\/\/global.aermec.com\/es\/wp-json\/wp\/v2\/comments?post=5734"}],"version-history":[{"count":4,"href":"https:\/\/global.aermec.com\/es\/wp-json\/wp\/v2\/pages\/5734\/revisions"}],"predecessor-version":[{"id":5751,"href":"https:\/\/global.aermec.com\/es\/wp-json\/wp\/v2\/pages\/5734\/revisions\/5751"}],"wp:featuredmedia":[{"embeddable":true,"href":"https:\/\/global.aermec.com\/es\/wp-json\/wp\/v2\/media\/4105"}],"wp:attachment":[{"href":"https:\/\/global.aermec.com\/es\/wp-json\/wp\/v2\/media?parent=5734"}],"curies":[{"name":"wp","href":"https:\/\/api.w.org\/{rel}","templated":true}]}}