{"id":5711,"date":"2026-03-02T16:58:12","date_gmt":"2026-03-02T15:58:12","guid":{"rendered":"https:\/\/global.aermec.com\/soluzioni-integrate\/"},"modified":"2026-03-20T12:41:37","modified_gmt":"2026-03-20T11:41:37","slug":"soluciones-de-sistemas","status":"publish","type":"page","link":"https:\/\/global.aermec.com\/es\/soluciones-de-sistemas\/","title":{"rendered":"Soluciones de sistemas"},"content":{"rendered":"\t\t<div data-elementor-type=\"wp-page\" data-elementor-id=\"5711\" class=\"elementor elementor-5711 elementor-4885\" data-elementor-post-type=\"page\">\n\t\t\t\t<div class=\"elementor-element elementor-element-b4f791b e-flex e-con-boxed e-con e-parent\" data-id=\"b4f791b\" data-element_type=\"container\" data-e-type=\"container\">\n\t\t\t\t\t<div class=\"e-con-inner\">\n\t\t\t\t<div class=\"elementor-element elementor-element-9d4d4c7 elementor-widget elementor-widget-heading\" data-id=\"9d4d4c7\" data-element_type=\"widget\" data-e-type=\"widget\" data-widget_type=\"heading.default\">\n\t\t\t\t\t<h1 class=\"elementor-heading-title elementor-size-default\">Soluciones de sistemas<\/h1>\t\t\t\t<\/div>\n\t\t\t\t<div class=\"elementor-element elementor-element-4a8b1ec elementor-widget elementor-widget-text-editor\" data-id=\"4a8b1ec\" data-element_type=\"widget\" data-e-type=\"widget\" data-widget_type=\"text-editor.default\">\n\t\t\t\t\t\t\t\t\t<div class=\"content\">\n<div class=\"content\">\n<p>La exigencia de infraestructuras modernas para la tecnolog\u00eda HVAC no se limita a la mera aplicaci\u00f3n de productos de climatizaci\u00f3n de aire. Lo que se necesita es una soluci\u00f3n de sistema, una combinaci\u00f3n intr\u00ednseca de m\u00e1quinas diferentes, de componentes auxiliares y de dispositivos de control y de seguimiento que trabajen juntos en una armon\u00eda perfecta y coordinada, con el fin de satisfacer las precisas necesidades de HVAC en todo momento y en cualquier situaci\u00f3n, respondiendo as\u00ed a la continua variaci\u00f3n de exigencias y condiciones.<\/p>\n<p>Aermec ocupa una posici\u00f3n ideal para ofrecer a los clientes soluciones de sistema sofisticadas capaces de satisfacer a la perfecci\u00f3n las exigencias individuales en el \u00e1mbito de una serie de aplicaciones diferentes, gracias a una combinaci\u00f3n de competencias y soluciones que permite a Aermec ofrecer a los clientes una propuesta absolutamente espec\u00edfica:<\/p>\n<ul class=\"list\">\n<li>Una gama completa de diferentes soluciones de productos HVAC; Aermec puede cubrir todas las necesidades de productos del sistema.<\/li>\n<li>Una gran cantidad de configuraciones de productos espec\u00edficas y de accesorios cubren todas las exigencias individuales.<\/li>\n<li>La habilidad de ofrecer soluciones personalizadas espec\u00edficas.<\/li>\n<li>Programaci\u00f3n de software in-house, que permite crear algoritmos de control espec\u00edficos para los clientes.<\/li>\n<li>Un equipo de dise\u00f1o sumamente competente, que incluye asesores t\u00e9cnicos espec\u00edficos que asisten al cliente en todo el proceso de dise\u00f1o.<\/li>\n<li>La experiencia de 65 a\u00f1os de Aermec incluye un know-how de aplicaci\u00f3n de alto nivel.<\/li>\n<li>El conocido proceso de \u00abdise\u00f1o integrado\u00bb de Aermec, en el que todos los colaboradores del proyecto, incluyendo los arquitectos, dise\u00f1adores, instaladores y usuarios finales trabajan juntos en equipo para asegurar el cumplimiento de todos los objetivos.<\/li>\n<li>Herramientas inform\u00e1ticas avanzadas de asistencia de selecci\u00f3n, como el sofisticado software de simulaci\u00f3n de sistema ACES de Aermec, que permite simular sistemas completos en diferentes condiciones realistas a lo largo del a\u00f1o.<\/li>\n<li>Instalaciones para pruebas ante la presencia del cliente, donde el cliente puede comprobar el funcionamiento exacto de la soluci\u00f3n que ha elegido antes de instalarla in situ.<\/li>\n<\/ul>\n<p>La creaci\u00f3n de una soluci\u00f3n de sistema optimizada capaz de cumplir exactamente con las exigencias del usuario requiere un sofisticado proceso de proyecto integrado con competencias t\u00e9cnicas espec\u00edficas. Aermec ofrece esta capacidad y garantiza la completa satisfacci\u00f3n de todas las exigencias del cliente, independientemente de su complejidad, creando una soluci\u00f3n individual que brinda el mayor beneficio con el menor costo de ciclo de vida \u00fatil.<\/p><\/div>\n<\/div>\t\t\t\t\t\t\t\t<\/div>\n\t\t\t\t\t<\/div>\n\t\t\t\t<\/div>\n\t\t\t\t<\/div>\n\t\t","protected":false},"excerpt":{"rendered":"<p>Soluciones de sistemas La exigencia de infraestructuras modernas para la tecnolog\u00eda HVAC no se limita a la mera aplicaci\u00f3n de productos de climatizaci\u00f3n de aire. Lo que se necesita es una soluci\u00f3n de sistema, una combinaci\u00f3n intr\u00ednseca de m\u00e1quinas diferentes, de componentes auxiliares y de dispositivos de control y de seguimiento que trabajen juntos en [&hellip;]<\/p>\n","protected":false},"author":1,"featured_media":4105,"parent":0,"menu_order":220,"comment_status":"closed","ping_status":"closed","template":"","meta":{"_acf_changed":false,"footnotes":""},"class_list":["post-5711","page","type-page","status-publish","has-post-thumbnail","hentry"],"acf":[],"yoast_head":"<!-- This site is optimized with the Yoast SEO plugin v27.2 - https:\/\/yoast.com\/product\/yoast-seo-wordpress\/ -->\n<title>Soluciones de sistemas - Aermec<\/title>\n<meta name=\"robots\" content=\"index, follow, max-snippet:-1, max-image-preview:large, max-video-preview:-1\" \/>\n<link rel=\"canonical\" href=\"https:\/\/global.aermec.com\/es\/soluciones-de-sistemas\/\" \/>\n<meta property=\"og:locale\" content=\"es_ES\" \/>\n<meta property=\"og:type\" content=\"article\" \/>\n<meta property=\"og:title\" content=\"Soluciones de sistemas - Aermec\" \/>\n<meta property=\"og:description\" content=\"Soluciones de sistemas La exigencia de infraestructuras modernas para la tecnolog\u00eda HVAC no se limita a la mera aplicaci\u00f3n de productos de climatizaci\u00f3n de aire. Lo que se necesita es una soluci\u00f3n de sistema, una combinaci\u00f3n intr\u00ednseca de m\u00e1quinas diferentes, de componentes auxiliares y de dispositivos de control y de seguimiento que trabajen juntos en [&hellip;]\" \/>\n<meta property=\"og:url\" content=\"https:\/\/global.aermec.com\/es\/soluciones-de-sistemas\/\" \/>\n<meta property=\"og:site_name\" content=\"Aermec\" \/>\n<meta property=\"article:modified_time\" content=\"2026-03-20T11:41:37+00:00\" \/>\n<meta property=\"og:image\" content=\"https:\/\/global.aermec.com\/wp-content\/uploads\/2026\/01\/screenshot.png\" \/>\n\t<meta property=\"og:image:width\" content=\"1200\" \/>\n\t<meta property=\"og:image:height\" content=\"900\" \/>\n\t<meta property=\"og:image:type\" content=\"image\/png\" \/>\n<meta name=\"twitter:card\" content=\"summary_large_image\" \/>\n<meta name=\"twitter:label1\" content=\"Tiempo de lectura\" \/>\n\t<meta name=\"twitter:data1\" content=\"2 minutos\" \/>\n<script type=\"application\/ld+json\" class=\"yoast-schema-graph\">{\"@context\":\"https:\/\/schema.org\",\"@graph\":[{\"@type\":\"WebPage\",\"@id\":\"https:\/\/global.aermec.com\/es\/soluciones-de-sistemas\/\",\"url\":\"https:\/\/global.aermec.com\/es\/soluciones-de-sistemas\/\",\"name\":\"Soluciones de sistemas - Aermec\",\"isPartOf\":{\"@id\":\"https:\/\/global.aermec.com\/es\/#website\"},\"primaryImageOfPage\":{\"@id\":\"https:\/\/global.aermec.com\/es\/soluciones-de-sistemas\/#primaryimage\"},\"image\":{\"@id\":\"https:\/\/global.aermec.com\/es\/soluciones-de-sistemas\/#primaryimage\"},\"thumbnailUrl\":\"https:\/\/global.aermec.com\/wp-content\/uploads\/2026\/01\/screenshot.png\",\"datePublished\":\"2026-03-02T15:58:12+00:00\",\"dateModified\":\"2026-03-20T11:41:37+00:00\",\"breadcrumb\":{\"@id\":\"https:\/\/global.aermec.com\/es\/soluciones-de-sistemas\/#breadcrumb\"},\"inLanguage\":\"es\",\"potentialAction\":[{\"@type\":\"ReadAction\",\"target\":[\"https:\/\/global.aermec.com\/es\/soluciones-de-sistemas\/\"]}]},{\"@type\":\"ImageObject\",\"inLanguage\":\"es\",\"@id\":\"https:\/\/global.aermec.com\/es\/soluciones-de-sistemas\/#primaryimage\",\"url\":\"https:\/\/global.aermec.com\/wp-content\/uploads\/2026\/01\/screenshot.png\",\"contentUrl\":\"https:\/\/global.aermec.com\/wp-content\/uploads\/2026\/01\/screenshot.png\",\"width\":1200,\"height\":900,\"caption\":\"Aermec - Campioni del clima\"},{\"@type\":\"BreadcrumbList\",\"@id\":\"https:\/\/global.aermec.com\/es\/soluciones-de-sistemas\/#breadcrumb\",\"itemListElement\":[{\"@type\":\"ListItem\",\"position\":1,\"name\":\"Home\",\"item\":\"https:\/\/global.aermec.com\/es\/\"},{\"@type\":\"ListItem\",\"position\":2,\"name\":\"Soluciones de sistemas\"}]},{\"@type\":\"WebSite\",\"@id\":\"https:\/\/global.aermec.com\/es\/#website\",\"url\":\"https:\/\/global.aermec.com\/es\/\",\"name\":\"Aermec\",\"description\":\"Ridefiniamo il futuro della climatizzazione.\",\"publisher\":{\"@id\":\"https:\/\/global.aermec.com\/es\/#organization\"},\"potentialAction\":[{\"@type\":\"SearchAction\",\"target\":{\"@type\":\"EntryPoint\",\"urlTemplate\":\"https:\/\/global.aermec.com\/es\/?s={search_term_string}\"},\"query-input\":{\"@type\":\"PropertyValueSpecification\",\"valueRequired\":true,\"valueName\":\"search_term_string\"}}],\"inLanguage\":\"es\"},{\"@type\":\"Organization\",\"@id\":\"https:\/\/global.aermec.com\/es\/#organization\",\"name\":\"Aermec\",\"url\":\"https:\/\/global.aermec.com\/es\/\",\"logo\":{\"@type\":\"ImageObject\",\"inLanguage\":\"es\",\"@id\":\"https:\/\/global.aermec.com\/es\/#\/schema\/logo\/image\/\",\"url\":\"https:\/\/global.aermec.com\/wp-content\/uploads\/2026\/01\/aermec-1.svg\",\"contentUrl\":\"https:\/\/global.aermec.com\/wp-content\/uploads\/2026\/01\/aermec-1.svg\",\"width\":149,\"height\":40,\"caption\":\"Aermec\"},\"image\":{\"@id\":\"https:\/\/global.aermec.com\/es\/#\/schema\/logo\/image\/\"},\"sameAs\":[\"https:\/\/www.linkedin.com\/company\/aermec\/\",\"https:\/\/www.youtube.com\/c\/AERMECSpa\"]}]}<\/script>\n<!-- \/ Yoast SEO plugin. -->","yoast_head_json":{"title":"Soluciones de sistemas - Aermec","robots":{"index":"index","follow":"follow","max-snippet":"max-snippet:-1","max-image-preview":"max-image-preview:large","max-video-preview":"max-video-preview:-1"},"canonical":"https:\/\/global.aermec.com\/es\/soluciones-de-sistemas\/","og_locale":"es_ES","og_type":"article","og_title":"Soluciones de sistemas - Aermec","og_description":"Soluciones de sistemas La exigencia de infraestructuras modernas para la tecnolog\u00eda HVAC no se limita a la mera aplicaci\u00f3n de productos de climatizaci\u00f3n de aire. Lo que se necesita es una soluci\u00f3n de sistema, una combinaci\u00f3n intr\u00ednseca de m\u00e1quinas diferentes, de componentes auxiliares y de dispositivos de control y de seguimiento que trabajen juntos en [&hellip;]","og_url":"https:\/\/global.aermec.com\/es\/soluciones-de-sistemas\/","og_site_name":"Aermec","article_modified_time":"2026-03-20T11:41:37+00:00","og_image":[{"width":1200,"height":900,"url":"https:\/\/global.aermec.com\/wp-content\/uploads\/2026\/01\/screenshot.png","type":"image\/png"}],"twitter_card":"summary_large_image","twitter_misc":{"Tiempo de lectura":"2 minutos"},"schema":{"@context":"https:\/\/schema.org","@graph":[{"@type":"WebPage","@id":"https:\/\/global.aermec.com\/es\/soluciones-de-sistemas\/","url":"https:\/\/global.aermec.com\/es\/soluciones-de-sistemas\/","name":"Soluciones de sistemas - Aermec","isPartOf":{"@id":"https:\/\/global.aermec.com\/es\/#website"},"primaryImageOfPage":{"@id":"https:\/\/global.aermec.com\/es\/soluciones-de-sistemas\/#primaryimage"},"image":{"@id":"https:\/\/global.aermec.com\/es\/soluciones-de-sistemas\/#primaryimage"},"thumbnailUrl":"https:\/\/global.aermec.com\/wp-content\/uploads\/2026\/01\/screenshot.png","datePublished":"2026-03-02T15:58:12+00:00","dateModified":"2026-03-20T11:41:37+00:00","breadcrumb":{"@id":"https:\/\/global.aermec.com\/es\/soluciones-de-sistemas\/#breadcrumb"},"inLanguage":"es","potentialAction":[{"@type":"ReadAction","target":["https:\/\/global.aermec.com\/es\/soluciones-de-sistemas\/"]}]},{"@type":"ImageObject","inLanguage":"es","@id":"https:\/\/global.aermec.com\/es\/soluciones-de-sistemas\/#primaryimage","url":"https:\/\/global.aermec.com\/wp-content\/uploads\/2026\/01\/screenshot.png","contentUrl":"https:\/\/global.aermec.com\/wp-content\/uploads\/2026\/01\/screenshot.png","width":1200,"height":900,"caption":"Aermec - Campioni del clima"},{"@type":"BreadcrumbList","@id":"https:\/\/global.aermec.com\/es\/soluciones-de-sistemas\/#breadcrumb","itemListElement":[{"@type":"ListItem","position":1,"name":"Home","item":"https:\/\/global.aermec.com\/es\/"},{"@type":"ListItem","position":2,"name":"Soluciones de sistemas"}]},{"@type":"WebSite","@id":"https:\/\/global.aermec.com\/es\/#website","url":"https:\/\/global.aermec.com\/es\/","name":"Aermec","description":"Ridefiniamo il futuro della climatizzazione.","publisher":{"@id":"https:\/\/global.aermec.com\/es\/#organization"},"potentialAction":[{"@type":"SearchAction","target":{"@type":"EntryPoint","urlTemplate":"https:\/\/global.aermec.com\/es\/?s={search_term_string}"},"query-input":{"@type":"PropertyValueSpecification","valueRequired":true,"valueName":"search_term_string"}}],"inLanguage":"es"},{"@type":"Organization","@id":"https:\/\/global.aermec.com\/es\/#organization","name":"Aermec","url":"https:\/\/global.aermec.com\/es\/","logo":{"@type":"ImageObject","inLanguage":"es","@id":"https:\/\/global.aermec.com\/es\/#\/schema\/logo\/image\/","url":"https:\/\/global.aermec.com\/wp-content\/uploads\/2026\/01\/aermec-1.svg","contentUrl":"https:\/\/global.aermec.com\/wp-content\/uploads\/2026\/01\/aermec-1.svg","width":149,"height":40,"caption":"Aermec"},"image":{"@id":"https:\/\/global.aermec.com\/es\/#\/schema\/logo\/image\/"},"sameAs":["https:\/\/www.linkedin.com\/company\/aermec\/","https:\/\/www.youtube.com\/c\/AERMECSpa"]}]}},"_links":{"self":[{"href":"https:\/\/global.aermec.com\/es\/wp-json\/wp\/v2\/pages\/5711","targetHints":{"allow":["GET"]}}],"collection":[{"href":"https:\/\/global.aermec.com\/es\/wp-json\/wp\/v2\/pages"}],"about":[{"href":"https:\/\/global.aermec.com\/es\/wp-json\/wp\/v2\/types\/page"}],"author":[{"embeddable":true,"href":"https:\/\/global.aermec.com\/es\/wp-json\/wp\/v2\/users\/1"}],"replies":[{"embeddable":true,"href":"https:\/\/global.aermec.com\/es\/wp-json\/wp\/v2\/comments?post=5711"}],"version-history":[{"count":7,"href":"https:\/\/global.aermec.com\/es\/wp-json\/wp\/v2\/pages\/5711\/revisions"}],"predecessor-version":[{"id":11328,"href":"https:\/\/global.aermec.com\/es\/wp-json\/wp\/v2\/pages\/5711\/revisions\/11328"}],"wp:featuredmedia":[{"embeddable":true,"href":"https:\/\/global.aermec.com\/es\/wp-json\/wp\/v2\/media\/4105"}],"wp:attachment":[{"href":"https:\/\/global.aermec.com\/es\/wp-json\/wp\/v2\/media?parent=5711"}],"curies":[{"name":"wp","href":"https:\/\/api.w.org\/{rel}","templated":true}]}}