{"id":1887,"date":"2026-01-14T14:30:46","date_gmt":"2026-01-14T13:30:46","guid":{"rendered":"https:\/\/global.aermec.com\/prodotti\/"},"modified":"2026-03-20T14:20:20","modified_gmt":"2026-03-20T13:20:20","slug":"productos","status":"publish","type":"page","link":"https:\/\/global.aermec.com\/es\/productos\/","title":{"rendered":"Productos"},"content":{"rendered":"\t\t<div data-elementor-type=\"wp-page\" data-elementor-id=\"1887\" class=\"elementor elementor-1887 elementor-183\" data-elementor-post-type=\"page\">\n\t\t\t\t<div class=\"elementor-element elementor-element-6c81581 e-grid e-con-boxed e-con e-parent\" data-id=\"6c81581\" data-element_type=\"container\" data-e-type=\"container\" data-settings=\"{&quot;background_background&quot;:&quot;classic&quot;}\">\n\t\t\t\t\t<div class=\"e-con-inner\">\n\t\t<div class=\"elementor-element elementor-element-f284c3c e-con-full e-flex e-con e-child\" data-id=\"f284c3c\" data-element_type=\"container\" data-e-type=\"container\">\n\t\t<div class=\"elementor-element elementor-element-4c111c2 e-con-full e-flex e-con e-child\" data-id=\"4c111c2\" data-element_type=\"container\" data-e-type=\"container\">\n\t\t\t\t<div class=\"elementor-element elementor-element-b459d4b elementor-widget elementor-widget-heading\" data-id=\"b459d4b\" data-element_type=\"widget\" data-e-type=\"widget\" data-widget_type=\"heading.default\">\n\t\t\t\t\t<h3 class=\"elementor-heading-title elementor-size-default\">Etiqueta energ\u00e9tica<\/h3>\t\t\t\t<\/div>\n\t\t\t\t<div class=\"elementor-element elementor-element-6910aa0 elementor-widget elementor-widget-text-editor\" data-id=\"6910aa0\" data-element_type=\"widget\" data-e-type=\"widget\" data-widget_type=\"text-editor.default\">\n\t\t\t\t\t\t\t\t\t<p>Certifica la eficiencia energ\u00e9tica de los productos Aermec sujetos a la Directiva ErP.<\/p>\t\t\t\t\t\t\t\t<\/div>\n\t\t\t\t<\/div>\n\t\t<div class=\"elementor-element elementor-element-8eec8ad e-con-full e-flex e-con e-child\" data-id=\"8eec8ad\" data-element_type=\"container\" data-e-type=\"container\">\n\t\t\t\t<div class=\"elementor-element elementor-element-d5dd16e elementor-align-left elementor-widget elementor-widget-button\" data-id=\"d5dd16e\" data-element_type=\"widget\" data-e-type=\"widget\" data-widget_type=\"button.default\">\n\t\t\t\t\t\t\t\t\t\t<a class=\"elementor-button elementor-button-link elementor-size-sm\" href=\"https:\/\/www.aermec.com\/erp\/?lang=es\">\n\t\t\t\t\t\t<span class=\"elementor-button-content-wrapper\">\n\t\t\t\t\t\t<span class=\"elementor-button-icon\">\n\t\t\t\t<svg aria-hidden=\"true\" class=\"e-font-icon-svg e-fas-caret-right\" viewBox=\"0 0 192 512\" xmlns=\"http:\/\/www.w3.org\/2000\/svg\"><path d=\"M0 384.662V127.338c0-17.818 21.543-26.741 34.142-14.142l128.662 128.662c7.81 7.81 7.81 20.474 0 28.284L34.142 398.804C21.543 411.404 0 402.48 0 384.662z\"><\/path><\/svg>\t\t\t<\/span>\n\t\t\t\t\t\t\t\t\t<span class=\"elementor-button-text\">Crea la etiqueta energ\u00e9tica ErP<\/span>\n\t\t\t\t\t<\/span>\n\t\t\t\t\t<\/a>\n\t\t\t\t\t\t\t\t<\/div>\n\t\t\t\t<div class=\"elementor-element elementor-element-7347dad elementor-widget-divider--view-line elementor-widget elementor-widget-divider\" data-id=\"7347dad\" data-element_type=\"widget\" data-e-type=\"widget\" data-widget_type=\"divider.default\">\n\t\t\t\t\t\t\t<div class=\"elementor-divider\">\n\t\t\t<span class=\"elementor-divider-separator\">\n\t\t\t\t\t\t<\/span>\n\t\t<\/div>\n\t\t\t\t\t\t<\/div>\n\t\t\t\t<\/div>\n\t\t\t\t<\/div>\n\t\t<div class=\"elementor-element elementor-element-66b75b5 e-con-full e-flex e-con e-child\" data-id=\"66b75b5\" data-element_type=\"container\" data-e-type=\"container\">\n\t\t<div class=\"elementor-element elementor-element-34f6ab4 e-con-full e-flex e-con e-child\" data-id=\"34f6ab4\" data-element_type=\"container\" data-e-type=\"container\">\n\t\t\t\t<div class=\"elementor-element elementor-element-3bd168d elementor-widget elementor-widget-heading\" data-id=\"3bd168d\" data-element_type=\"widget\" data-e-type=\"widget\" data-widget_type=\"heading.default\">\n\t\t\t\t\t<h3 class=\"elementor-heading-title elementor-size-default\">Soluciones integradas<\/h3>\t\t\t\t<\/div>\n\t\t\t\t<div class=\"elementor-element elementor-element-7af75b0 elementor-widget elementor-widget-text-editor\" data-id=\"7af75b0\" data-element_type=\"widget\" data-e-type=\"widget\" data-widget_type=\"text-editor.default\">\n\t\t\t\t\t\t\t\t\t<p>Encuentra la soluci\u00f3n HVAC integrada para infraestructuras modernas.<\/p>\t\t\t\t\t\t\t\t<\/div>\n\t\t\t\t<\/div>\n\t\t<div class=\"elementor-element elementor-element-2c828a1 e-con-full e-flex e-con e-child\" data-id=\"2c828a1\" data-element_type=\"container\" data-e-type=\"container\">\n\t\t\t\t<div class=\"elementor-element elementor-element-87912dd elementor-align-left elementor-widget elementor-widget-button\" data-id=\"87912dd\" data-element_type=\"widget\" data-e-type=\"widget\" data-widget_type=\"button.default\">\n\t\t\t\t\t\t\t\t\t\t<a class=\"elementor-button elementor-button-link elementor-size-sm\" href=\"https:\/\/global.aermec.com\/es\/soluciones-de-sistemas\/\">\n\t\t\t\t\t\t<span class=\"elementor-button-content-wrapper\">\n\t\t\t\t\t\t<span class=\"elementor-button-icon\">\n\t\t\t\t<svg aria-hidden=\"true\" class=\"e-font-icon-svg e-fas-caret-right\" viewBox=\"0 0 192 512\" xmlns=\"http:\/\/www.w3.org\/2000\/svg\"><path d=\"M0 384.662V127.338c0-17.818 21.543-26.741 34.142-14.142l128.662 128.662c7.81 7.81 7.81 20.474 0 28.284L34.142 398.804C21.543 411.404 0 402.48 0 384.662z\"><\/path><\/svg>\t\t\t<\/span>\n\t\t\t\t\t\t\t\t\t<span class=\"elementor-button-text\">Descubre nuestras soluciones<\/span>\n\t\t\t\t\t<\/span>\n\t\t\t\t\t<\/a>\n\t\t\t\t\t\t\t\t<\/div>\n\t\t\t\t<div class=\"elementor-element elementor-element-56a5b80 elementor-widget-divider--view-line elementor-widget elementor-widget-divider\" data-id=\"56a5b80\" data-element_type=\"widget\" data-e-type=\"widget\" data-widget_type=\"divider.default\">\n\t\t\t\t\t\t\t<div class=\"elementor-divider\">\n\t\t\t<span class=\"elementor-divider-separator\">\n\t\t\t\t\t\t<\/span>\n\t\t<\/div>\n\t\t\t\t\t\t<\/div>\n\t\t\t\t<\/div>\n\t\t\t\t<\/div>\n\t\t<div class=\"elementor-element elementor-element-e713a3b e-con-full elementor-hidden-mobile e-flex e-con e-child\" data-id=\"e713a3b\" data-element_type=\"container\" data-e-type=\"container\">\n\t\t\t\t<\/div>\n\t\t\t\t\t<\/div>\n\t\t\t\t<\/div>\n\t\t\t\t<\/div>\n\t\t","protected":false},"excerpt":{"rendered":"<p>Etiqueta energ\u00e9tica Certifica la eficiencia energ\u00e9tica de los productos Aermec sujetos a la Directiva ErP. Crea la etiqueta energ\u00e9tica ErP Soluciones integradas Encuentra la soluci\u00f3n HVAC integrada para infraestructuras modernas. Descubre nuestras soluciones<\/p>\n","protected":false},"author":1,"featured_media":0,"parent":0,"menu_order":10,"comment_status":"closed","ping_status":"closed","template":"template\/products.php","meta":{"_acf_changed":false,"footnotes":""},"class_list":["post-1887","page","type-page","status-publish","hentry"],"acf":[],"yoast_head":"<!-- This site is optimized with the Yoast SEO plugin v27.2 - https:\/\/yoast.com\/product\/yoast-seo-wordpress\/ -->\n<title>Productos - Aermec<\/title>\n<meta name=\"robots\" content=\"index, follow, max-snippet:-1, max-image-preview:large, max-video-preview:-1\" \/>\n<link rel=\"canonical\" href=\"https:\/\/global.aermec.com\/es\/productos\/\" \/>\n<meta property=\"og:locale\" content=\"es_ES\" \/>\n<meta property=\"og:type\" content=\"article\" \/>\n<meta property=\"og:title\" content=\"Productos - Aermec\" \/>\n<meta property=\"og:description\" content=\"Etiqueta energ\u00e9tica Certifica la eficiencia energ\u00e9tica de los productos Aermec sujetos a la Directiva ErP. Crea la etiqueta energ\u00e9tica ErP Soluciones integradas Encuentra la soluci\u00f3n HVAC integrada para infraestructuras modernas. Descubre nuestras soluciones\" \/>\n<meta property=\"og:url\" content=\"https:\/\/global.aermec.com\/es\/productos\/\" \/>\n<meta property=\"og:site_name\" content=\"Aermec\" \/>\n<meta property=\"article:modified_time\" content=\"2026-03-20T13:20:20+00:00\" \/>\n<meta property=\"og:image\" content=\"https:\/\/global.aermec.com\/wp-content\/uploads\/2026\/03\/aermec.webp\" \/>\n\t<meta property=\"og:image:width\" content=\"1200\" \/>\n\t<meta property=\"og:image:height\" content=\"648\" \/>\n\t<meta property=\"og:image:type\" content=\"image\/webp\" \/>\n<meta name=\"twitter:card\" content=\"summary_large_image\" \/>\n<meta name=\"twitter:label1\" content=\"Tiempo de lectura\" \/>\n\t<meta name=\"twitter:data1\" content=\"1 minuto\" \/>\n<script type=\"application\/ld+json\" class=\"yoast-schema-graph\">{\"@context\":\"https:\/\/schema.org\",\"@graph\":[{\"@type\":\"WebPage\",\"@id\":\"https:\/\/global.aermec.com\/es\/productos\/\",\"url\":\"https:\/\/global.aermec.com\/es\/productos\/\",\"name\":\"Productos - Aermec\",\"isPartOf\":{\"@id\":\"https:\/\/global.aermec.com\/es\/#website\"},\"datePublished\":\"2026-01-14T13:30:46+00:00\",\"dateModified\":\"2026-03-20T13:20:20+00:00\",\"breadcrumb\":{\"@id\":\"https:\/\/global.aermec.com\/es\/productos\/#breadcrumb\"},\"inLanguage\":\"es\",\"potentialAction\":[{\"@type\":\"ReadAction\",\"target\":[\"https:\/\/global.aermec.com\/es\/productos\/\"]}]},{\"@type\":\"BreadcrumbList\",\"@id\":\"https:\/\/global.aermec.com\/es\/productos\/#breadcrumb\",\"itemListElement\":[{\"@type\":\"ListItem\",\"position\":1,\"name\":\"Home\",\"item\":\"https:\/\/global.aermec.com\/es\/\"},{\"@type\":\"ListItem\",\"position\":2,\"name\":\"Productos\"}]},{\"@type\":\"WebSite\",\"@id\":\"https:\/\/global.aermec.com\/es\/#website\",\"url\":\"https:\/\/global.aermec.com\/es\/\",\"name\":\"Aermec\",\"description\":\"Ridefiniamo il futuro della climatizzazione.\",\"publisher\":{\"@id\":\"https:\/\/global.aermec.com\/es\/#organization\"},\"potentialAction\":[{\"@type\":\"SearchAction\",\"target\":{\"@type\":\"EntryPoint\",\"urlTemplate\":\"https:\/\/global.aermec.com\/es\/?s={search_term_string}\"},\"query-input\":{\"@type\":\"PropertyValueSpecification\",\"valueRequired\":true,\"valueName\":\"search_term_string\"}}],\"inLanguage\":\"es\"},{\"@type\":\"Organization\",\"@id\":\"https:\/\/global.aermec.com\/es\/#organization\",\"name\":\"Aermec\",\"url\":\"https:\/\/global.aermec.com\/es\/\",\"logo\":{\"@type\":\"ImageObject\",\"inLanguage\":\"es\",\"@id\":\"https:\/\/global.aermec.com\/es\/#\/schema\/logo\/image\/\",\"url\":\"https:\/\/global.aermec.com\/wp-content\/uploads\/2026\/01\/aermec-1.svg\",\"contentUrl\":\"https:\/\/global.aermec.com\/wp-content\/uploads\/2026\/01\/aermec-1.svg\",\"width\":149,\"height\":40,\"caption\":\"Aermec\"},\"image\":{\"@id\":\"https:\/\/global.aermec.com\/es\/#\/schema\/logo\/image\/\"},\"sameAs\":[\"https:\/\/www.linkedin.com\/company\/aermec\/\",\"https:\/\/www.youtube.com\/c\/AERMECSpa\"]}]}<\/script>\n<!-- \/ Yoast SEO plugin. -->","yoast_head_json":{"title":"Productos - Aermec","robots":{"index":"index","follow":"follow","max-snippet":"max-snippet:-1","max-image-preview":"max-image-preview:large","max-video-preview":"max-video-preview:-1"},"canonical":"https:\/\/global.aermec.com\/es\/productos\/","og_locale":"es_ES","og_type":"article","og_title":"Productos - Aermec","og_description":"Etiqueta energ\u00e9tica Certifica la eficiencia energ\u00e9tica de los productos Aermec sujetos a la Directiva ErP. Crea la etiqueta energ\u00e9tica ErP Soluciones integradas Encuentra la soluci\u00f3n HVAC integrada para infraestructuras modernas. Descubre nuestras soluciones","og_url":"https:\/\/global.aermec.com\/es\/productos\/","og_site_name":"Aermec","article_modified_time":"2026-03-20T13:20:20+00:00","og_image":[{"width":1200,"height":648,"url":"https:\/\/global.aermec.com\/wp-content\/uploads\/2026\/03\/aermec.webp","type":"image\/webp"}],"twitter_card":"summary_large_image","twitter_misc":{"Tiempo de lectura":"1 minuto"},"schema":{"@context":"https:\/\/schema.org","@graph":[{"@type":"WebPage","@id":"https:\/\/global.aermec.com\/es\/productos\/","url":"https:\/\/global.aermec.com\/es\/productos\/","name":"Productos - Aermec","isPartOf":{"@id":"https:\/\/global.aermec.com\/es\/#website"},"datePublished":"2026-01-14T13:30:46+00:00","dateModified":"2026-03-20T13:20:20+00:00","breadcrumb":{"@id":"https:\/\/global.aermec.com\/es\/productos\/#breadcrumb"},"inLanguage":"es","potentialAction":[{"@type":"ReadAction","target":["https:\/\/global.aermec.com\/es\/productos\/"]}]},{"@type":"BreadcrumbList","@id":"https:\/\/global.aermec.com\/es\/productos\/#breadcrumb","itemListElement":[{"@type":"ListItem","position":1,"name":"Home","item":"https:\/\/global.aermec.com\/es\/"},{"@type":"ListItem","position":2,"name":"Productos"}]},{"@type":"WebSite","@id":"https:\/\/global.aermec.com\/es\/#website","url":"https:\/\/global.aermec.com\/es\/","name":"Aermec","description":"Ridefiniamo il futuro della climatizzazione.","publisher":{"@id":"https:\/\/global.aermec.com\/es\/#organization"},"potentialAction":[{"@type":"SearchAction","target":{"@type":"EntryPoint","urlTemplate":"https:\/\/global.aermec.com\/es\/?s={search_term_string}"},"query-input":{"@type":"PropertyValueSpecification","valueRequired":true,"valueName":"search_term_string"}}],"inLanguage":"es"},{"@type":"Organization","@id":"https:\/\/global.aermec.com\/es\/#organization","name":"Aermec","url":"https:\/\/global.aermec.com\/es\/","logo":{"@type":"ImageObject","inLanguage":"es","@id":"https:\/\/global.aermec.com\/es\/#\/schema\/logo\/image\/","url":"https:\/\/global.aermec.com\/wp-content\/uploads\/2026\/01\/aermec-1.svg","contentUrl":"https:\/\/global.aermec.com\/wp-content\/uploads\/2026\/01\/aermec-1.svg","width":149,"height":40,"caption":"Aermec"},"image":{"@id":"https:\/\/global.aermec.com\/es\/#\/schema\/logo\/image\/"},"sameAs":["https:\/\/www.linkedin.com\/company\/aermec\/","https:\/\/www.youtube.com\/c\/AERMECSpa"]}]}},"_links":{"self":[{"href":"https:\/\/global.aermec.com\/es\/wp-json\/wp\/v2\/pages\/1887","targetHints":{"allow":["GET"]}}],"collection":[{"href":"https:\/\/global.aermec.com\/es\/wp-json\/wp\/v2\/pages"}],"about":[{"href":"https:\/\/global.aermec.com\/es\/wp-json\/wp\/v2\/types\/page"}],"author":[{"embeddable":true,"href":"https:\/\/global.aermec.com\/es\/wp-json\/wp\/v2\/users\/1"}],"replies":[{"embeddable":true,"href":"https:\/\/global.aermec.com\/es\/wp-json\/wp\/v2\/comments?post=1887"}],"version-history":[{"count":7,"href":"https:\/\/global.aermec.com\/es\/wp-json\/wp\/v2\/pages\/1887\/revisions"}],"predecessor-version":[{"id":11376,"href":"https:\/\/global.aermec.com\/es\/wp-json\/wp\/v2\/pages\/1887\/revisions\/11376"}],"wp:attachment":[{"href":"https:\/\/global.aermec.com\/es\/wp-json\/wp\/v2\/media?parent=1887"}],"curies":[{"name":"wp","href":"https:\/\/api.w.org\/{rel}","templated":true}]}}