{"id":10826,"date":"2026-01-14T15:29:20","date_gmt":"2026-01-14T14:29:20","guid":{"rendered":"https:\/\/global.aermec.com\/servizi\/"},"modified":"2026-03-13T17:18:56","modified_gmt":"2026-03-13T16:18:56","slug":"servicios","status":"publish","type":"page","link":"https:\/\/global.aermec.com\/es\/servicios\/","title":{"rendered":"Servicios"},"content":{"rendered":"\t\t<div data-elementor-type=\"wp-page\" data-elementor-id=\"10826\" class=\"elementor elementor-10826 elementor-205\" data-elementor-post-type=\"page\">\n\t\t\t\t<div class=\"elementor-element elementor-element-f534bb6 e-flex e-con-boxed e-con e-parent\" data-id=\"f534bb6\" data-element_type=\"container\" data-e-type=\"container\">\n\t\t\t\t\t<div class=\"e-con-inner\">\n\t\t\t\t<div class=\"elementor-element elementor-element-bf7ec43 elementor-widget elementor-widget-image\" data-id=\"bf7ec43\" data-element_type=\"widget\" data-e-type=\"widget\" data-widget_type=\"image.default\">\n\t\t\t\t\t\t\t\t\t\t\t\t\t\t\t<img fetchpriority=\"high\" decoding=\"async\" width=\"3000\" height=\"1500\" src=\"https:\/\/global.aermec.com\/wp-content\/uploads\/2026\/03\/aermec-servizi-2.webp\" class=\"attachment-full size-full wp-image-10828\" alt=\"unit\u00e0 esterna, con furgone brandizzato Aermec, assistenza clienti e montaggio\" srcset=\"https:\/\/global.aermec.com\/wp-content\/uploads\/2026\/03\/aermec-servizi-2.webp 3000w, https:\/\/global.aermec.com\/wp-content\/uploads\/2026\/03\/aermec-servizi-2-300x150.webp 300w, https:\/\/global.aermec.com\/wp-content\/uploads\/2026\/03\/aermec-servizi-2-1024x512.webp 1024w, https:\/\/global.aermec.com\/wp-content\/uploads\/2026\/03\/aermec-servizi-2-768x384.webp 768w, https:\/\/global.aermec.com\/wp-content\/uploads\/2026\/03\/aermec-servizi-2-1536x768.webp 1536w, https:\/\/global.aermec.com\/wp-content\/uploads\/2026\/03\/aermec-servizi-2-2048x1024.webp 2048w\" sizes=\"(max-width: 3000px) 100vw, 3000px\" \/>\t\t\t\t\t\t\t\t\t\t\t\t\t\t\t<\/div>\n\t\t\t\t\t<\/div>\n\t\t\t\t<\/div>\n\t\t<div class=\"elementor-element elementor-element-ad6cb63 e-flex e-con-boxed e-con e-parent\" data-id=\"ad6cb63\" data-element_type=\"container\" data-e-type=\"container\">\n\t\t\t\t\t<div class=\"e-con-inner\">\n\t\t<div class=\"elementor-element elementor-element-a6ef66b e-con-full e-flex e-con e-child\" data-id=\"a6ef66b\" data-element_type=\"container\" data-e-type=\"container\">\n\t\t\t\t<div class=\"elementor-element elementor-element-44e02cd elementor-widget elementor-widget-heading\" data-id=\"44e02cd\" data-element_type=\"widget\" data-e-type=\"widget\" data-widget_type=\"heading.default\">\n\t\t\t\t\t<h1 class=\"elementor-heading-title elementor-size-default\">Servicios<\/h1>\t\t\t\t<\/div>\n\t\t\t\t<\/div>\n\t\t<div class=\"elementor-element elementor-element-71a1346 e-con-full e-flex e-con e-child\" data-id=\"71a1346\" data-element_type=\"container\" data-e-type=\"container\">\n\t\t\t\t<div class=\"elementor-element elementor-element-25ffea7 elementor-widget elementor-widget-heading\" data-id=\"25ffea7\" data-element_type=\"widget\" data-e-type=\"widget\" data-widget_type=\"heading.default\">\n\t\t\t\t\t<h2 class=\"elementor-heading-title elementor-size-default\">Asistencia t\u00e9cnica y herramientas para el dise\u00f1o.<\/h2>\t\t\t\t<\/div>\n\t\t\t\t<div class=\"elementor-element elementor-element-07f922f elementor-widget elementor-widget-text-editor\" data-id=\"07f922f\" data-element_type=\"widget\" data-e-type=\"widget\" data-widget_type=\"text-editor.default\">\n\t\t\t\t\t\t\t\t\t<p>Aermec ofrece un ecosistema de servicios dise\u00f1ados para apoyar a dise\u00f1adores e instaladores en cada fase del proyecto, desde el asesoramiento t\u00e9cnico inicial hasta la validaci\u00f3n de las prestaciones a trav\u00e9s de los Witness Test en sus propios laboratorios de vanguardia. A trav\u00e9s de softwares espec\u00edficos, proporcionamos a los profesionales las herramientas necesarias para optimizar la integraci\u00f3n entre el edificio y la instalaci\u00f3n. Nuestra amplia red de m\u00e1s de 81 servicios de asistencia autorizados garantiza adem\u00e1s un soporte posventa r\u00e1pido y experto, asegurando la fiabilidad total y la eficiencia operativa de cada sistema.<\/p>\t\t\t\t\t\t\t\t<\/div>\n\t\t\t\t<\/div>\n\t\t\t\t\t<\/div>\n\t\t\t\t<\/div>\n\t\t<div class=\"elementor-element elementor-element-0f45694 e-flex e-con-boxed e-con e-parent\" data-id=\"0f45694\" data-element_type=\"container\" data-e-type=\"container\">\n\t\t\t\t\t<div class=\"e-con-inner\">\n\t\t<div class=\"elementor-element elementor-element-b41505b e-grid e-con-full e-con e-child\" data-id=\"b41505b\" data-element_type=\"container\" data-e-type=\"container\">\n\t\t<div class=\"elementor-element elementor-element-c3c7d46 e-con-full e-flex e-con e-child\" data-id=\"c3c7d46\" data-element_type=\"container\" data-e-type=\"container\" data-settings=\"{&quot;background_background&quot;:&quot;classic&quot;}\">\n\t\t\t\t<\/div>\n\t\t<div class=\"elementor-element elementor-element-b35de2c e-con-full e-flex e-con e-child\" data-id=\"b35de2c\" data-element_type=\"container\" data-e-type=\"container\" data-settings=\"{&quot;background_background&quot;:&quot;gradient&quot;}\">\n\t\t\t\t<div class=\"elementor-element elementor-element-4ff35ec elementor-widget elementor-widget-text-editor\" data-id=\"4ff35ec\" data-element_type=\"widget\" data-e-type=\"widget\" data-widget_type=\"text-editor.default\">\n\t\t\t\t\t\t\t\t\t<p>Testing Room C7<\/p>\t\t\t\t\t\t\t\t<\/div>\n\t\t\t\t<div class=\"elementor-element elementor-element-dd4a007 elementor-widget elementor-widget-text-editor\" data-id=\"dd4a007\" data-element_type=\"widget\" data-e-type=\"widget\" data-widget_type=\"text-editor.default\">\n\t\t\t\t\t\t\t\t\t<p>Sala de ensayo C7<\/p>\t\t\t\t\t\t\t\t<\/div>\n\t\t\t\t<div class=\"elementor-element elementor-element-0ce05cf elementor-widget elementor-widget-text-editor\" data-id=\"0ce05cf\" data-element_type=\"widget\" data-e-type=\"widget\" data-widget_type=\"text-editor.default\">\n\t\t\t\t\t\t\t\t\t<p>La sala de ensayo es una de las m\u00e1s grandes de Europa. Inaugurada en 2015, la c\u00e1mara de ensayos C7 de Aermec representa una de las salas de ensayo m\u00e1s grandes d\u2019Europa para m\u00e1quinas de sistema.<br \/><br \/>Esta instalaci\u00f3n de vanguardia permite probar unidades con una potencia de hasta 2 MW, permitiendo verificaciones extremadamente rigurosas y el desarrollo de proyectos a medida. El laboratorio tambi\u00e9n est\u00e1 acreditado para realizar las pruebas necesarias para obtener las certificaciones internacionales Eurovent y AHRI.<\/p>\t\t\t\t\t\t\t\t<\/div>\n\t\t\t\t<\/div>\n\t\t\t\t<\/div>\n\t\t<div class=\"elementor-element elementor-element-1e049f8 e-con-full e-flex e-con e-child\" data-id=\"1e049f8\" data-element_type=\"container\" data-e-type=\"container\">\n\t\t\t\t<div class=\"elementor-element elementor-element-cb3222b elementor-widget elementor-widget-heading\" data-id=\"cb3222b\" data-element_type=\"widget\" data-e-type=\"widget\" data-widget_type=\"heading.default\">\n\t\t\t\t\t<h3 class=\"elementor-heading-title elementor-size-default\">Witness tests.<\/h3>\t\t\t\t<\/div>\n\t\t\t\t<div class=\"elementor-element elementor-element-61bdfa6 elementor-widget elementor-widget-text-editor\" data-id=\"61bdfa6\" data-element_type=\"widget\" data-e-type=\"widget\" data-widget_type=\"text-editor.default\">\n\t\t\t\t\t\t\t\t\t<p>Las infraestructuras modernas necesitan soluciones HVAC optimizadas que se integren plenamente con la complejidad de las mismas.<br \/>Para ello, Aermec ofrece proyectos espec\u00edficos y personalizados capaces de satisfacer estas necesidades particulares. Los ensayos demostrativos (witness tests) representan una garant\u00eda adicional proporcionada por Aermec que permite al usuario verificar, antes de la instalaci\u00f3n, que todos los requisitos del proyecto se cumplan de forma constante. Los ensayos demostrativos de las plantas de Aermec permiten implementar y validar los siguientes procesos:<\/p>\t\t\t\t\t\t\t\t<\/div>\n\t\t\t\t<\/div>\n\t\t<div class=\"elementor-element elementor-element-143da54 e-grid e-con-full e-con e-child\" data-id=\"143da54\" data-element_type=\"container\" data-e-type=\"container\">\n\t\t<div class=\"elementor-element elementor-element-79c73a0 e-con-full e-flex e-con e-child\" data-id=\"79c73a0\" data-element_type=\"container\" data-e-type=\"container\" data-settings=\"{&quot;background_background&quot;:&quot;gradient&quot;}\">\n\t\t\t\t<div class=\"elementor-element elementor-element-70d5412 elementor-widget__width-initial elementor-widget elementor-widget-text-editor\" data-id=\"70d5412\" data-element_type=\"widget\" data-e-type=\"widget\" data-widget_type=\"text-editor.default\">\n\t\t\t\t\t\t\t\t\t<p>01<\/p>\t\t\t\t\t\t\t\t<\/div>\n\t\t\t\t<div class=\"elementor-element elementor-element-393a338 elementor-widget__width-initial elementor-widget elementor-widget-text-editor\" data-id=\"393a338\" data-element_type=\"widget\" data-e-type=\"widget\" data-widget_type=\"text-editor.default\">\n\t\t\t\t\t\t\t\t\t<p>Realizaci\u00f3n de las pruebas seg\u00fan las condiciones de dise\u00f1o y las condiciones espec\u00edficas requeridas por el cliente.<\/p>\t\t\t\t\t\t\t\t<\/div>\n\t\t\t\t<\/div>\n\t\t<div class=\"elementor-element elementor-element-10a336a e-con-full e-flex e-con e-child\" data-id=\"10a336a\" data-element_type=\"container\" data-e-type=\"container\" data-settings=\"{&quot;background_background&quot;:&quot;gradient&quot;}\">\n\t\t\t\t<div class=\"elementor-element elementor-element-5632179 elementor-widget__width-initial elementor-widget elementor-widget-text-editor\" data-id=\"5632179\" data-element_type=\"widget\" data-e-type=\"widget\" data-widget_type=\"text-editor.default\">\n\t\t\t\t\t\t\t\t\t<p>02<\/p>\t\t\t\t\t\t\t\t<\/div>\n\t\t\t\t<div class=\"elementor-element elementor-element-9746206 elementor-widget__width-initial elementor-widget elementor-widget-text-editor\" data-id=\"9746206\" data-element_type=\"widget\" data-e-type=\"widget\" data-widget_type=\"text-editor.default\">\n\t\t\t\t\t\t\t\t\t<p>Funcionamiento de la unidad en condiciones de carga total y parcial, mapeo de las prestaciones y de los consumos energ\u00e9ticos.<\/p>\t\t\t\t\t\t\t\t<\/div>\n\t\t\t\t<\/div>\n\t\t<div class=\"elementor-element elementor-element-3370db8 e-con-full e-flex e-con e-child\" data-id=\"3370db8\" data-element_type=\"container\" data-e-type=\"container\" data-settings=\"{&quot;background_background&quot;:&quot;gradient&quot;}\">\n\t\t\t\t<div class=\"elementor-element elementor-element-50b8cc6 elementor-widget__width-initial elementor-widget elementor-widget-text-editor\" data-id=\"50b8cc6\" data-element_type=\"widget\" data-e-type=\"widget\" data-widget_type=\"text-editor.default\">\n\t\t\t\t\t\t\t\t\t<p>03<\/p>\t\t\t\t\t\t\t\t<\/div>\n\t\t\t\t<div class=\"elementor-element elementor-element-ba8a9ac elementor-widget__width-initial elementor-widget elementor-widget-text-editor\" data-id=\"ba8a9ac\" data-element_type=\"widget\" data-e-type=\"widget\" data-widget_type=\"text-editor.default\">\n\t\t\t\t\t\t\t\t\t<p>Simulaci\u00f3n del funcionamiento en condiciones extremas, incluidas temperaturas extremadamente bajas o altas.<\/p>\t\t\t\t\t\t\t\t<\/div>\n\t\t\t\t<\/div>\n\t\t<div class=\"elementor-element elementor-element-01de2f0 e-con-full e-flex e-con e-child\" data-id=\"01de2f0\" data-element_type=\"container\" data-e-type=\"container\" data-settings=\"{&quot;background_background&quot;:&quot;gradient&quot;}\">\n\t\t\t\t<div class=\"elementor-element elementor-element-0ce9278 elementor-widget__width-initial elementor-widget elementor-widget-text-editor\" data-id=\"0ce9278\" data-element_type=\"widget\" data-e-type=\"widget\" data-widget_type=\"text-editor.default\">\n\t\t\t\t\t\t\t\t\t<p>04<\/p>\t\t\t\t\t\t\t\t<\/div>\n\t\t\t\t<div class=\"elementor-element elementor-element-4d5d47b elementor-widget__width-initial elementor-widget elementor-widget-text-editor\" data-id=\"4d5d47b\" data-element_type=\"widget\" data-e-type=\"widget\" data-widget_type=\"text-editor.default\">\n\t\t\t\t\t\t\t\t\t<p>Realizaci\u00f3n de pruebas espec\u00edficas de emisiones sonoras.<\/p>\t\t\t\t\t\t\t\t<\/div>\n\t\t\t\t<\/div>\n\t\t<div class=\"elementor-element elementor-element-b41cc90 e-con-full e-flex e-con e-child\" data-id=\"b41cc90\" data-element_type=\"container\" data-e-type=\"container\" data-settings=\"{&quot;background_background&quot;:&quot;gradient&quot;}\">\n\t\t\t\t<div class=\"elementor-element elementor-element-f9837ce elementor-widget__width-initial elementor-widget elementor-widget-text-editor\" data-id=\"f9837ce\" data-element_type=\"widget\" data-e-type=\"widget\" data-widget_type=\"text-editor.default\">\n\t\t\t\t\t\t\t\t\t<p>05<\/p>\t\t\t\t\t\t\t\t<\/div>\n\t\t\t\t<div class=\"elementor-element elementor-element-73fe7f9 elementor-widget__width-initial elementor-widget elementor-widget-text-editor\" data-id=\"73fe7f9\" data-element_type=\"widget\" data-e-type=\"widget\" data-widget_type=\"text-editor.default\">\n\t\t\t\t\t\t\t\t\t<p>Garant\u00eda del respeto de los niveles de prestaciones y ac\u00fasticos previstos.<\/p>\t\t\t\t\t\t\t\t<\/div>\n\t\t\t\t<\/div>\n\t\t<div class=\"elementor-element elementor-element-be8d923 e-con-full e-flex e-con e-child\" data-id=\"be8d923\" data-element_type=\"container\" data-e-type=\"container\" data-settings=\"{&quot;background_background&quot;:&quot;gradient&quot;}\">\n\t\t\t\t<div class=\"elementor-element elementor-element-5f01c98 elementor-widget__width-initial elementor-widget elementor-widget-text-editor\" data-id=\"5f01c98\" data-element_type=\"widget\" data-e-type=\"widget\" data-widget_type=\"text-editor.default\">\n\t\t\t\t\t\t\t\t\t<p>06<\/p>\t\t\t\t\t\t\t\t<\/div>\n\t\t\t\t<div class=\"elementor-element elementor-element-f6e54ac elementor-widget__width-initial elementor-widget elementor-widget-text-editor\" data-id=\"f6e54ac\" data-element_type=\"widget\" data-e-type=\"widget\" data-widget_type=\"text-editor.default\">\n\t\t\t\t\t\t\t\t\t<p>Suministro de un conjunto completo de certificados de calibraci\u00f3n relativos a los instrumentos utilizados para las pruebas.<\/p>\t\t\t\t\t\t\t\t<\/div>\n\t\t\t\t<\/div>\n\t\t\t\t<\/div>\n\t\t<div class=\"elementor-element elementor-element-7006477 e-con-full e-grid e-con e-child\" data-id=\"7006477\" data-element_type=\"container\" data-e-type=\"container\">\n\t\t<div class=\"elementor-element elementor-element-aa75cc8 e-con-full e-flex e-con e-child\" data-id=\"aa75cc8\" data-element_type=\"container\" data-e-type=\"container\">\n\t\t\t\t<div class=\"elementor-element elementor-element-bedfdb6 elementor-widget elementor-widget-heading\" data-id=\"bedfdb6\" data-element_type=\"widget\" data-e-type=\"widget\" data-widget_type=\"heading.default\">\n\t\t\t\t\t<h4 class=\"elementor-heading-title elementor-size-default\">Pruebas Aermec en unidades de gran potencia.<\/h4>\t\t\t\t<\/div>\n\t\t\t\t<div class=\"elementor-element elementor-element-d777278 elementor-widget elementor-widget-text-editor\" data-id=\"d777278\" data-element_type=\"widget\" data-e-type=\"widget\" data-widget_type=\"text-editor.default\">\n\t\t\t\t\t\t\t\t\t<p>Las pruebas de demostraci\u00f3n se llevan a cabo en la c\u00e1mara de prueba m\u00e1s grande de Europa, capaz de validar unidades individuales de hasta 2 MW a plena carga. La estructura garantiza pruebas de extrema precisi\u00f3n de acuerdo con las normas internacionales con intervalos t\u00e9rmicos de -20 \u00b0C a +55 \u00b0C para enfriadoras, bombas de calor y unidades de tratamiento de aire.<\/p>\t\t\t\t\t\t\t\t<\/div>\n\t\t\t\t<\/div>\n\t\t<div class=\"elementor-element elementor-element-b4e2371 e-con-full e-flex e-con e-child\" data-id=\"b4e2371\" data-element_type=\"container\" data-e-type=\"container\">\n\t\t\t\t<div class=\"elementor-element elementor-element-26ca58b elementor-widget elementor-widget-heading\" data-id=\"26ca58b\" data-element_type=\"widget\" data-e-type=\"widget\" data-widget_type=\"heading.default\">\n\t\t\t\t\t<h4 class=\"elementor-heading-title elementor-size-default\">Validaci\u00f3n de los datos.<\/h4>\t\t\t\t<\/div>\n\t\t\t\t<div class=\"elementor-element elementor-element-97d6575 elementor-widget elementor-widget-text-editor\" data-id=\"97d6575\" data-element_type=\"widget\" data-e-type=\"widget\" data-widget_type=\"text-editor.default\">\n\t\t\t\t\t\t\t\t\t<p>A trav\u00e9s de una sala dedicada, los clientes supervisan los datos en tiempo real y reciben un informe oficial que certifica el rendimiento o los datos del proyecto.<br \/>Durante las prueba conocidas como Witness Tests, el cliente tiene la oportunidad de conocer en profundidad las caracter\u00edsticas constructivas y de funcionamiento de la unidad elegida.<\/p>\t\t\t\t\t\t\t\t<\/div>\n\t\t\t\t<\/div>\n\t\t\t\t<\/div>\n\t\t\t\t\t<\/div>\n\t\t\t\t<\/div>\n\t\t\t\t<\/div>\n\t\t","protected":false},"excerpt":{"rendered":"<p>Servicios Asistencia t\u00e9cnica y herramientas para el dise\u00f1o. Aermec ofrece un ecosistema de servicios dise\u00f1ados para apoyar a dise\u00f1adores e instaladores en cada fase del proyecto, desde el asesoramiento t\u00e9cnico inicial hasta la validaci\u00f3n de las prestaciones a trav\u00e9s de los Witness Test en sus propios laboratorios de vanguardia. A trav\u00e9s de softwares espec\u00edficos, proporcionamos [&hellip;]<\/p>\n","protected":false},"author":1,"featured_media":4105,"parent":0,"menu_order":70,"comment_status":"closed","ping_status":"closed","template":"","meta":{"_acf_changed":false,"footnotes":""},"class_list":["post-10826","page","type-page","status-publish","has-post-thumbnail","hentry"],"acf":[],"yoast_head":"<!-- This site is optimized with the Yoast SEO plugin v27.2 - https:\/\/yoast.com\/product\/yoast-seo-wordpress\/ -->\n<title>Servicios - Aermec<\/title>\n<meta name=\"robots\" content=\"index, follow, max-snippet:-1, max-image-preview:large, max-video-preview:-1\" \/>\n<link rel=\"canonical\" href=\"https:\/\/global.aermec.com\/es\/servicios\/\" \/>\n<meta property=\"og:locale\" content=\"es_ES\" \/>\n<meta property=\"og:type\" content=\"article\" \/>\n<meta property=\"og:title\" content=\"Servicios - Aermec\" \/>\n<meta property=\"og:description\" content=\"Servicios Asistencia t\u00e9cnica y herramientas para el dise\u00f1o. Aermec ofrece un ecosistema de servicios dise\u00f1ados para apoyar a dise\u00f1adores e instaladores en cada fase del proyecto, desde el asesoramiento t\u00e9cnico inicial hasta la validaci\u00f3n de las prestaciones a trav\u00e9s de los Witness Test en sus propios laboratorios de vanguardia. A trav\u00e9s de softwares espec\u00edficos, proporcionamos [&hellip;]\" \/>\n<meta property=\"og:url\" content=\"https:\/\/global.aermec.com\/es\/servicios\/\" \/>\n<meta property=\"og:site_name\" content=\"Aermec\" \/>\n<meta property=\"article:modified_time\" content=\"2026-03-13T16:18:56+00:00\" \/>\n<meta property=\"og:image\" content=\"https:\/\/global.aermec.com\/wp-content\/uploads\/2026\/01\/screenshot.png\" \/>\n\t<meta property=\"og:image:width\" content=\"1200\" \/>\n\t<meta property=\"og:image:height\" content=\"900\" \/>\n\t<meta property=\"og:image:type\" content=\"image\/png\" \/>\n<meta name=\"twitter:card\" content=\"summary_large_image\" \/>\n<meta name=\"twitter:label1\" content=\"Tiempo de lectura\" \/>\n\t<meta name=\"twitter:data1\" content=\"3 minutos\" \/>\n<script type=\"application\/ld+json\" class=\"yoast-schema-graph\">{\"@context\":\"https:\/\/schema.org\",\"@graph\":[{\"@type\":\"WebPage\",\"@id\":\"https:\/\/global.aermec.com\/es\/servicios\/\",\"url\":\"https:\/\/global.aermec.com\/es\/servicios\/\",\"name\":\"Servicios - Aermec\",\"isPartOf\":{\"@id\":\"https:\/\/global.aermec.com\/es\/#website\"},\"primaryImageOfPage\":{\"@id\":\"https:\/\/global.aermec.com\/es\/servicios\/#primaryimage\"},\"image\":{\"@id\":\"https:\/\/global.aermec.com\/es\/servicios\/#primaryimage\"},\"thumbnailUrl\":\"https:\/\/global.aermec.com\/wp-content\/uploads\/2026\/01\/screenshot.png\",\"datePublished\":\"2026-01-14T14:29:20+00:00\",\"dateModified\":\"2026-03-13T16:18:56+00:00\",\"breadcrumb\":{\"@id\":\"https:\/\/global.aermec.com\/es\/servicios\/#breadcrumb\"},\"inLanguage\":\"es\",\"potentialAction\":[{\"@type\":\"ReadAction\",\"target\":[\"https:\/\/global.aermec.com\/es\/servicios\/\"]}]},{\"@type\":\"ImageObject\",\"inLanguage\":\"es\",\"@id\":\"https:\/\/global.aermec.com\/es\/servicios\/#primaryimage\",\"url\":\"https:\/\/global.aermec.com\/wp-content\/uploads\/2026\/01\/screenshot.png\",\"contentUrl\":\"https:\/\/global.aermec.com\/wp-content\/uploads\/2026\/01\/screenshot.png\",\"width\":1200,\"height\":900,\"caption\":\"Aermec - Campioni del clima\"},{\"@type\":\"BreadcrumbList\",\"@id\":\"https:\/\/global.aermec.com\/es\/servicios\/#breadcrumb\",\"itemListElement\":[{\"@type\":\"ListItem\",\"position\":1,\"name\":\"Home\",\"item\":\"https:\/\/global.aermec.com\/es\/\"},{\"@type\":\"ListItem\",\"position\":2,\"name\":\"Servicios\"}]},{\"@type\":\"WebSite\",\"@id\":\"https:\/\/global.aermec.com\/es\/#website\",\"url\":\"https:\/\/global.aermec.com\/es\/\",\"name\":\"Aermec\",\"description\":\"Ridefiniamo il futuro della climatizzazione.\",\"publisher\":{\"@id\":\"https:\/\/global.aermec.com\/es\/#organization\"},\"potentialAction\":[{\"@type\":\"SearchAction\",\"target\":{\"@type\":\"EntryPoint\",\"urlTemplate\":\"https:\/\/global.aermec.com\/es\/?s={search_term_string}\"},\"query-input\":{\"@type\":\"PropertyValueSpecification\",\"valueRequired\":true,\"valueName\":\"search_term_string\"}}],\"inLanguage\":\"es\"},{\"@type\":\"Organization\",\"@id\":\"https:\/\/global.aermec.com\/es\/#organization\",\"name\":\"Aermec\",\"url\":\"https:\/\/global.aermec.com\/es\/\",\"logo\":{\"@type\":\"ImageObject\",\"inLanguage\":\"es\",\"@id\":\"https:\/\/global.aermec.com\/es\/#\/schema\/logo\/image\/\",\"url\":\"https:\/\/global.aermec.com\/wp-content\/uploads\/2026\/01\/aermec-1.svg\",\"contentUrl\":\"https:\/\/global.aermec.com\/wp-content\/uploads\/2026\/01\/aermec-1.svg\",\"width\":149,\"height\":40,\"caption\":\"Aermec\"},\"image\":{\"@id\":\"https:\/\/global.aermec.com\/es\/#\/schema\/logo\/image\/\"},\"sameAs\":[\"https:\/\/www.linkedin.com\/company\/aermec\/\",\"https:\/\/www.youtube.com\/c\/AERMECSpa\"]}]}<\/script>\n<!-- \/ Yoast SEO plugin. -->","yoast_head_json":{"title":"Servicios - Aermec","robots":{"index":"index","follow":"follow","max-snippet":"max-snippet:-1","max-image-preview":"max-image-preview:large","max-video-preview":"max-video-preview:-1"},"canonical":"https:\/\/global.aermec.com\/es\/servicios\/","og_locale":"es_ES","og_type":"article","og_title":"Servicios - Aermec","og_description":"Servicios Asistencia t\u00e9cnica y herramientas para el dise\u00f1o. Aermec ofrece un ecosistema de servicios dise\u00f1ados para apoyar a dise\u00f1adores e instaladores en cada fase del proyecto, desde el asesoramiento t\u00e9cnico inicial hasta la validaci\u00f3n de las prestaciones a trav\u00e9s de los Witness Test en sus propios laboratorios de vanguardia. A trav\u00e9s de softwares espec\u00edficos, proporcionamos [&hellip;]","og_url":"https:\/\/global.aermec.com\/es\/servicios\/","og_site_name":"Aermec","article_modified_time":"2026-03-13T16:18:56+00:00","og_image":[{"width":1200,"height":900,"url":"https:\/\/global.aermec.com\/wp-content\/uploads\/2026\/01\/screenshot.png","type":"image\/png"}],"twitter_card":"summary_large_image","twitter_misc":{"Tiempo de lectura":"3 minutos"},"schema":{"@context":"https:\/\/schema.org","@graph":[{"@type":"WebPage","@id":"https:\/\/global.aermec.com\/es\/servicios\/","url":"https:\/\/global.aermec.com\/es\/servicios\/","name":"Servicios - Aermec","isPartOf":{"@id":"https:\/\/global.aermec.com\/es\/#website"},"primaryImageOfPage":{"@id":"https:\/\/global.aermec.com\/es\/servicios\/#primaryimage"},"image":{"@id":"https:\/\/global.aermec.com\/es\/servicios\/#primaryimage"},"thumbnailUrl":"https:\/\/global.aermec.com\/wp-content\/uploads\/2026\/01\/screenshot.png","datePublished":"2026-01-14T14:29:20+00:00","dateModified":"2026-03-13T16:18:56+00:00","breadcrumb":{"@id":"https:\/\/global.aermec.com\/es\/servicios\/#breadcrumb"},"inLanguage":"es","potentialAction":[{"@type":"ReadAction","target":["https:\/\/global.aermec.com\/es\/servicios\/"]}]},{"@type":"ImageObject","inLanguage":"es","@id":"https:\/\/global.aermec.com\/es\/servicios\/#primaryimage","url":"https:\/\/global.aermec.com\/wp-content\/uploads\/2026\/01\/screenshot.png","contentUrl":"https:\/\/global.aermec.com\/wp-content\/uploads\/2026\/01\/screenshot.png","width":1200,"height":900,"caption":"Aermec - Campioni del clima"},{"@type":"BreadcrumbList","@id":"https:\/\/global.aermec.com\/es\/servicios\/#breadcrumb","itemListElement":[{"@type":"ListItem","position":1,"name":"Home","item":"https:\/\/global.aermec.com\/es\/"},{"@type":"ListItem","position":2,"name":"Servicios"}]},{"@type":"WebSite","@id":"https:\/\/global.aermec.com\/es\/#website","url":"https:\/\/global.aermec.com\/es\/","name":"Aermec","description":"Ridefiniamo il futuro della climatizzazione.","publisher":{"@id":"https:\/\/global.aermec.com\/es\/#organization"},"potentialAction":[{"@type":"SearchAction","target":{"@type":"EntryPoint","urlTemplate":"https:\/\/global.aermec.com\/es\/?s={search_term_string}"},"query-input":{"@type":"PropertyValueSpecification","valueRequired":true,"valueName":"search_term_string"}}],"inLanguage":"es"},{"@type":"Organization","@id":"https:\/\/global.aermec.com\/es\/#organization","name":"Aermec","url":"https:\/\/global.aermec.com\/es\/","logo":{"@type":"ImageObject","inLanguage":"es","@id":"https:\/\/global.aermec.com\/es\/#\/schema\/logo\/image\/","url":"https:\/\/global.aermec.com\/wp-content\/uploads\/2026\/01\/aermec-1.svg","contentUrl":"https:\/\/global.aermec.com\/wp-content\/uploads\/2026\/01\/aermec-1.svg","width":149,"height":40,"caption":"Aermec"},"image":{"@id":"https:\/\/global.aermec.com\/es\/#\/schema\/logo\/image\/"},"sameAs":["https:\/\/www.linkedin.com\/company\/aermec\/","https:\/\/www.youtube.com\/c\/AERMECSpa"]}]}},"_links":{"self":[{"href":"https:\/\/global.aermec.com\/es\/wp-json\/wp\/v2\/pages\/10826","targetHints":{"allow":["GET"]}}],"collection":[{"href":"https:\/\/global.aermec.com\/es\/wp-json\/wp\/v2\/pages"}],"about":[{"href":"https:\/\/global.aermec.com\/es\/wp-json\/wp\/v2\/types\/page"}],"author":[{"embeddable":true,"href":"https:\/\/global.aermec.com\/es\/wp-json\/wp\/v2\/users\/1"}],"replies":[{"embeddable":true,"href":"https:\/\/global.aermec.com\/es\/wp-json\/wp\/v2\/comments?post=10826"}],"version-history":[{"count":4,"href":"https:\/\/global.aermec.com\/es\/wp-json\/wp\/v2\/pages\/10826\/revisions"}],"predecessor-version":[{"id":10833,"href":"https:\/\/global.aermec.com\/es\/wp-json\/wp\/v2\/pages\/10826\/revisions\/10833"}],"wp:featuredmedia":[{"embeddable":true,"href":"https:\/\/global.aermec.com\/es\/wp-json\/wp\/v2\/media\/4105"}],"wp:attachment":[{"href":"https:\/\/global.aermec.com\/es\/wp-json\/wp\/v2\/media?parent=10826"}],"curies":[{"name":"wp","href":"https:\/\/api.w.org\/{rel}","templated":true}]}}