{"id":10465,"date":"2026-01-27T16:42:54","date_gmt":"2026-01-27T15:42:54","guid":{"rendered":"https:\/\/global.aermec.com\/lavora-con-noi\/"},"modified":"2026-03-30T10:30:50","modified_gmt":"2026-03-30T08:30:50","slug":"trabaja-con-nosotros","status":"publish","type":"page","link":"https:\/\/global.aermec.com\/es\/trabaja-con-nosotros\/","title":{"rendered":"Trabaja con nosotros"},"content":{"rendered":"\t\t<div data-elementor-type=\"wp-page\" data-elementor-id=\"10465\" class=\"elementor elementor-10465 elementor-485\" data-elementor-post-type=\"page\">\n\t\t\t\t<div class=\"elementor-element elementor-element-d73aa1d e-flex e-con-boxed e-con e-parent\" data-id=\"d73aa1d\" data-element_type=\"container\" data-e-type=\"container\">\n\t\t\t\t\t<div class=\"e-con-inner\">\n\t\t\t\t<div class=\"elementor-element elementor-element-07c2584 elementor-widget elementor-widget-image\" data-id=\"07c2584\" data-element_type=\"widget\" data-e-type=\"widget\" data-widget_type=\"image.default\">\n\t\t\t\t\t\t\t\t\t\t\t\t\t\t\t<img fetchpriority=\"high\" decoding=\"async\" width=\"2560\" height=\"1279\" src=\"https:\/\/global.aermec.com\/wp-content\/uploads\/2026\/01\/aermec-lavora-con-noi-scaled.webp\" class=\"attachment-full size-full wp-image-6206\" alt=\"operatore che controlla un componente macchina\" srcset=\"https:\/\/global.aermec.com\/wp-content\/uploads\/2026\/01\/aermec-lavora-con-noi-scaled.webp 2560w, https:\/\/global.aermec.com\/wp-content\/uploads\/2026\/01\/aermec-lavora-con-noi-300x150.webp 300w, https:\/\/global.aermec.com\/wp-content\/uploads\/2026\/01\/aermec-lavora-con-noi-1024x512.webp 1024w, https:\/\/global.aermec.com\/wp-content\/uploads\/2026\/01\/aermec-lavora-con-noi-768x384.webp 768w, https:\/\/global.aermec.com\/wp-content\/uploads\/2026\/01\/aermec-lavora-con-noi-1536x768.webp 1536w, https:\/\/global.aermec.com\/wp-content\/uploads\/2026\/01\/aermec-lavora-con-noi-2048x1023.webp 2048w\" sizes=\"(max-width: 2560px) 100vw, 2560px\" \/>\t\t\t\t\t\t\t\t\t\t\t\t\t\t\t<\/div>\n\t\t\t\t\t<\/div>\n\t\t\t\t<\/div>\n\t\t<div class=\"elementor-element elementor-element-5597614 e-flex e-con-boxed e-con e-parent\" data-id=\"5597614\" data-element_type=\"container\" data-e-type=\"container\">\n\t\t\t\t\t<div class=\"e-con-inner\">\n\t\t<div class=\"elementor-element elementor-element-1104696 e-con-full e-flex e-con e-child\" data-id=\"1104696\" data-element_type=\"container\" data-e-type=\"container\">\n\t\t\t\t<div class=\"elementor-element elementor-element-2ad182e elementor-widget elementor-widget-heading\" data-id=\"2ad182e\" data-element_type=\"widget\" data-e-type=\"widget\" data-widget_type=\"heading.default\">\n\t\t\t\t\t<h1 class=\"elementor-heading-title elementor-size-default\">Trabaja con nosotros<\/h1>\t\t\t\t<\/div>\n\t\t\t\t<div class=\"elementor-element elementor-element-4148500 elementor-widget__width-initial elementor-widget elementor-widget-heading\" data-id=\"4148500\" data-element_type=\"widget\" data-e-type=\"widget\" data-widget_type=\"heading.default\">\n\t\t\t\t\t<h2 class=\"elementor-heading-title elementor-size-default\">Te estamos esperando<\/h2>\t\t\t\t<\/div>\n\t\t\t\t<div class=\"elementor-element elementor-element-eab1f15 elementor-widget elementor-widget-text-editor\" data-id=\"eab1f15\" data-element_type=\"widget\" data-e-type=\"widget\" data-widget_type=\"text-editor.default\">\n\t\t\t\t\t\t\t\t\t<p>GRIG y Aermec creen en el desarrollo del individuo y, al mismo tiempo, en la creaci\u00f3n de un esp\u00edritu de equipo en el que todos se sientan escuchados, valorados y apoyados. El entorno de trabajo aqu\u00ed es un lugar donde se garantiza la seguridad operativa, se fomentan la experimentaci\u00f3n y el aprendizaje, se reconocen y cultivan talentos.<br \/>GRIG y Aermec buscan constantemente candidatos que compartan su visi\u00f3n y valores para caminar y crecer juntos en la empresa.<\/p>\t\t\t\t\t\t\t\t<\/div>\n\t\t<div class=\"elementor-element elementor-element-d65b8dc e-con-full e-flex e-con e-child\" data-id=\"d65b8dc\" data-element_type=\"container\" data-e-type=\"container\">\n\t\t\t\t<div class=\"elementor-element elementor-element-f113548 elementor-align-left elementor-widget elementor-widget-button\" data-id=\"f113548\" data-element_type=\"widget\" data-e-type=\"widget\" data-widget_type=\"button.default\">\n\t\t\t\t\t\t\t\t\t\t<a class=\"elementor-button elementor-button-link elementor-size-sm\" href=\"#trabaja-con-nosotros\">\n\t\t\t\t\t\t<span class=\"elementor-button-content-wrapper\">\n\t\t\t\t\t\t<span class=\"elementor-button-icon\">\n\t\t\t\t<svg aria-hidden=\"true\" class=\"e-font-icon-svg e-fas-caret-right\" viewBox=\"0 0 192 512\" xmlns=\"http:\/\/www.w3.org\/2000\/svg\"><path d=\"M0 384.662V127.338c0-17.818 21.543-26.741 34.142-14.142l128.662 128.662c7.81 7.81 7.81 20.474 0 28.284L34.142 398.804C21.543 411.404 0 402.48 0 384.662z\"><\/path><\/svg>\t\t\t<\/span>\n\t\t\t\t\t\t\t\t\t<span class=\"elementor-button-text\">Busca entre las vacantes disponibles<\/span>\n\t\t\t\t\t<\/span>\n\t\t\t\t\t<\/a>\n\t\t\t\t\t\t\t\t<\/div>\n\t\t\t\t<div class=\"elementor-element elementor-element-a71cad6 elementor-align-left elementor-widget elementor-widget-button\" data-id=\"a71cad6\" data-element_type=\"widget\" data-e-type=\"widget\" data-widget_type=\"button.default\">\n\t\t\t\t\t\t\t\t\t\t<a class=\"elementor-button elementor-button-link elementor-size-sm\" href=\"https:\/\/recruiting.aermec.com\/\" target=\"_blank\">\n\t\t\t\t\t\t<span class=\"elementor-button-content-wrapper\">\n\t\t\t\t\t\t<span class=\"elementor-button-icon\">\n\t\t\t\t<svg aria-hidden=\"true\" class=\"e-font-icon-svg e-fas-caret-right\" viewBox=\"0 0 192 512\" xmlns=\"http:\/\/www.w3.org\/2000\/svg\"><path d=\"M0 384.662V127.338c0-17.818 21.543-26.741 34.142-14.142l128.662 128.662c7.81 7.81 7.81 20.474 0 28.284L34.142 398.804C21.543 411.404 0 402.48 0 384.662z\"><\/path><\/svg>\t\t\t<\/span>\n\t\t\t\t\t\t\t\t\t<span class=\"elementor-button-text\">Env\u00eda una candidatura espont\u00e1nea<\/span>\n\t\t\t\t\t<\/span>\n\t\t\t\t\t<\/a>\n\t\t\t\t\t\t\t\t<\/div>\n\t\t\t\t<\/div>\n\t\t\t\t<\/div>\n\t\t\t\t\t<\/div>\n\t\t\t\t<\/div>\n\t\t<div class=\"elementor-element elementor-element-4b3f401 e-flex e-con-boxed e-con e-parent\" data-id=\"4b3f401\" data-element_type=\"container\" data-e-type=\"container\" data-settings=\"{&quot;background_background&quot;:&quot;classic&quot;}\">\n\t\t\t\t\t<div class=\"e-con-inner\">\n\t\t\t\t<div class=\"elementor-element elementor-element-5ab0f6d elementor-widget elementor-widget-heading\" data-id=\"5ab0f6d\" data-element_type=\"widget\" data-e-type=\"widget\" data-widget_type=\"heading.default\">\n\t\t\t\t\t<h3 class=\"elementor-heading-title elementor-size-default\">Qu\u00e9 ofrecemos<\/h3>\t\t\t\t<\/div>\n\t\t<div class=\"elementor-element elementor-element-2ccef94 e-grid e-con-full e-con e-child\" data-id=\"2ccef94\" data-element_type=\"container\" data-e-type=\"container\" data-settings=\"{&quot;background_background&quot;:&quot;classic&quot;}\">\n\t\t<div class=\"elementor-element elementor-element-f17af87 e-con-full e-flex e-con e-child\" data-id=\"f17af87\" data-element_type=\"container\" data-e-type=\"container\">\n\t\t\t\t<div class=\"elementor-element elementor-element-2fd6078 elementor-widget elementor-widget-heading\" data-id=\"2fd6078\" data-element_type=\"widget\" data-e-type=\"widget\" data-widget_type=\"heading.default\">\n\t\t\t\t\t<p class=\"elementor-heading-title elementor-size-default\">Un ambiente de trabajo seguro y c\u00f3modo,<\/p>\t\t\t\t<\/div>\n\t\t\t\t<div class=\"elementor-element elementor-element-82e5225 elementor-widget elementor-widget-heading\" data-id=\"82e5225\" data-element_type=\"widget\" data-e-type=\"widget\" data-widget_type=\"heading.default\">\n\t\t\t\t\t<p class=\"elementor-heading-title elementor-size-default\">donde se escucha, se tiene en cuenta y se valora a las personas.<\/p>\t\t\t\t<\/div>\n\t\t\t\t<\/div>\n\t\t<div class=\"elementor-element elementor-element-2cec439 e-con-full e-flex e-con e-child\" data-id=\"2cec439\" data-element_type=\"container\" data-e-type=\"container\">\n\t\t\t\t<div class=\"elementor-element elementor-element-a59be86 elementor-widget elementor-widget-heading\" data-id=\"a59be86\" data-element_type=\"widget\" data-e-type=\"widget\" data-widget_type=\"heading.default\">\n\t\t\t\t\t<p class=\"elementor-heading-title elementor-size-default\">Un proyecto de crecimiento personal<\/p>\t\t\t\t<\/div>\n\t\t\t\t<div class=\"elementor-element elementor-element-2e43d26 elementor-widget elementor-widget-heading\" data-id=\"2e43d26\" data-element_type=\"widget\" data-e-type=\"widget\" data-widget_type=\"heading.default\">\n\t\t\t\t\t<p class=\"elementor-heading-title elementor-size-default\">y profesional en un grupo italiano con ra\u00edces s\u00f3lidas y la mirada puesta en el futuro.<\/p>\t\t\t\t<\/div>\n\t\t\t\t<\/div>\n\t\t<div class=\"elementor-element elementor-element-da53e02 e-con-full e-flex e-con e-child\" data-id=\"da53e02\" data-element_type=\"container\" data-e-type=\"container\">\n\t\t\t\t<div class=\"elementor-element elementor-element-7e79f43 elementor-widget elementor-widget-heading\" data-id=\"7e79f43\" data-element_type=\"widget\" data-e-type=\"widget\" data-widget_type=\"heading.default\">\n\t\t\t\t\t<p class=\"elementor-heading-title elementor-size-default\">El alcance internacional de un grupo <\/p>\t\t\t\t<\/div>\n\t\t\t\t<div class=\"elementor-element elementor-element-365618d elementor-widget elementor-widget-heading\" data-id=\"365618d\" data-element_type=\"widget\" data-e-type=\"widget\" data-widget_type=\"heading.default\">\n\t\t\t\t\t<p class=\"elementor-heading-title elementor-size-default\">industrial articulado, donde las oportunidades para quienes trabajan en \u00e9l se multiplican y generan un desarrollo y una innovaci\u00f3n continuos.<\/p>\t\t\t\t<\/div>\n\t\t\t\t<\/div>\n\t\t\t\t<\/div>\n\t\t\t\t\t<\/div>\n\t\t\t\t<\/div>\n\t\t<div class=\"elementor-element elementor-element-50dd56c e-flex e-con-boxed e-con e-parent\" data-id=\"50dd56c\" data-element_type=\"container\" data-e-type=\"container\">\n\t\t\t\t\t<div class=\"e-con-inner\">\n\t\t\t\t<div class=\"elementor-element elementor-element-6c16b83 elementor-widget elementor-widget-menu-anchor\" data-id=\"6c16b83\" data-element_type=\"widget\" data-e-type=\"widget\" data-widget_type=\"menu-anchor.default\">\n\t\t\t\t\t\t\t<div class=\"elementor-menu-anchor\" id=\"trabaja-con-nosotros\"><\/div>\n\t\t\t\t\t\t<\/div>\n\t\t\t\t\t<\/div>\n\t\t\t\t<\/div>\n\t\t\t\t<\/div>\n\t\t","protected":false},"excerpt":{"rendered":"<p>Trabaja con nosotros Te estamos esperando GRIG y Aermec creen en el desarrollo del individuo y, al mismo tiempo, en la creaci\u00f3n de un esp\u00edritu de equipo en el que todos se sientan escuchados, valorados y apoyados. El entorno de trabajo aqu\u00ed es un lugar donde se garantiza la seguridad operativa, se fomentan la experimentaci\u00f3n [&hellip;]<\/p>\n","protected":false},"author":1,"featured_media":4105,"parent":0,"menu_order":55,"comment_status":"closed","ping_status":"closed","template":"template\/job-opportunities.php","meta":{"_acf_changed":false,"footnotes":""},"class_list":["post-10465","page","type-page","status-publish","has-post-thumbnail","hentry"],"acf":[],"yoast_head":"<!-- This site is optimized with the Yoast SEO plugin v27.2 - https:\/\/yoast.com\/product\/yoast-seo-wordpress\/ -->\n<title>Trabaja con nosotros - Aermec<\/title>\n<meta name=\"robots\" content=\"index, follow, max-snippet:-1, max-image-preview:large, max-video-preview:-1\" \/>\n<link rel=\"canonical\" href=\"https:\/\/global.aermec.com\/es\/trabaja-con-nosotros\/\" \/>\n<meta property=\"og:locale\" content=\"es_ES\" \/>\n<meta property=\"og:type\" content=\"article\" \/>\n<meta property=\"og:title\" content=\"Trabaja con nosotros - Aermec\" \/>\n<meta property=\"og:description\" content=\"Trabaja con nosotros Te estamos esperando GRIG y Aermec creen en el desarrollo del individuo y, al mismo tiempo, en la creaci\u00f3n de un esp\u00edritu de equipo en el que todos se sientan escuchados, valorados y apoyados. El entorno de trabajo aqu\u00ed es un lugar donde se garantiza la seguridad operativa, se fomentan la experimentaci\u00f3n [&hellip;]\" \/>\n<meta property=\"og:url\" content=\"https:\/\/global.aermec.com\/es\/trabaja-con-nosotros\/\" \/>\n<meta property=\"og:site_name\" content=\"Aermec\" \/>\n<meta property=\"article:modified_time\" content=\"2026-03-30T08:30:50+00:00\" \/>\n<meta property=\"og:image\" content=\"https:\/\/global.aermec.com\/wp-content\/uploads\/2026\/01\/screenshot.png\" \/>\n\t<meta property=\"og:image:width\" content=\"1200\" \/>\n\t<meta property=\"og:image:height\" content=\"900\" \/>\n\t<meta property=\"og:image:type\" content=\"image\/png\" \/>\n<meta name=\"twitter:card\" content=\"summary_large_image\" \/>\n<meta name=\"twitter:label1\" content=\"Tiempo de lectura\" \/>\n\t<meta name=\"twitter:data1\" content=\"1 minuto\" \/>\n<script type=\"application\/ld+json\" class=\"yoast-schema-graph\">{\"@context\":\"https:\/\/schema.org\",\"@graph\":[{\"@type\":\"WebPage\",\"@id\":\"https:\/\/global.aermec.com\/es\/trabaja-con-nosotros\/\",\"url\":\"https:\/\/global.aermec.com\/es\/trabaja-con-nosotros\/\",\"name\":\"Trabaja con nosotros - Aermec\",\"isPartOf\":{\"@id\":\"https:\/\/global.aermec.com\/es\/#website\"},\"primaryImageOfPage\":{\"@id\":\"https:\/\/global.aermec.com\/es\/trabaja-con-nosotros\/#primaryimage\"},\"image\":{\"@id\":\"https:\/\/global.aermec.com\/es\/trabaja-con-nosotros\/#primaryimage\"},\"thumbnailUrl\":\"https:\/\/global.aermec.com\/wp-content\/uploads\/2026\/01\/screenshot.png\",\"datePublished\":\"2026-01-27T15:42:54+00:00\",\"dateModified\":\"2026-03-30T08:30:50+00:00\",\"breadcrumb\":{\"@id\":\"https:\/\/global.aermec.com\/es\/trabaja-con-nosotros\/#breadcrumb\"},\"inLanguage\":\"es\",\"potentialAction\":[{\"@type\":\"ReadAction\",\"target\":[\"https:\/\/global.aermec.com\/es\/trabaja-con-nosotros\/\"]}]},{\"@type\":\"ImageObject\",\"inLanguage\":\"es\",\"@id\":\"https:\/\/global.aermec.com\/es\/trabaja-con-nosotros\/#primaryimage\",\"url\":\"https:\/\/global.aermec.com\/wp-content\/uploads\/2026\/01\/screenshot.png\",\"contentUrl\":\"https:\/\/global.aermec.com\/wp-content\/uploads\/2026\/01\/screenshot.png\",\"width\":1200,\"height\":900,\"caption\":\"Aermec - Campioni del clima\"},{\"@type\":\"BreadcrumbList\",\"@id\":\"https:\/\/global.aermec.com\/es\/trabaja-con-nosotros\/#breadcrumb\",\"itemListElement\":[{\"@type\":\"ListItem\",\"position\":1,\"name\":\"Home\",\"item\":\"https:\/\/global.aermec.com\/es\/\"},{\"@type\":\"ListItem\",\"position\":2,\"name\":\"Trabaja con nosotros\"}]},{\"@type\":\"WebSite\",\"@id\":\"https:\/\/global.aermec.com\/es\/#website\",\"url\":\"https:\/\/global.aermec.com\/es\/\",\"name\":\"Aermec\",\"description\":\"Ridefiniamo il futuro della climatizzazione.\",\"publisher\":{\"@id\":\"https:\/\/global.aermec.com\/es\/#organization\"},\"potentialAction\":[{\"@type\":\"SearchAction\",\"target\":{\"@type\":\"EntryPoint\",\"urlTemplate\":\"https:\/\/global.aermec.com\/es\/?s={search_term_string}\"},\"query-input\":{\"@type\":\"PropertyValueSpecification\",\"valueRequired\":true,\"valueName\":\"search_term_string\"}}],\"inLanguage\":\"es\"},{\"@type\":\"Organization\",\"@id\":\"https:\/\/global.aermec.com\/es\/#organization\",\"name\":\"Aermec\",\"url\":\"https:\/\/global.aermec.com\/es\/\",\"logo\":{\"@type\":\"ImageObject\",\"inLanguage\":\"es\",\"@id\":\"https:\/\/global.aermec.com\/es\/#\/schema\/logo\/image\/\",\"url\":\"https:\/\/global.aermec.com\/wp-content\/uploads\/2026\/01\/aermec-1.svg\",\"contentUrl\":\"https:\/\/global.aermec.com\/wp-content\/uploads\/2026\/01\/aermec-1.svg\",\"width\":149,\"height\":40,\"caption\":\"Aermec\"},\"image\":{\"@id\":\"https:\/\/global.aermec.com\/es\/#\/schema\/logo\/image\/\"},\"sameAs\":[\"https:\/\/www.linkedin.com\/company\/aermec\/\",\"https:\/\/www.youtube.com\/c\/AERMECSpa\"]}]}<\/script>\n<!-- \/ Yoast SEO plugin. -->","yoast_head_json":{"title":"Trabaja con nosotros - Aermec","robots":{"index":"index","follow":"follow","max-snippet":"max-snippet:-1","max-image-preview":"max-image-preview:large","max-video-preview":"max-video-preview:-1"},"canonical":"https:\/\/global.aermec.com\/es\/trabaja-con-nosotros\/","og_locale":"es_ES","og_type":"article","og_title":"Trabaja con nosotros - Aermec","og_description":"Trabaja con nosotros Te estamos esperando GRIG y Aermec creen en el desarrollo del individuo y, al mismo tiempo, en la creaci\u00f3n de un esp\u00edritu de equipo en el que todos se sientan escuchados, valorados y apoyados. El entorno de trabajo aqu\u00ed es un lugar donde se garantiza la seguridad operativa, se fomentan la experimentaci\u00f3n [&hellip;]","og_url":"https:\/\/global.aermec.com\/es\/trabaja-con-nosotros\/","og_site_name":"Aermec","article_modified_time":"2026-03-30T08:30:50+00:00","og_image":[{"width":1200,"height":900,"url":"https:\/\/global.aermec.com\/wp-content\/uploads\/2026\/01\/screenshot.png","type":"image\/png"}],"twitter_card":"summary_large_image","twitter_misc":{"Tiempo de lectura":"1 minuto"},"schema":{"@context":"https:\/\/schema.org","@graph":[{"@type":"WebPage","@id":"https:\/\/global.aermec.com\/es\/trabaja-con-nosotros\/","url":"https:\/\/global.aermec.com\/es\/trabaja-con-nosotros\/","name":"Trabaja con nosotros - Aermec","isPartOf":{"@id":"https:\/\/global.aermec.com\/es\/#website"},"primaryImageOfPage":{"@id":"https:\/\/global.aermec.com\/es\/trabaja-con-nosotros\/#primaryimage"},"image":{"@id":"https:\/\/global.aermec.com\/es\/trabaja-con-nosotros\/#primaryimage"},"thumbnailUrl":"https:\/\/global.aermec.com\/wp-content\/uploads\/2026\/01\/screenshot.png","datePublished":"2026-01-27T15:42:54+00:00","dateModified":"2026-03-30T08:30:50+00:00","breadcrumb":{"@id":"https:\/\/global.aermec.com\/es\/trabaja-con-nosotros\/#breadcrumb"},"inLanguage":"es","potentialAction":[{"@type":"ReadAction","target":["https:\/\/global.aermec.com\/es\/trabaja-con-nosotros\/"]}]},{"@type":"ImageObject","inLanguage":"es","@id":"https:\/\/global.aermec.com\/es\/trabaja-con-nosotros\/#primaryimage","url":"https:\/\/global.aermec.com\/wp-content\/uploads\/2026\/01\/screenshot.png","contentUrl":"https:\/\/global.aermec.com\/wp-content\/uploads\/2026\/01\/screenshot.png","width":1200,"height":900,"caption":"Aermec - Campioni del clima"},{"@type":"BreadcrumbList","@id":"https:\/\/global.aermec.com\/es\/trabaja-con-nosotros\/#breadcrumb","itemListElement":[{"@type":"ListItem","position":1,"name":"Home","item":"https:\/\/global.aermec.com\/es\/"},{"@type":"ListItem","position":2,"name":"Trabaja con nosotros"}]},{"@type":"WebSite","@id":"https:\/\/global.aermec.com\/es\/#website","url":"https:\/\/global.aermec.com\/es\/","name":"Aermec","description":"Ridefiniamo il futuro della climatizzazione.","publisher":{"@id":"https:\/\/global.aermec.com\/es\/#organization"},"potentialAction":[{"@type":"SearchAction","target":{"@type":"EntryPoint","urlTemplate":"https:\/\/global.aermec.com\/es\/?s={search_term_string}"},"query-input":{"@type":"PropertyValueSpecification","valueRequired":true,"valueName":"search_term_string"}}],"inLanguage":"es"},{"@type":"Organization","@id":"https:\/\/global.aermec.com\/es\/#organization","name":"Aermec","url":"https:\/\/global.aermec.com\/es\/","logo":{"@type":"ImageObject","inLanguage":"es","@id":"https:\/\/global.aermec.com\/es\/#\/schema\/logo\/image\/","url":"https:\/\/global.aermec.com\/wp-content\/uploads\/2026\/01\/aermec-1.svg","contentUrl":"https:\/\/global.aermec.com\/wp-content\/uploads\/2026\/01\/aermec-1.svg","width":149,"height":40,"caption":"Aermec"},"image":{"@id":"https:\/\/global.aermec.com\/es\/#\/schema\/logo\/image\/"},"sameAs":["https:\/\/www.linkedin.com\/company\/aermec\/","https:\/\/www.youtube.com\/c\/AERMECSpa"]}]}},"_links":{"self":[{"href":"https:\/\/global.aermec.com\/es\/wp-json\/wp\/v2\/pages\/10465","targetHints":{"allow":["GET"]}}],"collection":[{"href":"https:\/\/global.aermec.com\/es\/wp-json\/wp\/v2\/pages"}],"about":[{"href":"https:\/\/global.aermec.com\/es\/wp-json\/wp\/v2\/types\/page"}],"author":[{"embeddable":true,"href":"https:\/\/global.aermec.com\/es\/wp-json\/wp\/v2\/users\/1"}],"replies":[{"embeddable":true,"href":"https:\/\/global.aermec.com\/es\/wp-json\/wp\/v2\/comments?post=10465"}],"version-history":[{"count":10,"href":"https:\/\/global.aermec.com\/es\/wp-json\/wp\/v2\/pages\/10465\/revisions"}],"predecessor-version":[{"id":11562,"href":"https:\/\/global.aermec.com\/es\/wp-json\/wp\/v2\/pages\/10465\/revisions\/11562"}],"wp:featuredmedia":[{"embeddable":true,"href":"https:\/\/global.aermec.com\/es\/wp-json\/wp\/v2\/media\/4105"}],"wp:attachment":[{"href":"https:\/\/global.aermec.com\/es\/wp-json\/wp\/v2\/media?parent=10465"}],"curies":[{"name":"wp","href":"https:\/\/api.w.org\/{rel}","templated":true}]}}