{"id":5733,"date":"2026-01-14T16:10:21","date_gmt":"2026-01-14T15:10:21","guid":{"rendered":"https:\/\/global.aermec.com\/note-legali\/"},"modified":"2026-03-03T14:18:25","modified_gmt":"2026-03-03T13:18:25","slug":"nutzungs-bestimmungen","status":"publish","type":"page","link":"https:\/\/global.aermec.com\/de\/nutzungs-bestimmungen\/","title":{"rendered":"Nutzungs- bestimmungen"},"content":{"rendered":"\t\t<div data-elementor-type=\"wp-page\" data-elementor-id=\"5733\" class=\"elementor elementor-5733 elementor-239\" data-elementor-post-type=\"page\">\n\t\t\t\t<div class=\"elementor-element elementor-element-b4f791b e-flex e-con-boxed e-con e-parent\" data-id=\"b4f791b\" data-element_type=\"container\" data-e-type=\"container\">\n\t\t\t\t\t<div class=\"e-con-inner\">\n\t\t\t\t<div class=\"elementor-element elementor-element-9d4d4c7 elementor-widget elementor-widget-heading\" data-id=\"9d4d4c7\" data-element_type=\"widget\" data-e-type=\"widget\" data-widget_type=\"heading.default\">\n\t\t\t\t\t<h1 class=\"elementor-heading-title elementor-size-default\">Nutzungs-bestimmungen<\/h1>\t\t\t\t<\/div>\n\t\t\t\t<div class=\"elementor-element elementor-element-4a8b1ec elementor-widget elementor-widget-text-editor\" data-id=\"4a8b1ec\" data-element_type=\"widget\" data-e-type=\"widget\" data-widget_type=\"text-editor.default\">\n\t\t\t\t\t\t\t\t\t<p class=\"p1\">Viele Links auf dieser Seite verweisen auf externe Websites, die von Dritten unterhalten und gepflegt werden, auf die Aermec S.p.A. keinen Einfluss hat und f\u00fcr die Aermec S.p.A. nicht haftet.<\/p>\n<p>Es ist untersagt, den Namen Aermec in Seitentiteln und Metatags zu verwenden, gem\u00e4\u00df Erlass vom 18.1.2001 der neunten Zivilkammer des Gerichts von Rom; dieser Erlass legt fest, dass die Verwendung des Namens eines Wettbewerbers als Metatag zwecks \u201eSteuerung\u201c der Queries von potentiellen Kunden auf Suchmaschinen nicht gestattet ist.<\/p><p><br><\/p>\n<p><strong>Hyperlink zu Aermec<\/strong><br>Durch Kopieren des Logos von Aermec S.p.A. erhalten Sie eine nicht abtretbare, nicht \u00fcbertragbare und nicht ausschlie\u00dfliche Lizenz zur Verwendung des Logos auf Ihrer Website, Sie d\u00fcrfen das Logo nur verwenden, um einen Hyperlink zu www.aermec.com zu erstellen. F\u00fcr andere Zwecke darf das Logo nicht verwendet werden.<\/p><p><br><\/p>\n<p><strong>Gerichtsstand und Haftungsbegrenzung<\/strong><br>Die Rechte und Pflichten gem\u00e4\u00df dieser Vereinbarung richten sich nach italienischem Recht und schlie\u00dfen internationale Vertr\u00e4ge zum Urheberrecht aus. Die vertragschlie\u00dfenden Seiten stimmen hiermit zu und kommen \u00fcberein, dass das Gericht von Verona bzw. Legnago bei Rechtsstreitigkeiten oder Klagen aus oder im Zusammenhang mit dieser Vereinbarung der einzige zust\u00e4ndige Gerichtsstand ist, und jede vertragschlie\u00dfende Seite unterwirft sich im Zusammenhang mit solchen Verfahren oder Klagen der Rechtsprechung der zust\u00e4ndigen Gerichte. Jede vertragschlie\u00dfende Seite verzichtet hiermit auf alle Rechte zur Anfechtung der Urteile des ausschlie\u00dflich zust\u00e4ndigen Gerichts, die sie innehat oder in Zukunft innehaben wird.<\/p>\t\t\t\t\t\t\t\t<\/div>\n\t\t\t\t\t<\/div>\n\t\t\t\t<\/div>\n\t\t\t\t<\/div>\n\t\t","protected":false},"excerpt":{"rendered":"<p>Nutzungs-bestimmungen Viele Links auf dieser Seite verweisen auf externe Websites, die von Dritten unterhalten und gepflegt werden, auf die Aermec S.p.A. keinen Einfluss hat und f\u00fcr die Aermec S.p.A. nicht haftet. Es ist untersagt, den Namen Aermec in Seitentiteln und Metatags zu verwenden, gem\u00e4\u00df Erlass vom 18.1.2001 der neunten Zivilkammer des Gerichts von Rom; dieser [&hellip;]<\/p>\n","protected":false},"author":1,"featured_media":4102,"parent":0,"menu_order":220,"comment_status":"closed","ping_status":"closed","template":"","meta":{"_acf_changed":false,"footnotes":""},"class_list":["post-5733","page","type-page","status-publish","has-post-thumbnail","hentry"],"acf":[],"yoast_head":"<!-- This site is optimized with the Yoast SEO plugin v27.2 - https:\/\/yoast.com\/product\/yoast-seo-wordpress\/ -->\n<title>Nutzungs- bestimmungen - Aermec<\/title>\n<meta name=\"robots\" content=\"index, follow, max-snippet:-1, max-image-preview:large, max-video-preview:-1\" \/>\n<link rel=\"canonical\" href=\"https:\/\/global.aermec.com\/de\/nutzungs-bestimmungen\/\" \/>\n<meta property=\"og:locale\" content=\"de_DE\" \/>\n<meta property=\"og:type\" content=\"article\" \/>\n<meta property=\"og:title\" content=\"Nutzungs- bestimmungen - Aermec\" \/>\n<meta property=\"og:description\" content=\"Nutzungs-bestimmungen Viele Links auf dieser Seite verweisen auf externe Websites, die von Dritten unterhalten und gepflegt werden, auf die Aermec S.p.A. keinen Einfluss hat und f\u00fcr die Aermec S.p.A. nicht haftet. Es ist untersagt, den Namen Aermec in Seitentiteln und Metatags zu verwenden, gem\u00e4\u00df Erlass vom 18.1.2001 der neunten Zivilkammer des Gerichts von Rom; dieser [&hellip;]\" \/>\n<meta property=\"og:url\" content=\"https:\/\/global.aermec.com\/de\/nutzungs-bestimmungen\/\" \/>\n<meta property=\"og:site_name\" content=\"Aermec\" \/>\n<meta property=\"article:modified_time\" content=\"2026-03-03T13:18:25+00:00\" \/>\n<meta property=\"og:image\" content=\"https:\/\/global.aermec.com\/wp-content\/uploads\/2026\/01\/screenshot.png\" \/>\n\t<meta property=\"og:image:width\" content=\"1200\" \/>\n\t<meta property=\"og:image:height\" content=\"900\" \/>\n\t<meta property=\"og:image:type\" content=\"image\/png\" \/>\n<meta name=\"twitter:card\" content=\"summary_large_image\" \/>\n<meta name=\"twitter:label1\" content=\"Gesch\u00e4tzte Lesezeit\" \/>\n\t<meta name=\"twitter:data1\" content=\"2\u00a0Minuten\" \/>\n<script type=\"application\/ld+json\" class=\"yoast-schema-graph\">{\"@context\":\"https:\/\/schema.org\",\"@graph\":[{\"@type\":\"WebPage\",\"@id\":\"https:\/\/global.aermec.com\/de\/nutzungs-bestimmungen\/\",\"url\":\"https:\/\/global.aermec.com\/de\/nutzungs-bestimmungen\/\",\"name\":\"Nutzungs- bestimmungen - Aermec\",\"isPartOf\":{\"@id\":\"https:\/\/global.aermec.com\/de\/#website\"},\"primaryImageOfPage\":{\"@id\":\"https:\/\/global.aermec.com\/de\/nutzungs-bestimmungen\/#primaryimage\"},\"image\":{\"@id\":\"https:\/\/global.aermec.com\/de\/nutzungs-bestimmungen\/#primaryimage\"},\"thumbnailUrl\":\"https:\/\/global.aermec.com\/wp-content\/uploads\/2026\/01\/screenshot.png\",\"datePublished\":\"2026-01-14T15:10:21+00:00\",\"dateModified\":\"2026-03-03T13:18:25+00:00\",\"breadcrumb\":{\"@id\":\"https:\/\/global.aermec.com\/de\/nutzungs-bestimmungen\/#breadcrumb\"},\"inLanguage\":\"de\",\"potentialAction\":[{\"@type\":\"ReadAction\",\"target\":[\"https:\/\/global.aermec.com\/de\/nutzungs-bestimmungen\/\"]}]},{\"@type\":\"ImageObject\",\"inLanguage\":\"de\",\"@id\":\"https:\/\/global.aermec.com\/de\/nutzungs-bestimmungen\/#primaryimage\",\"url\":\"https:\/\/global.aermec.com\/wp-content\/uploads\/2026\/01\/screenshot.png\",\"contentUrl\":\"https:\/\/global.aermec.com\/wp-content\/uploads\/2026\/01\/screenshot.png\",\"width\":1200,\"height\":900,\"caption\":\"Aermec - Campioni del clima\"},{\"@type\":\"BreadcrumbList\",\"@id\":\"https:\/\/global.aermec.com\/de\/nutzungs-bestimmungen\/#breadcrumb\",\"itemListElement\":[{\"@type\":\"ListItem\",\"position\":1,\"name\":\"Home\",\"item\":\"https:\/\/global.aermec.com\/de\/\"},{\"@type\":\"ListItem\",\"position\":2,\"name\":\"Nutzungs- bestimmungen\"}]},{\"@type\":\"WebSite\",\"@id\":\"https:\/\/global.aermec.com\/de\/#website\",\"url\":\"https:\/\/global.aermec.com\/de\/\",\"name\":\"Aermec\",\"description\":\"Ridefiniamo il futuro della climatizzazione.\",\"publisher\":{\"@id\":\"https:\/\/global.aermec.com\/de\/#organization\"},\"potentialAction\":[{\"@type\":\"SearchAction\",\"target\":{\"@type\":\"EntryPoint\",\"urlTemplate\":\"https:\/\/global.aermec.com\/de\/?s={search_term_string}\"},\"query-input\":{\"@type\":\"PropertyValueSpecification\",\"valueRequired\":true,\"valueName\":\"search_term_string\"}}],\"inLanguage\":\"de\"},{\"@type\":\"Organization\",\"@id\":\"https:\/\/global.aermec.com\/de\/#organization\",\"name\":\"Aermec\",\"url\":\"https:\/\/global.aermec.com\/de\/\",\"logo\":{\"@type\":\"ImageObject\",\"inLanguage\":\"de\",\"@id\":\"https:\/\/global.aermec.com\/de\/#\/schema\/logo\/image\/\",\"url\":\"https:\/\/global.aermec.com\/wp-content\/uploads\/2026\/01\/aermec-1.svg\",\"contentUrl\":\"https:\/\/global.aermec.com\/wp-content\/uploads\/2026\/01\/aermec-1.svg\",\"width\":149,\"height\":40,\"caption\":\"Aermec\"},\"image\":{\"@id\":\"https:\/\/global.aermec.com\/de\/#\/schema\/logo\/image\/\"},\"sameAs\":[\"https:\/\/www.linkedin.com\/company\/aermec\/\",\"https:\/\/www.youtube.com\/c\/AERMECSpa\"]}]}<\/script>\n<!-- \/ Yoast SEO plugin. -->","yoast_head_json":{"title":"Nutzungs- bestimmungen - Aermec","robots":{"index":"index","follow":"follow","max-snippet":"max-snippet:-1","max-image-preview":"max-image-preview:large","max-video-preview":"max-video-preview:-1"},"canonical":"https:\/\/global.aermec.com\/de\/nutzungs-bestimmungen\/","og_locale":"de_DE","og_type":"article","og_title":"Nutzungs- bestimmungen - Aermec","og_description":"Nutzungs-bestimmungen Viele Links auf dieser Seite verweisen auf externe Websites, die von Dritten unterhalten und gepflegt werden, auf die Aermec S.p.A. keinen Einfluss hat und f\u00fcr die Aermec S.p.A. nicht haftet. Es ist untersagt, den Namen Aermec in Seitentiteln und Metatags zu verwenden, gem\u00e4\u00df Erlass vom 18.1.2001 der neunten Zivilkammer des Gerichts von Rom; dieser [&hellip;]","og_url":"https:\/\/global.aermec.com\/de\/nutzungs-bestimmungen\/","og_site_name":"Aermec","article_modified_time":"2026-03-03T13:18:25+00:00","og_image":[{"width":1200,"height":900,"url":"https:\/\/global.aermec.com\/wp-content\/uploads\/2026\/01\/screenshot.png","type":"image\/png"}],"twitter_card":"summary_large_image","twitter_misc":{"Gesch\u00e4tzte Lesezeit":"2\u00a0Minuten"},"schema":{"@context":"https:\/\/schema.org","@graph":[{"@type":"WebPage","@id":"https:\/\/global.aermec.com\/de\/nutzungs-bestimmungen\/","url":"https:\/\/global.aermec.com\/de\/nutzungs-bestimmungen\/","name":"Nutzungs- bestimmungen - Aermec","isPartOf":{"@id":"https:\/\/global.aermec.com\/de\/#website"},"primaryImageOfPage":{"@id":"https:\/\/global.aermec.com\/de\/nutzungs-bestimmungen\/#primaryimage"},"image":{"@id":"https:\/\/global.aermec.com\/de\/nutzungs-bestimmungen\/#primaryimage"},"thumbnailUrl":"https:\/\/global.aermec.com\/wp-content\/uploads\/2026\/01\/screenshot.png","datePublished":"2026-01-14T15:10:21+00:00","dateModified":"2026-03-03T13:18:25+00:00","breadcrumb":{"@id":"https:\/\/global.aermec.com\/de\/nutzungs-bestimmungen\/#breadcrumb"},"inLanguage":"de","potentialAction":[{"@type":"ReadAction","target":["https:\/\/global.aermec.com\/de\/nutzungs-bestimmungen\/"]}]},{"@type":"ImageObject","inLanguage":"de","@id":"https:\/\/global.aermec.com\/de\/nutzungs-bestimmungen\/#primaryimage","url":"https:\/\/global.aermec.com\/wp-content\/uploads\/2026\/01\/screenshot.png","contentUrl":"https:\/\/global.aermec.com\/wp-content\/uploads\/2026\/01\/screenshot.png","width":1200,"height":900,"caption":"Aermec - Campioni del clima"},{"@type":"BreadcrumbList","@id":"https:\/\/global.aermec.com\/de\/nutzungs-bestimmungen\/#breadcrumb","itemListElement":[{"@type":"ListItem","position":1,"name":"Home","item":"https:\/\/global.aermec.com\/de\/"},{"@type":"ListItem","position":2,"name":"Nutzungs- bestimmungen"}]},{"@type":"WebSite","@id":"https:\/\/global.aermec.com\/de\/#website","url":"https:\/\/global.aermec.com\/de\/","name":"Aermec","description":"Ridefiniamo il futuro della climatizzazione.","publisher":{"@id":"https:\/\/global.aermec.com\/de\/#organization"},"potentialAction":[{"@type":"SearchAction","target":{"@type":"EntryPoint","urlTemplate":"https:\/\/global.aermec.com\/de\/?s={search_term_string}"},"query-input":{"@type":"PropertyValueSpecification","valueRequired":true,"valueName":"search_term_string"}}],"inLanguage":"de"},{"@type":"Organization","@id":"https:\/\/global.aermec.com\/de\/#organization","name":"Aermec","url":"https:\/\/global.aermec.com\/de\/","logo":{"@type":"ImageObject","inLanguage":"de","@id":"https:\/\/global.aermec.com\/de\/#\/schema\/logo\/image\/","url":"https:\/\/global.aermec.com\/wp-content\/uploads\/2026\/01\/aermec-1.svg","contentUrl":"https:\/\/global.aermec.com\/wp-content\/uploads\/2026\/01\/aermec-1.svg","width":149,"height":40,"caption":"Aermec"},"image":{"@id":"https:\/\/global.aermec.com\/de\/#\/schema\/logo\/image\/"},"sameAs":["https:\/\/www.linkedin.com\/company\/aermec\/","https:\/\/www.youtube.com\/c\/AERMECSpa"]}]}},"_links":{"self":[{"href":"https:\/\/global.aermec.com\/de\/wp-json\/wp\/v2\/pages\/5733","targetHints":{"allow":["GET"]}}],"collection":[{"href":"https:\/\/global.aermec.com\/de\/wp-json\/wp\/v2\/pages"}],"about":[{"href":"https:\/\/global.aermec.com\/de\/wp-json\/wp\/v2\/types\/page"}],"author":[{"embeddable":true,"href":"https:\/\/global.aermec.com\/de\/wp-json\/wp\/v2\/users\/1"}],"replies":[{"embeddable":true,"href":"https:\/\/global.aermec.com\/de\/wp-json\/wp\/v2\/comments?post=5733"}],"version-history":[{"count":4,"href":"https:\/\/global.aermec.com\/de\/wp-json\/wp\/v2\/pages\/5733\/revisions"}],"predecessor-version":[{"id":5747,"href":"https:\/\/global.aermec.com\/de\/wp-json\/wp\/v2\/pages\/5733\/revisions\/5747"}],"wp:featuredmedia":[{"embeddable":true,"href":"https:\/\/global.aermec.com\/de\/wp-json\/wp\/v2\/media\/4102"}],"wp:attachment":[{"href":"https:\/\/global.aermec.com\/de\/wp-json\/wp\/v2\/media?parent=5733"}],"curies":[{"name":"wp","href":"https:\/\/api.w.org\/{rel}","templated":true}]}}