{"id":5710,"date":"2026-03-02T16:58:12","date_gmt":"2026-03-02T15:58:12","guid":{"rendered":"https:\/\/global.aermec.com\/soluzioni-integrate\/"},"modified":"2026-03-20T12:41:30","modified_gmt":"2026-03-20T11:41:30","slug":"systemlosungen","status":"publish","type":"page","link":"https:\/\/global.aermec.com\/de\/systemlosungen\/","title":{"rendered":"Systeml\u00f6sungen"},"content":{"rendered":"\t\t<div data-elementor-type=\"wp-page\" data-elementor-id=\"5710\" class=\"elementor elementor-5710 elementor-4885\" data-elementor-post-type=\"page\">\n\t\t\t\t<div class=\"elementor-element elementor-element-b4f791b e-flex e-con-boxed e-con e-parent\" data-id=\"b4f791b\" data-element_type=\"container\" data-e-type=\"container\">\n\t\t\t\t\t<div class=\"e-con-inner\">\n\t\t\t\t<div class=\"elementor-element elementor-element-9d4d4c7 elementor-widget elementor-widget-heading\" data-id=\"9d4d4c7\" data-element_type=\"widget\" data-e-type=\"widget\" data-widget_type=\"heading.default\">\n\t\t\t\t\t<h1 class=\"elementor-heading-title elementor-size-default\">Systeml\u00f6sungen<\/h1>\t\t\t\t<\/div>\n\t\t\t\t<div class=\"elementor-element elementor-element-4a8b1ec elementor-widget elementor-widget-text-editor\" data-id=\"4a8b1ec\" data-element_type=\"widget\" data-e-type=\"widget\" data-widget_type=\"text-editor.default\">\n\t\t\t\t\t\t\t\t\t<div class=\"content\">\n<div class=\"content\">\n<p>Die klimatechnischen Bed\u00fcrfnisse moderner Infrastrukturen machen mehr als blo\u00df die Anwendung von Produkten zur Klimatisierung erforderlich. Eine Systeml\u00f6sung ist notwendig, eine essentielle Kombination mehrerer und verschiedenartiger Ger\u00e4te, untergeordneter Komponenten sowie Steuerungs- und \u00dcberwachungsvorrichtungen, die auf vollkommen harmonisch koordinierte Weise zusammenarbeiten, um sicherzustellen, dass jederzeit und auch im Falle sich \u00e4ndernder Leistungsanforderungen und kontinuierlich wechselnder Bedingungen den jeweiligen klimatechnischen Bed\u00fcrfnissen exakt entsprochen wird.<\/p>\n<p>Aermec ist bestens aufgestellt, um den Kunden hochentwickelte Systeml\u00f6sungen anzubieten, die den individuellen Anspr\u00fcchen innerhalb einer gro\u00dfen Anzahl unterschiedlicher Anwendungen absolut gerecht werden. Das ist auf eine Verbindung von Kompetenz und L\u00f6sungen zur\u00fcckzuf\u00fchren, die Aermec gestattet, wirklich einzigartige Kundenprojekte zu unterbreiten:<\/p>\n<ul class=\"list\">\n<li>Ein komplettes Angebot von klimatechnischen Produktl\u00f6sungen; Aermec ist in der Lage, jeden Produktbedarf innerhalb des Systems zu decken.<\/li>\n<li>Eine Vielfalt an spezifischen Produktkonfigurationen und Zubeh\u00f6rteilen, um allen individuellen Bed\u00fcrfnissen gerecht werden zu k\u00f6nnen.<\/li>\n<li>Die F\u00e4higkeit, ma\u00dfgeschneiderte, individuell gestaltete L\u00f6sungen vorlegen zu k\u00f6nnen.<\/li>\n<li>Selbst programmierte Software, sodass kundenspezifische Steuerungsalgorithmen geschaffen werden k\u00f6nnen.<\/li>\n<li>Ein hochkompetentes Planungsteam, das auch \u00fcber spezielle technische Berater verf\u00fcgt und den Kunden w\u00e4hrend der gesamten Planungsphase unterst\u00fctzt.<\/li>\n<li>65 Jahre Erfahrung im Bereich der Klimatechnik und ein hohes Niveau an anwendungsspezifischem Know-how.<\/li>\n<li>Aermecs renommiertes Verfahren der \u201eintegrierten Planung\u201c, bei dem alle Stakeholder im Projekt einschlie\u00dflich der Architekten, Planer, Installateure und Endbenutzer zusammen in einem einzigen Projektteam arbeiten, um sicherzustellen, dass s\u00e4mtliche Projektvorgaben exakt erreicht werden k\u00f6nnen.<\/li>\n<li>Dank fortschrittlicher Support-Tools f\u00fcr die Softwareauswahl wie etwa der cleveren Systemsimulationssoftware ACES k\u00f6nnen ganze Systeme unter wechselnden und realistischen Ganzjahresbedingungen simuliert werden.<\/li>\n<li>Spezielle Einrichtungen f\u00fcr Pr\u00fcfungen im Beisein von Zeugen (Witness-Tests), wo der Kunde die exakte Funktionsweise der ausgew\u00e4hlten L\u00f6sung vor der Vor-Ort-Montage \u00fcberpr\u00fcfen kann.<\/li>\n<\/ul>\n<p>Um eine optimale Systeml\u00f6sung zu finden, die den Benutzeranforderungen absolut gerecht wird, ist ein wohldurchdachter Projektprozess in Verbindung mit spezifischen, technischen Kompetenzen erforderlich. Aermec ist in der Lage, diese F\u00e4higkeiten anzubieten und sicherzustellen, dass alle Kundenanforderungen, so komplex diese auch sein m\u00f6gen, erf\u00fcllt werden k\u00f6nnen, indem eine ma\u00dfgeschneiderte L\u00f6sung gefunden wird, die maximalen Nutzen zu minimalen Gesamtlebenszykluskosten umgesetzt werden kann.<\/p><\/div>\n<\/div>\t\t\t\t\t\t\t\t<\/div>\n\t\t\t\t\t<\/div>\n\t\t\t\t<\/div>\n\t\t\t\t<\/div>\n\t\t","protected":false},"excerpt":{"rendered":"<p>Systeml\u00f6sungen Die klimatechnischen Bed\u00fcrfnisse moderner Infrastrukturen machen mehr als blo\u00df die Anwendung von Produkten zur Klimatisierung erforderlich. Eine Systeml\u00f6sung ist notwendig, eine essentielle Kombination mehrerer und verschiedenartiger Ger\u00e4te, untergeordneter Komponenten sowie Steuerungs- und \u00dcberwachungsvorrichtungen, die auf vollkommen harmonisch koordinierte Weise zusammenarbeiten, um sicherzustellen, dass jederzeit und auch im Falle sich \u00e4ndernder Leistungsanforderungen und kontinuierlich wechselnder [&hellip;]<\/p>\n","protected":false},"author":1,"featured_media":4102,"parent":0,"menu_order":220,"comment_status":"closed","ping_status":"closed","template":"","meta":{"_acf_changed":false,"footnotes":""},"class_list":["post-5710","page","type-page","status-publish","has-post-thumbnail","hentry"],"acf":[],"yoast_head":"<!-- This site is optimized with the Yoast SEO plugin v27.2 - https:\/\/yoast.com\/product\/yoast-seo-wordpress\/ -->\n<title>Systeml\u00f6sungen - Aermec<\/title>\n<meta name=\"robots\" content=\"index, follow, max-snippet:-1, max-image-preview:large, max-video-preview:-1\" \/>\n<link rel=\"canonical\" href=\"https:\/\/global.aermec.com\/de\/systemlosungen\/\" \/>\n<meta property=\"og:locale\" content=\"de_DE\" \/>\n<meta property=\"og:type\" content=\"article\" \/>\n<meta property=\"og:title\" content=\"Systeml\u00f6sungen - Aermec\" \/>\n<meta property=\"og:description\" content=\"Systeml\u00f6sungen Die klimatechnischen Bed\u00fcrfnisse moderner Infrastrukturen machen mehr als blo\u00df die Anwendung von Produkten zur Klimatisierung erforderlich. Eine Systeml\u00f6sung ist notwendig, eine essentielle Kombination mehrerer und verschiedenartiger Ger\u00e4te, untergeordneter Komponenten sowie Steuerungs- und \u00dcberwachungsvorrichtungen, die auf vollkommen harmonisch koordinierte Weise zusammenarbeiten, um sicherzustellen, dass jederzeit und auch im Falle sich \u00e4ndernder Leistungsanforderungen und kontinuierlich wechselnder [&hellip;]\" \/>\n<meta property=\"og:url\" content=\"https:\/\/global.aermec.com\/de\/systemlosungen\/\" \/>\n<meta property=\"og:site_name\" content=\"Aermec\" \/>\n<meta property=\"article:modified_time\" content=\"2026-03-20T11:41:30+00:00\" \/>\n<meta property=\"og:image\" content=\"https:\/\/global.aermec.com\/wp-content\/uploads\/2026\/01\/screenshot.png\" \/>\n\t<meta property=\"og:image:width\" content=\"1200\" \/>\n\t<meta property=\"og:image:height\" content=\"900\" \/>\n\t<meta property=\"og:image:type\" content=\"image\/png\" \/>\n<meta name=\"twitter:card\" content=\"summary_large_image\" \/>\n<meta name=\"twitter:label1\" content=\"Gesch\u00e4tzte Lesezeit\" \/>\n\t<meta name=\"twitter:data1\" content=\"2\u00a0Minuten\" \/>\n<script type=\"application\/ld+json\" class=\"yoast-schema-graph\">{\"@context\":\"https:\/\/schema.org\",\"@graph\":[{\"@type\":\"WebPage\",\"@id\":\"https:\/\/global.aermec.com\/de\/systemlosungen\/\",\"url\":\"https:\/\/global.aermec.com\/de\/systemlosungen\/\",\"name\":\"Systeml\u00f6sungen - Aermec\",\"isPartOf\":{\"@id\":\"https:\/\/global.aermec.com\/de\/#website\"},\"primaryImageOfPage\":{\"@id\":\"https:\/\/global.aermec.com\/de\/systemlosungen\/#primaryimage\"},\"image\":{\"@id\":\"https:\/\/global.aermec.com\/de\/systemlosungen\/#primaryimage\"},\"thumbnailUrl\":\"https:\/\/global.aermec.com\/wp-content\/uploads\/2026\/01\/screenshot.png\",\"datePublished\":\"2026-03-02T15:58:12+00:00\",\"dateModified\":\"2026-03-20T11:41:30+00:00\",\"breadcrumb\":{\"@id\":\"https:\/\/global.aermec.com\/de\/systemlosungen\/#breadcrumb\"},\"inLanguage\":\"de\",\"potentialAction\":[{\"@type\":\"ReadAction\",\"target\":[\"https:\/\/global.aermec.com\/de\/systemlosungen\/\"]}]},{\"@type\":\"ImageObject\",\"inLanguage\":\"de\",\"@id\":\"https:\/\/global.aermec.com\/de\/systemlosungen\/#primaryimage\",\"url\":\"https:\/\/global.aermec.com\/wp-content\/uploads\/2026\/01\/screenshot.png\",\"contentUrl\":\"https:\/\/global.aermec.com\/wp-content\/uploads\/2026\/01\/screenshot.png\",\"width\":1200,\"height\":900,\"caption\":\"Aermec - Campioni del clima\"},{\"@type\":\"BreadcrumbList\",\"@id\":\"https:\/\/global.aermec.com\/de\/systemlosungen\/#breadcrumb\",\"itemListElement\":[{\"@type\":\"ListItem\",\"position\":1,\"name\":\"Home\",\"item\":\"https:\/\/global.aermec.com\/de\/\"},{\"@type\":\"ListItem\",\"position\":2,\"name\":\"Systeml\u00f6sungen\"}]},{\"@type\":\"WebSite\",\"@id\":\"https:\/\/global.aermec.com\/de\/#website\",\"url\":\"https:\/\/global.aermec.com\/de\/\",\"name\":\"Aermec\",\"description\":\"Ridefiniamo il futuro della climatizzazione.\",\"publisher\":{\"@id\":\"https:\/\/global.aermec.com\/de\/#organization\"},\"potentialAction\":[{\"@type\":\"SearchAction\",\"target\":{\"@type\":\"EntryPoint\",\"urlTemplate\":\"https:\/\/global.aermec.com\/de\/?s={search_term_string}\"},\"query-input\":{\"@type\":\"PropertyValueSpecification\",\"valueRequired\":true,\"valueName\":\"search_term_string\"}}],\"inLanguage\":\"de\"},{\"@type\":\"Organization\",\"@id\":\"https:\/\/global.aermec.com\/de\/#organization\",\"name\":\"Aermec\",\"url\":\"https:\/\/global.aermec.com\/de\/\",\"logo\":{\"@type\":\"ImageObject\",\"inLanguage\":\"de\",\"@id\":\"https:\/\/global.aermec.com\/de\/#\/schema\/logo\/image\/\",\"url\":\"https:\/\/global.aermec.com\/wp-content\/uploads\/2026\/01\/aermec-1.svg\",\"contentUrl\":\"https:\/\/global.aermec.com\/wp-content\/uploads\/2026\/01\/aermec-1.svg\",\"width\":149,\"height\":40,\"caption\":\"Aermec\"},\"image\":{\"@id\":\"https:\/\/global.aermec.com\/de\/#\/schema\/logo\/image\/\"},\"sameAs\":[\"https:\/\/www.linkedin.com\/company\/aermec\/\",\"https:\/\/www.youtube.com\/c\/AERMECSpa\"]}]}<\/script>\n<!-- \/ Yoast SEO plugin. -->","yoast_head_json":{"title":"Systeml\u00f6sungen - Aermec","robots":{"index":"index","follow":"follow","max-snippet":"max-snippet:-1","max-image-preview":"max-image-preview:large","max-video-preview":"max-video-preview:-1"},"canonical":"https:\/\/global.aermec.com\/de\/systemlosungen\/","og_locale":"de_DE","og_type":"article","og_title":"Systeml\u00f6sungen - Aermec","og_description":"Systeml\u00f6sungen Die klimatechnischen Bed\u00fcrfnisse moderner Infrastrukturen machen mehr als blo\u00df die Anwendung von Produkten zur Klimatisierung erforderlich. Eine Systeml\u00f6sung ist notwendig, eine essentielle Kombination mehrerer und verschiedenartiger Ger\u00e4te, untergeordneter Komponenten sowie Steuerungs- und \u00dcberwachungsvorrichtungen, die auf vollkommen harmonisch koordinierte Weise zusammenarbeiten, um sicherzustellen, dass jederzeit und auch im Falle sich \u00e4ndernder Leistungsanforderungen und kontinuierlich wechselnder [&hellip;]","og_url":"https:\/\/global.aermec.com\/de\/systemlosungen\/","og_site_name":"Aermec","article_modified_time":"2026-03-20T11:41:30+00:00","og_image":[{"width":1200,"height":900,"url":"https:\/\/global.aermec.com\/wp-content\/uploads\/2026\/01\/screenshot.png","type":"image\/png"}],"twitter_card":"summary_large_image","twitter_misc":{"Gesch\u00e4tzte Lesezeit":"2\u00a0Minuten"},"schema":{"@context":"https:\/\/schema.org","@graph":[{"@type":"WebPage","@id":"https:\/\/global.aermec.com\/de\/systemlosungen\/","url":"https:\/\/global.aermec.com\/de\/systemlosungen\/","name":"Systeml\u00f6sungen - Aermec","isPartOf":{"@id":"https:\/\/global.aermec.com\/de\/#website"},"primaryImageOfPage":{"@id":"https:\/\/global.aermec.com\/de\/systemlosungen\/#primaryimage"},"image":{"@id":"https:\/\/global.aermec.com\/de\/systemlosungen\/#primaryimage"},"thumbnailUrl":"https:\/\/global.aermec.com\/wp-content\/uploads\/2026\/01\/screenshot.png","datePublished":"2026-03-02T15:58:12+00:00","dateModified":"2026-03-20T11:41:30+00:00","breadcrumb":{"@id":"https:\/\/global.aermec.com\/de\/systemlosungen\/#breadcrumb"},"inLanguage":"de","potentialAction":[{"@type":"ReadAction","target":["https:\/\/global.aermec.com\/de\/systemlosungen\/"]}]},{"@type":"ImageObject","inLanguage":"de","@id":"https:\/\/global.aermec.com\/de\/systemlosungen\/#primaryimage","url":"https:\/\/global.aermec.com\/wp-content\/uploads\/2026\/01\/screenshot.png","contentUrl":"https:\/\/global.aermec.com\/wp-content\/uploads\/2026\/01\/screenshot.png","width":1200,"height":900,"caption":"Aermec - Campioni del clima"},{"@type":"BreadcrumbList","@id":"https:\/\/global.aermec.com\/de\/systemlosungen\/#breadcrumb","itemListElement":[{"@type":"ListItem","position":1,"name":"Home","item":"https:\/\/global.aermec.com\/de\/"},{"@type":"ListItem","position":2,"name":"Systeml\u00f6sungen"}]},{"@type":"WebSite","@id":"https:\/\/global.aermec.com\/de\/#website","url":"https:\/\/global.aermec.com\/de\/","name":"Aermec","description":"Ridefiniamo il futuro della climatizzazione.","publisher":{"@id":"https:\/\/global.aermec.com\/de\/#organization"},"potentialAction":[{"@type":"SearchAction","target":{"@type":"EntryPoint","urlTemplate":"https:\/\/global.aermec.com\/de\/?s={search_term_string}"},"query-input":{"@type":"PropertyValueSpecification","valueRequired":true,"valueName":"search_term_string"}}],"inLanguage":"de"},{"@type":"Organization","@id":"https:\/\/global.aermec.com\/de\/#organization","name":"Aermec","url":"https:\/\/global.aermec.com\/de\/","logo":{"@type":"ImageObject","inLanguage":"de","@id":"https:\/\/global.aermec.com\/de\/#\/schema\/logo\/image\/","url":"https:\/\/global.aermec.com\/wp-content\/uploads\/2026\/01\/aermec-1.svg","contentUrl":"https:\/\/global.aermec.com\/wp-content\/uploads\/2026\/01\/aermec-1.svg","width":149,"height":40,"caption":"Aermec"},"image":{"@id":"https:\/\/global.aermec.com\/de\/#\/schema\/logo\/image\/"},"sameAs":["https:\/\/www.linkedin.com\/company\/aermec\/","https:\/\/www.youtube.com\/c\/AERMECSpa"]}]}},"_links":{"self":[{"href":"https:\/\/global.aermec.com\/de\/wp-json\/wp\/v2\/pages\/5710","targetHints":{"allow":["GET"]}}],"collection":[{"href":"https:\/\/global.aermec.com\/de\/wp-json\/wp\/v2\/pages"}],"about":[{"href":"https:\/\/global.aermec.com\/de\/wp-json\/wp\/v2\/types\/page"}],"author":[{"embeddable":true,"href":"https:\/\/global.aermec.com\/de\/wp-json\/wp\/v2\/users\/1"}],"replies":[{"embeddable":true,"href":"https:\/\/global.aermec.com\/de\/wp-json\/wp\/v2\/comments?post=5710"}],"version-history":[{"count":7,"href":"https:\/\/global.aermec.com\/de\/wp-json\/wp\/v2\/pages\/5710\/revisions"}],"predecessor-version":[{"id":11325,"href":"https:\/\/global.aermec.com\/de\/wp-json\/wp\/v2\/pages\/5710\/revisions\/11325"}],"wp:featuredmedia":[{"embeddable":true,"href":"https:\/\/global.aermec.com\/de\/wp-json\/wp\/v2\/media\/4102"}],"wp:attachment":[{"href":"https:\/\/global.aermec.com\/de\/wp-json\/wp\/v2\/media?parent=5710"}],"curies":[{"name":"wp","href":"https:\/\/api.w.org\/{rel}","templated":true}]}}