{"id":10576,"date":"2026-01-14T15:29:20","date_gmt":"2026-01-14T14:29:20","guid":{"rendered":"https:\/\/global.aermec.com\/servizi\/"},"modified":"2026-03-13T11:26:01","modified_gmt":"2026-03-13T10:26:01","slug":"dienstleistungen","status":"publish","type":"page","link":"https:\/\/global.aermec.com\/de\/dienstleistungen\/","title":{"rendered":"Dienstleistungen"},"content":{"rendered":"\t\t<div data-elementor-type=\"wp-page\" data-elementor-id=\"10576\" class=\"elementor elementor-10576 elementor-205\" data-elementor-post-type=\"page\">\n\t\t\t\t<div class=\"elementor-element elementor-element-f534bb6 e-flex e-con-boxed e-con e-parent\" data-id=\"f534bb6\" data-element_type=\"container\" data-e-type=\"container\">\n\t\t\t\t\t<div class=\"e-con-inner\">\n\t\t\t\t<div class=\"elementor-element elementor-element-bf7ec43 elementor-widget elementor-widget-image\" data-id=\"bf7ec43\" data-element_type=\"widget\" data-e-type=\"widget\" data-widget_type=\"image.default\">\n\t\t\t\t\t\t\t\t\t\t\t\t\t\t\t<img fetchpriority=\"high\" decoding=\"async\" width=\"3000\" height=\"1500\" src=\"https:\/\/global.aermec.com\/wp-content\/uploads\/2026\/03\/aermec-servizi-2.webp\" class=\"attachment-full size-full wp-image-10578\" alt=\"unit\u00e0 esterna, con furgone brandizzato Aermec, assistenza clienti e montaggio\" srcset=\"https:\/\/global.aermec.com\/wp-content\/uploads\/2026\/03\/aermec-servizi-2.webp 3000w, https:\/\/global.aermec.com\/wp-content\/uploads\/2026\/03\/aermec-servizi-2-300x150.webp 300w, https:\/\/global.aermec.com\/wp-content\/uploads\/2026\/03\/aermec-servizi-2-1024x512.webp 1024w, https:\/\/global.aermec.com\/wp-content\/uploads\/2026\/03\/aermec-servizi-2-768x384.webp 768w, https:\/\/global.aermec.com\/wp-content\/uploads\/2026\/03\/aermec-servizi-2-1536x768.webp 1536w, https:\/\/global.aermec.com\/wp-content\/uploads\/2026\/03\/aermec-servizi-2-2048x1024.webp 2048w\" sizes=\"(max-width: 3000px) 100vw, 3000px\" \/>\t\t\t\t\t\t\t\t\t\t\t\t\t\t\t<\/div>\n\t\t\t\t\t<\/div>\n\t\t\t\t<\/div>\n\t\t<div class=\"elementor-element elementor-element-ad6cb63 e-flex e-con-boxed e-con e-parent\" data-id=\"ad6cb63\" data-element_type=\"container\" data-e-type=\"container\">\n\t\t\t\t\t<div class=\"e-con-inner\">\n\t\t<div class=\"elementor-element elementor-element-a6ef66b e-con-full e-flex e-con e-child\" data-id=\"a6ef66b\" data-element_type=\"container\" data-e-type=\"container\">\n\t\t\t\t<div class=\"elementor-element elementor-element-44e02cd elementor-widget elementor-widget-heading\" data-id=\"44e02cd\" data-element_type=\"widget\" data-e-type=\"widget\" data-widget_type=\"heading.default\">\n\t\t\t\t\t<h1 class=\"elementor-heading-title elementor-size-default\">Dienstleistungen <\/h1>\t\t\t\t<\/div>\n\t\t\t\t<\/div>\n\t\t<div class=\"elementor-element elementor-element-71a1346 e-con-full e-flex e-con e-child\" data-id=\"71a1346\" data-element_type=\"container\" data-e-type=\"container\">\n\t\t\t\t<div class=\"elementor-element elementor-element-25ffea7 elementor-widget elementor-widget-heading\" data-id=\"25ffea7\" data-element_type=\"widget\" data-e-type=\"widget\" data-widget_type=\"heading.default\">\n\t\t\t\t\t<h2 class=\"elementor-heading-title elementor-size-default\">Technischer Support und Planungswerkzeuge.<\/h2>\t\t\t\t<\/div>\n\t\t\t\t<div class=\"elementor-element elementor-element-07f922f elementor-widget elementor-widget-text-editor\" data-id=\"07f922f\" data-element_type=\"widget\" data-e-type=\"widget\" data-widget_type=\"text-editor.default\">\n\t\t\t\t\t\t\t\t\t<p>Aermec bietet ein umfassendes Service-\u00d6kosystem, das Planer und Installateure in jeder Phase eines Projekts unterst\u00fctzt \u2013 von der anf\u00e4nglichen technischen Beratung bis hin zur Leistungsvalidierung durch Witness Tests in den hochmodernen firmeneigenen Laboren. Speziell entwickelte Softwaretools stellen den Fachleuten die n\u00f6tigen Hilfsmittel bereit, um die Integration zwischen Geb\u00e4ude und Anlagentechnik optimal zu gestalten. Zus\u00e4tzlich gew\u00e4hrleistet das dichte Netzwerk von \u00fcber 81 autorisierten Kundendienstzentren einen schnellen und kompetenten After-Sales-Support, der die vollst\u00e4ndige Zuverl\u00e4ssigkeit und die operative Effizienz jedes Systems sicherstellt.<\/p>\t\t\t\t\t\t\t\t<\/div>\n\t\t\t\t<\/div>\n\t\t\t\t\t<\/div>\n\t\t\t\t<\/div>\n\t\t<div class=\"elementor-element elementor-element-0f45694 e-flex e-con-boxed e-con e-parent\" data-id=\"0f45694\" data-element_type=\"container\" data-e-type=\"container\">\n\t\t\t\t\t<div class=\"e-con-inner\">\n\t\t<div class=\"elementor-element elementor-element-b41505b e-grid e-con-full e-con e-child\" data-id=\"b41505b\" data-element_type=\"container\" data-e-type=\"container\">\n\t\t<div class=\"elementor-element elementor-element-c3c7d46 e-con-full e-flex e-con e-child\" data-id=\"c3c7d46\" data-element_type=\"container\" data-e-type=\"container\" data-settings=\"{&quot;background_background&quot;:&quot;classic&quot;}\">\n\t\t\t\t<\/div>\n\t\t<div class=\"elementor-element elementor-element-b35de2c e-con-full e-flex e-con e-child\" data-id=\"b35de2c\" data-element_type=\"container\" data-e-type=\"container\" data-settings=\"{&quot;background_background&quot;:&quot;gradient&quot;}\">\n\t\t\t\t<div class=\"elementor-element elementor-element-4ff35ec elementor-widget elementor-widget-text-editor\" data-id=\"4ff35ec\" data-element_type=\"widget\" data-e-type=\"widget\" data-widget_type=\"text-editor.default\">\n\t\t\t\t\t\t\t\t\t<p>Testing Room C7<\/p>\t\t\t\t\t\t\t\t<\/div>\n\t\t\t\t<div class=\"elementor-element elementor-element-dd4a007 elementor-widget elementor-widget-text-editor\" data-id=\"dd4a007\" data-element_type=\"widget\" data-e-type=\"widget\" data-widget_type=\"text-editor.default\">\n\t\t\t\t\t\t\t\t\t<p>Hochleistungspr\u00fcfkammer f\u00fcr Anlagenger\u00e4te.<\/p>\t\t\t\t\t\t\t\t<\/div>\n\t\t\t\t<div class=\"elementor-element elementor-element-0ce05cf elementor-widget elementor-widget-text-editor\" data-id=\"0ce05cf\" data-element_type=\"widget\" data-e-type=\"widget\" data-widget_type=\"text-editor.default\">\n\t\t\t\t\t\t\t\t\t<p>Eine der gr\u00f6\u00dften Pr\u00fcfkammern Europas. Der Testing Room C7, er\u00f6ffnet 2015, z\u00e4hlt zu den gr\u00f6\u00dften Pr\u00fcfkammern Europas f\u00fcr Anlagenger\u00e4te.<br \/><br \/>Diese hochmoderne Anlage erm\u00f6glicht Tests von Ger\u00e4ten mit einer Leistung von bis zu 2\u202fMW und garantiert damit besonders pr\u00e4zise und anspruchsvolle Pr\u00fcfungen. Das Labor ist au\u00dferdem akkreditiert f\u00fcr die Durchf\u00fchrung von Tests zur Erlangung internationaler Zertifizierungen wie Eurovent und AHRI.<\/p>\t\t\t\t\t\t\t\t<\/div>\n\t\t\t\t<\/div>\n\t\t\t\t<\/div>\n\t\t<div class=\"elementor-element elementor-element-1e049f8 e-con-full e-flex e-con e-child\" data-id=\"1e049f8\" data-element_type=\"container\" data-e-type=\"container\">\n\t\t\t\t<div class=\"elementor-element elementor-element-cb3222b elementor-widget elementor-widget-heading\" data-id=\"cb3222b\" data-element_type=\"widget\" data-e-type=\"widget\" data-widget_type=\"heading.default\">\n\t\t\t\t\t<h3 class=\"elementor-heading-title elementor-size-default\">Witness tests.<\/h3>\t\t\t\t<\/div>\n\t\t\t\t<div class=\"elementor-element elementor-element-61bdfa6 elementor-widget elementor-widget-text-editor\" data-id=\"61bdfa6\" data-element_type=\"widget\" data-e-type=\"widget\" data-widget_type=\"text-editor.default\">\n\t\t\t\t\t\t\t\t\t<p>Moderne Infrastrukturen verlangen nach ma\u00dfgeschneiderten HVAC-L\u00f6sungen, die sich optimal in die komplexen Geb\u00e4ude integrieren.<\/p><p>Aermec bietet hierf\u00fcr projektbezogene und individuelle L\u00f6sungen, die diesen besonderen Anforderungen gerecht werden. Die demonstrativen Tests (Witness Tests) stellen eine zus\u00e4tzliche Sicherheit f\u00fcr die Nutzer dar, da sie vor der Installation pr\u00fcfen, ob alle Projektanforderungen dauerhaft erf\u00fcllt werden. Die demonstrativen Tests der Aermec-Werke erm\u00f6glichen die Implementierung und Validierung der folgenden Prozesse:<\/p>\t\t\t\t\t\t\t\t<\/div>\n\t\t\t\t<\/div>\n\t\t<div class=\"elementor-element elementor-element-143da54 e-grid e-con-full e-con e-child\" data-id=\"143da54\" data-element_type=\"container\" data-e-type=\"container\">\n\t\t<div class=\"elementor-element elementor-element-79c73a0 e-con-full e-flex e-con e-child\" data-id=\"79c73a0\" data-element_type=\"container\" data-e-type=\"container\" data-settings=\"{&quot;background_background&quot;:&quot;gradient&quot;}\">\n\t\t\t\t<div class=\"elementor-element elementor-element-70d5412 elementor-widget__width-initial elementor-widget elementor-widget-text-editor\" data-id=\"70d5412\" data-element_type=\"widget\" data-e-type=\"widget\" data-widget_type=\"text-editor.default\">\n\t\t\t\t\t\t\t\t\t<p>01<\/p>\t\t\t\t\t\t\t\t<\/div>\n\t\t\t\t<div class=\"elementor-element elementor-element-393a338 elementor-widget__width-initial elementor-widget elementor-widget-text-editor\" data-id=\"393a338\" data-element_type=\"widget\" data-e-type=\"widget\" data-widget_type=\"text-editor.default\">\n\t\t\t\t\t\t\t\t\t<p>Durchf\u00fchrung der Tests gem\u00e4\u00df den Konstruktionsbedingungen und den spezifischen Kundenanforderungen.<\/p>\t\t\t\t\t\t\t\t<\/div>\n\t\t\t\t<\/div>\n\t\t<div class=\"elementor-element elementor-element-10a336a e-con-full e-flex e-con e-child\" data-id=\"10a336a\" data-element_type=\"container\" data-e-type=\"container\" data-settings=\"{&quot;background_background&quot;:&quot;gradient&quot;}\">\n\t\t\t\t<div class=\"elementor-element elementor-element-5632179 elementor-widget__width-initial elementor-widget elementor-widget-text-editor\" data-id=\"5632179\" data-element_type=\"widget\" data-e-type=\"widget\" data-widget_type=\"text-editor.default\">\n\t\t\t\t\t\t\t\t\t<p>02<\/p>\t\t\t\t\t\t\t\t<\/div>\n\t\t\t\t<div class=\"elementor-element elementor-element-9746206 elementor-widget__width-initial elementor-widget elementor-widget-text-editor\" data-id=\"9746206\" data-element_type=\"widget\" data-e-type=\"widget\" data-widget_type=\"text-editor.default\">\n\t\t\t\t\t\t\t\t\t<p>Betrieb des Ger\u00e4tes unter Voll- und Teillastbedingungen, Erfassung von Leistungsdaten und Energieverbrauch.<\/p>\t\t\t\t\t\t\t\t<\/div>\n\t\t\t\t<\/div>\n\t\t<div class=\"elementor-element elementor-element-3370db8 e-con-full e-flex e-con e-child\" data-id=\"3370db8\" data-element_type=\"container\" data-e-type=\"container\" data-settings=\"{&quot;background_background&quot;:&quot;gradient&quot;}\">\n\t\t\t\t<div class=\"elementor-element elementor-element-50b8cc6 elementor-widget__width-initial elementor-widget elementor-widget-text-editor\" data-id=\"50b8cc6\" data-element_type=\"widget\" data-e-type=\"widget\" data-widget_type=\"text-editor.default\">\n\t\t\t\t\t\t\t\t\t<p>03<\/p>\t\t\t\t\t\t\t\t<\/div>\n\t\t\t\t<div class=\"elementor-element elementor-element-ba8a9ac elementor-widget__width-initial elementor-widget elementor-widget-text-editor\" data-id=\"ba8a9ac\" data-element_type=\"widget\" data-e-type=\"widget\" data-widget_type=\"text-editor.default\">\n\t\t\t\t\t\t\t\t\t<p>Simulation des Betriebs unter Extrembedingungen, einschlie\u00dflich sehr niedriger oder hoher Temperaturen.<\/p>\t\t\t\t\t\t\t\t<\/div>\n\t\t\t\t<\/div>\n\t\t<div class=\"elementor-element elementor-element-01de2f0 e-con-full e-flex e-con e-child\" data-id=\"01de2f0\" data-element_type=\"container\" data-e-type=\"container\" data-settings=\"{&quot;background_background&quot;:&quot;gradient&quot;}\">\n\t\t\t\t<div class=\"elementor-element elementor-element-0ce9278 elementor-widget__width-initial elementor-widget elementor-widget-text-editor\" data-id=\"0ce9278\" data-element_type=\"widget\" data-e-type=\"widget\" data-widget_type=\"text-editor.default\">\n\t\t\t\t\t\t\t\t\t<p>04<\/p>\t\t\t\t\t\t\t\t<\/div>\n\t\t\t\t<div class=\"elementor-element elementor-element-4d5d47b elementor-widget__width-initial elementor-widget elementor-widget-text-editor\" data-id=\"4d5d47b\" data-element_type=\"widget\" data-e-type=\"widget\" data-widget_type=\"text-editor.default\">\n\t\t\t\t\t\t\t\t\t<p>Durchf\u00fchrung gezielter Schallmessungen.<\/p>\t\t\t\t\t\t\t\t<\/div>\n\t\t\t\t<\/div>\n\t\t<div class=\"elementor-element elementor-element-b41cc90 e-con-full e-flex e-con e-child\" data-id=\"b41cc90\" data-element_type=\"container\" data-e-type=\"container\" data-settings=\"{&quot;background_background&quot;:&quot;gradient&quot;}\">\n\t\t\t\t<div class=\"elementor-element elementor-element-f9837ce elementor-widget__width-initial elementor-widget elementor-widget-text-editor\" data-id=\"f9837ce\" data-element_type=\"widget\" data-e-type=\"widget\" data-widget_type=\"text-editor.default\">\n\t\t\t\t\t\t\t\t\t<p>05<\/p>\t\t\t\t\t\t\t\t<\/div>\n\t\t\t\t<div class=\"elementor-element elementor-element-73fe7f9 elementor-widget__width-initial elementor-widget elementor-widget-text-editor\" data-id=\"73fe7f9\" data-element_type=\"widget\" data-e-type=\"widget\" data-widget_type=\"text-editor.default\">\n\t\t\t\t\t\t\t\t\t<p>Sicherstellung der Einhaltung der vorgesehenen Leistungs- und Ger\u00e4uschpegel.<\/p>\t\t\t\t\t\t\t\t<\/div>\n\t\t\t\t<\/div>\n\t\t<div class=\"elementor-element elementor-element-be8d923 e-con-full e-flex e-con e-child\" data-id=\"be8d923\" data-element_type=\"container\" data-e-type=\"container\" data-settings=\"{&quot;background_background&quot;:&quot;gradient&quot;}\">\n\t\t\t\t<div class=\"elementor-element elementor-element-5f01c98 elementor-widget__width-initial elementor-widget elementor-widget-text-editor\" data-id=\"5f01c98\" data-element_type=\"widget\" data-e-type=\"widget\" data-widget_type=\"text-editor.default\">\n\t\t\t\t\t\t\t\t\t<p>06<\/p>\t\t\t\t\t\t\t\t<\/div>\n\t\t\t\t<div class=\"elementor-element elementor-element-f6e54ac elementor-widget__width-initial elementor-widget elementor-widget-text-editor\" data-id=\"f6e54ac\" data-element_type=\"widget\" data-e-type=\"widget\" data-widget_type=\"text-editor.default\">\n\t\t\t\t\t\t\t\t\t<p>Bereitstellung vollst\u00e4ndiger Kalibrierzertifikate f\u00fcr die w\u00e4hrend der Tests eingesetzten Messinstrumente<\/p>\t\t\t\t\t\t\t\t<\/div>\n\t\t\t\t<\/div>\n\t\t\t\t<\/div>\n\t\t<div class=\"elementor-element elementor-element-7006477 e-con-full e-grid e-con e-child\" data-id=\"7006477\" data-element_type=\"container\" data-e-type=\"container\">\n\t\t<div class=\"elementor-element elementor-element-aa75cc8 e-con-full e-flex e-con e-child\" data-id=\"aa75cc8\" data-element_type=\"container\" data-e-type=\"container\">\n\t\t\t\t<div class=\"elementor-element elementor-element-bedfdb6 elementor-widget elementor-widget-heading\" data-id=\"bedfdb6\" data-element_type=\"widget\" data-e-type=\"widget\" data-widget_type=\"heading.default\">\n\t\t\t\t\t<h4 class=\"elementor-heading-title elementor-size-default\">Aermec-Tests an Hochleistungsger\u00e4ten.<\/h4>\t\t\t\t<\/div>\n\t\t\t\t<div class=\"elementor-element elementor-element-d777278 elementor-widget elementor-widget-text-editor\" data-id=\"d777278\" data-element_type=\"widget\" data-e-type=\"widget\" data-widget_type=\"text-editor.default\">\n\t\t\t\t\t\t\t\t\t<p>Die demonstrativen Tests finden in der gr\u00f6\u00dften Pr\u00fcfkammer Europas statt und erlauben die Validierung einzelner Ger\u00e4te bis zu 2\u202fMW unter Volllast. Die Einrichtung gew\u00e4hrleistet extrem pr\u00e4zise Pr\u00fcfungen nach internationalen Standards mit Temperaturbereichen von -20\u202f\u00b0C bis +55\u202f\u00b0C f\u00fcr Kaltwassers\u00e4tze, W\u00e4rmepumpen und Raumluftger\u00e4te.<\/p>\t\t\t\t\t\t\t\t<\/div>\n\t\t\t\t<\/div>\n\t\t<div class=\"elementor-element elementor-element-b4e2371 e-con-full e-flex e-con e-child\" data-id=\"b4e2371\" data-element_type=\"container\" data-e-type=\"container\">\n\t\t\t\t<div class=\"elementor-element elementor-element-26ca58b elementor-widget elementor-widget-heading\" data-id=\"26ca58b\" data-element_type=\"widget\" data-e-type=\"widget\" data-widget_type=\"heading.default\">\n\t\t\t\t\t<h4 class=\"elementor-heading-title elementor-size-default\">Datenvalidierung.<\/h4>\t\t\t\t<\/div>\n\t\t\t\t<div class=\"elementor-element elementor-element-97d6575 elementor-widget elementor-widget-text-editor\" data-id=\"97d6575\" data-element_type=\"widget\" data-e-type=\"widget\" data-widget_type=\"text-editor.default\">\n\t\t\t\t\t\t\t\t\t<p>\u00dcber eine spezielle Beobachtungsstation k\u00f6nnen Kunden die Daten in Echtzeit verfolgen und erhalten einen offiziellen Bericht, der die Leistungs- und Projektdaten best\u00e4tigt.<br \/>W\u00e4hrend der Witness Tests erhalten die Kunden umfassende Einblicke in die Konstruktionsmerkmale und den Betrieb des ausgew\u00e4hlten Ger\u00e4tes.<\/p>\t\t\t\t\t\t\t\t<\/div>\n\t\t\t\t<\/div>\n\t\t\t\t<\/div>\n\t\t\t\t\t<\/div>\n\t\t\t\t<\/div>\n\t\t\t\t<\/div>\n\t\t","protected":false},"excerpt":{"rendered":"<p>Dienstleistungen Technischer Support und Planungswerkzeuge. Aermec bietet ein umfassendes Service-\u00d6kosystem, das Planer und Installateure in jeder Phase eines Projekts unterst\u00fctzt \u2013 von der anf\u00e4nglichen technischen Beratung bis hin zur Leistungsvalidierung durch Witness Tests in den hochmodernen firmeneigenen Laboren. Speziell entwickelte Softwaretools stellen den Fachleuten die n\u00f6tigen Hilfsmittel bereit, um die Integration zwischen Geb\u00e4ude und Anlagentechnik [&hellip;]<\/p>\n","protected":false},"author":1,"featured_media":4102,"parent":0,"menu_order":70,"comment_status":"closed","ping_status":"closed","template":"","meta":{"_acf_changed":false,"footnotes":""},"class_list":["post-10576","page","type-page","status-publish","has-post-thumbnail","hentry"],"acf":[],"yoast_head":"<!-- This site is optimized with the Yoast SEO plugin v27.2 - https:\/\/yoast.com\/product\/yoast-seo-wordpress\/ -->\n<title>Dienstleistungen - Aermec<\/title>\n<meta name=\"robots\" content=\"index, follow, max-snippet:-1, max-image-preview:large, max-video-preview:-1\" \/>\n<link rel=\"canonical\" href=\"https:\/\/global.aermec.com\/de\/dienstleistungen\/\" \/>\n<meta property=\"og:locale\" content=\"de_DE\" \/>\n<meta property=\"og:type\" content=\"article\" \/>\n<meta property=\"og:title\" content=\"Dienstleistungen - Aermec\" \/>\n<meta property=\"og:description\" content=\"Dienstleistungen Technischer Support und Planungswerkzeuge. Aermec bietet ein umfassendes Service-\u00d6kosystem, das Planer und Installateure in jeder Phase eines Projekts unterst\u00fctzt \u2013 von der anf\u00e4nglichen technischen Beratung bis hin zur Leistungsvalidierung durch Witness Tests in den hochmodernen firmeneigenen Laboren. Speziell entwickelte Softwaretools stellen den Fachleuten die n\u00f6tigen Hilfsmittel bereit, um die Integration zwischen Geb\u00e4ude und Anlagentechnik [&hellip;]\" \/>\n<meta property=\"og:url\" content=\"https:\/\/global.aermec.com\/de\/dienstleistungen\/\" \/>\n<meta property=\"og:site_name\" content=\"Aermec\" \/>\n<meta property=\"article:modified_time\" content=\"2026-03-13T10:26:01+00:00\" \/>\n<meta property=\"og:image\" content=\"https:\/\/global.aermec.com\/wp-content\/uploads\/2026\/01\/screenshot.png\" \/>\n\t<meta property=\"og:image:width\" content=\"1200\" \/>\n\t<meta property=\"og:image:height\" content=\"900\" \/>\n\t<meta property=\"og:image:type\" content=\"image\/png\" \/>\n<meta name=\"twitter:card\" content=\"summary_large_image\" \/>\n<meta name=\"twitter:label1\" content=\"Gesch\u00e4tzte Lesezeit\" \/>\n\t<meta name=\"twitter:data1\" content=\"3\u00a0Minuten\" \/>\n<script type=\"application\/ld+json\" class=\"yoast-schema-graph\">{\"@context\":\"https:\/\/schema.org\",\"@graph\":[{\"@type\":\"WebPage\",\"@id\":\"https:\/\/global.aermec.com\/de\/dienstleistungen\/\",\"url\":\"https:\/\/global.aermec.com\/de\/dienstleistungen\/\",\"name\":\"Dienstleistungen - Aermec\",\"isPartOf\":{\"@id\":\"https:\/\/global.aermec.com\/de\/#website\"},\"primaryImageOfPage\":{\"@id\":\"https:\/\/global.aermec.com\/de\/dienstleistungen\/#primaryimage\"},\"image\":{\"@id\":\"https:\/\/global.aermec.com\/de\/dienstleistungen\/#primaryimage\"},\"thumbnailUrl\":\"https:\/\/global.aermec.com\/wp-content\/uploads\/2026\/01\/screenshot.png\",\"datePublished\":\"2026-01-14T14:29:20+00:00\",\"dateModified\":\"2026-03-13T10:26:01+00:00\",\"breadcrumb\":{\"@id\":\"https:\/\/global.aermec.com\/de\/dienstleistungen\/#breadcrumb\"},\"inLanguage\":\"de\",\"potentialAction\":[{\"@type\":\"ReadAction\",\"target\":[\"https:\/\/global.aermec.com\/de\/dienstleistungen\/\"]}]},{\"@type\":\"ImageObject\",\"inLanguage\":\"de\",\"@id\":\"https:\/\/global.aermec.com\/de\/dienstleistungen\/#primaryimage\",\"url\":\"https:\/\/global.aermec.com\/wp-content\/uploads\/2026\/01\/screenshot.png\",\"contentUrl\":\"https:\/\/global.aermec.com\/wp-content\/uploads\/2026\/01\/screenshot.png\",\"width\":1200,\"height\":900,\"caption\":\"Aermec - Campioni del clima\"},{\"@type\":\"BreadcrumbList\",\"@id\":\"https:\/\/global.aermec.com\/de\/dienstleistungen\/#breadcrumb\",\"itemListElement\":[{\"@type\":\"ListItem\",\"position\":1,\"name\":\"Home\",\"item\":\"https:\/\/global.aermec.com\/de\/\"},{\"@type\":\"ListItem\",\"position\":2,\"name\":\"Dienstleistungen\"}]},{\"@type\":\"WebSite\",\"@id\":\"https:\/\/global.aermec.com\/de\/#website\",\"url\":\"https:\/\/global.aermec.com\/de\/\",\"name\":\"Aermec\",\"description\":\"Ridefiniamo il futuro della climatizzazione.\",\"publisher\":{\"@id\":\"https:\/\/global.aermec.com\/de\/#organization\"},\"potentialAction\":[{\"@type\":\"SearchAction\",\"target\":{\"@type\":\"EntryPoint\",\"urlTemplate\":\"https:\/\/global.aermec.com\/de\/?s={search_term_string}\"},\"query-input\":{\"@type\":\"PropertyValueSpecification\",\"valueRequired\":true,\"valueName\":\"search_term_string\"}}],\"inLanguage\":\"de\"},{\"@type\":\"Organization\",\"@id\":\"https:\/\/global.aermec.com\/de\/#organization\",\"name\":\"Aermec\",\"url\":\"https:\/\/global.aermec.com\/de\/\",\"logo\":{\"@type\":\"ImageObject\",\"inLanguage\":\"de\",\"@id\":\"https:\/\/global.aermec.com\/de\/#\/schema\/logo\/image\/\",\"url\":\"https:\/\/global.aermec.com\/wp-content\/uploads\/2026\/01\/aermec-1.svg\",\"contentUrl\":\"https:\/\/global.aermec.com\/wp-content\/uploads\/2026\/01\/aermec-1.svg\",\"width\":149,\"height\":40,\"caption\":\"Aermec\"},\"image\":{\"@id\":\"https:\/\/global.aermec.com\/de\/#\/schema\/logo\/image\/\"},\"sameAs\":[\"https:\/\/www.linkedin.com\/company\/aermec\/\",\"https:\/\/www.youtube.com\/c\/AERMECSpa\"]}]}<\/script>\n<!-- \/ Yoast SEO plugin. -->","yoast_head_json":{"title":"Dienstleistungen - Aermec","robots":{"index":"index","follow":"follow","max-snippet":"max-snippet:-1","max-image-preview":"max-image-preview:large","max-video-preview":"max-video-preview:-1"},"canonical":"https:\/\/global.aermec.com\/de\/dienstleistungen\/","og_locale":"de_DE","og_type":"article","og_title":"Dienstleistungen - Aermec","og_description":"Dienstleistungen Technischer Support und Planungswerkzeuge. Aermec bietet ein umfassendes Service-\u00d6kosystem, das Planer und Installateure in jeder Phase eines Projekts unterst\u00fctzt \u2013 von der anf\u00e4nglichen technischen Beratung bis hin zur Leistungsvalidierung durch Witness Tests in den hochmodernen firmeneigenen Laboren. Speziell entwickelte Softwaretools stellen den Fachleuten die n\u00f6tigen Hilfsmittel bereit, um die Integration zwischen Geb\u00e4ude und Anlagentechnik [&hellip;]","og_url":"https:\/\/global.aermec.com\/de\/dienstleistungen\/","og_site_name":"Aermec","article_modified_time":"2026-03-13T10:26:01+00:00","og_image":[{"width":1200,"height":900,"url":"https:\/\/global.aermec.com\/wp-content\/uploads\/2026\/01\/screenshot.png","type":"image\/png"}],"twitter_card":"summary_large_image","twitter_misc":{"Gesch\u00e4tzte Lesezeit":"3\u00a0Minuten"},"schema":{"@context":"https:\/\/schema.org","@graph":[{"@type":"WebPage","@id":"https:\/\/global.aermec.com\/de\/dienstleistungen\/","url":"https:\/\/global.aermec.com\/de\/dienstleistungen\/","name":"Dienstleistungen - Aermec","isPartOf":{"@id":"https:\/\/global.aermec.com\/de\/#website"},"primaryImageOfPage":{"@id":"https:\/\/global.aermec.com\/de\/dienstleistungen\/#primaryimage"},"image":{"@id":"https:\/\/global.aermec.com\/de\/dienstleistungen\/#primaryimage"},"thumbnailUrl":"https:\/\/global.aermec.com\/wp-content\/uploads\/2026\/01\/screenshot.png","datePublished":"2026-01-14T14:29:20+00:00","dateModified":"2026-03-13T10:26:01+00:00","breadcrumb":{"@id":"https:\/\/global.aermec.com\/de\/dienstleistungen\/#breadcrumb"},"inLanguage":"de","potentialAction":[{"@type":"ReadAction","target":["https:\/\/global.aermec.com\/de\/dienstleistungen\/"]}]},{"@type":"ImageObject","inLanguage":"de","@id":"https:\/\/global.aermec.com\/de\/dienstleistungen\/#primaryimage","url":"https:\/\/global.aermec.com\/wp-content\/uploads\/2026\/01\/screenshot.png","contentUrl":"https:\/\/global.aermec.com\/wp-content\/uploads\/2026\/01\/screenshot.png","width":1200,"height":900,"caption":"Aermec - Campioni del clima"},{"@type":"BreadcrumbList","@id":"https:\/\/global.aermec.com\/de\/dienstleistungen\/#breadcrumb","itemListElement":[{"@type":"ListItem","position":1,"name":"Home","item":"https:\/\/global.aermec.com\/de\/"},{"@type":"ListItem","position":2,"name":"Dienstleistungen"}]},{"@type":"WebSite","@id":"https:\/\/global.aermec.com\/de\/#website","url":"https:\/\/global.aermec.com\/de\/","name":"Aermec","description":"Ridefiniamo il futuro della climatizzazione.","publisher":{"@id":"https:\/\/global.aermec.com\/de\/#organization"},"potentialAction":[{"@type":"SearchAction","target":{"@type":"EntryPoint","urlTemplate":"https:\/\/global.aermec.com\/de\/?s={search_term_string}"},"query-input":{"@type":"PropertyValueSpecification","valueRequired":true,"valueName":"search_term_string"}}],"inLanguage":"de"},{"@type":"Organization","@id":"https:\/\/global.aermec.com\/de\/#organization","name":"Aermec","url":"https:\/\/global.aermec.com\/de\/","logo":{"@type":"ImageObject","inLanguage":"de","@id":"https:\/\/global.aermec.com\/de\/#\/schema\/logo\/image\/","url":"https:\/\/global.aermec.com\/wp-content\/uploads\/2026\/01\/aermec-1.svg","contentUrl":"https:\/\/global.aermec.com\/wp-content\/uploads\/2026\/01\/aermec-1.svg","width":149,"height":40,"caption":"Aermec"},"image":{"@id":"https:\/\/global.aermec.com\/de\/#\/schema\/logo\/image\/"},"sameAs":["https:\/\/www.linkedin.com\/company\/aermec\/","https:\/\/www.youtube.com\/c\/AERMECSpa"]}]}},"_links":{"self":[{"href":"https:\/\/global.aermec.com\/de\/wp-json\/wp\/v2\/pages\/10576","targetHints":{"allow":["GET"]}}],"collection":[{"href":"https:\/\/global.aermec.com\/de\/wp-json\/wp\/v2\/pages"}],"about":[{"href":"https:\/\/global.aermec.com\/de\/wp-json\/wp\/v2\/types\/page"}],"author":[{"embeddable":true,"href":"https:\/\/global.aermec.com\/de\/wp-json\/wp\/v2\/users\/1"}],"replies":[{"embeddable":true,"href":"https:\/\/global.aermec.com\/de\/wp-json\/wp\/v2\/comments?post=10576"}],"version-history":[{"count":4,"href":"https:\/\/global.aermec.com\/de\/wp-json\/wp\/v2\/pages\/10576\/revisions"}],"predecessor-version":[{"id":10583,"href":"https:\/\/global.aermec.com\/de\/wp-json\/wp\/v2\/pages\/10576\/revisions\/10583"}],"wp:featuredmedia":[{"embeddable":true,"href":"https:\/\/global.aermec.com\/de\/wp-json\/wp\/v2\/media\/4102"}],"wp:attachment":[{"href":"https:\/\/global.aermec.com\/de\/wp-json\/wp\/v2\/media?parent=10576"}],"curies":[{"name":"wp","href":"https:\/\/api.w.org\/{rel}","templated":true}]}}