{"id":10459,"date":"2026-01-27T16:42:54","date_gmt":"2026-01-27T15:42:54","guid":{"rendered":"https:\/\/global.aermec.com\/lavora-con-noi\/"},"modified":"2026-03-30T10:30:31","modified_gmt":"2026-03-30T08:30:31","slug":"karriere","status":"publish","type":"page","link":"https:\/\/global.aermec.com\/de\/karriere\/","title":{"rendered":"Karriere"},"content":{"rendered":"\t\t<div data-elementor-type=\"wp-page\" data-elementor-id=\"10459\" class=\"elementor elementor-10459 elementor-485\" data-elementor-post-type=\"page\">\n\t\t\t\t<div class=\"elementor-element elementor-element-d73aa1d e-flex e-con-boxed e-con e-parent\" data-id=\"d73aa1d\" data-element_type=\"container\" data-e-type=\"container\">\n\t\t\t\t\t<div class=\"e-con-inner\">\n\t\t\t\t<div class=\"elementor-element elementor-element-07c2584 elementor-widget elementor-widget-image\" data-id=\"07c2584\" data-element_type=\"widget\" data-e-type=\"widget\" data-widget_type=\"image.default\">\n\t\t\t\t\t\t\t\t\t\t\t\t\t\t\t<img fetchpriority=\"high\" decoding=\"async\" width=\"2560\" height=\"1279\" src=\"https:\/\/global.aermec.com\/wp-content\/uploads\/2026\/01\/aermec-lavora-con-noi-scaled.webp\" class=\"attachment-full size-full wp-image-6205\" alt=\"operatore che controlla un componente macchina\" srcset=\"https:\/\/global.aermec.com\/wp-content\/uploads\/2026\/01\/aermec-lavora-con-noi-scaled.webp 2560w, https:\/\/global.aermec.com\/wp-content\/uploads\/2026\/01\/aermec-lavora-con-noi-300x150.webp 300w, https:\/\/global.aermec.com\/wp-content\/uploads\/2026\/01\/aermec-lavora-con-noi-1024x512.webp 1024w, https:\/\/global.aermec.com\/wp-content\/uploads\/2026\/01\/aermec-lavora-con-noi-768x384.webp 768w, https:\/\/global.aermec.com\/wp-content\/uploads\/2026\/01\/aermec-lavora-con-noi-1536x768.webp 1536w, https:\/\/global.aermec.com\/wp-content\/uploads\/2026\/01\/aermec-lavora-con-noi-2048x1023.webp 2048w\" sizes=\"(max-width: 2560px) 100vw, 2560px\" \/>\t\t\t\t\t\t\t\t\t\t\t\t\t\t\t<\/div>\n\t\t\t\t\t<\/div>\n\t\t\t\t<\/div>\n\t\t<div class=\"elementor-element elementor-element-5597614 e-flex e-con-boxed e-con e-parent\" data-id=\"5597614\" data-element_type=\"container\" data-e-type=\"container\">\n\t\t\t\t\t<div class=\"e-con-inner\">\n\t\t<div class=\"elementor-element elementor-element-1104696 e-con-full e-flex e-con e-child\" data-id=\"1104696\" data-element_type=\"container\" data-e-type=\"container\">\n\t\t\t\t<div class=\"elementor-element elementor-element-2ad182e elementor-widget elementor-widget-heading\" data-id=\"2ad182e\" data-element_type=\"widget\" data-e-type=\"widget\" data-widget_type=\"heading.default\">\n\t\t\t\t\t<h1 class=\"elementor-heading-title elementor-size-default\">Karriere<\/h1>\t\t\t\t<\/div>\n\t\t\t\t<div class=\"elementor-element elementor-element-4148500 elementor-widget__width-initial elementor-widget elementor-widget-heading\" data-id=\"4148500\" data-element_type=\"widget\" data-e-type=\"widget\" data-widget_type=\"heading.default\">\n\t\t\t\t\t<h2 class=\"elementor-heading-title elementor-size-default\">Wir warten auch auf Sie<\/h2>\t\t\t\t<\/div>\n\t\t\t\t<div class=\"elementor-element elementor-element-eab1f15 elementor-widget elementor-widget-text-editor\" data-id=\"eab1f15\" data-element_type=\"widget\" data-e-type=\"widget\" data-widget_type=\"text-editor.default\">\n\t\t\t\t\t\t\t\t\t<p>GRIG und Aermec setzen auf die pers\u00f6nliche Entwicklung jedes Einzelnen und gleichzeitig auf die F\u00f6rderung eines starken Teamgeistes, in dem sich alle geh\u00f6rt, gesch\u00e4tzt und unterst\u00fctzt f\u00fchlen. Unser Arbeitsumfeld bietet sichere Bedingungen, ermutigt zu Experimenten und kontinuierlichem Lernen und erkennt Talente an, die gezielt gef\u00f6rdert werden.<br \/>GRIG und Aermec suchen stets nach Menschen, die ihre Vision und Werte teilen und gemeinsam mit dem Unternehmen wachsen m\u00f6chten.<\/p>\t\t\t\t\t\t\t\t<\/div>\n\t\t<div class=\"elementor-element elementor-element-d65b8dc e-con-full e-flex e-con e-child\" data-id=\"d65b8dc\" data-element_type=\"container\" data-e-type=\"container\">\n\t\t\t\t<div class=\"elementor-element elementor-element-f113548 elementor-align-left elementor-widget elementor-widget-button\" data-id=\"f113548\" data-element_type=\"widget\" data-e-type=\"widget\" data-widget_type=\"button.default\">\n\t\t\t\t\t\t\t\t\t\t<a class=\"elementor-button elementor-button-link elementor-size-sm\" href=\"#karriere\">\n\t\t\t\t\t\t<span class=\"elementor-button-content-wrapper\">\n\t\t\t\t\t\t<span class=\"elementor-button-icon\">\n\t\t\t\t<svg aria-hidden=\"true\" class=\"e-font-icon-svg e-fas-caret-right\" viewBox=\"0 0 192 512\" xmlns=\"http:\/\/www.w3.org\/2000\/svg\"><path d=\"M0 384.662V127.338c0-17.818 21.543-26.741 34.142-14.142l128.662 128.662c7.81 7.81 7.81 20.474 0 28.284L34.142 398.804C21.543 411.404 0 402.48 0 384.662z\"><\/path><\/svg>\t\t\t<\/span>\n\t\t\t\t\t\t\t\t\t<span class=\"elementor-button-text\">Offene Stellen durchsuchen<\/span>\n\t\t\t\t\t<\/span>\n\t\t\t\t\t<\/a>\n\t\t\t\t\t\t\t\t<\/div>\n\t\t\t\t<div class=\"elementor-element elementor-element-a71cad6 elementor-align-left elementor-widget elementor-widget-button\" data-id=\"a71cad6\" data-element_type=\"widget\" data-e-type=\"widget\" data-widget_type=\"button.default\">\n\t\t\t\t\t\t\t\t\t\t<a class=\"elementor-button elementor-button-link elementor-size-sm\" href=\"https:\/\/recruiting.aermec.com\/\" target=\"_blank\">\n\t\t\t\t\t\t<span class=\"elementor-button-content-wrapper\">\n\t\t\t\t\t\t<span class=\"elementor-button-icon\">\n\t\t\t\t<svg aria-hidden=\"true\" class=\"e-font-icon-svg e-fas-caret-right\" viewBox=\"0 0 192 512\" xmlns=\"http:\/\/www.w3.org\/2000\/svg\"><path d=\"M0 384.662V127.338c0-17.818 21.543-26.741 34.142-14.142l128.662 128.662c7.81 7.81 7.81 20.474 0 28.284L34.142 398.804C21.543 411.404 0 402.48 0 384.662z\"><\/path><\/svg>\t\t\t<\/span>\n\t\t\t\t\t\t\t\t\t<span class=\"elementor-button-text\">Initiativbewerbung einreichen<\/span>\n\t\t\t\t\t<\/span>\n\t\t\t\t\t<\/a>\n\t\t\t\t\t\t\t\t<\/div>\n\t\t\t\t<\/div>\n\t\t\t\t<\/div>\n\t\t\t\t\t<\/div>\n\t\t\t\t<\/div>\n\t\t<div class=\"elementor-element elementor-element-4b3f401 e-flex e-con-boxed e-con e-parent\" data-id=\"4b3f401\" data-element_type=\"container\" data-e-type=\"container\" data-settings=\"{&quot;background_background&quot;:&quot;classic&quot;}\">\n\t\t\t\t\t<div class=\"e-con-inner\">\n\t\t\t\t<div class=\"elementor-element elementor-element-5ab0f6d elementor-widget elementor-widget-heading\" data-id=\"5ab0f6d\" data-element_type=\"widget\" data-e-type=\"widget\" data-widget_type=\"heading.default\">\n\t\t\t\t\t<h3 class=\"elementor-heading-title elementor-size-default\">Was wir bieten<\/h3>\t\t\t\t<\/div>\n\t\t<div class=\"elementor-element elementor-element-2ccef94 e-grid e-con-full e-con e-child\" data-id=\"2ccef94\" data-element_type=\"container\" data-e-type=\"container\" data-settings=\"{&quot;background_background&quot;:&quot;classic&quot;}\">\n\t\t<div class=\"elementor-element elementor-element-f17af87 e-con-full e-flex e-con e-child\" data-id=\"f17af87\" data-element_type=\"container\" data-e-type=\"container\">\n\t\t\t\t<div class=\"elementor-element elementor-element-2fd6078 elementor-widget elementor-widget-heading\" data-id=\"2fd6078\" data-element_type=\"widget\" data-e-type=\"widget\" data-widget_type=\"heading.default\">\n\t\t\t\t\t<p class=\"elementor-heading-title elementor-size-default\">Ein sicheres und angenehmes Arbeitsumfeld,<\/p>\t\t\t\t<\/div>\n\t\t\t\t<div class=\"elementor-element elementor-element-82e5225 elementor-widget elementor-widget-heading\" data-id=\"82e5225\" data-element_type=\"widget\" data-e-type=\"widget\" data-widget_type=\"heading.default\">\n\t\t\t\t\t<p class=\"elementor-heading-title elementor-size-default\">in dem Menschen geh\u00f6rt, gesch\u00e4tzt und wertgesch\u00e4tzt werden.<\/p>\t\t\t\t<\/div>\n\t\t\t\t<\/div>\n\t\t<div class=\"elementor-element elementor-element-2cec439 e-con-full e-flex e-con e-child\" data-id=\"2cec439\" data-element_type=\"container\" data-e-type=\"container\">\n\t\t\t\t<div class=\"elementor-element elementor-element-a59be86 elementor-widget elementor-widget-heading\" data-id=\"a59be86\" data-element_type=\"widget\" data-e-type=\"widget\" data-widget_type=\"heading.default\">\n\t\t\t\t\t<p class=\"elementor-heading-title elementor-size-default\">Ein Projekt zur pers\u00f6nlichen<\/p>\t\t\t\t<\/div>\n\t\t\t\t<div class=\"elementor-element elementor-element-2e43d26 elementor-widget elementor-widget-heading\" data-id=\"2e43d26\" data-element_type=\"widget\" data-e-type=\"widget\" data-widget_type=\"heading.default\">\n\t\t\t\t\t<p class=\"elementor-heading-title elementor-size-default\">und beruflichen Weiterentwicklung in einem italienischen Konzern mit soliden Wurzeln und Blick in die Zukunft.<\/p>\t\t\t\t<\/div>\n\t\t\t\t<\/div>\n\t\t<div class=\"elementor-element elementor-element-da53e02 e-con-full e-flex e-con e-child\" data-id=\"da53e02\" data-element_type=\"container\" data-e-type=\"container\">\n\t\t\t\t<div class=\"elementor-element elementor-element-7e79f43 elementor-widget elementor-widget-heading\" data-id=\"7e79f43\" data-element_type=\"widget\" data-e-type=\"widget\" data-widget_type=\"heading.default\">\n\t\t\t\t\t<p class=\"elementor-heading-title elementor-size-default\">Die internationale Ausrichtung eines<\/p>\t\t\t\t<\/div>\n\t\t\t\t<div class=\"elementor-element elementor-element-365618d elementor-widget elementor-widget-heading\" data-id=\"365618d\" data-element_type=\"widget\" data-e-type=\"widget\" data-widget_type=\"heading.default\">\n\t\t\t\t\t<p class=\"elementor-heading-title elementor-size-default\">vielf\u00e4ltigen Industriekonzerns, in dem sich die M\u00f6glichkeiten f\u00fcr die Mitarbeiter vervielfachen und kontinuierliche Entwicklung und Innovation f\u00f6rdern.<\/p>\t\t\t\t<\/div>\n\t\t\t\t<\/div>\n\t\t\t\t<\/div>\n\t\t\t\t\t<\/div>\n\t\t\t\t<\/div>\n\t\t<div class=\"elementor-element elementor-element-0786530 e-flex e-con-boxed e-con e-parent\" data-id=\"0786530\" data-element_type=\"container\" data-e-type=\"container\">\n\t\t\t\t\t<div class=\"e-con-inner\">\n\t\t\t\t<div class=\"elementor-element elementor-element-eda950f elementor-widget elementor-widget-menu-anchor\" data-id=\"eda950f\" data-element_type=\"widget\" data-e-type=\"widget\" data-widget_type=\"menu-anchor.default\">\n\t\t\t\t\t\t\t<div class=\"elementor-menu-anchor\" id=\"karriere\"><\/div>\n\t\t\t\t\t\t<\/div>\n\t\t\t\t\t<\/div>\n\t\t\t\t<\/div>\n\t\t\t\t<\/div>\n\t\t","protected":false},"excerpt":{"rendered":"<p>Karriere Wir warten auch auf Sie GRIG und Aermec setzen auf die pers\u00f6nliche Entwicklung jedes Einzelnen und gleichzeitig auf die F\u00f6rderung eines starken Teamgeistes, in dem sich alle geh\u00f6rt, gesch\u00e4tzt und unterst\u00fctzt f\u00fchlen. Unser Arbeitsumfeld bietet sichere Bedingungen, ermutigt zu Experimenten und kontinuierlichem Lernen und erkennt Talente an, die gezielt gef\u00f6rdert werden.GRIG und Aermec suchen [&hellip;]<\/p>\n","protected":false},"author":1,"featured_media":4102,"parent":0,"menu_order":55,"comment_status":"closed","ping_status":"closed","template":"template\/job-opportunities.php","meta":{"_acf_changed":false,"footnotes":""},"class_list":["post-10459","page","type-page","status-publish","has-post-thumbnail","hentry"],"acf":[],"yoast_head":"<!-- This site is optimized with the Yoast SEO plugin v27.2 - https:\/\/yoast.com\/product\/yoast-seo-wordpress\/ -->\n<title>Karriere - Aermec<\/title>\n<meta name=\"robots\" content=\"index, follow, max-snippet:-1, max-image-preview:large, max-video-preview:-1\" \/>\n<link rel=\"canonical\" href=\"https:\/\/global.aermec.com\/de\/karriere\/\" \/>\n<meta property=\"og:locale\" content=\"de_DE\" \/>\n<meta property=\"og:type\" content=\"article\" \/>\n<meta property=\"og:title\" content=\"Karriere - Aermec\" \/>\n<meta property=\"og:description\" content=\"Karriere Wir warten auch auf Sie GRIG und Aermec setzen auf die pers\u00f6nliche Entwicklung jedes Einzelnen und gleichzeitig auf die F\u00f6rderung eines starken Teamgeistes, in dem sich alle geh\u00f6rt, gesch\u00e4tzt und unterst\u00fctzt f\u00fchlen. Unser Arbeitsumfeld bietet sichere Bedingungen, ermutigt zu Experimenten und kontinuierlichem Lernen und erkennt Talente an, die gezielt gef\u00f6rdert werden.GRIG und Aermec suchen [&hellip;]\" \/>\n<meta property=\"og:url\" content=\"https:\/\/global.aermec.com\/de\/karriere\/\" \/>\n<meta property=\"og:site_name\" content=\"Aermec\" \/>\n<meta property=\"article:modified_time\" content=\"2026-03-30T08:30:31+00:00\" \/>\n<meta property=\"og:image\" content=\"https:\/\/global.aermec.com\/wp-content\/uploads\/2026\/01\/screenshot.png\" \/>\n\t<meta property=\"og:image:width\" content=\"1200\" \/>\n\t<meta property=\"og:image:height\" content=\"900\" \/>\n\t<meta property=\"og:image:type\" content=\"image\/png\" \/>\n<meta name=\"twitter:card\" content=\"summary_large_image\" \/>\n<meta name=\"twitter:label1\" content=\"Gesch\u00e4tzte Lesezeit\" \/>\n\t<meta name=\"twitter:data1\" content=\"1\u00a0Minute\" \/>\n<script type=\"application\/ld+json\" class=\"yoast-schema-graph\">{\"@context\":\"https:\/\/schema.org\",\"@graph\":[{\"@type\":\"WebPage\",\"@id\":\"https:\/\/global.aermec.com\/de\/karriere\/\",\"url\":\"https:\/\/global.aermec.com\/de\/karriere\/\",\"name\":\"Karriere - Aermec\",\"isPartOf\":{\"@id\":\"https:\/\/global.aermec.com\/de\/#website\"},\"primaryImageOfPage\":{\"@id\":\"https:\/\/global.aermec.com\/de\/karriere\/#primaryimage\"},\"image\":{\"@id\":\"https:\/\/global.aermec.com\/de\/karriere\/#primaryimage\"},\"thumbnailUrl\":\"https:\/\/global.aermec.com\/wp-content\/uploads\/2026\/01\/screenshot.png\",\"datePublished\":\"2026-01-27T15:42:54+00:00\",\"dateModified\":\"2026-03-30T08:30:31+00:00\",\"breadcrumb\":{\"@id\":\"https:\/\/global.aermec.com\/de\/karriere\/#breadcrumb\"},\"inLanguage\":\"de\",\"potentialAction\":[{\"@type\":\"ReadAction\",\"target\":[\"https:\/\/global.aermec.com\/de\/karriere\/\"]}]},{\"@type\":\"ImageObject\",\"inLanguage\":\"de\",\"@id\":\"https:\/\/global.aermec.com\/de\/karriere\/#primaryimage\",\"url\":\"https:\/\/global.aermec.com\/wp-content\/uploads\/2026\/01\/screenshot.png\",\"contentUrl\":\"https:\/\/global.aermec.com\/wp-content\/uploads\/2026\/01\/screenshot.png\",\"width\":1200,\"height\":900,\"caption\":\"Aermec - Campioni del clima\"},{\"@type\":\"BreadcrumbList\",\"@id\":\"https:\/\/global.aermec.com\/de\/karriere\/#breadcrumb\",\"itemListElement\":[{\"@type\":\"ListItem\",\"position\":1,\"name\":\"Home\",\"item\":\"https:\/\/global.aermec.com\/de\/\"},{\"@type\":\"ListItem\",\"position\":2,\"name\":\"Karriere\"}]},{\"@type\":\"WebSite\",\"@id\":\"https:\/\/global.aermec.com\/de\/#website\",\"url\":\"https:\/\/global.aermec.com\/de\/\",\"name\":\"Aermec\",\"description\":\"Ridefiniamo il futuro della climatizzazione.\",\"publisher\":{\"@id\":\"https:\/\/global.aermec.com\/de\/#organization\"},\"potentialAction\":[{\"@type\":\"SearchAction\",\"target\":{\"@type\":\"EntryPoint\",\"urlTemplate\":\"https:\/\/global.aermec.com\/de\/?s={search_term_string}\"},\"query-input\":{\"@type\":\"PropertyValueSpecification\",\"valueRequired\":true,\"valueName\":\"search_term_string\"}}],\"inLanguage\":\"de\"},{\"@type\":\"Organization\",\"@id\":\"https:\/\/global.aermec.com\/de\/#organization\",\"name\":\"Aermec\",\"url\":\"https:\/\/global.aermec.com\/de\/\",\"logo\":{\"@type\":\"ImageObject\",\"inLanguage\":\"de\",\"@id\":\"https:\/\/global.aermec.com\/de\/#\/schema\/logo\/image\/\",\"url\":\"https:\/\/global.aermec.com\/wp-content\/uploads\/2026\/01\/aermec-1.svg\",\"contentUrl\":\"https:\/\/global.aermec.com\/wp-content\/uploads\/2026\/01\/aermec-1.svg\",\"width\":149,\"height\":40,\"caption\":\"Aermec\"},\"image\":{\"@id\":\"https:\/\/global.aermec.com\/de\/#\/schema\/logo\/image\/\"},\"sameAs\":[\"https:\/\/www.linkedin.com\/company\/aermec\/\",\"https:\/\/www.youtube.com\/c\/AERMECSpa\"]}]}<\/script>\n<!-- \/ Yoast SEO plugin. -->","yoast_head_json":{"title":"Karriere - Aermec","robots":{"index":"index","follow":"follow","max-snippet":"max-snippet:-1","max-image-preview":"max-image-preview:large","max-video-preview":"max-video-preview:-1"},"canonical":"https:\/\/global.aermec.com\/de\/karriere\/","og_locale":"de_DE","og_type":"article","og_title":"Karriere - Aermec","og_description":"Karriere Wir warten auch auf Sie GRIG und Aermec setzen auf die pers\u00f6nliche Entwicklung jedes Einzelnen und gleichzeitig auf die F\u00f6rderung eines starken Teamgeistes, in dem sich alle geh\u00f6rt, gesch\u00e4tzt und unterst\u00fctzt f\u00fchlen. Unser Arbeitsumfeld bietet sichere Bedingungen, ermutigt zu Experimenten und kontinuierlichem Lernen und erkennt Talente an, die gezielt gef\u00f6rdert werden.GRIG und Aermec suchen [&hellip;]","og_url":"https:\/\/global.aermec.com\/de\/karriere\/","og_site_name":"Aermec","article_modified_time":"2026-03-30T08:30:31+00:00","og_image":[{"width":1200,"height":900,"url":"https:\/\/global.aermec.com\/wp-content\/uploads\/2026\/01\/screenshot.png","type":"image\/png"}],"twitter_card":"summary_large_image","twitter_misc":{"Gesch\u00e4tzte Lesezeit":"1\u00a0Minute"},"schema":{"@context":"https:\/\/schema.org","@graph":[{"@type":"WebPage","@id":"https:\/\/global.aermec.com\/de\/karriere\/","url":"https:\/\/global.aermec.com\/de\/karriere\/","name":"Karriere - Aermec","isPartOf":{"@id":"https:\/\/global.aermec.com\/de\/#website"},"primaryImageOfPage":{"@id":"https:\/\/global.aermec.com\/de\/karriere\/#primaryimage"},"image":{"@id":"https:\/\/global.aermec.com\/de\/karriere\/#primaryimage"},"thumbnailUrl":"https:\/\/global.aermec.com\/wp-content\/uploads\/2026\/01\/screenshot.png","datePublished":"2026-01-27T15:42:54+00:00","dateModified":"2026-03-30T08:30:31+00:00","breadcrumb":{"@id":"https:\/\/global.aermec.com\/de\/karriere\/#breadcrumb"},"inLanguage":"de","potentialAction":[{"@type":"ReadAction","target":["https:\/\/global.aermec.com\/de\/karriere\/"]}]},{"@type":"ImageObject","inLanguage":"de","@id":"https:\/\/global.aermec.com\/de\/karriere\/#primaryimage","url":"https:\/\/global.aermec.com\/wp-content\/uploads\/2026\/01\/screenshot.png","contentUrl":"https:\/\/global.aermec.com\/wp-content\/uploads\/2026\/01\/screenshot.png","width":1200,"height":900,"caption":"Aermec - Campioni del clima"},{"@type":"BreadcrumbList","@id":"https:\/\/global.aermec.com\/de\/karriere\/#breadcrumb","itemListElement":[{"@type":"ListItem","position":1,"name":"Home","item":"https:\/\/global.aermec.com\/de\/"},{"@type":"ListItem","position":2,"name":"Karriere"}]},{"@type":"WebSite","@id":"https:\/\/global.aermec.com\/de\/#website","url":"https:\/\/global.aermec.com\/de\/","name":"Aermec","description":"Ridefiniamo il futuro della climatizzazione.","publisher":{"@id":"https:\/\/global.aermec.com\/de\/#organization"},"potentialAction":[{"@type":"SearchAction","target":{"@type":"EntryPoint","urlTemplate":"https:\/\/global.aermec.com\/de\/?s={search_term_string}"},"query-input":{"@type":"PropertyValueSpecification","valueRequired":true,"valueName":"search_term_string"}}],"inLanguage":"de"},{"@type":"Organization","@id":"https:\/\/global.aermec.com\/de\/#organization","name":"Aermec","url":"https:\/\/global.aermec.com\/de\/","logo":{"@type":"ImageObject","inLanguage":"de","@id":"https:\/\/global.aermec.com\/de\/#\/schema\/logo\/image\/","url":"https:\/\/global.aermec.com\/wp-content\/uploads\/2026\/01\/aermec-1.svg","contentUrl":"https:\/\/global.aermec.com\/wp-content\/uploads\/2026\/01\/aermec-1.svg","width":149,"height":40,"caption":"Aermec"},"image":{"@id":"https:\/\/global.aermec.com\/de\/#\/schema\/logo\/image\/"},"sameAs":["https:\/\/www.linkedin.com\/company\/aermec\/","https:\/\/www.youtube.com\/c\/AERMECSpa"]}]}},"_links":{"self":[{"href":"https:\/\/global.aermec.com\/de\/wp-json\/wp\/v2\/pages\/10459","targetHints":{"allow":["GET"]}}],"collection":[{"href":"https:\/\/global.aermec.com\/de\/wp-json\/wp\/v2\/pages"}],"about":[{"href":"https:\/\/global.aermec.com\/de\/wp-json\/wp\/v2\/types\/page"}],"author":[{"embeddable":true,"href":"https:\/\/global.aermec.com\/de\/wp-json\/wp\/v2\/users\/1"}],"replies":[{"embeddable":true,"href":"https:\/\/global.aermec.com\/de\/wp-json\/wp\/v2\/comments?post=10459"}],"version-history":[{"count":10,"href":"https:\/\/global.aermec.com\/de\/wp-json\/wp\/v2\/pages\/10459\/revisions"}],"predecessor-version":[{"id":11559,"href":"https:\/\/global.aermec.com\/de\/wp-json\/wp\/v2\/pages\/10459\/revisions\/11559"}],"wp:featuredmedia":[{"embeddable":true,"href":"https:\/\/global.aermec.com\/de\/wp-json\/wp\/v2\/media\/4102"}],"wp:attachment":[{"href":"https:\/\/global.aermec.com\/de\/wp-json\/wp\/v2\/media?parent=10459"}],"curies":[{"name":"wp","href":"https:\/\/api.w.org\/{rel}","templated":true}]}}